{"id":308,"date":"2012-03-29T21:37:10","date_gmt":"2012-03-29T21:37:10","guid":{"rendered":"https:\/\/blogs.up.edu.pe\/nubes\/\/?page_id=308"},"modified":"2012-06-28T18:48:34","modified_gmt":"2012-06-28T18:48:34","slug":"jose-maria-arguedas-%e2%80%9cel-hijo-solo%e2%80%9d-por-marco-reynaud","status":"publish","type":"page","link":"https:\/\/blogs.up.edu.pe\/nubes\/trabajos\/trabajos-finales-ciclo-de-verano-2012\/jose-maria-arguedas-%e2%80%9cel-hijo-solo%e2%80%9d-por-marco-reynaud\/","title":{"rendered":"Jos\u00e9 Mar\u00eda Arguedas, \u201cEl Hijo Solo\u201d, por Marco Reynaud"},"content":{"rendered":"<p align=\"RIGHT\"><em><strong>Marco Reynaud particip\u00f3 en el club en el ciclo Verano 2012<\/strong><\/em><\/p>\n<p align=\"JUSTIFY\"><a name=\"_GoBack\"><\/a>Escog\u00ed escribir un post acerca de \u201cEl Hijo Solo\u201d de Jos\u00e9 Mar\u00eda Arguedas, b\u00e1sicamente por tres cosas. En primer lugar, me pareci\u00f3 fascinante la manera en que se deja leer el dejo andino. Segundo, siempre me han gustado y parecido interesante las distintas culturas y modos de vida que presenta el Per\u00fa, en especial el modo de vida andino. Y por \u00faltimo, porque me encantan los animales y muy en especial los perros. Yo quemar\u00eda todas las haciendas del mundo si alguien se mete con mi can.<\/p>\n<p align=\"JUSTIFY\">Comencemos por describir la primera causa por la cual escog\u00ed \u201cEl Hijo Solo\u201d como base para mi escrito. No s\u00e9 si les pas\u00f3 a ustedes, pero yo, desde el primer momento, tuve en mi mente (casi tan cierto como escucharlo) de manera clar\u00edsima la voz de Singuncha. Ese dejo andino todo sufrido por la historia, el tiempo y la naturaleza. Ese dejo con tonos de arrucho que solo quiere pasar desapercibido en la vida y fluir.<\/p>\n<p align=\"JUSTIFY\">Todo eso no se hubiera dado si Arguedas no hubiese conocido de manera carnal la realidad en el altiplano peruano. Frases como \u201c\u00a1Hijo Solo! \u2014le dijo cari\u00f1osamente\u2014. \u00a1Hijo Solo! \u00a1Papacito! \u00a1Amarillo! \u00a1Ni\u00f1ito! \u00a1Ni\u00f1ito!\u201d; \u201cPero t\u00fa eres de Singuncha, &#8216;endio&#8217; sirviente. \u00a1Jajay! \u00a1Todo tranquilo para m\u00ed! \u00a1Vuela torcacita! \u00a1Canta tuyay, tuyacha! \u00a1Todo tranquilo!\u201d, son maravillosas, demuestran el interior limpio y puro de los campesinos al comunicarse con seres, sean humanos o animales.<\/p>\n<p align=\"JUSTIFY\">Asimismo, me gust\u00f3 la manera en que siempre menciona al quechua como lengua natal. Siempre deja en claro las ra\u00edces y que el idioma o dialecto se respeta. La tonalidad que le da Arguedas tambi\u00e9n deja en claro una caracter\u00edstica t\u00edpica del altiplano peruano, las creencias locales. La dualidad de la tierra, cielo e infierno, dios o demonio. Singuncha se sorprende cuando ve llegar a Hijo Solo. Dice: \u201cDios le hab\u00eda mandado hasta esa profunda quebrada escondida. Deb\u00eda ser cierto que Hijo Solo fue su perro en el mundo incierto de donde vienen los ni\u00f1os.\u201d<\/p>\n<p align=\"JUSTIFY\">Ahora escribir\u00e9 acerca de la segunda afirmaci\u00f3n del por qu\u00e9 escog\u00ed este cuento para ser posteado. Como lo dije al principio, siempre me ha encantado el Per\u00fa por la riqueza de sus culturas. Culturas de selva, andes y mar. El mar siempre me ha fascinado, no podr\u00eda vivir mucho tiempo sin meterme o ver el mar. Sin embargo, junto al mar se han desarrollado ciudades las cuales est\u00e1n opacando poco a poco las culturas y modos de vida de anta\u00f1o, ya no se pesca para comer, se pesca por trabajo, he ah\u00ed la diferencia.<\/p>\n<p align=\"JUSTIFY\">En cambio en la sierra, gracias a Dios, a\u00fan contin\u00faan las actividades t\u00edpicas y oriundas de la zona. A\u00fan se festejan fiestas patronales incas como el Inti Raymi. Cuando viajas por las monta\u00f1as a\u00fan ves la naturalidad de los paisanos a la hora de afrontar a la vida. La afrontan como son, sin maquillaje ni mentiras; sin sueldos, sin tarjetas de cr\u00e9dito, sin discotecas. Viven la vida a su manera, manteniendo viva su cultura. Otra cosa que me encanta de la sierra son sus paisajes. Hermosos amaneceres y atardeceres. Colores radiantes que se dibujan entre los cerros y cambian de color conforme avanza el d\u00eda. S\u00ed. Los paisajes del Per\u00fa en general son geniales.<\/p>\n<p align=\"JUSTIFY\">La \u00faltima afirmaci\u00f3n tiene que ver con que me encantan los animales y en especial los perros. Siempre he respetado a la naturaleza, al igual que siempre trato de respetar las culturas cuando estoy de viaje o visito nuevos lugares. De la misma manera va mi respeto no solo hacia los animales sino m\u00e1s bien hacia todos los seres vivos de este planeta. Desde el micelio que crece bajo el sustrato y fructifica dando un hongo hasta el ave que vuela por los cielos. Y es que sin respeto y confianza ning\u00fan grupo de seres humanos lograr\u00eda nada.<\/p>\n<p align=\"JUSTIFY\">A manera de conclusi\u00f3n, podr\u00edamos decir que Arguedas fue uno de los escritores m\u00e1s relevantes de la historia literaria peruana. Sinceramente, no soy de las personas que leen libros todo el d\u00eda ni un especialista en ling\u00fc\u00edstica o literatura, pero Arguedas dej\u00f3 bien en claro cu\u00e1l es la realidad peruana de una manera maravillosa, mediante la escritura de hermosos cuentos que relatan la realidad de una de las zonas mas importantes del territorio peruano: los Andes. Por eso es considerado uno de los indigenistas m\u00e1s importantes de esta corriente literaria.<\/p>\n<p align=\"JUSTIFY\">Agradezco mucho las recomendaciones de las lecturas. Todas fueron maravillosas, en especial las lecturas de autores peruanos. Tambi\u00e9n agradezco la oportunidad de haber formado parte activa de un foro. Como lo mencion\u00e9 en nuestras reuniones virtuales, este es el primer blog que sigo y ojal\u00e1 no sea el \u00faltimo. Lo dif\u00edcil va a ser conseguir un grupo como este. Muchas gracias a todos. Hasta pronto.<\/p>\n","protected":false},"excerpt":{"rendered":"<p>Marco Reynaud particip\u00f3 en el club en el ciclo Verano 2012 Escog\u00ed escribir un post acerca de \u201cEl Hijo Solo\u201d de Jos\u00e9 Mar\u00eda Arguedas, b\u00e1sicamente por tres cosas. En primer lugar, me pareci\u00f3 fascinante la manera en que se deja &hellip; <a href=\"https:\/\/blogs.up.edu.pe\/nubes\/trabajos\/trabajos-finales-ciclo-de-verano-2012\/jose-maria-arguedas-%e2%80%9cel-hijo-solo%e2%80%9d-por-marco-reynaud\/\">Sigue leyendo <span class=\"meta-nav\">&rarr;<\/span><\/a><\/p>\n","protected":false},"author":3,"featured_media":0,"parent":271,"menu_order":11,"comment_status":"closed","ping_status":"closed","template":"","meta":{"footnotes":""},"class_list":["post-308","page","type-page","status-publish","hentry"],"_links":{"self":[{"href":"https:\/\/blogs.up.edu.pe\/nubes\/wp-json\/wp\/v2\/pages\/308","targetHints":{"allow":["GET"]}}],"collection":[{"href":"https:\/\/blogs.up.edu.pe\/nubes\/wp-json\/wp\/v2\/pages"}],"about":[{"href":"https:\/\/blogs.up.edu.pe\/nubes\/wp-json\/wp\/v2\/types\/page"}],"author":[{"embeddable":true,"href":"https:\/\/blogs.up.edu.pe\/nubes\/wp-json\/wp\/v2\/users\/3"}],"replies":[{"embeddable":true,"href":"https:\/\/blogs.up.edu.pe\/nubes\/wp-json\/wp\/v2\/comments?post=308"}],"version-history":[{"count":4,"href":"https:\/\/blogs.up.edu.pe\/nubes\/wp-json\/wp\/v2\/pages\/308\/revisions"}],"predecessor-version":[{"id":552,"href":"https:\/\/blogs.up.edu.pe\/nubes\/wp-json\/wp\/v2\/pages\/308\/revisions\/552"}],"up":[{"embeddable":true,"href":"https:\/\/blogs.up.edu.pe\/nubes\/wp-json\/wp\/v2\/pages\/271"}],"wp:attachment":[{"href":"https:\/\/blogs.up.edu.pe\/nubes\/wp-json\/wp\/v2\/media?parent=308"}],"curies":[{"name":"wp","href":"https:\/\/api.w.org\/{rel}","templated":true}]}}