{"id":304,"date":"2012-03-29T21:25:44","date_gmt":"2012-03-29T21:25:44","guid":{"rendered":"https:\/\/blogs.up.edu.pe\/nubes\/\/?page_id=304"},"modified":"2012-06-28T18:50:29","modified_gmt":"2012-06-28T18:50:29","slug":"%e2%80%9cdia-domingo%e2%80%9d-de-mario-vargas-llosa-por-sofia-motta","status":"publish","type":"page","link":"https:\/\/blogs.up.edu.pe\/nubes\/trabajos\/trabajos-finales-ciclo-de-verano-2012\/%e2%80%9cdia-domingo%e2%80%9d-de-mario-vargas-llosa-por-sofia-motta\/","title":{"rendered":"\u201cD\u00eda domingo\u201d de Mario Vargas Llosa, por Sof\u00eda Motta"},"content":{"rendered":"<p align=\"RIGHT\"><em><strong>Sof\u00eda Motta particip\u00f3 en el club en el ciclo Verano 2012<\/strong><\/em><\/p>\n<p align=\"JUSTIFY\">\u201cD\u00eda domingo\u201d es un cuento muy interesante y entretenido que refleja claramente el estilo de escritura de Mario Vargas Llosa durante su juventud y que puede ser comparado con otras obras del autor como \u201cLos cachorros\u201d o <em>La ciudad y los perros<\/em>. Fue publicado en un libro llamado <em>Los jefes<\/em> cuando el autor ten\u00eda veintitr\u00e9s a\u00f1os.<\/p>\n<p align=\"JUSTIFY\">A pesar de ser extenso y tener una trama compleja, logra capturar la atenci\u00f3n del lector por su lenguaje coloquial, el desarrollo de la historia y la cotidianidad, lo cual hace que el lector pueda sentirse identificado. En el cuento se puede apreciar claramente que el autor usa un lenguaje coloquial durante todo el relato, especialmente cuando se re\u00fane el grupo de amigos, lo que transmite al lector una sensaci\u00f3n de familiaridad y camarader\u00eda. Por el tipo de cuento y desarrollo de la trama se puede deducir que el autor probablemente se inspir\u00f3 en alguna experiencia propia o de un conocido al escribir este relato, ya que como es bien sabido, el autor curs\u00f3 los \u00faltimos a\u00f1os de la secundaria en el colegio militar Leoncio Prado, donde situaciones como esta en la cual dos amigos se pelean por una chica, deben haber sido muy comunes.<\/p>\n<p align=\"JUSTIFY\">La parte del cuento que m\u00e1s me agrad\u00f3 fue el final, un final feliz porque Miguel gana la apuesta y tambi\u00e9n porque se puede apreciar la fuerte amistad entre Rub\u00e9n y Miguel, quien llega a arriesgar su propia vida con tal de salvar a su amigo de una muerte segura.<\/p>\n<p align=\"JUSTIFY\">La parte que me desagrad\u00f3 del cuento fue la apuesta, porque me parece irresponsable e inmaduro que arriesguen su vida por una chica, pero sobretodo que apuesten a la chica como si ella no tuviera poder de decisi\u00f3n y pudiera perfectamente elegir a quien hacer caso. Definitivamente esta lectura tambi\u00e9n muestra en gran parte el machismo existente en la sociedad peruana.<\/p>\n<p align=\"JUSTIFY\">Otro factor que llam\u00f3 mi atenci\u00f3n fue c\u00f3mo estos amigos, para resolver sus problemas, aplicaban la ley del m\u00e1s fuerte en vez de tratar de encontrar una soluci\u00f3n alternativa. Esto se ve reflejado en la absurda apuesta que realizan, la cual busca demostrar qui\u00e9n de ellos es el m\u00e1s fuerte y puede resistir el fr\u00edo de la noche y la braveza del mar. Considero que el autor tambi\u00e9n de alguna manera trata de decir en este cuento que a veces la juventud toma decisiones apresuradas y riesgosas y que si bien es cierto que el final del cuento fue un final feliz, esta situaci\u00f3n pudo haber sido completamente distinta y haber podido terminar con la muerte de los dos amigos.<\/p>\n<p align=\"JUSTIFY\">Por lo mencionado anteriormente considero que es un cuento que vale la pena leer y que ser\u00eda recomendable leer el libro completo y poder comparar el estilo de escritura del autor actualmente con el que ten\u00eda en su juventud.<\/p>\n","protected":false},"excerpt":{"rendered":"<p>Sof\u00eda Motta particip\u00f3 en el club en el ciclo Verano 2012 \u201cD\u00eda domingo\u201d es un cuento muy interesante y entretenido que refleja claramente el estilo de escritura de Mario Vargas Llosa durante su juventud y que puede ser comparado con &hellip; <a href=\"https:\/\/blogs.up.edu.pe\/nubes\/trabajos\/trabajos-finales-ciclo-de-verano-2012\/%e2%80%9cdia-domingo%e2%80%9d-de-mario-vargas-llosa-por-sofia-motta\/\">Sigue leyendo <span class=\"meta-nav\">&rarr;<\/span><\/a><\/p>\n","protected":false},"author":3,"featured_media":0,"parent":271,"menu_order":10,"comment_status":"closed","ping_status":"closed","template":"","meta":{"footnotes":""},"class_list":["post-304","page","type-page","status-publish","hentry"],"_links":{"self":[{"href":"https:\/\/blogs.up.edu.pe\/nubes\/wp-json\/wp\/v2\/pages\/304","targetHints":{"allow":["GET"]}}],"collection":[{"href":"https:\/\/blogs.up.edu.pe\/nubes\/wp-json\/wp\/v2\/pages"}],"about":[{"href":"https:\/\/blogs.up.edu.pe\/nubes\/wp-json\/wp\/v2\/types\/page"}],"author":[{"embeddable":true,"href":"https:\/\/blogs.up.edu.pe\/nubes\/wp-json\/wp\/v2\/users\/3"}],"replies":[{"embeddable":true,"href":"https:\/\/blogs.up.edu.pe\/nubes\/wp-json\/wp\/v2\/comments?post=304"}],"version-history":[{"count":4,"href":"https:\/\/blogs.up.edu.pe\/nubes\/wp-json\/wp\/v2\/pages\/304\/revisions"}],"predecessor-version":[{"id":557,"href":"https:\/\/blogs.up.edu.pe\/nubes\/wp-json\/wp\/v2\/pages\/304\/revisions\/557"}],"up":[{"embeddable":true,"href":"https:\/\/blogs.up.edu.pe\/nubes\/wp-json\/wp\/v2\/pages\/271"}],"wp:attachment":[{"href":"https:\/\/blogs.up.edu.pe\/nubes\/wp-json\/wp\/v2\/media?parent=304"}],"curies":[{"name":"wp","href":"https:\/\/api.w.org\/{rel}","templated":true}]}}