{"id":284,"date":"2012-03-29T19:07:04","date_gmt":"2012-03-29T19:07:04","guid":{"rendered":"https:\/\/blogs.up.edu.pe\/nubes\/\/?page_id=284"},"modified":"2012-06-28T18:51:08","modified_gmt":"2012-06-28T18:51:08","slug":"rocio-silva-santisteban-%e2%80%9cel-limpiador%e2%80%9d-por-gianni-devercelli","status":"publish","type":"page","link":"https:\/\/blogs.up.edu.pe\/nubes\/trabajos\/trabajos-finales-ciclo-de-verano-2012\/rocio-silva-santisteban-%e2%80%9cel-limpiador%e2%80%9d-por-gianni-devercelli\/","title":{"rendered":"Roc\u00edo Silva Santisteban: \u201cEl Limpiador\u201d, por Gianni Devercelli"},"content":{"rendered":"<p align=\"RIGHT\"><em><strong>Gianni Devercelli particip\u00f3 en el club en el ciclo Verano 2012<\/strong><\/em><\/p>\n<p align=\"JUSTIFY\">\u201cEl Limpiador\u201d nos permite acceder a una literatura cruda. Es un cuento perturbador y duro que habla sobre la violencia que se vive en las calles. Permite insertar al lector en la realidad de muchas de nuestras ciudades, que viven dominadas por la violencia, el alcoholismo y las drogas. Estos universos cerrados mantienen sus propias reglas.<\/p>\n<p align=\"JUSTIFY\">En el cuento, Roc\u00edo Silva Santisteban nos presenta a un personaje llamado Plomo, cuya hija hab\u00eda sido asesinada cruelmente a manos de uno de los malandrines m\u00e1s violentos del barrio. Plomo, sin importar lo que pudiera venir despu\u00e9s, decide vengar a su hija. Para esto, encarga matar a Mostrenko, la persona que acab\u00f3 con la vida de ella. \u00c9l no lo har\u00eda con sus propias manos porque ya era viejo y para ese trabajo era necesaria la punter\u00eda de alg\u00fan experto, alguien con suma certeza y frialdad. El Limpiador, personaje principal del cuento, es el l\u00edder del barrio y ser\u00eda la persona indicada para esta tarea. Para \u00e9l, matar ya es apenas un juego, ten\u00eda a\u00f1os en esto.<\/p>\n<p align=\"JUSTIFY\">Los acontecimientos suceden en una unidad vecinal. Estos lugares se caracterizan por ser muy pobres. Las familias viven api\u00f1adas y en las calles los perros vagabundos se alimentan de la basura. La ausencia policial es notable. Estos barrios parecen un campo de batalla y mantienen sus propias leyes. Los ni\u00f1os no van a la escuela y los d\u00edas son de un ocio constante. Desde muy corta edad empiezan a portar armas (las vende cualquier ambulante) y las manejan como si fueran juguetes. Con el tiempo estos ni\u00f1os forman pandillas, se drogan y beben alcohol. Para poder pagarse estos vicios se dedican a vender drogas, asaltar gente, robar carros y algunos se convierten en sicarios. Piensan hacer fortuna en el mundo del crimen ya que el trabajo es sin\u00f3nimo de esclavitud y aquellos que intentan conseguirlo son considerados necios.<\/p>\n<p align=\"JUSTIFY\">En el Per\u00fa esta realidad delictiva se vive en muchas zonas. Por ejemplo, en Lima podemos ver esta situaci\u00f3n en los Barracones del Callao. A este lugar la polic\u00eda casi no tiene acceso, y en caso de ingresar el riesgo es muy alto. La polic\u00eda tiene que enfrentarse a bandas de delincuentes fuertemente armados (algunos portan granadas de guerra), y muchos agentes carecen claramente de la preparaci\u00f3n y los recursos necesarios. Los barrios m\u00e1s peligrosos del Callao son Castilla y Loreto. El l\u00edder de Castilla, era Wilson Mes\u00edas, alias \u201cPedrito\u201d. Este fue acribillado junto a su enamorada por la banda de Loreto en el 2008. Ten\u00eda varios seguidores y hab\u00eda asesinado a decenas de personas, tal como el Limpiador. Los l\u00edderes son los m\u00e1s respetados del barrio. Gozan de poder ya que este respeto lo han ganado con la cantidad de delitos cometidos y la precisi\u00f3n con la que cumplen sus encargos. En el cuento se menciona lo siguiente sobre el Limpiador: \u201cTiene entre siete y ocho pupilos en verano y un par m\u00e1s en invierno; a los ahijados no les cobra nada y a los otros apenas lo suficiente para unas chatas del licor m\u00e1s barato. Dicen que tiene paciencia y buena mano; por eso sus catec\u00famenos, como \u00e9l los llama, son los m\u00e1s solicitados por los peque\u00f1os narcos locales o por las fuerzas de choque de los partidos pol\u00edticos\u201d.<\/p>\n<p align=\"JUSTIFY\">Esta realidad no se da \u00fanicamente en nuestro pa\u00eds. En Brasil, son muchas las favelas que albergan a delincuentes armados que son altamente peligrosos. M\u00e9xico tambi\u00e9n es otro claro ejemplo. En Ciudad Ju\u00e1rez la violencia ha hecho que los j\u00f3venes desde ni\u00f1os quieran ser narcotraficantes, matar y ser ricos. Ya no hay c\u00f3digo de maldad, es un oficio m\u00e1s. No hay ley que castigue, no hay ley que haga justicia.<\/p>\n<p align=\"JUSTIFY\">Resulta importante analizar las principales causas de la violencia en estos barrios. La m\u00e1s importante es el narcotr\u00e1fico. Esta es una pr\u00e1ctica muy com\u00fan en estos lugares. Los narcotraficantes esconden armamento, municiones y drogas. Tambi\u00e9n reclutan sicarios estrellas que trabajan como sus guardaespaldas o asistentes personales. En algunas zonas los narcotraficantes imponen sus propias reglas a la poblaci\u00f3n, exigiendo lealtad y respeto a cambio de protecci\u00f3n. Otra de las causas es la facilidad con que se puede conseguir un arma de fuego tal como vimos en el cuento. El n\u00famero de armas que hay en estos lugares es muy elevado y el arsenal cada vez m\u00e1s sofisticado. Por \u00faltimo, la ausencia de uno de los padres y la violencia dom\u00e9stica tambi\u00e9n constituyen factores que contribuyen a generar el fen\u00f3meno de la violencia en las calles.<\/p>\n<p align=\"JUSTIFY\">Luego de cometer tantos cr\u00edmenes y actos de violencia, es muy dif\u00edcil volver a tener una vida normal. Muchos sicarios intentan volver a ser personas normales, pretenden recuperar los sentimientos (como el Limpiador), encontrar un trabajo e incluso constituir una familia para tratar de ser felices. Muy pocos lo consiguen ya que d\u00eda a d\u00eda estas personas han ido alej\u00e1ndose de la sociedad oficial y de sus normas de convivencia. Por lo general, estos se convierten en seres fr\u00edos y crueles. No sienten culpas ni remordimientos ante sus actos brutales y se sienten inocentes ya que han creado sus propios c\u00f3digos. Esta necesidad de recuperar los sentimientos la podemos ver en la siguiente frase del cuento: \u201cQuiero sentir lo que mierda sea, dec\u00eda casi susurrando cuando nadie lo escuchaba. Quer\u00eda sentir al besar los muslos de una mujer, quer\u00eda sentir algo cuando uno de sus mocosos le daba las gracias por prestarle su pistola, quer\u00eda sentir aunque sea un peque\u00f1o vac\u00edo al recordar al loco Max, quer\u00eda sentir cualquier cosa al mirar los cad\u00e1veres que dejaba detr\u00e1s de \u00e9l. Pero no pod\u00eda. El Limpiador no pod\u00eda sentir absolutamente nada. Nada. Era totalmente incapaz aun de una sensaci\u00f3n tibia.\u201d<\/p>\n<p align=\"JUSTIFY\">Para combatir la violencia en las calles deben desarrollarse herramientas para la inclusi\u00f3n social. Una herramienta muy \u00fatil que se ha desarrollado es el <em>hip-hop<\/em>. Este baile en las calles se ha venido promoviendo y se ha convertido en una alternativa a la violencia. Muchos ni\u00f1os ahora ven c\u00f3mo sus \u00eddolos practican este tipo de bailes y siguen sus pasos.<\/p>\n<p align=\"JUSTIFY\">Es importante que todos tomemos conciencia sobre la realidad de nuestras calles y que cada uno de nosotros vele por que exista un rol de la sociedad mediante el cual se ofrezcan perspectivas de un futuro mejor, y un plan de ciudadan\u00eda que les devuelva la dignidad a estas personas que desean cambiar para bien.<\/p>\n","protected":false},"excerpt":{"rendered":"<p>Gianni Devercelli particip\u00f3 en el club en el ciclo Verano 2012 \u201cEl Limpiador\u201d nos permite acceder a una literatura cruda. Es un cuento perturbador y duro que habla sobre la violencia que se vive en las calles. Permite insertar al &hellip; <a href=\"https:\/\/blogs.up.edu.pe\/nubes\/trabajos\/trabajos-finales-ciclo-de-verano-2012\/rocio-silva-santisteban-%e2%80%9cel-limpiador%e2%80%9d-por-gianni-devercelli\/\">Sigue leyendo <span class=\"meta-nav\">&rarr;<\/span><\/a><\/p>\n","protected":false},"author":3,"featured_media":0,"parent":271,"menu_order":5,"comment_status":"closed","ping_status":"closed","template":"","meta":{"footnotes":""},"class_list":["post-284","page","type-page","status-publish","hentry"],"_links":{"self":[{"href":"https:\/\/blogs.up.edu.pe\/nubes\/wp-json\/wp\/v2\/pages\/284","targetHints":{"allow":["GET"]}}],"collection":[{"href":"https:\/\/blogs.up.edu.pe\/nubes\/wp-json\/wp\/v2\/pages"}],"about":[{"href":"https:\/\/blogs.up.edu.pe\/nubes\/wp-json\/wp\/v2\/types\/page"}],"author":[{"embeddable":true,"href":"https:\/\/blogs.up.edu.pe\/nubes\/wp-json\/wp\/v2\/users\/3"}],"replies":[{"embeddable":true,"href":"https:\/\/blogs.up.edu.pe\/nubes\/wp-json\/wp\/v2\/comments?post=284"}],"version-history":[{"count":4,"href":"https:\/\/blogs.up.edu.pe\/nubes\/wp-json\/wp\/v2\/pages\/284\/revisions"}],"predecessor-version":[{"id":559,"href":"https:\/\/blogs.up.edu.pe\/nubes\/wp-json\/wp\/v2\/pages\/284\/revisions\/559"}],"up":[{"embeddable":true,"href":"https:\/\/blogs.up.edu.pe\/nubes\/wp-json\/wp\/v2\/pages\/271"}],"wp:attachment":[{"href":"https:\/\/blogs.up.edu.pe\/nubes\/wp-json\/wp\/v2\/media?parent=284"}],"curies":[{"name":"wp","href":"https:\/\/api.w.org\/{rel}","templated":true}]}}