{"id":280,"date":"2012-03-29T18:53:14","date_gmt":"2012-03-29T18:53:14","guid":{"rendered":"https:\/\/blogs.up.edu.pe\/nubes\/\/?page_id=280"},"modified":"2012-06-28T18:50:02","modified_gmt":"2012-06-28T18:50:02","slug":"%e2%80%9cel-carbunclo-azul%e2%80%9d-de-arthur-conan-doyle-por-alexis-com","status":"publish","type":"page","link":"https:\/\/blogs.up.edu.pe\/nubes\/trabajos\/trabajos-finales-ciclo-de-verano-2012\/%e2%80%9cel-carbunclo-azul%e2%80%9d-de-arthur-conan-doyle-por-alexis-com\/","title":{"rendered":"\u201cEl carbunclo azul\u201d de Arthur Conan Doyle, por Alexis Com"},"content":{"rendered":"<p lang=\"es-PE\" align=\"RIGHT\"><em><strong>Alexis Com particip\u00f3 en el club en ciclo Verano 2012<\/strong><\/em><\/p>\n<p lang=\"es-PE\" align=\"JUSTIFY\">He decidido hablar sobre el cuento \u201cEl carbunclo azul\u201d de Arthur Conan Doyle, debido a que fue uno de los que m\u00e1s me gustaron en este ciclo. Esto se debe a dos razones principales que a detallar a continuaci\u00f3n.<\/p>\n<p lang=\"es-PE\" align=\"JUSTIFY\">La primera es el tipo de lectura, el cuento es parte de la literatura policiaca y el autor le agrega un toque de humor ir\u00f3nico. Adem\u00e1s, es f\u00e1cil de leer, r\u00e1pida y te mantiene interesado en todo momento. La historia se desarrolla de adelante hacia atr\u00e1s, lo que te permite saber el desenlace del cuento, lo que hace que te metas m\u00e1s en la historia, ya que aunque sabes el final, no sabes qui\u00e9n fue el causante ni c\u00f3mo es que Sherlock Holmes va a descifrar el caso con tan pocas pistas. Y al menos en este caso, el final es inesperado y te sorprende c\u00f3mo se lleg\u00f3 a dicha conclusi\u00f3n. Por \u00faltimo te ayuda a pensar, a observar detenidamente los hechos y aunque sea una historia ficticia, ayuda a agudizar tus habilidades anal\u00edticas.<\/p>\n<p lang=\"es-PE\" align=\"JUSTIFY\">Lo que me lleva a la segunda raz\u00f3n, que es el personaje de Sherlock Holmes. Lo que me cautiv\u00f3 de este personaje fue su capacidad deductiva; al comienzo del cuento nos muestra su astucia al deducir toda la historia del hombre a trav\u00e9s de un solo sombrero; no solo al observar lo evidente sino al ver detalle por detalle hasta llegar a la respuesta. Todo esto, aunque sorprendente, es cre\u00edble gracias al ingenio del escritor, lo que atrapa a los lectores en la historia. Adem\u00e1s parece que el personaje siempre obtiene lo que desea de las personas, gracias a su encanto, ingenio e inteligencia. Por \u00faltimo, nos muestra que el personaje no es completamente bueno; es humano, tiene defectos como todos, lo que nos ayuda a identificarnos un poco m\u00e1s con \u00e9l. Creo que por esta raz\u00f3n es capaz de perdonar a los criminales que, aunque cometieron un crimen, no era tan grave y es por esto que les da una segunda oportunidad y no mete a la polic\u00eda en el asunto.<\/p>\n<p align=\"JUSTIFY\">Estas son las razones por las cuales me interes\u00f3 el cuento y por las que pienso leer m\u00e1s obras del autor.<\/p>\n","protected":false},"excerpt":{"rendered":"<p>Alexis Com particip\u00f3 en el club en ciclo Verano 2012 He decidido hablar sobre el cuento \u201cEl carbunclo azul\u201d de Arthur Conan Doyle, debido a que fue uno de los que m\u00e1s me gustaron en este ciclo. Esto se debe &hellip; <a href=\"https:\/\/blogs.up.edu.pe\/nubes\/trabajos\/trabajos-finales-ciclo-de-verano-2012\/%e2%80%9cel-carbunclo-azul%e2%80%9d-de-arthur-conan-doyle-por-alexis-com\/\">Sigue leyendo <span class=\"meta-nav\">&rarr;<\/span><\/a><\/p>\n","protected":false},"author":3,"featured_media":0,"parent":271,"menu_order":4,"comment_status":"closed","ping_status":"closed","template":"","meta":{"footnotes":""},"class_list":["post-280","page","type-page","status-publish","hentry"],"_links":{"self":[{"href":"https:\/\/blogs.up.edu.pe\/nubes\/wp-json\/wp\/v2\/pages\/280","targetHints":{"allow":["GET"]}}],"collection":[{"href":"https:\/\/blogs.up.edu.pe\/nubes\/wp-json\/wp\/v2\/pages"}],"about":[{"href":"https:\/\/blogs.up.edu.pe\/nubes\/wp-json\/wp\/v2\/types\/page"}],"author":[{"embeddable":true,"href":"https:\/\/blogs.up.edu.pe\/nubes\/wp-json\/wp\/v2\/users\/3"}],"replies":[{"embeddable":true,"href":"https:\/\/blogs.up.edu.pe\/nubes\/wp-json\/wp\/v2\/comments?post=280"}],"version-history":[{"count":4,"href":"https:\/\/blogs.up.edu.pe\/nubes\/wp-json\/wp\/v2\/pages\/280\/revisions"}],"predecessor-version":[{"id":556,"href":"https:\/\/blogs.up.edu.pe\/nubes\/wp-json\/wp\/v2\/pages\/280\/revisions\/556"}],"up":[{"embeddable":true,"href":"https:\/\/blogs.up.edu.pe\/nubes\/wp-json\/wp\/v2\/pages\/271"}],"wp:attachment":[{"href":"https:\/\/blogs.up.edu.pe\/nubes\/wp-json\/wp\/v2\/media?parent=280"}],"curies":[{"name":"wp","href":"https:\/\/api.w.org\/{rel}","templated":true}]}}