{"id":276,"date":"2012-03-29T18:28:49","date_gmt":"2012-03-29T18:28:49","guid":{"rendered":"https:\/\/blogs.up.edu.pe\/nubes\/\/?page_id=276"},"modified":"2012-07-15T08:28:07","modified_gmt":"2012-07-15T08:28:07","slug":"%e2%80%9cel-limpiador%e2%80%9d-de-rocio-silva-santisteban-por-antonio-cevallos","status":"publish","type":"page","link":"https:\/\/blogs.up.edu.pe\/nubes\/trabajos\/trabajos-finales-ciclo-de-verano-2012\/%e2%80%9cel-limpiador%e2%80%9d-de-rocio-silva-santisteban-por-antonio-cevallos\/","title":{"rendered":"\u201cEl limpiador\u201d de Roc\u00edo Silva Santisteban, por Antonio Cevallos"},"content":{"rendered":"<p align=\"RIGHT\"><em><strong>Antonio Cevallos particip\u00f3 en el club en el ciclo Verano 2012<\/strong><\/em><\/p>\n<p align=\"JUSTIFY\">Me pareci\u00f3 bastante interesante esta lectura por varias razones: por el estilo literario de la autora (contando dos historias en paralelo que al final se juntan), porque la historia me atrap\u00f3 de principio a fin y sobre todo porque toca varios temas profundos y que retratan parte de la problem\u00e1tica de la sociedad.<\/p>\n<p align=\"JUSTIFY\">En los primeros p\u00e1rrafos la autora describe una relaci\u00f3n familiar bastante conflictiva aunque lamentablemente no tan poco com\u00fan en nuestras sociedades: una madre ausente en el hogar, un padre con problemas de alcohol que maltrata a su hija y le da muy poca atenci\u00f3n y cari\u00f1o. En consecuencia, la hija desarrolla una actitud de rencor y rechazo al padre, acumulado durante bastante tiempo, hasta que de pronto explota y quiere terminar con ese estilo de vida y adem\u00e1s castigar al padre de cierta manera, por lo que decide huir de la casa con un hombre.<\/p>\n<p align=\"JUSTIFY\">Luego, la historia nos relata un acontecimiento que probablemente signifique el dolor m\u00e1s profundo para cualquier persona: la muerte de un hijo. Y en este caso, no solo fue una muerte cualquiera, fue un asesinato bastante cruel a manos de un sanguinario delincuente y Plomo se entera de la peor manera: al ver los restos de su hija dentro de un saco de arroz.<\/p>\n<p align=\"JUSTIFY\">Posteriormente, y en paralelo a la historia que se empez\u00f3 a contar sobre Plomo y su hija, la historia nos sumerge en la realidad de algunos barrios de la ciudad donde la violencia, las drogas y la falta de autoridad son las principales caracter\u00edsticas. As\u00ed pues, cuenta que las balaceras son constantes y que producto de ellas varias personas murieron por impactos de balas perdidas. Adem\u00e1s, en ese barrio a los muchachos les encanta manipular armas de fuego, adem\u00e1s de robar para conseguir dinero que gastan principalmente en droga. Es en este mundo de j\u00f3venes dedicados a la delincuencia, violencia y drogas que nos presentan al otro personaje central del relato: El Limpiador. Y el Limpiador es descrito como un l\u00edder natural, al que todos respetan y quieren seguir, alguien con bastante conocimiento acumulado sobre armas y cr\u00edmenes. El Limpiador es un sicario, y un sicario bastante destacado en su labor, al parecer con bastantes caracter\u00edsticas que lo hacen valioso, como su frialdad, su buena punter\u00eda y su siempre plena disposici\u00f3n para aceptar los trabajos que se le encomiendan.<\/p>\n<p align=\"JUSTIFY\">Me llamaron la atenci\u00f3n las dos caras del personaje que presenta la autora. Por un lado alguien a quien los chicos del barrio quieren imitar y seguir, incluso \u00e9l reclutaba algunos muchachos por temporada para que sean sus disc\u00edpulos. Adicionalmente, se resalta su frialdad como una cualidad pues lo vuelve m\u00e1s efectivo a la hora de cometer los asesinatos. Sin embargo, posteriormente en la historia, se presenta al Limpiador como un tipo que no puede experimentar sentimiento alguno por m\u00e1s que quisiera y se genera una sensaci\u00f3n de pena y compasi\u00f3n por el personaje, quien solo pudo sentir una vez en su vida y fue hace mucho tiempo debido a una mujer con la que tuvo una relaci\u00f3n.<\/p>\n<p align=\"JUSTIFY\">Finalmente, otro gran tema que se toca a lo largo de la historia es el poder del sentimiento de venganza. En este caso, la sed de venganza de Plomo se inicia en el momento en que Mostrenko le entrega los restos de su hija. Es esta sensaci\u00f3n de necesidad de venganza la que lleva a Plomo a hacer hasta lo imposible para lograr que el malhechor pague por sus actos y as\u00ed, luego de matar, robar y hasta de cierta manera chantajear, logra convencer al Limpiador de que asesine a Mostrenko. Es as\u00ed que Plomo pide para el Mostrenko una muerte lenta y dolorosa: le indic\u00f3 al Limpiador que lo asesine de diez tiros en el cuerpo.<\/p>\n<p align=\"JUSTIFY\">Sin duda una historia bastante cruda, con pasajes bastante fuertes y bastante expl\u00edcitos como la descripci\u00f3n de los restos de la hija de Plomo o la escena del desnudo del limpiador frente a Plomo, sin embargo, considero que de cierta manera contribuyen a darle mucho m\u00e1s realismo al relato y a que origine un mayor impacto en el lector. Me result\u00f3 bastante gratificante la experiencia de lectura.<\/p>\n","protected":false},"excerpt":{"rendered":"<p>Antonio Cevallos particip\u00f3 en el club en el ciclo Verano 2012 Me pareci\u00f3 bastante interesante esta lectura por varias razones: por el estilo literario de la autora (contando dos historias en paralelo que al final se juntan), porque la historia &hellip; <a href=\"https:\/\/blogs.up.edu.pe\/nubes\/trabajos\/trabajos-finales-ciclo-de-verano-2012\/%e2%80%9cel-limpiador%e2%80%9d-de-rocio-silva-santisteban-por-antonio-cevallos\/\">Sigue leyendo <span class=\"meta-nav\">&rarr;<\/span><\/a><\/p>\n","protected":false},"author":3,"featured_media":0,"parent":271,"menu_order":3,"comment_status":"closed","ping_status":"closed","template":"","meta":{"footnotes":""},"class_list":["post-276","page","type-page","status-publish","hentry"],"_links":{"self":[{"href":"https:\/\/blogs.up.edu.pe\/nubes\/wp-json\/wp\/v2\/pages\/276","targetHints":{"allow":["GET"]}}],"collection":[{"href":"https:\/\/blogs.up.edu.pe\/nubes\/wp-json\/wp\/v2\/pages"}],"about":[{"href":"https:\/\/blogs.up.edu.pe\/nubes\/wp-json\/wp\/v2\/types\/page"}],"author":[{"embeddable":true,"href":"https:\/\/blogs.up.edu.pe\/nubes\/wp-json\/wp\/v2\/users\/3"}],"replies":[{"embeddable":true,"href":"https:\/\/blogs.up.edu.pe\/nubes\/wp-json\/wp\/v2\/comments?post=276"}],"version-history":[{"count":5,"href":"https:\/\/blogs.up.edu.pe\/nubes\/wp-json\/wp\/v2\/pages\/276\/revisions"}],"predecessor-version":[{"id":561,"href":"https:\/\/blogs.up.edu.pe\/nubes\/wp-json\/wp\/v2\/pages\/276\/revisions\/561"}],"up":[{"embeddable":true,"href":"https:\/\/blogs.up.edu.pe\/nubes\/wp-json\/wp\/v2\/pages\/271"}],"wp:attachment":[{"href":"https:\/\/blogs.up.edu.pe\/nubes\/wp-json\/wp\/v2\/media?parent=276"}],"curies":[{"name":"wp","href":"https:\/\/api.w.org\/{rel}","templated":true}]}}