{"id":264,"date":"2012-03-29T17:52:04","date_gmt":"2012-03-29T17:52:04","guid":{"rendered":"https:\/\/blogs.up.edu.pe\/nubes\/\/?page_id=264"},"modified":"2012-04-16T12:06:02","modified_gmt":"2012-04-16T12:06:02","slug":"%e2%80%9canorexia-y-tijerita%e2%80%9d-de-alfredo-bryce-echenique-por-jesus-bustamante","status":"publish","type":"page","link":"https:\/\/blogs.up.edu.pe\/nubes\/trabajos\/trabajos-finales-ciclo-de-verano-2012\/%e2%80%9canorexia-y-tijerita%e2%80%9d-de-alfredo-bryce-echenique-por-jesus-bustamante\/","title":{"rendered":"\u201cAnorexia y tijerita\u201d de  Alfredo Bryce Echenique, por Jes\u00fas Bustamante"},"content":{"rendered":"<p align=\"RIGHT\"><em><strong>Jes\u00fas Bustamante particip\u00f3 en el\u00a0club en el ciclo Verano 2012<\/strong><\/em><\/p>\n<p align=\"JUSTIFY\">Bryce me dio mi primera novela: <em>Un mundo para Julius<\/em>, e inmediatamente la segunda y la tercera: <em>La vida exagerada de Mart\u00edn Roma\u00f1a<\/em> y <em>El hombre que hablaba de Octavia de C\u00e1diz<\/em>. Desde que empec\u00e9 a leerlo not\u00e9 su facilidad para describir a sus personajes; transforma la lectura en un relato amigable. Los personajes de Bryce y sus historias nos llevan a re\u00edrnos de nosotros mismos, a ver los estratos econ\u00f3micos desde adentro y contextualizan el tiempo y el espacio de manera magistral.<\/p>\n<p align=\"JUSTIFY\">Los personajes de Bryce son entra\u00f1ables. Particularmente el personaje que m\u00e1s me apasion\u00f3 fue In\u00e9s, de <em>La vida exagerada de Mart\u00edn Roma\u00f1a<\/em>. El contexto cultural en el que se desarroll\u00f3 fue muy rico y permit\u00eda elevar la imaginaci\u00f3n a situaciones insospechadas en las que cada una era m\u00e1s tr\u00e1gica que la otra para Mart\u00edn.<\/p>\n<p align=\"JUSTIFY\">Bryce puede ser tan espont\u00e1neo que el lector llega a considerar al autor como un \u201camigo\u201d que relata los hechos. Recuerdo sus repeticiones de palabras, que a pesar de ser sint\u00e1cticamente incorrectas, \u00e9l se las permit\u00eda dado que ayudaban a la novela d\u00e1ndole peso a los di\u00e1logos que se presentaban; los hac\u00eda m\u00e1s reales.<\/p>\n<p align=\"JUSTIFY\">En \u201cAnorexia y tijerita\u201d, Bryce, como de costumbre, logra descifrar perfectamente las clases sociales y los prejuicios de la sociedad lime\u00f1a. Como la esposa de Bermejo, t\u00edpica se\u00f1ora de clase alta lime\u00f1a que subestima a las clases obreras ech\u00e1ndoles la culpa de todas las desgracias del pa\u00eds. Pol\u00edtica, indiferencia, marginaci\u00f3n, pobres, ricos; el cuento de Bryce es muy rico en temas y situaciones.<\/p>\n<p align=\"JUSTIFY\">El di\u00e1logo al final de \u201cAnorexia y tijerita\u201d entre Joaqu\u00edn Bermejo y Raquelita muestra de cuerpo entero a los burgueses, adem\u00e1s de todo su desprecio por la clase \u201c\u00ednfima\u201d (clase pobre de Lima). Bryce saca a relucir todas las debilidades de sus personajes en las obras que le\u00ed.<\/p>\n<p align=\"JUSTIFY\">De alguna manera, todos pertenecemos a una clase social (si existen clases sociales) y nos vemos reflejados (o vemos reflejados a nuestros pares) en las obras de Bryce. \u00c9l ironiza mucho con las caracter\u00edsticas de sus personajes. Basta con recordar las tragedias que le suced\u00edan al pobre Mart\u00edn Roma\u00f1a y lo mucho que sufri\u00f3 por In\u00e9s para que al final se enamore de Octavia de C\u00e1diz.<\/p>\n<p align=\"JUSTIFY\">A diferencia de otros autores que he le\u00eddo, los personajes de Bryce siempre son recordados, como si de verdad hubieran vivido, como si nunca fueran a morir.<\/p>\n","protected":false},"excerpt":{"rendered":"<p>Jes\u00fas Bustamante particip\u00f3 en el\u00a0club en el ciclo Verano 2012 Bryce me dio mi primera novela: Un mundo para Julius, e inmediatamente la segunda y la tercera: La vida exagerada de Mart\u00edn Roma\u00f1a y El hombre que hablaba de Octavia &hellip; <a href=\"https:\/\/blogs.up.edu.pe\/nubes\/trabajos\/trabajos-finales-ciclo-de-verano-2012\/%e2%80%9canorexia-y-tijerita%e2%80%9d-de-alfredo-bryce-echenique-por-jesus-bustamante\/\">Sigue leyendo <span class=\"meta-nav\">&rarr;<\/span><\/a><\/p>\n","protected":false},"author":3,"featured_media":0,"parent":271,"menu_order":1,"comment_status":"closed","ping_status":"closed","template":"","meta":{"footnotes":""},"class_list":["post-264","page","type-page","status-publish","hentry"],"_links":{"self":[{"href":"https:\/\/blogs.up.edu.pe\/nubes\/wp-json\/wp\/v2\/pages\/264","targetHints":{"allow":["GET"]}}],"collection":[{"href":"https:\/\/blogs.up.edu.pe\/nubes\/wp-json\/wp\/v2\/pages"}],"about":[{"href":"https:\/\/blogs.up.edu.pe\/nubes\/wp-json\/wp\/v2\/types\/page"}],"author":[{"embeddable":true,"href":"https:\/\/blogs.up.edu.pe\/nubes\/wp-json\/wp\/v2\/users\/3"}],"replies":[{"embeddable":true,"href":"https:\/\/blogs.up.edu.pe\/nubes\/wp-json\/wp\/v2\/comments?post=264"}],"version-history":[{"count":6,"href":"https:\/\/blogs.up.edu.pe\/nubes\/wp-json\/wp\/v2\/pages\/264\/revisions"}],"predecessor-version":[{"id":371,"href":"https:\/\/blogs.up.edu.pe\/nubes\/wp-json\/wp\/v2\/pages\/264\/revisions\/371"}],"up":[{"embeddable":true,"href":"https:\/\/blogs.up.edu.pe\/nubes\/wp-json\/wp\/v2\/pages\/271"}],"wp:attachment":[{"href":"https:\/\/blogs.up.edu.pe\/nubes\/wp-json\/wp\/v2\/media?parent=264"}],"curies":[{"name":"wp","href":"https:\/\/api.w.org\/{rel}","templated":true}]}}