{"id":217,"date":"2012-02-17T14:50:25","date_gmt":"2012-02-17T14:50:25","guid":{"rendered":"https:\/\/blogs.up.edu.pe\/nubes\/\/?page_id=217"},"modified":"2013-09-27T13:51:05","modified_gmt":"2013-09-27T13:51:05","slug":"antonio-galvez-ronceros-%c2%a1miera","status":"publish","type":"page","link":"https:\/\/blogs.up.edu.pe\/nubes\/textos-de-discusion\/antonio-galvez-ronceros-%c2%a1miera\/","title":{"rendered":"Antonio G\u00e1lvez Ronceros, \u00ab\u00a1Miera!\u00bb"},"content":{"rendered":"<p align=\"CENTER\"><span style=\"font-size: small;\">Antonio G\u00e1lvez Ronceros (1932)<\/span><\/p>\n<p align=\"CENTER\"><span style=\"font-size: medium;\"><strong>\u00a1Miera!<\/strong><\/span><\/p>\n<p align=\"RIGHT\"><span style=\"font-size: x-small;\">Tomado de <em>Mon\u00f3logo para Jutito<\/em>. Lluvia editores, Lima, 1986.<br \/>\nOriginalmente en <em>Mon\u00f3logo desde las tinieblas<\/em>, 1975<br \/>\n(existe una edici\u00f3n de este libro en PEISA).<\/span><\/p>\n<p align=\"RIGHT\"><span style=\"font-size: x-small;\">Edici\u00f3n para el club virtual de lectura<br \/>\n<em>En las nubes de la ficci\u00f3n<\/em>,<br \/>\nUniversidad del Pac\u00edfico, febrero de 2012<\/span><\/p>\n<p align=\"JUSTIFY\">En el camino que lleva al sembrado de camotes el negro don Andr\u00e9s supo que en los \u00faltimos d\u00edas el caporal Basald\u00faa se hab\u00eda puesto a hablar feas cosas de \u00e9l. Mientras compraba plantas en el sembrado y llenaba de camotes los serones de su burro, le dijeron lo mismo. Entonces no aguant\u00f3 m\u00e1s: trep\u00f3 al burro de un salto y enderez\u00f3 por un atajo hacia la casa del caporal. Pero ah\u00ed le dijeron que se hab\u00eda ido a vigilar unos riegos en la Punta de la Isla y que volver\u00eda una semana despu\u00e9s. Sin decir nada pero aguant\u00e1ndose, don Andr\u00e9s regres\u00f3 r\u00e1pidamente a su casa, se baj\u00f3 casi arroj\u00e1ndose del burro, lo dej\u00f3 plantado con los serones cargados, se meti\u00f3 corriendo en la primera habitaci\u00f3n y llam\u00f3 a su hija mayor:<\/p>\n<p align=\"JUSTIFY\">\u2014\u00a1Patora! \u2014los labios se le hab\u00edan hinchado y parec\u00edan pelotas.<\/p>\n<p align=\"JUSTIFY\">Saliendo de la habitaci\u00f3n contigua, Pastora se present\u00f3 alarmada.<\/p>\n<p align=\"JUSTIFY\">\u2014Patora, t\u00fa que sabe equirb\u00ed, hame una cadta pa mand\u00e1sela hata la Punta e la Ila a ese capor\u00e1 Basad\u00faa, que nueta ac\u00e1 y sia ido pall\u00e1 depu\u00e9 quiabl\u00f3 mal de m\u00ed. Yo te vua dec\u00ed qu\u00e9 vas a pon\u00e9 en er pap\u00e9.<\/p>\n<p align=\"JUSTIFY\">\u2014Ya, tata, vua tra\u00e9 pap\u00e9 y l\u00e1pice \u2014dijo la hija. Se meti\u00f3 en los interiores de la casa y poco despu\u00e9s regres\u00f3.<\/p>\n<p align=\"JUSTIFY\">\u2014Ponle ah\u00ed, Patora \u2014dijo don Andr\u00e9s\u2014, que su boca esuna miera, que su diente esota miera, su palaibra un mont\u00f3n de miera&#8230; Miera esa mula que monta. Miera su epuela. Miera su rebenque. Miera el sombrero con quianda. Miera esa cotumbe e miera diand\u00e1 mirando tabajo ajeno&#8230; L\u00e9emela, Patora, a ve qu\u00e9 fartra.<\/p>\n<p align=\"JUSTIFY\">Cuando la hija acab\u00f3 de leer, don Andr\u00e9s ten\u00eda un gesto de duda como si ya no confiara del todo en sus propias palabras.<\/p>\n<p align=\"JUSTIFY\">\u2014Oye, Patora \u2014dijo finalmente\u2014, qu\u00edtale un poco e miera a ese pap\u00e9.<\/p>\n<p style=\"text-align: center;\" align=\"JUSTIFY\">* * *<\/p>\n<p style=\"text-align: right;\" align=\"JUSTIFY\">Descargar en PDF:\u00a0<a href=\"https:\/\/blogs.up.edu.pe\/nubes\/\/wp-content\/uploads\/2012\/02\/Galvez-Ronceros-Miera.pdf\">Antonio G\u00e1lvez Ronceros, \u00ab\u00a1Miera!\u00bb<\/a><\/p>\n","protected":false},"excerpt":{"rendered":"<p>Antonio G\u00e1lvez Ronceros (1932) \u00a1Miera! Tomado de Mon\u00f3logo para Jutito. Lluvia editores, Lima, 1986. Originalmente en Mon\u00f3logo desde las tinieblas, 1975 (existe una edici\u00f3n de este libro en PEISA). Edici\u00f3n para el club virtual de lectura En las nubes de &hellip; <a href=\"https:\/\/blogs.up.edu.pe\/nubes\/textos-de-discusion\/antonio-galvez-ronceros-%c2%a1miera\/\">Sigue leyendo <span class=\"meta-nav\">&rarr;<\/span><\/a><\/p>\n","protected":false},"author":3,"featured_media":0,"parent":9,"menu_order":35,"comment_status":"closed","ping_status":"closed","template":"","meta":{"footnotes":""},"class_list":["post-217","page","type-page","status-publish","hentry"],"_links":{"self":[{"href":"https:\/\/blogs.up.edu.pe\/nubes\/wp-json\/wp\/v2\/pages\/217","targetHints":{"allow":["GET"]}}],"collection":[{"href":"https:\/\/blogs.up.edu.pe\/nubes\/wp-json\/wp\/v2\/pages"}],"about":[{"href":"https:\/\/blogs.up.edu.pe\/nubes\/wp-json\/wp\/v2\/types\/page"}],"author":[{"embeddable":true,"href":"https:\/\/blogs.up.edu.pe\/nubes\/wp-json\/wp\/v2\/users\/3"}],"replies":[{"embeddable":true,"href":"https:\/\/blogs.up.edu.pe\/nubes\/wp-json\/wp\/v2\/comments?post=217"}],"version-history":[{"count":6,"href":"https:\/\/blogs.up.edu.pe\/nubes\/wp-json\/wp\/v2\/pages\/217\/revisions"}],"predecessor-version":[{"id":1018,"href":"https:\/\/blogs.up.edu.pe\/nubes\/wp-json\/wp\/v2\/pages\/217\/revisions\/1018"}],"up":[{"embeddable":true,"href":"https:\/\/blogs.up.edu.pe\/nubes\/wp-json\/wp\/v2\/pages\/9"}],"wp:attachment":[{"href":"https:\/\/blogs.up.edu.pe\/nubes\/wp-json\/wp\/v2\/media?parent=217"}],"curies":[{"name":"wp","href":"https:\/\/api.w.org\/{rel}","templated":true}]}}