{"id":1900,"date":"2015-08-05T17:47:37","date_gmt":"2015-08-05T22:47:37","guid":{"rendered":"https:\/\/blogs.up.edu.pe\/nubes\/\/?page_id=1900"},"modified":"2015-08-05T17:47:37","modified_gmt":"2015-08-05T22:47:37","slug":"el-horror-y-el-cuento-la-declaracion-de-randolph-carter-de-h-p-lovecraft-por-mariana-del-pozo","status":"publish","type":"page","link":"https:\/\/blogs.up.edu.pe\/nubes\/trabajos\/trabajos-finales-2015-otono\/el-horror-y-el-cuento-la-declaracion-de-randolph-carter-de-h-p-lovecraft-por-mariana-del-pozo\/","title":{"rendered":"El horror y el cuento \u201cLa declaraci\u00f3n de Randolph Carter\u201d de H. P. Lovecraft, por Mariana del Pozo"},"content":{"rendered":"<p>El terror y el horror son g\u00e9neros literarios muy similares entre s\u00ed, que causan la sensaci\u00f3n de miedo en los lectores. Sin embargo, el horror suele incluir alguna criatura sobrenatural, como en <em>Frankenstein<\/em> de Mary Shelley, o puede crear la sensaci\u00f3n de miedo por medio de seres paranormales, mientras que en el terror generalmente un ser humano es el responsable de los hechos que llegan a atemorizar a la audiencia. En el desarrollo del curso hemos tenido la oportunidad de leer cuentos dentro del g\u00e9nero del horror, como el cuento de H. P. Lovecraft \u201cLa declaraci\u00f3n de Randolph Carter\u201d, en el cual Warren y Carter van en busca de una criatura misteriosa.<\/p>\n<p>Stephen King, un autor reconocido por sus innumerables novelas de terror\/horror, describe en su libro <em>Danza Macabra<\/em> al terror como el momento de suspenso dentro del horror antes de que se revele al monstruo y describe el horror como el momento en el cual se conoce a la criatura que causa horror. En el cuento \u201cLa declaraci\u00f3n de Randolph Carter\u201d, podemos evidenciar la creaci\u00f3n del suspenso desde que Carter y Warren parten camino al cementerio, ya que Carter no sab\u00eda por qu\u00e9 estaban yendo, pero s\u00ed sab\u00eda que estaba relacionado con algo del libro que llevaba Warren (qu\u00e9 \u00e9l no hab\u00eda podido descifrar porque estaba en un idioma que no comprend\u00eda). El suspenso en el cuento va en aumento cuando Carter y Warren llegan al cementerio y destapan una especie de cripta, en la cual Warren se inserta para inspeccionarla y encontrar al monstruo o ser del cual hab\u00eda le\u00eddo en su libro. Sin lugar a dudas, desde el punto de vista del lector, en mi caso, este momento me pareci\u00f3 el m\u00e1s nervioso de todos, ya que ten\u00eda que haber una muy buena raz\u00f3n por la cual Warren no quer\u00eda exponer a Carter a tremendo peligro.<\/p>\n<p>El sentimiento de suspenso se disipa cuando Warren, estando dentro de la cripta y fuera de la vista de Carter, habla por el tel\u00e9fono y le dice a Carter; \u201c\u00a1Dios! \u00a1Si pudieras ver lo que veo yo!&#8230; \u00a1Carter, es terrible\u2026, monstruoso\u2026, incre\u00edble!\u201d En este momento es cuando se comienza a formar la atmosfera del terror, ya que Carter (y el lector) no saben de qu\u00e9 se trata, no saben a qu\u00e9 se est\u00e1 refiriendo Warren ni conocen lo que est\u00e1 sucediendo dentro de la cripta. El momento se intensifica cuando Warren dice: \u201c\u00a1Carter, por el amor de Dios, vuelve a colocar la losa y m\u00e1rchate de aqu\u00ed, si puedes!&#8230; \u00a1R\u00e1pido! D\u00e9jalo todo y vete\u2026 \u00a1Es tu \u00fanica oportunidad! \u00a1Hazlo y no me preguntes m\u00e1s!\u201d Al escuchar esto, se va creando la atmosfera de horror, ya que se va concibiendo la idea de que se trata de un monstruo, un monstruo que es capaz de horrorizar a la valiente persona que fue a buscarlo y este sentimiento se llega a concretar en la parte final del cuento, donde Carter sigue llamando a Warren, pero no recibe respuesta alguna, hasta que el monstruo le dice \u201c\u00a1Insensato! \u00a1Warren ya est\u00e1 muerto!\u201d.<\/p>\n<p>Al relatar brevemente sobre algunas partes relevantes del cuento se puede apreciar que efectivamente se trata de un cuento de horror ya que incluye a una criatura, en este caso alg\u00fan tipo de monstruo sobrenatural, porque vive en una catacumba y Warren, el \u00fanico personaje que tuvo contacto directo con el monstruo, dijo \u201c\u00a1Malditas sean estas criaturas infernales\u201d. De hecho, el cuento hace que el lector primero se sumerja en un cierto suspenso para luego ir creando la atmosfera de terror, y al final genera un sentimiento de horror al escuchar al monstruo decir que Warren est\u00e1 muerto. Esta mezcla de sentimientos y sensaciones que experimenta el lector, es lo que hace al g\u00e9nero de horror (y terror, ya que son muy similares) un g\u00e9nero popular, atractivo y cautivador.<\/p>\n<p style=\"text-align: right;\"><em>Mariana del Pozo, junio de 2015.<\/em><\/p>\n","protected":false},"excerpt":{"rendered":"<p>El terror y el horror son g\u00e9neros literarios muy similares entre s\u00ed, que causan la sensaci\u00f3n de miedo en los lectores. Sin embargo, el horror suele incluir alguna criatura sobrenatural, como en Frankenstein de Mary Shelley, o puede crear la &hellip; <a href=\"https:\/\/blogs.up.edu.pe\/nubes\/trabajos\/trabajos-finales-2015-otono\/el-horror-y-el-cuento-la-declaracion-de-randolph-carter-de-h-p-lovecraft-por-mariana-del-pozo\/\">Sigue leyendo <span class=\"meta-nav\">&rarr;<\/span><\/a><\/p>\n","protected":false},"author":3,"featured_media":0,"parent":1852,"menu_order":10,"comment_status":"closed","ping_status":"closed","template":"","meta":{"footnotes":""},"class_list":["post-1900","page","type-page","status-publish","hentry"],"_links":{"self":[{"href":"https:\/\/blogs.up.edu.pe\/nubes\/wp-json\/wp\/v2\/pages\/1900","targetHints":{"allow":["GET"]}}],"collection":[{"href":"https:\/\/blogs.up.edu.pe\/nubes\/wp-json\/wp\/v2\/pages"}],"about":[{"href":"https:\/\/blogs.up.edu.pe\/nubes\/wp-json\/wp\/v2\/types\/page"}],"author":[{"embeddable":true,"href":"https:\/\/blogs.up.edu.pe\/nubes\/wp-json\/wp\/v2\/users\/3"}],"replies":[{"embeddable":true,"href":"https:\/\/blogs.up.edu.pe\/nubes\/wp-json\/wp\/v2\/comments?post=1900"}],"version-history":[{"count":1,"href":"https:\/\/blogs.up.edu.pe\/nubes\/wp-json\/wp\/v2\/pages\/1900\/revisions"}],"predecessor-version":[{"id":1901,"href":"https:\/\/blogs.up.edu.pe\/nubes\/wp-json\/wp\/v2\/pages\/1900\/revisions\/1901"}],"up":[{"embeddable":true,"href":"https:\/\/blogs.up.edu.pe\/nubes\/wp-json\/wp\/v2\/pages\/1852"}],"wp:attachment":[{"href":"https:\/\/blogs.up.edu.pe\/nubes\/wp-json\/wp\/v2\/media?parent=1900"}],"curies":[{"name":"wp","href":"https:\/\/api.w.org\/{rel}","templated":true}]}}