{"id":1897,"date":"2015-08-05T17:40:12","date_gmt":"2015-08-05T22:40:12","guid":{"rendered":"https:\/\/blogs.up.edu.pe\/nubes\/\/?page_id=1897"},"modified":"2015-08-05T17:40:12","modified_gmt":"2015-08-05T22:40:12","slug":"el-cazador-de-pilar-dughi-por-diego-andujar","status":"publish","type":"page","link":"https:\/\/blogs.up.edu.pe\/nubes\/trabajos\/trabajos-finales-2015-otono\/el-cazador-de-pilar-dughi-por-diego-andujar\/","title":{"rendered":"\u201cEl cazador\u201d de Pilar Dughi, por Diego Andujar"},"content":{"rendered":"<p>Las lecturas sobre la guerra y la violencia en el cuento peruano contempor\u00e1neo me gustaron y me hicieron pensar en la realidad que ha vivido nuestra sociedad en los \u00faltimos tiempos, enfrentamientos armados, resentimientos generados por estos y personas afectadas por estas circunstancias. Por ello escog\u00ed una de ellas \u201cEl cazador\u201d de Pilar Dughi, escritora peruana que a pesar de su pronta desaparici\u00f3n y corta producci\u00f3n literaria, tuvo reconocimientos y cuentos premiados.<\/p>\n<p>La historia se desarrolla en la selva peruana, describiendo parte de su flora y fauna. El protagonista es Darwin, joven que forma parte de una columna militar, que decide abandonar el campamento al que su padre lo llev\u00f3 cuando apenas ten\u00eda cinco a\u00f1os.<\/p>\n<p>La narraci\u00f3n entrelaza las vivencias de la huida, las conversaciones con su padre, la evocaci\u00f3n de recuerdos, lo que ha vivido y ha conseguido y lo que hab\u00eda so\u00f1ado conseguir dentro del partido, con todos sus miedos. Darwin, impaciente, \u00e1gil, aprendi\u00f3 a manejar fusiles, a armar y desarmar granadas, a vigilar al enemigo, a seguir rastros en el monte, a seguir huellas en el barro, por lo que es enviado por Rolando, mando militar, a una misi\u00f3n en la cual descubre la gran superficie plana de agua verde, m\u00e1s amplia de lo que hab\u00eda imaginado: el inmenso r\u00edo lo cautiv\u00f3 y dese\u00f3 mantenerse conectado a \u00e9l. Al regresar e informar sobre su misi\u00f3n trata de medir su entusiasmo; controla sus emociones pues si re\u00eda lo acusar\u00edan de estar alegre, si mostraba tristeza lo identificar\u00edan como un futuro traidor que pensaba escaparse.<\/p>\n<p>En el campamento no se permite a m\u00e1s de dos personas juntarse ni tratar cosas al margen del partido; los comentarios y pensamientos se expresan en las reuniones de formaci\u00f3n. Tampoco se permit\u00eda que padres e hijos confraternizaran. Darwin se las arregl\u00f3 para acercarse a su padre con quien acuerda para el d\u00eda siguiente iniciar la huida y entregarse al ej\u00e9rcito. La decisi\u00f3n la ven\u00edan tratando al comprobar el maltrato al que estaban sometidos pues los dirigentes no se ocupaban de las necesidades de los militantes, ni de las m\u00e1s elementales como los alimentos. Las cosas ya no eran como al principio, dec\u00eda el padre.<\/p>\n<p>Al llegar retrasado inicia la huida solo, pasa por muchos escollos, duerme poco; sab\u00eda que podr\u00eda morir en el intento, que tal vez cuando llegara a la base militar, lo torturar\u00edan, lo golpear\u00edan, pero igual si se quedaba morir\u00eda tarde o temprano. Sent\u00eda que hab\u00eda traicionado al partido con solo desear huir, hab\u00eda aceptado que era un traidor.<\/p>\n<p>Recuerda tambi\u00e9n el d\u00eda que varios helic\u00f3pteros del ej\u00e9rcito sobrevolaron el campamento dejando caer rect\u00e1ngulos plastificados de color blanco y rojo que dec\u00edan: \u201cHace m\u00e1s de un a\u00f1o est\u00e1 vigente la ley de arrepentimiento. No hagas caso a los enga\u00f1os y mentiras de Sendero Luminoso. Escapa y ven a la base militar o a la comunidad de ronderos m\u00e1s cercana. Los ronderos ash\u00e1ninkas y tus familiares te esperamos con cari\u00f1o. Todos los que han escapado hasta el momento viven libres y felices con nosotros. Reciben apoyo inmediato. Es mentira que te vamos a matar. La ley de arrepentimiento te ampara\u201d. Luego de leer el plastificado, el mando explic\u00f3 que eso era mentira y que todo intento de traici\u00f3n ser\u00eda severamente castigado. Decomis\u00f3 todos los volantes.<\/p>\n<p>Darwin estaba preparado para huir, llevaba el sentido de alerta en la piel, acostumbrado a dormir ligeramente, preparado para desaparecer cuando los mandos dispon\u00edan el abandono del campamento, por lo que pudo sobrevivir a todos los obst\u00e1culos.<\/p>\n<p>Recuerda al peque\u00f1o Gaspar la noche que los obligaron a formarse en el centro del campamento. Se acus\u00f3 a Gaspar, un ni\u00f1o de siete a\u00f1os, de robar un pedazo de ronsoco y devorarlo a escondidas. Gaspar otras veces hab\u00eda escapado de la escuela, lo acusaron de ladr\u00f3n, su conducta arriesgaba la vida de todos y eso era alta traici\u00f3n, se le conden\u00f3 y fue estrangulado con soguilla por un miembro del comando de aniquilamiento. Su madre lloraba pidiendo que lo perdonen. La hicieron callar. Esa noche y las siguientes la madre de Gaspar camin\u00f3 de un lugar a otro, como loca, llorando. Luego se call\u00f3 y no volvi\u00f3 a llorar m\u00e1s. Darwin entonces comenz\u00f3 a sentir miedo, sentimiento que nunca lo abandonar\u00eda. Evoca el d\u00eda que no encontr\u00f3 a Shoreni; su amigo pens\u00f3 que lo hab\u00edan enviado de centinela, cuando llegaron los relevos al no encontrarlo pregunta por \u00e9l, enter\u00e1ndose que junto a su madre fue ajusticiado porque su padre se hab\u00eda fugado.<\/p>\n<p>El partido consideraba que ya no se deb\u00eda distraer a la masas con juicios p\u00fablicos, simplemente los ejecutaban. Darwin estaba afectado, no pudo disimular la rabia, quer\u00eda vengarse. El mando militar lo llev\u00f3 fuera del campamento, lo hizo correr un largo trecho y le mostr\u00f3 un cuadrado de tierra removida en donde los hab\u00edan enterrado. Darwin siente miedo. Logra ver a Mardonio, fuerza principal como \u00e9l, y piensa que ha sido enviado para liquidarlo, para cazarlo, Mardonio es m\u00e1s corpulento pero tambi\u00e9n m\u00e1s lento y pertenece al comando de aniquilamiento. Darwin planea sorprenderlo y eliminarlo antes de ser descubierto, no tiene mucho tiempo, no puede demorarse no tiene v\u00edveres ni agua.<\/p>\n<p>Quiere estar alerta, el cansancio lo vence y lucha contra el sue\u00f1o. Despu\u00e9s de muchos contratiempos encuentra un campamento. Llega, se queda dormido fuera de una caba\u00f1a, casi desmayado. Logra o\u00edr voces de una mujer que dice: es solo un ni\u00f1o&#8230; Le preguntan \u201c\u00bfcu\u00e1ntos a\u00f1os tienes?\u201d \u00c9l no sab\u00eda pero deb\u00eda tener doce o trece a\u00f1os. Les dice que ha venido a entregarse, que lo buscan que lo quieren matar y empieza llorar.<\/p>\n<p>Le informan que los ronderos lo proteger\u00e1n, la base est\u00e1 cerca y el comit\u00e9 de autodefensa ya est\u00e1 informado. Por ser menor de edad es un presentado, no un arrepentido. Hay otro ni\u00f1o como \u00e9l y los llevar\u00e1n a la base. \u201cPresentado\u201d, \u201cpresentado\u201d, repite en voz alta hasta quedarse dormido. Durmi\u00f3 intensamente, le dieron de comer. Despu\u00e9s llega un hombre armado, el comando de la comunidad y autoridad militar le hace preguntas, \u00bfde donde viene? \u00bfest\u00e1 solo? Le dijo que nadie le har\u00eda da\u00f1o, pero que todav\u00eda no conf\u00edan. \u201cDepender\u00e1 de tu comportamiento y colaboraci\u00f3n para poder incorporarte a una comunidad\u201d. Lo llevan al r\u00edo y en un gran bote lo sentaron detr\u00e1s de un rondero armado. A su lado, medio encogido, est\u00e1 Mardonio. Darwin quiso levantarse, gritar, correr, pero sigui\u00f3 sentado mir\u00e1ndolo. Mardonio ten\u00eda la vista clavada en el piso. Luego levant\u00f3 su cabeza y sus ojos se encontraron con los de Darwin. En el rostro de Mardonio vio al miedo.<\/p>\n<p>\u201c\u00bfSabes a qu\u00e9 base vamos?\u201d, pregunt\u00f3 Mardonio. \u201cA Valle Esmeralda\u201d, contesta Darwin. \u201cNo somos arrepentidos sino presentados\u201d. \u201cS\u00ed, ya lo s\u00e9\u201d \u2013 dijo y sonri\u00f3.<\/p>\n<p>Me gust\u00f3 la historia, me sorprendi\u00f3 el final. La relacion\u00e9 con la historia de Lurgio Gavil\u00e1n, autor de <em>Memorias de un soldado desconocido<\/em>, ni\u00f1o senderista que desert\u00f3, se integr\u00f3 al ej\u00e9rcito y despu\u00e9s se incorpor\u00f3 a la Iglesia como fraile. Los derechos de este libro ya han sido comprados por Luis Llosa quien la llevar\u00e1 al cine.<\/p>\n<p style=\"text-align: right;\"><em>Diego Andujar, junio de 2015.<\/em><\/p>\n","protected":false},"excerpt":{"rendered":"<p>Las lecturas sobre la guerra y la violencia en el cuento peruano contempor\u00e1neo me gustaron y me hicieron pensar en la realidad que ha vivido nuestra sociedad en los \u00faltimos tiempos, enfrentamientos armados, resentimientos generados por estos y personas afectadas &hellip; <a href=\"https:\/\/blogs.up.edu.pe\/nubes\/trabajos\/trabajos-finales-2015-otono\/el-cazador-de-pilar-dughi-por-diego-andujar\/\">Sigue leyendo <span class=\"meta-nav\">&rarr;<\/span><\/a><\/p>\n","protected":false},"author":3,"featured_media":0,"parent":1852,"menu_order":9,"comment_status":"closed","ping_status":"closed","template":"","meta":{"footnotes":""},"class_list":["post-1897","page","type-page","status-publish","hentry"],"_links":{"self":[{"href":"https:\/\/blogs.up.edu.pe\/nubes\/wp-json\/wp\/v2\/pages\/1897","targetHints":{"allow":["GET"]}}],"collection":[{"href":"https:\/\/blogs.up.edu.pe\/nubes\/wp-json\/wp\/v2\/pages"}],"about":[{"href":"https:\/\/blogs.up.edu.pe\/nubes\/wp-json\/wp\/v2\/types\/page"}],"author":[{"embeddable":true,"href":"https:\/\/blogs.up.edu.pe\/nubes\/wp-json\/wp\/v2\/users\/3"}],"replies":[{"embeddable":true,"href":"https:\/\/blogs.up.edu.pe\/nubes\/wp-json\/wp\/v2\/comments?post=1897"}],"version-history":[{"count":1,"href":"https:\/\/blogs.up.edu.pe\/nubes\/wp-json\/wp\/v2\/pages\/1897\/revisions"}],"predecessor-version":[{"id":1898,"href":"https:\/\/blogs.up.edu.pe\/nubes\/wp-json\/wp\/v2\/pages\/1897\/revisions\/1898"}],"up":[{"embeddable":true,"href":"https:\/\/blogs.up.edu.pe\/nubes\/wp-json\/wp\/v2\/pages\/1852"}],"wp:attachment":[{"href":"https:\/\/blogs.up.edu.pe\/nubes\/wp-json\/wp\/v2\/media?parent=1897"}],"curies":[{"name":"wp","href":"https:\/\/api.w.org\/{rel}","templated":true}]}}