{"id":1884,"date":"2015-08-04T19:05:32","date_gmt":"2015-08-05T00:05:32","guid":{"rendered":"https:\/\/blogs.up.edu.pe\/nubes\/\/?page_id=1884"},"modified":"2015-08-04T19:05:32","modified_gmt":"2015-08-05T00:05:32","slug":"suenos-de-robot-de-isaac-asimov-por-aurore-chehere","status":"publish","type":"page","link":"https:\/\/blogs.up.edu.pe\/nubes\/trabajos\/trabajos-finales-2015-otono\/suenos-de-robot-de-isaac-asimov-por-aurore-chehere\/","title":{"rendered":"\u201cSue\u00f1os de robot\u201d de Isaac Asimov, por Aurore Chehere"},"content":{"rendered":"<p>Anclado en un mundo futuro en el que existen los robots, el cuento de Isaac Asimov \u201cRobot dreams\u201d (\u201cSue\u00f1os de robot\u201d) aclara aspectos de la mente humana pero tambi\u00e9n resalta elementos sociales. Adem\u00e1s, aunque este cuento fue publicado en 1986, se vincula estrechamente con la sociedad en la que vivimos hoy. Ese es el talento de Asimov: sus cuentos no vencen con el tiempo.<\/p>\n<p>Primero, el autor pone \u00e9nfasis en las relaciones laborales que pueden existir y en la importancia de la jerarqu\u00eda. En efecto, en este cuento podemos ver la desigualdad entre los dos protagonistas: Susan y Linda. De hecho, una es la jefa del servicio, con mucha experiencia, mientras que la segunda es una \u201cnovata\u201d, reci\u00e9n empleada en el laboratorio. Gracias a los di\u00e1logos entre estos dos personajes vemos que, por medio de frases cortas y directas, Susan quiere tomar el control del di\u00e1logo y poner a su interlocutora en una situaci\u00f3n de inferioridad. Adem\u00e1s, esa diferencia de posici\u00f3n es bien integrada por Linda ya que se siente inferior y asocia a Susan con una \u201cLeyenda Viviente\u201d. De hecho, sus frases son vacilantes. Este es un elemento muy relevante en nuestras sociedades, en las que las relaciones laborales son verticales y en las que solo el jefe decide, lo que podr\u00eda parecer extra\u00f1o en un laboratorio, donde normalmente se busca la innovaci\u00f3n. No obstante que lo que hizo Linda fue una tentativa innovadora, destruye la estructura establecida del empleado simplemente ejecutor. Al inicio su actuaci\u00f3n molesta a la jefa, no tanto por lo que acarre\u00f3 sino por haber negado y omitido la autoridad. Entonces, cada personaje me pareci\u00f3 representar un modelo laboral distinto: Susan representa el antiguo modelo regido por las relaciones verticales mientras que Linda podr\u00eda representar el empresario innovador, usando la tecnolog\u00eda, lleno de ideas e independiente. Efectivamente, Linda se vincula mucho con el modelo laboral actual de las \u201cempresas de ideas\u201d. Adem\u00e1s, a trav\u00e9s del sue\u00f1o del Robot enfrentamos una denuncia de nuestro ambiente laboral en el que se viven circunstancias que empeoran. De hecho, el robot sue\u00f1a con trabajadores \u201cvencidos por la responsabilidad y la preocupaci\u00f3n\u201d, mineros en un entorno de radiaci\u00f3n y calor que \u00e9l rechaza para los robots. Entonces, si este mundo no es viable y feliz para los robots, no lo es tampoco para los humanos.<\/p>\n<p>Segundo, Asimov pone de relieve el deseo humano de control. Me parece que este punto es el tema clave del cuento. En efecto, a trav\u00e9s de lo que hizo Linda, se ve la posibilidad de que los robots tengan un subconsciente y que se vuelvan aut\u00f3nomos. Esa es la iron\u00eda del cuento y de muchas invenciones humanas: se quiere controlar m\u00e1s el entorno creando robots pero al final ellos podr\u00e1n superar a sus propios creadores. Con las Tres Leyes se ve claramente la voluntad humana por reducir a los robots a objetos obedientes, sin conciencia de ellos mismos. Inculcando normas, obediencia frente al ser humano, se busca poner al robot en situaci\u00f3n de inferioridad y de sumisi\u00f3n. As\u00ed la actitud de Susan se parece a la de los l\u00edderes autoritarios ideol\u00f3gicos. Podr\u00edamos hablar de \u201cesclavitud\u201d solo si los robots poseen conciencia y eso generar\u00eda un problema moral para esa sociedad futurista. De hecho, si los robots se vuelven aut\u00f3nomos y concientes de s\u00ed mismos, podr\u00edan ser considerados como seres iguales a los humanos ya que es este punto el que los disocia de los animales. Eso no se puede permitir, como lo muestra Susan, porque significar\u00eda una p\u00e9rdida de control y una negaci\u00f3n de los derechos humanos. Esa p\u00e9rdida de control es el temor de los humanos representado por Susan. Los cient\u00edficos quieren entender mejor el mundo\u00a0y controlarlo gracias a sus descubrimientos, pero los robots avanzados ponen en peligro tal prop\u00f3sito. As\u00ed, la actitud de Susan evoluciona cuando el robot relata su sue\u00f1o: al inicio solo ve robots trabajando de manera mec\u00e1nica y dado que no hay bhumanos, se puede imaginar que estos est\u00e1n solamente relaj\u00e1ndose en la oficina. No obstante, en el momento en el que el robot evoca la necesidad de tener \u201csu propia existencia\u201d, Susan empieza a preocuparse porque el robot niega a las Tres Leyes. Luego, al o\u00edr que el robot se identificar con un hombre, Susan se pone nerviosa y extremadamente preocupada porque significar\u00eda que ya no existen los hombres o que son controlados por robots. Por eso, decide \u201cdesactivarlo\u201d [matarlo].<\/p>\n<p>Para concluir, este cuento me pareci\u00f3 interesante porque trata de una variedad de temas pero no de manera frontal sino sutilmente. As\u00ed, se evocan las relaciones laborales y se puede entender una cr\u00edtica de su verticalidad, que impide el progreso en el trabajo, reduciendo al trabajador en un simple ejecutor. O sea, ser un ejecutor es comparable a ser un robot. Tambi\u00e9n vemos, gracias al personaje del robot, la evocaci\u00f3n del ambiente laboral y de sus desventajas, la importancia del respeto de los derechos fundamentales (se rechaza la esclavitud gracias a im\u00e1genes) y el miedo humano por la p\u00e9rdida de control. Creo que este \u00faltimo punto es muy revelador de nuestras sociedades en las que siempre queremos controlar nuestro entorno y en el que lo incontrolable da miedo: terremotos, muerte\u2026<\/p>\n<p style=\"text-align: right;\"><em>Aurore Chehere, junio de 2015.<\/em><\/p>\n","protected":false},"excerpt":{"rendered":"<p>Anclado en un mundo futuro en el que existen los robots, el cuento de Isaac Asimov \u201cRobot dreams\u201d (\u201cSue\u00f1os de robot\u201d) aclara aspectos de la mente humana pero tambi\u00e9n resalta elementos sociales. Adem\u00e1s, aunque este cuento fue publicado en 1986, &hellip; <a href=\"https:\/\/blogs.up.edu.pe\/nubes\/trabajos\/trabajos-finales-2015-otono\/suenos-de-robot-de-isaac-asimov-por-aurore-chehere\/\">Sigue leyendo <span class=\"meta-nav\">&rarr;<\/span><\/a><\/p>\n","protected":false},"author":3,"featured_media":0,"parent":1852,"menu_order":6,"comment_status":"closed","ping_status":"closed","template":"","meta":{"footnotes":""},"class_list":["post-1884","page","type-page","status-publish","hentry"],"_links":{"self":[{"href":"https:\/\/blogs.up.edu.pe\/nubes\/wp-json\/wp\/v2\/pages\/1884","targetHints":{"allow":["GET"]}}],"collection":[{"href":"https:\/\/blogs.up.edu.pe\/nubes\/wp-json\/wp\/v2\/pages"}],"about":[{"href":"https:\/\/blogs.up.edu.pe\/nubes\/wp-json\/wp\/v2\/types\/page"}],"author":[{"embeddable":true,"href":"https:\/\/blogs.up.edu.pe\/nubes\/wp-json\/wp\/v2\/users\/3"}],"replies":[{"embeddable":true,"href":"https:\/\/blogs.up.edu.pe\/nubes\/wp-json\/wp\/v2\/comments?post=1884"}],"version-history":[{"count":2,"href":"https:\/\/blogs.up.edu.pe\/nubes\/wp-json\/wp\/v2\/pages\/1884\/revisions"}],"predecessor-version":[{"id":1886,"href":"https:\/\/blogs.up.edu.pe\/nubes\/wp-json\/wp\/v2\/pages\/1884\/revisions\/1886"}],"up":[{"embeddable":true,"href":"https:\/\/blogs.up.edu.pe\/nubes\/wp-json\/wp\/v2\/pages\/1852"}],"wp:attachment":[{"href":"https:\/\/blogs.up.edu.pe\/nubes\/wp-json\/wp\/v2\/media?parent=1884"}],"curies":[{"name":"wp","href":"https:\/\/api.w.org\/{rel}","templated":true}]}}