{"id":1877,"date":"2015-08-04T18:44:32","date_gmt":"2015-08-04T23:44:32","guid":{"rendered":"https:\/\/blogs.up.edu.pe\/nubes\/\/?page_id=1877"},"modified":"2015-08-04T18:44:32","modified_gmt":"2015-08-04T23:44:32","slug":"el-cuento-mas-impactante-el-corazon-delator-de-e-a-poe-por-freddy-rojas","status":"publish","type":"page","link":"https:\/\/blogs.up.edu.pe\/nubes\/trabajos\/trabajos-finales-2015-otono\/el-cuento-mas-impactante-el-corazon-delator-de-e-a-poe-por-freddy-rojas\/","title":{"rendered":"El cuento m\u00e1s impactante: \u201cEl coraz\u00f3n delator\u00bb de E. A. Poe, por Freddy Rojas"},"content":{"rendered":"<p>En el taller <em>En las nubes de la ficci\u00f3n<\/em> pude leer un sinf\u00edn de cuentos que llamaron mucho mi atenci\u00f3n, que les permiten a los alumnos engancharse con cada historia relatada por cada autor. Esto quiere decir que, desde mi punto de vista, el taller hizo que me involucre en cada historia, provocando que me sintiera parte del cuento.<\/p>\n<p>Un cuento que llam\u00f3 mi atenci\u00f3n especialmente fue\u00a0\u201cEl coraz\u00f3n delator\u201d de Edgar Allan Poe. Fue el que m\u00e1s me impact\u00f3 y verdaderamente pude leerlo no solo una vez sino muchas veces porque desde el inicio el autor permite que te involucres en la historia como si la persona que lee el cuento fuera el personaje principal.<\/p>\n<p>La historia trata acerca de un hombre que viv\u00eda con un anciano, al cual apreciaba, pero que ten\u00eda un ojo de buitre y el hombre como que se ofuscaba cuando el anciano lo ve\u00eda. Por este motivo toma la decisi\u00f3n de asesinar al viejo, pensando que de esa manera se pod\u00eda liberar de esa mirada que le causaba mucho fastidio.<\/p>\n<p>El hombre plane\u00f3 por mucho tiempo este asesinato, hasta que ingres\u00f3 a la habitaci\u00f3n del anciano, lo descuartiz\u00f3 y luego escondi\u00f3 el cuerpo en las tablas del piso que estaba debajo de su cama. En este punto aparece una duda debido a que el autor trata de colocar al asesino como un loco y por eso el autor menciona que el personaje principal planea muy bien este asesinato pero si tuviese problemas mentales no creo que tuviera la capacidad de planear de manera tan cuidadosa este crimen, ingresar a la habitaci\u00f3n sin que el anciano sospeche, sin que los vecinos lo vean o, \u00bfustedes creen que s\u00ed?<\/p>\n<p>En el transcurso del asesinato los vecinos escucharon unos ruidos por lo que llamaron a la polic\u00eda. Por eso, despu\u00e9s se acercaron tres polic\u00edas. Para llamarme m\u00e1s la atenci\u00f3n el hombre actu\u00f3 con mucha tranquilidad como si en ese lugar no hubiese pasado absolutamente nada; hasta los hizo pasar y sentarse en el lugar del asesinato. Pero ocurri\u00f3 algo sorprendente mientras conversaba con los polic\u00edas: el hombre empez\u00f3 a escuchar d\u00e9biles sonidos parecidos a los latidos de un coraz\u00f3n por lo que se sent\u00eda cada vez m\u00e1s nervioso porque el sonido se hac\u00eda cada vez m\u00e1s fuerte y hasta lleg\u00f3 a pensar que los polic\u00edas tambi\u00e9n lo escuchaban y ya sab\u00edan todo acerca del asesinato mientras conversaban tranquilamente.<\/p>\n<p>Hasta que no aguant\u00f3 m\u00e1s y dijo \u201c\u00a1Basta ya de fingir, malvados! \u2014aull\u00e9\u2014 \u00a1Confieso que lo mat\u00e9! \u00a1Levanten esos tablones! \u00a1Ah\u00ed\u2026 ah\u00ed! \u00a1Donde est\u00e1 latiendo su horrible coraz\u00f3n!\u201d<\/p>\n<p>Finalmente, el cuento nos permite ingresar a la mente desquiciada de una persona. La mente de cualquier persona est\u00e1 llena de misterios e incluso de pensamientos fr\u00edvolos y violentos. Es por ese motivo que el autor nos muestra lo terror\u00edfico que puede ser estar dentro de la mente o saber lo que piensa una persona porque en este caso es una mente totalmente retorcida. Esto se puede relacionar con el perfil de los asesinos psic\u00f3patas. Era un psic\u00f3pata porque el hombre era el \u00fanico que escuchaba el latido del coraz\u00f3n y tanto se hab\u00eda obsesionado con matar al anciano que despu\u00e9s de lograr su objetivo estaba seguro que no iba a seguir viendo su ojo de buitre pero s\u00ed iba a seguir escuchando el latido que provoc\u00f3 que confesara el crimen.<\/p>\n<p style=\"text-align: right;\"><em>Freddy Rojas, junio de 2015.<\/em><\/p>\n","protected":false},"excerpt":{"rendered":"<p>En el taller En las nubes de la ficci\u00f3n pude leer un sinf\u00edn de cuentos que llamaron mucho mi atenci\u00f3n, que les permiten a los alumnos engancharse con cada historia relatada por cada autor. Esto quiere decir que, desde mi &hellip; <a href=\"https:\/\/blogs.up.edu.pe\/nubes\/trabajos\/trabajos-finales-2015-otono\/el-cuento-mas-impactante-el-corazon-delator-de-e-a-poe-por-freddy-rojas\/\">Sigue leyendo <span class=\"meta-nav\">&rarr;<\/span><\/a><\/p>\n","protected":false},"author":3,"featured_media":0,"parent":1852,"menu_order":5,"comment_status":"closed","ping_status":"closed","template":"","meta":{"footnotes":""},"class_list":["post-1877","page","type-page","status-publish","hentry"],"_links":{"self":[{"href":"https:\/\/blogs.up.edu.pe\/nubes\/wp-json\/wp\/v2\/pages\/1877","targetHints":{"allow":["GET"]}}],"collection":[{"href":"https:\/\/blogs.up.edu.pe\/nubes\/wp-json\/wp\/v2\/pages"}],"about":[{"href":"https:\/\/blogs.up.edu.pe\/nubes\/wp-json\/wp\/v2\/types\/page"}],"author":[{"embeddable":true,"href":"https:\/\/blogs.up.edu.pe\/nubes\/wp-json\/wp\/v2\/users\/3"}],"replies":[{"embeddable":true,"href":"https:\/\/blogs.up.edu.pe\/nubes\/wp-json\/wp\/v2\/comments?post=1877"}],"version-history":[{"count":2,"href":"https:\/\/blogs.up.edu.pe\/nubes\/wp-json\/wp\/v2\/pages\/1877\/revisions"}],"predecessor-version":[{"id":1881,"href":"https:\/\/blogs.up.edu.pe\/nubes\/wp-json\/wp\/v2\/pages\/1877\/revisions\/1881"}],"up":[{"embeddable":true,"href":"https:\/\/blogs.up.edu.pe\/nubes\/wp-json\/wp\/v2\/pages\/1852"}],"wp:attachment":[{"href":"https:\/\/blogs.up.edu.pe\/nubes\/wp-json\/wp\/v2\/media?parent=1877"}],"curies":[{"name":"wp","href":"https:\/\/api.w.org\/{rel}","templated":true}]}}