{"id":1869,"date":"2015-08-04T18:09:57","date_gmt":"2015-08-04T23:09:57","guid":{"rendered":"https:\/\/blogs.up.edu.pe\/nubes\/\/?page_id=1869"},"modified":"2015-08-04T18:09:57","modified_gmt":"2015-08-04T23:09:57","slug":"la-alienacion-que-todos-tenemos-un-vistazo-dentro-de-julio-ramon-ribeyro-por-angel-daniel-sanchez","status":"publish","type":"page","link":"https:\/\/blogs.up.edu.pe\/nubes\/trabajos\/trabajos-finales-2015-otono\/la-alienacion-que-todos-tenemos-un-vistazo-dentro-de-julio-ramon-ribeyro-por-angel-daniel-sanchez\/","title":{"rendered":"La alienaci\u00f3n que todos tenemos. Un vistazo dentro de Julio Ram\u00f3n Ribeyro, por Angel Daniel S\u00e1nchez"},"content":{"rendered":"<p>\u201cAlienaci\u00f3n\u201d de Julio Ram\u00f3n Ribeyro es un cuento que, en varios sentidos, refleja la realidad de nuestro Per\u00fa. Relata la historia de Roberto, un \u201czambo\u201d de barrio que sufrir\u00eda varios cambios. Su inter\u00e9s y admiraci\u00f3n por una chica de su adolescencia marcar\u00edan su vida, cambiando su rol en la sociedad y llev\u00e1ndolo al fat\u00eddico final que presenta el autor en el cuento.<\/p>\n<p>Luego de que la chica que tanto hab\u00eda admirado desde su lugar, pero con la que nunca hab\u00eda interactuado, le dijera \u201cYo no juego con zambos\u201d, Roberto renegar\u00eda de su propio ser. De este modo \u00e9l cambi\u00f3 todo de s\u00ed mismo. Su ropa, color de pelo, forma de hablar, caminar, amistades e incluso pensar. Roberto intenta ser diferente desde adentro hacia fuera. Intenta convertirse en lo que a sus ojos le parece mejor de su yo actual, en un \u201cgringo\u201d.<\/p>\n<p>En este rechazo de su ser, de su peruanidad y localidad, encuentra a Jose Mar\u00eda, quien tiene los mismo ideales. Juntos compartir\u00edan t\u00e9cnicas de \u201calienaci\u00f3n\u201d que los har\u00edan distintos a los dem\u00e1s y m\u00e1s parecidos a los otros. Para ellos no era solo ser blanco o \u201cagringado\u201d, sino convertirse por completo. En su aventura terminar\u00edan luchando una guerra ajena con la esperanza de ser aceptados socialmente y librarse de sus problemas econ\u00f3micos en una sociedad de la que no formaron parte. Y aqu\u00ed llegar\u00eda el final del camino para uno de los personajes, y el comienzo del regresar a aceptar la realidad para el otro.<\/p>\n<p>Ahora la pregunta que surge es, \u00bfpor qu\u00e9 ser un \u201cgringo\u201d (a los ojos de Queca) es superior? Ella siempre hab\u00eda salido con los m\u00e1s blancos, primero con Chalo Sander y luego con Billy Mulligan. Ambos representaban un mundo ajeno al que conoc\u00edan Queca y Boby. Una puerta \u201cal mundo\u201d, que les dar\u00eda la posibilidad de ser parte de otro c\u00edrculo social, quiz\u00e1. Ser parte de una \u201cvida mejor\u201d, relacion\u00e1ndose con personas de \u201cmayor importancia\u201d para ellos (mayor nivel socioecon\u00f3mico), aunque esto provocara un agrio final, inesperado para ambos personajes.<\/p>\n<p>Si nosotros buscamos la palabra \u201calienaci\u00f3n\u201d en el diccionario de la Real Academia, esto es lo que aparece como significado: \u201cProceso mediante el cual el individuo o una colectividad transforman su conciencia hasta hacerla contradictoria con lo que deb\u00eda esperarse de su condici\u00f3n\u201d. En este sentido, la condici\u00f3n de Roberto, referida a su c\u00edrculo social, a la sociedad que lo rodea, a su fenotipo y su nivel socioecon\u00f3mico, indicaba un tipo de comportamiento particular, que no es el que sigue este personaje. Boby, como se har\u00eda llamar, tendr\u00eda una \u201cconciencia distinta a la que deb\u00eda esperarse\u201d, al pretender e intentar con todo su ser, ser un \u201cgringo\u201d por completo.<\/p>\n<p>Este tipo de rechazo y suplantaci\u00f3n de la identificaci\u00f3n del yo, que evidencia el cuento, es una caracter\u00edstica de nuestro mundo contempor\u00e1neo, que en mayor medida se experimenta en la sociedad peruana. Todos hemos sido presa, v\u00edctimas o victimarios de una especia de \u201ccholeo\u201d, de una discriminaci\u00f3n (negativa m\u00e1s frecuentemente que positiva) que nos encasilla y nos otorga un nombre con caracter\u00edsticas particulares. Nos volvemos un paquete racial que act\u00faa y se relaciona de una u otra forma. \u201cChino\u201d, \u201cCholo\u201d, \u201cNegro\u201d, \u201cGringo\u201d, son las categor\u00edas generales en las que nos encasillamos unos a otros antes de agregarles un matiz que haga m\u00e1s espec\u00edfica y distintiva esta discriminaci\u00f3n.<\/p>\n<p>La verdad es que vivimos en un pa\u00eds realmente diverso, en un mundo que lo es a\u00fan m\u00e1s. La globalizaci\u00f3n y apertura de la econom\u00eda y la informaci\u00f3n en el mundo logra una mayor interconexi\u00f3n y dependencia entre pa\u00edses, culturas y razas. Si bien ya est\u00e1bamos \u201cmezclados\u201d, estas no van a dejar de producirse y m\u00e1s bien, van a empezar a acelerarse cada vez m\u00e1s.<\/p>\n<p>Sin embargo, \u00bfa d\u00f3nde nos lleva esta multiculturalidad? Uno pensar\u00eda <em>a priori<\/em> que en un pa\u00eds multicultural las diversas formas de pensar deber\u00edan confluir, haciendo que la poblaci\u00f3n tenga una mente cada vez m\u00e1s predispuesta a aceptar lo diferente como bueno y positivo. Pero la realidad es otra. Terminamos asociando un cierto color de piel a un cierto poder adquisitivo y estrato social. Si bien esto viene matizado por otros factores, como la forma de hablar y de vestir, son elementos propios de una \u201craza\u201d, que fue a la que Roberto decidi\u00f3 insertarse a como diera lugar.<\/p>\n<p>Finalmente, algo sorprendente acerca de este cuento es la forma en la que est\u00e1 escrito. A modo de \u201cchisme\u201d, de \u201chistoria que cont\u00f3 el amigo del amigo\u201d, a modo de rumor. Esta forma de escritura termina de reflejar la cr\u00edtica a la sociedad peruana. La predominancia del rumor y la discriminaci\u00f3n son dos elementos presentes hasta el d\u00eda de hoy. Nuestra sociedad debe empezar a madurar en estos dos sentidos: a volverse cada vez m\u00e1s objetiva, y a ser menos discriminadora. Quiz\u00e1s alg\u00fan d\u00eda esto se corrija y el destino de Boby y Queca sean finales ajenos al entendimiento del lector peruano. Apuntemos a que llegue ese momento.<\/p>\n<p style=\"text-align: right;\"><em>Angel Daniel S\u00e1nchez, junio de 2015<\/em><\/p>\n","protected":false},"excerpt":{"rendered":"<p>\u201cAlienaci\u00f3n\u201d de Julio Ram\u00f3n Ribeyro es un cuento que, en varios sentidos, refleja la realidad de nuestro Per\u00fa. Relata la historia de Roberto, un \u201czambo\u201d de barrio que sufrir\u00eda varios cambios. Su inter\u00e9s y admiraci\u00f3n por una chica de su &hellip; <a href=\"https:\/\/blogs.up.edu.pe\/nubes\/trabajos\/trabajos-finales-2015-otono\/la-alienacion-que-todos-tenemos-un-vistazo-dentro-de-julio-ramon-ribeyro-por-angel-daniel-sanchez\/\">Sigue leyendo <span class=\"meta-nav\">&rarr;<\/span><\/a><\/p>\n","protected":false},"author":3,"featured_media":0,"parent":1852,"menu_order":3,"comment_status":"closed","ping_status":"closed","template":"","meta":{"footnotes":""},"class_list":["post-1869","page","type-page","status-publish","hentry"],"_links":{"self":[{"href":"https:\/\/blogs.up.edu.pe\/nubes\/wp-json\/wp\/v2\/pages\/1869","targetHints":{"allow":["GET"]}}],"collection":[{"href":"https:\/\/blogs.up.edu.pe\/nubes\/wp-json\/wp\/v2\/pages"}],"about":[{"href":"https:\/\/blogs.up.edu.pe\/nubes\/wp-json\/wp\/v2\/types\/page"}],"author":[{"embeddable":true,"href":"https:\/\/blogs.up.edu.pe\/nubes\/wp-json\/wp\/v2\/users\/3"}],"replies":[{"embeddable":true,"href":"https:\/\/blogs.up.edu.pe\/nubes\/wp-json\/wp\/v2\/comments?post=1869"}],"version-history":[{"count":2,"href":"https:\/\/blogs.up.edu.pe\/nubes\/wp-json\/wp\/v2\/pages\/1869\/revisions"}],"predecessor-version":[{"id":1872,"href":"https:\/\/blogs.up.edu.pe\/nubes\/wp-json\/wp\/v2\/pages\/1869\/revisions\/1872"}],"up":[{"embeddable":true,"href":"https:\/\/blogs.up.edu.pe\/nubes\/wp-json\/wp\/v2\/pages\/1852"}],"wp:attachment":[{"href":"https:\/\/blogs.up.edu.pe\/nubes\/wp-json\/wp\/v2\/media?parent=1869"}],"curies":[{"name":"wp","href":"https:\/\/api.w.org\/{rel}","templated":true}]}}