{"id":1852,"date":"2015-08-04T17:07:48","date_gmt":"2015-08-04T22:07:48","guid":{"rendered":"https:\/\/blogs.up.edu.pe\/nubes\/\/?page_id=1852"},"modified":"2015-08-05T18:11:36","modified_gmt":"2015-08-05T23:11:36","slug":"trabajos-finales-2015-otono","status":"publish","type":"page","link":"https:\/\/blogs.up.edu.pe\/nubes\/trabajos\/trabajos-finales-2015-otono\/","title":{"rendered":"Trabajos finales 2015-oto\u00f1o"},"content":{"rendered":"<p>Lista de trabajos finales del periodo 2015 I (oto\u00f1o, enero-junio). Se publican en el orden en que fueron recibidos.<\/p>\n<ul>\n<li><a title=\"\u201cUna experiencia privada\u201d de Chimamanda Ngozi Adichie, por Erika Schabauer\" href=\"https:\/\/blogs.up.edu.pe\/nubes\/\/trabajos\/trabajos-finales-2015-otono\/una-experiencia-privada-de-chimamanda-ngozi-adichie-por-erika-schabauer\/\">\u201cUna experiencia privada\u201d de Chimamanda Ngozi Adichie, por Erika Schabauer<\/a><\/li>\n<li><a title=\"\u201cAlienaci\u00f3n\u201d de Julio Ram\u00f3n Ribeyro, por Mar\u00eda Alejandra Guti\u00e9rrez\" href=\"https:\/\/blogs.up.edu.pe\/nubes\/\/trabajos\/trabajos-finales-2015-otono\/alienacion-de-julio-ramon-ribeyro-por-maria-alejandra-gutierrez\/\">\u201cAlienaci\u00f3n\u201d de Julio Ram\u00f3n Ribeyro, por Mar\u00eda Alejandra Guti\u00e9rrez<\/a><\/li>\n<li><a title=\"La alienaci\u00f3n que todos tenemos. Un vistazo dentro de Julio Ram\u00f3n Ribeyro, por Angel Daniel S\u00e1nchez\" href=\"https:\/\/blogs.up.edu.pe\/nubes\/\/trabajos\/trabajos-finales-2015-otono\/la-alienacion-que-todos-tenemos-un-vistazo-dentro-de-julio-ramon-ribeyro-por-angel-daniel-sanchez\/\">La alienaci\u00f3n que todos tenemos. Un vistazo dentro de Julio Ram\u00f3n Ribeyro, por Angel Daniel S\u00e1nchez<\/a><\/li>\n<li><a title=\"\u201cAnorexia y tijerita\u201d de Alfredo Bryce Echenique, por Andrea Ostolaza\" href=\"https:\/\/blogs.up.edu.pe\/nubes\/\/trabajos\/trabajos-finales-2015-otono\/anorexia-y-tijerita-de-alfredo-bryce-echenique-por-andrea-ostolaza\/\">\u201cAnorexia y tijerita\u201d de Alfredo Bryce Echenique, por Andrea Ostolaza<\/a><\/li>\n<li><a title=\"El cuento m\u00e1s impactante: \u201cEl coraz\u00f3n delator\u201d de E. A. Poe, por Freddy Rojas\" href=\"https:\/\/blogs.up.edu.pe\/nubes\/\/trabajos\/trabajos-finales-2015-otono\/el-cuento-mas-impactante-el-corazon-delator-de-e-a-poe-por-freddy-rojas\/\">El cuento m\u00e1s impactante: \u201cEl coraz\u00f3n delator\u00bb de E. A. Poe, por Freddy Rojas<\/a><\/li>\n<li><a title=\"\u201cSue\u00f1os de robot\u201d de Isaac Asimov, por Aurore Chehere\" href=\"https:\/\/blogs.up.edu.pe\/nubes\/\/trabajos\/trabajos-finales-2015-otono\/suenos-de-robot-de-isaac-asimov-por-aurore-chehere\/\">\u201cSue\u00f1os de robot\u201d de Isaac Asimov, por Aurore Chehere<\/a><\/li>\n<li><a title=\"Una moral distorsionada: violencia para lograr justicia, por Angelo Andrade\" href=\"https:\/\/blogs.up.edu.pe\/nubes\/\/trabajos\/trabajos-finales-2015-otono\/una-moral-distorsionada-violencia-para-lograr-justicia-por-angelo-andrade\/\">Una moral distorsionada: violencia para lograr justicia, por Angelo Andrade<\/a><\/li>\n<li><a title=\"La fantas\u00eda y la ciencia ficci\u00f3n son el mismo g\u00e9nero. Las mitolog\u00edas subyacentes, por Daniel Defago\" href=\"https:\/\/blogs.up.edu.pe\/nubes\/\/trabajos\/trabajos-finales-2015-otono\/la-fantasia-y-la-ciencia-ficcion-son-el-mismo-genero-las-mitologias-subyacentes-por-daniel-defago\/\">La fantas\u00eda y la ciencia ficci\u00f3n son el mismo g\u00e9nero. Las mitolog\u00edas subyacentes, por Daniel Defago<\/a><\/li>\n<li><a title=\"\u201cEl cazador\u201d de Pilar Dughi, por Diego Andujar\" href=\"https:\/\/blogs.up.edu.pe\/nubes\/\/trabajos\/trabajos-finales-2015-otono\/el-cazador-de-pilar-dughi-por-diego-andujar\/\">\u201cEl cazador\u201d de Pilar Dughi, por Diego Andujar<\/a><\/li>\n<li><a title=\"El horror y el cuento \u201cLa declaraci\u00f3n de Randolph Carter\u201d de H. P. Lovecraft, por Mariana del Pozo\" href=\"https:\/\/blogs.up.edu.pe\/nubes\/\/trabajos\/trabajos-finales-2015-otono\/el-horror-y-el-cuento-la-declaracion-de-randolph-carter-de-h-p-lovecraft-por-mariana-del-pozo\/\">El horror y el cuento \u201cLa declaraci\u00f3n de Randolph Carter\u201d de H. P. Lovecraft, por Mariana del Pozo<\/a><\/li>\n<li><a title=\"\u201cUna experiencia privada\u201d de Chimamanda Ngozi Adichie, por Mar\u00eda Luc\u00eda Berrospi\" href=\"https:\/\/blogs.up.edu.pe\/nubes\/\/trabajos\/trabajos-finales-2015-otono\/una-experiencia-privada-de-chimamanda-ngozi-adichie-por-maria-lucia-berrospi\/\">\u201cUna experiencia privada\u201d de Chimamanda Ngozi Adichie, por Mar\u00eda Luc\u00eda Berrospi<\/a><\/li>\n<li><a title=\"\u201cUna apuesta\u201d de Ant\u00f3n Chejov, por Dana Walzer\" href=\"https:\/\/blogs.up.edu.pe\/nubes\/\/trabajos\/trabajos-finales-2015-otono\/una-apuesta-de-anton-chejov-por-dana-walzer\/\">\u201cUna apuesta\u201d de Ant\u00f3n Chejov, por Dana Walzer<\/a><\/li>\n<li><\/li>\n<\/ul>\n","protected":false},"excerpt":{"rendered":"<p>Lista de trabajos finales del periodo 2015 I (oto\u00f1o, enero-junio). Se publican en el orden en que fueron recibidos. \u201cUna experiencia privada\u201d de Chimamanda Ngozi Adichie, por Erika Schabauer \u201cAlienaci\u00f3n\u201d de Julio Ram\u00f3n Ribeyro, por Mar\u00eda Alejandra Guti\u00e9rrez La alienaci\u00f3n &hellip; <a href=\"https:\/\/blogs.up.edu.pe\/nubes\/trabajos\/trabajos-finales-2015-otono\/\">Sigue leyendo <span class=\"meta-nav\">&rarr;<\/span><\/a><\/p>\n","protected":false},"author":3,"featured_media":0,"parent":256,"menu_order":9,"comment_status":"closed","ping_status":"closed","template":"","meta":{"footnotes":""},"class_list":["post-1852","page","type-page","status-publish","hentry"],"_links":{"self":[{"href":"https:\/\/blogs.up.edu.pe\/nubes\/wp-json\/wp\/v2\/pages\/1852","targetHints":{"allow":["GET"]}}],"collection":[{"href":"https:\/\/blogs.up.edu.pe\/nubes\/wp-json\/wp\/v2\/pages"}],"about":[{"href":"https:\/\/blogs.up.edu.pe\/nubes\/wp-json\/wp\/v2\/types\/page"}],"author":[{"embeddable":true,"href":"https:\/\/blogs.up.edu.pe\/nubes\/wp-json\/wp\/v2\/users\/3"}],"replies":[{"embeddable":true,"href":"https:\/\/blogs.up.edu.pe\/nubes\/wp-json\/wp\/v2\/comments?post=1852"}],"version-history":[{"count":18,"href":"https:\/\/blogs.up.edu.pe\/nubes\/wp-json\/wp\/v2\/pages\/1852\/revisions"}],"predecessor-version":[{"id":1857,"href":"https:\/\/blogs.up.edu.pe\/nubes\/wp-json\/wp\/v2\/pages\/1852\/revisions\/1857"}],"up":[{"embeddable":true,"href":"https:\/\/blogs.up.edu.pe\/nubes\/wp-json\/wp\/v2\/pages\/256"}],"wp:attachment":[{"href":"https:\/\/blogs.up.edu.pe\/nubes\/wp-json\/wp\/v2\/media?parent=1852"}],"curies":[{"name":"wp","href":"https:\/\/api.w.org\/{rel}","templated":true}]}}