{"id":1791,"date":"2015-05-07T22:27:29","date_gmt":"2015-05-08T03:27:29","guid":{"rendered":"https:\/\/blogs.up.edu.pe\/nubes\/\/?page_id=1791"},"modified":"2015-05-07T22:29:48","modified_gmt":"2015-05-08T03:29:48","slug":"horacio-quiroga-a-la-deriva","status":"publish","type":"page","link":"https:\/\/blogs.up.edu.pe\/nubes\/textos-de-discusion\/horacio-quiroga-a-la-deriva\/","title":{"rendered":"Horacio Quiroga, \u201cA la deriva\u201d"},"content":{"rendered":"<style type=\"text\/css\"><!--\np { margin-bottom: 0.25cm; line-height: 120%; }\n--><\/style>\n<h4 align=\"center\"><span style=\"font-family: Bitstream Charter,serif;\"><span style=\"font-size: large;\">Horacio Quiroga (1878-1937)<\/span><\/span><\/h4>\n<h1 align=\"center\"><span style=\"font-family: Bitstream Charter,serif;\"><span style=\"font-size: large;\">A la deriva<\/span><\/span><\/h1>\n<h5 align=\"right\"><span style=\"font-family: Bitstream Charter,serif;\"><span style=\"font-size: small;\">Edici\u00f3n para el club virtual de lectura <i>En las nubes de la ficci\u00f3n.<br \/>\n<\/i>Universidad del Pac\u00edfico, mayo de 2015<\/span><\/span><\/h5>\n<p>&nbsp;<\/p>\n<p align=\"justify\"><span style=\"font-family: Bitstream Charter,serif;\">El hombre pis\u00f3 algo blancuzco y en seguida sinti\u00f3 la mordedura en el pie. Salt\u00f3 adelante, y al volverse con un juramento vio una yaracacus\u00fa que, arrollada sobre s\u00ed misma, esperaba otro ataque.<\/span><\/p>\n<p align=\"justify\"><span style=\"font-family: Bitstream Charter,serif;\">El hombre ech\u00f3 una veloz ojeada a su pie, donde dos gotitas de sangre engrosaban dificultosamente, y sac\u00f3 el machete de la cintura. La v\u00edbora vio la amenaza, y hundi\u00f3 m\u00e1s la cabeza en el centro mismo de su espiral, pero el machete cay\u00f3 de lomo disloc\u00e1ndole las v\u00e9rtebras.<\/span><\/p>\n<p align=\"justify\"><span style=\"font-family: Bitstream Charter,serif;\">El hombre se baj\u00f3 hasta la mordedura, quit\u00f3 las gotitas de sangre y durante un instante contempl\u00f3. Un dolor agudo nac\u00eda de los dos puntitos violetas y comenzaba a invadir todo el pie. Apresuradamente se lig\u00f3 el tobillo con su pa\u00f1uelo y sigui\u00f3 por la picada hacia su rancho.<\/span><\/p>\n<p align=\"justify\"><span style=\"font-family: Bitstream Charter,serif;\">El dolor en el pie aumentaba, con sensaci\u00f3n de tirante abultamiento, y de pronto el hombre sinti\u00f3 dos o tres fulgurantes puntadas que, como rel\u00e1mpagos, hab\u00edan irradiado desde la herida hasta la mitad de la pantorrilla. Mov\u00eda la pierna con dificultad; una met\u00e1lica sequedad de garganta, seguida de sed quemante, le arranc\u00f3 un nuevo juramento.<\/span><\/p>\n<p align=\"justify\"><span style=\"font-family: Bitstream Charter,serif;\">Lleg\u00f3 por fin al rancho y se ech\u00f3 de brazos sobre la rueda de un trapiche. Los dos puntitos violeta desaparec\u00edan ahora en la monstruosa hinchaz\u00f3n del pie entero. La piel parec\u00eda adelgazada y a punto de ceder, de tensa. Quiso llamar a su mujer, y la voz se quebr\u00f3 en un ronco arrastre de garganta reseca. La sed lo devoraba.<\/span><\/p>\n<p align=\"justify\">\u2014<span style=\"font-family: Bitstream Charter,serif;\">\u00a1Dorotea! \u2014alcanz\u00f3 a lanzar en un estertor\u2014. \u00a1Dame ca\u00f1a!<\/span><\/p>\n<p align=\"justify\"><span style=\"font-family: Bitstream Charter,serif;\">Su mujer corri\u00f3 con un vaso lleno, que el hombre sorbi\u00f3 en tres tragos. Pero no hab\u00eda sentido gusto alguno.<\/span><\/p>\n<p align=\"justify\">\u2014<span style=\"font-family: Bitstream Charter,serif;\">\u00a1Te ped\u00ed ca\u00f1a, no agua! \u2014rugi\u00f3 de nuevo\u2014. \u00a1Dame ca\u00f1a!<\/span><\/p>\n<p align=\"justify\">\u2014<span style=\"font-family: Bitstream Charter,serif;\">\u00a1Pero es ca\u00f1a, Paulino! \u2014protest\u00f3 la mujer, espantada.<\/span><\/p>\n<p align=\"justify\">\u2014<span style=\"font-family: Bitstream Charter,serif;\">\u00a1No, me diste agua! \u00a1Quiero ca\u00f1a, te digo!<\/span><\/p>\n<p align=\"justify\"><span style=\"font-family: Bitstream Charter,serif;\">La mujer corri\u00f3 otra vez, volviendo con la damajuana. El hombre trag\u00f3 uno tras otro dos vasos, pero no sinti\u00f3 nada en la garganta.<\/span><\/p>\n<p align=\"justify\">\u2014<span style=\"font-family: Bitstream Charter,serif;\">Bueno, esto se pone feo \u2014murmur\u00f3 entonces, mirando su pie l\u00edvido y ya con lustre gangrenoso. Sobre la honda ligadura del pa\u00f1uelo, la carne desbordaba como una monstruosa morcilla.<\/span><\/p>\n<p align=\"justify\"><span style=\"font-family: Bitstream Charter,serif;\">Los dolores fulgurantes se suced\u00edan en continuos relampagueos y llegaban ahora a la ingle. La atroz sequedad de garganta que el aliento parec\u00eda caldear m\u00e1s, aumentaba a la par. Cuando pretendi\u00f3 incorporarse, un fulminante v\u00f3mito lo mantuvo medio minuto con la frente apoyada en la rueda de palo.<\/span><\/p>\n<p align=\"justify\"><span style=\"font-family: Bitstream Charter,serif;\">Pero el hombre no quer\u00eda morir, y descendiendo hasta la costa subi\u00f3 a su canoa. Sentose en la popa y comenz\u00f3 a palear hasta el centro del Paran\u00e1. All\u00ed la corriente del r\u00edo, que en las inmediaciones del Iguaz\u00fa corre seis millas, lo llevar\u00eda antes de cinco horas a Tacur\u00fa-Puc\u00fa.<\/span><\/p>\n<p align=\"justify\"><span style=\"font-family: Bitstream Charter,serif;\">El hombre, con sombr\u00eda energ\u00eda, pudo efectivamente llegar hasta el medio del r\u00edo, pero all\u00ed sus manos dormidas dejaron caer la pala en la canoa, y tras un nuevo v\u00f3mito \u2014de sangre esta vez\u2014 dirigi\u00f3 una mirada al sol que ya traspon\u00eda el monte.<\/span><\/p>\n<p align=\"justify\"><span style=\"font-family: Bitstream Charter,serif;\">La pierna entera, hasta medio muslo, era ya un bloque deforme y dur\u00edsimo que reventaba la ropa. El hombre cort\u00f3 la ligadura y abri\u00f3 el pantal\u00f3n con su cuchillo: el bajo vientre desbord\u00f3 hinchado, con grandes manchas l\u00edvidas y terriblemente doloroso. El hombre pens\u00f3 que no podr\u00eda jam\u00e1s llegar \u00e9l solo a Tacur\u00fa-Puc\u00fa, y se decidi\u00f3 a pedir ayuda a su compadre Alves, aunque hac\u00eda mucho tiempo que estaban disgustados.<\/span><\/p>\n<p align=\"justify\"><span style=\"font-family: Bitstream Charter,serif;\">La corriente del r\u00edo se precipitaba ahora hacia la costa brasile\u00f1a, y el hombre pudo f\u00e1cilmente atracar. Se arrastr\u00f3 por la picada en cuesta arriba, pero a los veinte metros, exhausto, qued\u00f3 tendido de pecho.<\/span><\/p>\n<p align=\"justify\">\u2014<span style=\"font-family: Bitstream Charter,serif;\">\u00a1Alves! \u2014grit\u00f3 con cuanta fuerza pudo, y prest\u00f3 o\u00eddo en vano.<\/span><\/p>\n<p align=\"justify\">\u2014<span style=\"font-family: Bitstream Charter,serif;\">\u00a1Compadre Alves! \u00a1No me niegue este favor! \u2014clam\u00f3 de nuevo, alzando la cabeza del suelo. En el silencio de la selva no se oy\u00f3 un solo rumor. El hombre tuvo a\u00fan valor para llegar hasta su canoa, y la corriente, cogi\u00e9ndola de nuevo, la llev\u00f3 velozmente a la deriva.<\/span><\/p>\n<p align=\"justify\"><span style=\"font-family: Bitstream Charter,serif;\">El Paran\u00e1 corre all\u00ed en el fondo de una inmensa hoya, cuyas paredes, altas de cien metros, encajonan f\u00fanebremente el r\u00edo. Desde las orillas bordeadas de negros bloques de basalto, asciende el bosque, negro tambi\u00e9n. Adelante, a los costados, detr\u00e1s, la eterna muralla l\u00fagubre, en cuyo fondo el r\u00edo arremolinado se precipita en incesantes borbollones de agua fangosa. El paisaje es agresivo, y reina en \u00e9l un silencio de muerte. Al atardecer, sin embargo, su belleza sombr\u00eda y calma cobra una majestad \u00fanica.<\/span><\/p>\n<p align=\"justify\"><span style=\"font-family: Bitstream Charter,serif;\">El sol hab\u00eda ca\u00eddo ya cuando el hombre, semitendido en el fondo de la canoa, tuvo un violento escalofr\u00edo. Y de pronto, con asombro, enderez\u00f3 pesadamente la cabeza: se sent\u00eda mejor. La pierna le dol\u00eda apenas, la sed disminu\u00eda, y su pecho, libre ya, se abr\u00eda en lenta inspiraci\u00f3n.<\/span><\/p>\n<p align=\"justify\"><span style=\"font-family: Bitstream Charter,serif;\">El veneno comenzaba a irse, no hab\u00eda duda. Se hallaba casi bien, y aunque no ten\u00eda fuerzas para mover la mano, contaba con la ca\u00edda del roc\u00edo para reponerse del todo. Calcul\u00f3 que antes de tres horas estar\u00eda en Tacur\u00fa-Puc\u00fa.<\/span><\/p>\n<p align=\"justify\"><span style=\"font-family: Bitstream Charter,serif;\">El bienestar avanzaba, y con \u00e9l una somnolencia llena de recuerdos. No sent\u00eda ya nada ni en la pierna ni en el vientre. \u00bfVivir\u00eda a\u00fan su compadre Gaona en Tacur\u00fa-Puc\u00fa? Acaso viera tambi\u00e9n a su ex patr\u00f3n mister Dougald, y al recibidor del obraje.<\/span><\/p>\n<p align=\"justify\"><span style=\"font-family: Bitstream Charter,serif;\">\u00bfLlegar\u00eda pronto? El cielo, al poniente, se abr\u00eda ahora en pantalla de oro, y el r\u00edo se hab\u00eda coloreado tambi\u00e9n. Desde la costa paraguaya, ya entenebrecida, el monte dejaba caer sobre el r\u00edo su frescura crepuscular, en penetrantes efluvios de azahar y miel silvestre. Una pareja de guacamayos cruz\u00f3 muy alto y en silencio hacia el Paraguay.<\/span><\/p>\n<p align=\"justify\"><span style=\"font-family: Bitstream Charter,serif;\">All\u00e1 abajo, sobre el r\u00edo de oro, la canoa derivaba velozmente, girando a ratos sobre s\u00ed misma ante el borboll\u00f3n de un remolino. El hombre que iba en ella se sent\u00eda cada vez mejor, y pensaba entretanto en el tiempo justo que hab\u00eda pasado sin ver a su ex patr\u00f3n Dougald. \u00bfTres a\u00f1os? Tal vez no, no tanto. \u00bfDos a\u00f1os y nueve meses? Acaso. \u00bfOcho meses y medio? Eso s\u00ed, seguramente.<\/span><\/p>\n<p align=\"justify\"><span style=\"font-family: Bitstream Charter,serif;\">De pronto sinti\u00f3 que estaba helado hasta el pecho.<\/span><\/p>\n<p align=\"justify\"><span style=\"font-family: Bitstream Charter,serif;\">\u00bfQu\u00e9 ser\u00eda? Y la respiraci\u00f3n&#8230;<\/span><\/p>\n<p align=\"justify\"><span style=\"font-family: Bitstream Charter,serif;\">Al recibidor de maderas de mister Dougald, Lorenzo Cubilla, lo hab\u00eda conocido en Puerto Esperanza un viernes santo&#8230; \u00bfViernes? S\u00ed, o jueves&#8230;<\/span><\/p>\n<p align=\"justify\"><span style=\"font-family: Bitstream Charter,serif;\">El hombre estir\u00f3 lentamente los dedos de la mano.<\/span><\/p>\n<p align=\"justify\">\u2014<span style=\"font-family: Bitstream Charter,serif;\">Un jueves&#8230;<\/span><\/p>\n<p align=\"justify\"><span style=\"font-family: Bitstream Charter,serif;\">Y ces\u00f3 de respirar.<\/span><\/p>\n<p align=\"center\"><span style=\"font-family: Bitstream Charter,serif;\">* * *<\/span><\/p>\n<p align=\"right\"><span style=\"font-family: Bitstream Charter,serif;\"><span style=\"font-size: small;\"><i>Cuentos de amor de locura y de muerte<\/i>, 1917<\/span><\/span><\/p>\n<p>&nbsp;<\/p>\n<p align=\"right\">PDF<\/p>\n","protected":false},"excerpt":{"rendered":"<p>Horacio Quiroga (1878-1937) A la deriva Edici\u00f3n para el club virtual de lectura En las nubes de la ficci\u00f3n. Universidad del Pac\u00edfico, mayo de 2015 &nbsp; El hombre pis\u00f3 algo blancuzco y en seguida sinti\u00f3 la mordedura en el pie. &hellip; <a href=\"https:\/\/blogs.up.edu.pe\/nubes\/textos-de-discusion\/horacio-quiroga-a-la-deriva\/\">Sigue leyendo <span class=\"meta-nav\">&rarr;<\/span><\/a><\/p>\n","protected":false},"author":3,"featured_media":0,"parent":9,"menu_order":27,"comment_status":"closed","ping_status":"closed","template":"","meta":{"footnotes":""},"class_list":["post-1791","page","type-page","status-publish","hentry"],"_links":{"self":[{"href":"https:\/\/blogs.up.edu.pe\/nubes\/wp-json\/wp\/v2\/pages\/1791","targetHints":{"allow":["GET"]}}],"collection":[{"href":"https:\/\/blogs.up.edu.pe\/nubes\/wp-json\/wp\/v2\/pages"}],"about":[{"href":"https:\/\/blogs.up.edu.pe\/nubes\/wp-json\/wp\/v2\/types\/page"}],"author":[{"embeddable":true,"href":"https:\/\/blogs.up.edu.pe\/nubes\/wp-json\/wp\/v2\/users\/3"}],"replies":[{"embeddable":true,"href":"https:\/\/blogs.up.edu.pe\/nubes\/wp-json\/wp\/v2\/comments?post=1791"}],"version-history":[{"count":3,"href":"https:\/\/blogs.up.edu.pe\/nubes\/wp-json\/wp\/v2\/pages\/1791\/revisions"}],"predecessor-version":[{"id":1793,"href":"https:\/\/blogs.up.edu.pe\/nubes\/wp-json\/wp\/v2\/pages\/1791\/revisions\/1793"}],"up":[{"embeddable":true,"href":"https:\/\/blogs.up.edu.pe\/nubes\/wp-json\/wp\/v2\/pages\/9"}],"wp:attachment":[{"href":"https:\/\/blogs.up.edu.pe\/nubes\/wp-json\/wp\/v2\/media?parent=1791"}],"curies":[{"name":"wp","href":"https:\/\/api.w.org\/{rel}","templated":true}]}}