{"id":1774,"date":"2015-04-23T19:33:21","date_gmt":"2015-04-24T00:33:21","guid":{"rendered":"https:\/\/blogs.up.edu.pe\/nubes\/\/?page_id=1774"},"modified":"2015-04-23T19:33:21","modified_gmt":"2015-04-24T00:33:21","slug":"heinrich-boll-no-vayas-tanto-a-heidelberg","status":"publish","type":"page","link":"https:\/\/blogs.up.edu.pe\/nubes\/textos-de-discusion\/heinrich-boll-no-vayas-tanto-a-heidelberg\/","title":{"rendered":"Heinrich B\u00f6ll, \u201cNo vayas tanto a Heidelberg\u201d"},"content":{"rendered":"<p align=\"center\"><span style=\"font-family: 'Bitstream Charter', serif;\">Heinrich B\u00f6ll (1917-1985)<\/span><\/p>\n<h2 align=\"center\"><span style=\"font-family: 'Bitstream Charter', serif;\"><span>No vayas tanto a Heidelberg<\/span><\/span><\/h2>\n<p align=\"center\">\n<h5 style=\"padding-left: 180px;\" align=\"right\"><span style=\"font-family: 'Bitstream Charter', serif;\"><span style=\"font-family: 'Bitstream Charter', serif;\">Edici\u00f3n para el club de lectura virtual\u00a0<\/span><\/span><i style=\"color: inherit;\">En las nubes de la ficci\u00f3n<\/i>. Universidad del Pac\u00edfico, abril de 2015<\/h5>\n<p align=\"right\">\n<p style=\"padding-left: 240px; text-align: justify;\" align=\"right\"><span style=\"font-family: 'Bitstream Charter', serif;\"><i>Para Klaus Staeck, quien sabe que este cuento\u00a0<\/i><\/span><i style=\"color: inherit;\">es ficticio de principio a fin, pero al mismo\u00a0<\/i><i style=\"color: inherit;\">tiempo completamente real.<\/i><\/p>\n<p align=\"justify\">\u00a0<span style=\"font-family: 'Bitstream Charter', serif;\">Por la noche, ya en piyama, se sent\u00f3 a la orilla de la cama en espera del noticiero de las doce, fum\u00f3 un \u00faltimo cigarro y trat\u00f3 de reconstruir el momento en que ese hermoso domingo se hab\u00eda echado a perder. La ma\u00f1ana hab\u00eda sido soleada y fresca, con el temple de mayo, aunque ya era junio y se palpaba el calor que har\u00eda m\u00e1s tarde; la luz y la temperatura lo hicieron recordar sus entrenamientos de anta\u00f1o, entre las seis y las ocho antes de ir a trabajar.<\/span><\/p>\n<p align=\"justify\"><span style=\"font-family: 'Bitstream Charter', serif;\">Esa ma\u00f1ana dedic\u00f3 una hora y media a la bicicleta. Recorri\u00f3 caminos laterales entre las zonas residenciales, los peque\u00f1os jardines y los parques industriales; pas\u00f3 entre campos, cenadores, huertos verdes y el gran pante\u00f3n hasta llegar al lindero del bosque, ya muy lejos de los l\u00edmites de la ciudad. En los tramos asfaltados aceler\u00f3 para poner a prueba su arranque y velocidad, intercal\u00f3 carreras cortas y descubri\u00f3 que su condici\u00f3n f\u00edsica a\u00fan era buena y que tal vez podr\u00eda arriesgarse nuevamente como amateur; sus piernas participaron de la alegr\u00eda por el examen aprobado y el prop\u00f3sito de entrenar otra vez con regularidad. Con el trabajo, la escuela nocturna, la necesidad de ganar dinero y los estudios no hab\u00eda tenido mucha oportunidad para hacer deporte en los \u00faltimos tres a\u00f1os. S\u00f3lo le hac\u00eda falta una nueva bicicleta, pero no habr\u00eda problema si ma\u00f1ana llegaba a alg\u00fan acuerdo con Kronsorgeler, y de eso no dudaba.<\/span><\/p>\n<p align=\"justify\"><span style=\"font-family: 'Bitstream Charter', serif;\">Despu\u00e9s del entrenamiento hizo ejercicios sobre la alfombra del departamento, tom\u00f3 un ba\u00f1o, visti\u00f3 ropa limpia y se fue en el coche a desayunar con sus padres: caf\u00e9 y pan tostado, mantequilla, huevos frescos y miel sobre la terraza que su padre hab\u00eda agregado a la casita, protegida por su bonita persiana regalo de Karl; mientras avanzaba la ma\u00f1ana cada vez m\u00e1s calurosa, las manifestaciones tranquilizadoras y estereotipadas de sus padres: \u201cYa casi terminas; ya pronto terminas\u201d. Mam\u00e1 dec\u00eda \u201cpronto\u201d, pap\u00e1 \u201ccasi\u201d, y una y otra vez evocaron gozosos la aprensi\u00f3n de los \u00faltimos a\u00f1os, que no le hab\u00edan reprochado sino vivido con \u00e9l: el paso de campe\u00f3n amateur del distrito y electricista hasta el examen aprobado de ayer. Era una aprensi\u00f3n ya superada que empezaba a convertirse en el orgullo de la experiencia ganada, y una y otra vez le preguntaron c\u00f3mo se dec\u00eda esto o aquello en espa\u00f1ol: zanahoria y coche, Reina de los Cielos, abeja y diligencia, desayuno, cena y arrebol vespertino. Cu\u00e1nto se alegraron cuando se qued\u00f3 a comer y luego los invit\u00f3 a una fiesta de celebraci\u00f3n el martes en su departamento. Su padre sali\u00f3 a comprar helado para el postre, y \u00e9l acept\u00f3 el caf\u00e9 a pesar de que a la hora tendr\u00eda que tomar m\u00e1s con los padres de Carola. Todav\u00eda acept\u00f3 el kirsch y platic\u00f3 acerca de su hermano Karl, la cu\u00f1ada Hilde, los ni\u00f1os Elke y Klaus; estuvo de acuerdo en que estaban muy consentidos con todas esas garras de pantalones y flecos y grabadoras; y una y otra vez los complacidos suspiros: \u201cYa casi terminas, ya pronto terminas\u201d. Esos \u201ccasi\u201d y \u201cpronto\u201d lo inquietaban. \u00a1Hab\u00eda terminado! S\u00f3lo faltaba la entrevista con Kronsorgeler, con el que congeni\u00f3 desde el principio. Hab\u00eda salido bien parado de sus cursos de espa\u00f1ol en la universidad popular, y de los de alem\u00e1n en la preparatoria para adultos.<\/span><\/p>\n<p align=\"justify\"><span style=\"font-family: 'Bitstream Charter', serif;\">M\u00e1s tarde ayud\u00f3 a su padre a lavar el carro y a su madre a desyerbar, y cuando se despidi\u00f3 \u00e9sta todav\u00eda sac\u00f3 del congelador zanahorias, espinacas y una bolsa de cerezas en conserva; los guard\u00f3 en una peque\u00f1a hielera y lo oblig\u00f3 a esperar mientras cortaba tulipanes para la madre de Carola; entretanto, su padre le revis\u00f3 las llantas, hizo que encendiera el motor, lo escuch\u00f3 desconfiado, se acerc\u00f3 a la ventanilla abierta y pregunt\u00f3: \u201c\u00bfTodav\u00eda vas tan seguido a Heidelberg, y por la autopista?\u201d Trat\u00f3 de dar a entender que la pregunta se deb\u00eda a las condiciones en que se encontraba; el coche, viejo y bastante estropeado, que dos o tres veces a la semana ten\u00eda que recorrer esos ochenta kil\u00f3metros de ida y vuelta.<\/span><\/p>\n<p align=\"justify\">\u2014<span style=\"font-family: 'Bitstream Charter', serif;\">\u00bfA Heidelberg? S\u00ed, todav\u00eda voy dos o tres veces a la semana. Supongo que pasar\u00e1 mucho tiempo antes de que pueda comprarme un Mercedes.<\/span><\/p>\n<p align=\"justify\">\u2014<span style=\"font-family: 'Bitstream Charter', serif;\">Ah, s\u00ed, un Mercedes \u2014contest\u00f3 su padre\u2014. Ayer ese funcionario del gobierno, de Cultura, creo, me llev\u00f3 su Mercedes para que lo revisara otra vez. Insiste en que yo lo atienda. \u00bfC\u00f3mo se llama?<\/span><\/p>\n<p align=\"justify\">\u2014<span style=\"font-family: 'Bitstream Charter', serif;\">\u00bfKronsorgeler?<\/span><\/p>\n<p align=\"justify\">\u2014<span style=\"font-family: 'Bitstream Charter', serif;\">S\u00ed, \u00e9se. Es un hombre muy agradable. Sin tratar de ser ir\u00f3nico hasta lo llamar\u00eda elegante.<\/span><\/p>\n<p align=\"justify\"><span style=\"font-family: 'Bitstream Charter', serif;\">Entonces su madre lleg\u00f3 con el ramo y dijo: \u201csaluda a Carola de nuestra parte, y a sus padres, por supuesto. Nos vemos el martes\u201d. Poco antes de que arrancara, su padre se le acerc\u00f3 otra vez: \u201cNo vayas tanto a Heidelberg&#8230; \u00a1en esta carcacha!\u201d<\/span><\/p>\n<p align=\"justify\">\n<p align=\"center\"><span style=\"font-family: 'Bitstream Charter', serif;\">* * *<\/span><\/p>\n<p align=\"justify\">\n<p align=\"justify\"><span style=\"font-family: 'Bitstream Charter', serif;\">Carola no estaba cuando lleg\u00f3 a la casa de los Schulte-Bebrung. Hab\u00eda telefoneado para avisar que todav\u00eda no terminaba los informes, pero que se apurar\u00eda; que no la esperaran con el caf\u00e9.<\/span><\/p>\n<p align=\"justify\"><span style=\"font-family: 'Bitstream Charter', serif;\">La terraza era m\u00e1s grande; la persiana, aunque deste\u00f1ida, m\u00e1s lujosa; y el conjunto luc\u00eda m\u00e1s elegante. Incluso la decrepitud apenas perceptible de los muebles de jard\u00edn y la hierba que se asomaba por las juntas entre las losas rojas ten\u00edan algo que lo irritaba, tanto como a veces lo hac\u00eda la palabrer\u00eda de las manifestaciones estudiantiles; esas cosas y las cuestiones sobre ropa eran motivo de disgustos para Carola y \u00e9l, pues ella siempre le reprochaba que fuera tan formal y burgu\u00e9s en su modo de vestir. Con la madre de Carola habl\u00f3 sobre jardiner\u00eda y sobre ciclismo con su padre; el caf\u00e9 se le hizo peor que en su casa y trat\u00f3 de dominar su nerviosismo para que no se convirtiera en irritaci\u00f3n. Eran personas realmente simp\u00e1ticas y progresistas que lo hab\u00edan aceptado sin prejuicio alguno, incluso de manera oficial tras el anuncio de esponsales. Es m\u00e1s, hab\u00eda llegado a cobrarles cierto afecto, incluso a la madre de Carola, cuyas continuas exclamaciones de \u201c\u00a1qu\u00e9 lindo!\u201d lo molestaron al principio.<\/span><\/p>\n<p align=\"justify\"><span style=\"font-family: 'Bitstream Charter', serif;\">Finalmente el doctor Schulte-Bebrung \u2014al parecer un poco apenado\u2014 lo invit\u00f3 a pasar al garage para ense\u00f1arle su nueva bicicleta, con la que acostumbraba \u201cdar unas vueltas\u201d por el parque y el pante\u00f3n viejo en las ma\u00f1anas. Era un modelo de lujo, la elogi\u00f3 entusiasmado y sin envidia. Dio una vuelta al jard\u00edn para probarla, explic\u00f3 el funcionamiento de los m\u00fasculos de las piernas a Schulte-Bebrung (\u00a1se acordaba de los calambres que siempre hab\u00edan sufrido los ancianos del club!) y cuando ya se hab\u00eda bajado y apoyado la bicicleta en la pared del garage, Schulte-Bebrung pregunt\u00f3: \u201c\u00bfCu\u00e1nto crees que tardar\u00eda en ir de aqu\u00ed a Heidelberg, digamos, con esta bicicleta \u2018de lujo\u2019, como t\u00fa la llamas?\u201d Parec\u00eda un comentario casual e inofensivo, sobre todo cuando Schulte-Bebrung continu\u00f3: \u201cYo fui a la universidad en Heidelberg; en aquellos tiempos tambi\u00e9n andaba en bicicleta, y \u2014con mis fuerzas juveniles\u2014 tardaba dos horas y media en llegar aqu\u00ed\u201d. Sonri\u00f3, realmente sin segundas intenciones, habl\u00f3 de sem\u00e1foros, de embotellamientos, del tr\u00e1nsito automovil\u00edstico que anta\u00f1o no era tan denso. Con el coche tardaba treinta y cinco minutos en llegar a la oficina, ya hab\u00eda hecho la prueba, y con la bicicleta s\u00f3lo treinta. \u201c\u00bfY cu\u00e1nto haces a Heidelberg en coche?\u201d \u201cMedia hora\u201d.<\/span><\/p>\n<p align=\"justify\"><span style=\"font-family: 'Bitstream Charter', serif;\">El hecho de que preguntara sobre el carro empa\u00f1\u00f3 un poco el car\u00e1cter casual de la referencia a Heidelberg, pero en ese momento lleg\u00f3 Carola \u2014simp\u00e1tica y bonita como siempre, un poco despeinada\u2014: de verdad se notaba exhausta. En la noche, sentado al borde de la cama con un segundo cigarro sin prender, en la mano, no pudo contestarse si el propio nerviosismo, convertido ya en irritaci\u00f3n, se lo hab\u00eda comunicado a ella, o si ella, nerviosa, e irritada, se lo pas\u00f3 a \u00e9l. Por supuesto lo hab\u00eda saludado con un beso, pero a susurros le comunic\u00f3 que no lo acompa\u00f1ar\u00eda a su departamento despu\u00e9s; hablaron sobre Kronsorgeler, que lo elogiaba mucho; sobre trabajos de planta y los l\u00edmites del distrito, sobre el ciclismo, el tenis, el espa\u00f1ol, y si habr\u00eda sacado un diez o s\u00f3lo un nueve. Ella hab\u00eda conseguido apenas un ocho. Cuando lo invitaron a cenar puso como pretexto que estaba cansado y todav\u00eda ten\u00eda que trabajar; a nadie se le ocurri\u00f3 insistir. Ya se sent\u00eda el fresco sobre la terraza y ayud\u00f3 a meter las sillas y los trastes. Carola lo acompa\u00f1\u00f3 al coche, lo bes\u00f3 con sorprendente vehemencia, lo abraz\u00f3, apoy\u00f3 la cabeza en \u00e9l y dijo: \u201cSabes que te quiero much\u00edsimo y que pienso que eres un tipo estupendo, pero tienes un peque\u00f1o defecto: vas demasiado a Heidelberg\u201d.<\/span><\/p>\n<p align=\"justify\"><span style=\"font-family: 'Bitstream Charter', serif;\">Dicho eso corri\u00f3 hacia la casa, agit\u00f3 la mano en se\u00f1al de despedida, sonri\u00f3 y le lanz\u00f3 besos. Al alejarse vio por el espejo retrovisor que segu\u00eda moviendo fuertemente el brazo.<\/span><\/p>\n<p align=\"justify\"><span style=\"font-family: 'Bitstream Charter', serif;\">No pod\u00edan ser celos. Ella sab\u00eda que visitaba a Diego y Teresa para ayudarles a traducir sus solicitudes y llenar formas y cuestionarios; que redactaba y pasaba en limpio peticiones dirigidas a la polic\u00eda encargada de los asuntos de extranjeros, al departamento de ayuda social, al sindicato, la universidad, la bolsa de trabajo; que se encargaba de las inscripciones de la escuela y el jard\u00edn de ni\u00f1os, de becas, ayuda financiera, ropa, servicios m\u00e9dicos. Ella conoc\u00eda sus actividades en Heidelberg; en varias ocasiones lo hab\u00eda acompa\u00f1ado y escrito sol\u00edcitamente a m\u00e1quina, mostrando un asombroso dominio del lenguaje burocr\u00e1tico; es m\u00e1s, hab\u00eda llevado a Teresa al cine y a tomar caf\u00e9 e incluso consigui\u00f3 que su padre hiciera una donaci\u00f3n al fondo chileno.<\/span><\/p>\n<p align=\"justify\"><span style=\"font-family: 'Bitstream Charter', serif;\">En lugar de ir a su departamento se dirigi\u00f3 a Heidelberg, pero no estaban Diego ni Teresa, tampoco Raoul, un amigo de Diego. De regreso se ator\u00f3 en un embotellamiento, poco antes de las nueve pas\u00f3 a ver a su hermano Karl, que le sac\u00f3 una cerveza del refrigerador mientras Hilde preparaba unos huevos estrellados, y juntos vieron un reportaje sobre la Tour de Suisse, en la que Eddy Merckx no estaba haciendo un buen papel. Al despedirse Hilde le entreg\u00f3 una bolsa de papel llena de ropa infantil para \u201cese simp\u00e1tico flaco chileno y su mujer\u201d.<\/span><\/p>\n<p align=\"justify\"><span style=\"font-family: 'Bitstream Charter', serif;\">Por fin empez\u00f3 el noticiero, pero s\u00f3lo le prest\u00f3 atenci\u00f3n a medias. Pens\u00f3 en las zanahorias, las espinacas y las cerezas que todav\u00eda ten\u00eda que guardar en el congelador. Finalmente decidi\u00f3 encender el segundo cigarro. En alg\u00fan lugar \u2014\u00bfIrlanda?\u2014 hab\u00edan tenido elecciones; en otro, un alud de tierra; alguien \u2014\u00bfrealmente ser\u00eda el presidente?\u2014 se hab\u00eda pronunciado a favor del uso de las corbatas; alguien hab\u00eda desmentido algo; las cotizaciones de la bolsa estaban subiendo; todav\u00eda no se hallaba rastro alguno de Idi Amin.<\/span><\/p>\n<p align=\"justify\"><span style=\"font-family: 'Bitstream Charter', serif;\">No termin\u00f3 de fumar ese segundo cigarro y lo apag\u00f3 en un vaso medio vac\u00edo de yoghurt. Estaba realmente cansado y se durmi\u00f3 pronto, aunque la palabra \u201cHeidelberg\u201d sigui\u00f3 d\u00e1ndole vueltas en la cabeza.<\/span><\/p>\n<p align=\"justify\">\n<p align=\"center\"><span style=\"font-family: 'Bitstream Charter', serif;\">* * *<\/span><\/p>\n<p align=\"justify\">\n<p align=\"justify\"><span style=\"font-family: 'Bitstream Charter', serif;\">Su desayuno fue frugal, s\u00f3lo pan y leche; recogi\u00f3 todo y se ba\u00f1\u00f3 y visti\u00f3 con esmero. Al anudar la corbata record\u00f3 al presidente, \u00bfo hab\u00eda sido el canciller? Quince minutos antes de la cita ya estaba sentado sobre la banca fuera de la antesala del despacho de Kronsorgeler. Junto a \u00e9l esperaba un gordo vestido a la moda, pero descuidadamente, al que hab\u00eda visto en los cursos de pedagog\u00eda; no sab\u00eda c\u00f3mo se llamaba. El gordo le dijo al o\u00eddo: \u201cSoy comunista, \u00bfy t\u00fa?\u201d<\/span><\/p>\n<p align=\"justify\">\u2014<span style=\"font-family: 'Bitstream Charter', serif;\">No \u2014contest\u00f3\u2014, no, de veras; no me lo tomes a mal.<\/span><\/p>\n<p align=\"justify\"><span style=\"font-family: 'Bitstream Charter', serif;\">El gordo no tard\u00f3 mucho con Kronsorgeler; al salir hizo un adem\u00e1n que probablemente quiso decir: \u201cSe acab\u00f3\u201d. La secretaria lo hizo pasar; era simp\u00e1tica, no muy joven, y pese a que siempre lo hab\u00eda tratado con amabilidad se sorprendi\u00f3 al recibir un empujoncito de aliento. Hab\u00eda pensado que era demasiado reservada para una cosa as\u00ed. Kronsorgeler lo recibi\u00f3 afablemente. Era simp\u00e1tico, conservador pero imparcial, y no viejo; cuando mucho tendr\u00eda unos cuarenta a\u00f1os de edad. Era aficionado al ciclismo y lo hab\u00eda apoyado mucho. Primero hablaron sobre la Tour de Suisse, sobre si Merckx habr\u00eda fingido cansancio con la finalidad de que no se apreciaran sus posibilidades reales para la Tour de France, o si realmente habr\u00eda bajado su rendimiento. Kronsorgeler opinaba lo primero, pero \u00e9l que Merckx estaba casi acabado, puesto que no se pod\u00edan fingir ciertos indicios de agotamiento. Sigui\u00f3 el tema del examen: hab\u00edan debatido por mucho tiempo sobre si pod\u00edan otorgarle el diez, pero result\u00f3 imposible debido a la materia de filosof\u00eda; por lo dem\u00e1s, hab\u00eda prevalecido su sobresaliente trabajo en la universidad popular y la preparatoria nocturna, y el hecho de que ni siquiera participara en las manifestaciones. S\u00f3lo exist\u00eda \u2014Kronsorgeler sonri\u00f3 con aut\u00e9ntica deferencia\u2014 un peque\u00f1o problema.<\/span><\/p>\n<p align=\"justify\">\u2014<span style=\"font-family: 'Bitstream Charter', serif;\">S\u00ed, ya lo s\u00e9 \u2014dijo\u2014. Voy demasiado a Heidelberg.<\/span><\/p>\n<p align=\"justify\"><span style=\"font-family: 'Bitstream Charter', serif;\">Kronsorgeler casi se sonroj\u00f3; en todo caso, su turbaci\u00f3n result\u00f3 evidente. Era un hombre que se caracterizaba por su gran tacto y discreci\u00f3n, casi timidez, y no le gustaba hablar de tales cosas lisa y llanamente.<\/span><\/p>\n<p align=\"justify\">\u2014<span style=\"font-family: 'Bitstream Charter', serif;\">\u00bfC\u00f3mo lo sabe?<\/span><\/p>\n<p align=\"justify\">\u2014<span style=\"font-family: 'Bitstream Charter', serif;\">Todos me lo dicen. No importa a d\u00f3nde llegue o con qui\u00e9n hable. Mi padre, Carola, el padre de ella: lo \u00fanico que oigo es \u201cHeidelberg\u201d. Lo escucho con claridad, y creo que tambi\u00e9n lo oir\u00eda si hablara al servicio de la hora o a la informaci\u00f3n de los trenes: \u201cHeidelberg\u201d.<\/span><\/p>\n<p align=\"justify\"><span style=\"font-family: 'Bitstream Charter', serif;\">Por un momento tuvo la impresi\u00f3n de que Kronsorgeler se pondr\u00eda de pie y le colocar\u00eda las manos sobre los hombros para tranquilizarlo. Ya se hab\u00eda puesto de pie, pero baj\u00f3 las manos para apoyar las palmas sobre el escritorio y dijo: \u201cNo se imagina cu\u00e1n penoso me resulta esto. He seguido su camino de cerca, con simpat\u00eda. Ha sido un camino dif\u00edcil, pero contamos con un informe nada favorable sobre ese chileno. No puedo pasarlo por alto; es imposible. No s\u00f3lo debo acatar los reglamentos, sino tambi\u00e9n las \u00f3rdenes que recibo; aparte de una orientaci\u00f3n general, tambi\u00e9n me dan recomendaciones telef\u00f3nicas. Su amigo&#8230; \u00bfsupongo que es su amigo?\u201d <\/span><\/p>\n<p align=\"justify\">\u2014<span style=\"font-family: 'Bitstream Charter', serif;\">S\u00ed.<\/span><\/p>\n<p align=\"justify\">\u2014<span style=\"font-family: 'Bitstream Charter', serif;\">Ahora dispondr\u00e1 de mucho tiempo libre por unas semanas. \u00bfC\u00f3mo lo ocupar\u00e1?<\/span><\/p>\n<p align=\"justify\">\u2014<span style=\"font-family: 'Bitstream Charter', serif;\">Entrenar\u00e9 mucho, andar\u00e9 otra vez en bicicleta, e ir\u00e9 con frecuencia a Heidelberg.<\/span><\/p>\n<p align=\"justify\">\u2014<span style=\"font-family: 'Bitstream Charter', serif;\">\u00bfEn bicicleta?<\/span><\/p>\n<p align=\"justify\">\u2014<span style=\"font-family: 'Bitstream Charter', serif;\">No, con el coche.<\/span><\/p>\n<p align=\"justify\"><span style=\"font-family: 'Bitstream Charter', serif;\">Kronsorgeler emiti\u00f3 un suspiro. Era obvio que sufr\u00eda, que realmente sufr\u00eda. Al estrecharle la mano susurr\u00f3: \u201cNo vaya a Heidelberg, no puedo decirle m\u00e1s\u201d. Luego sonri\u00f3 y dijo: \u201cRecuerde a Eddy Merckx\u201d.<\/span><\/p>\n<p align=\"justify\"><span style=\"font-family: 'Bitstream Charter', serif;\">Tras cerrar la puerta y cruzar la antesala, empez\u00f3 a considerar las alternativas: traductor, int\u00e9rprete, gu\u00eda de turistas, encargado de la correspondencia en espa\u00f1ol para una agencia inmobiliaria. Era demasiado viejo para dedicarse al ciclismo profesional, y ya hab\u00eda muchos electricistas. Olvid\u00f3 despedirse de la secretaria; regres\u00f3 y lo hizo con un movimiento de la mano.<\/span><\/p>\n","protected":false},"excerpt":{"rendered":"<p>Heinrich B\u00f6ll (1917-1985) No vayas tanto a Heidelberg Edici\u00f3n para el club de lectura virtual\u00a0En las nubes de la ficci\u00f3n. Universidad del Pac\u00edfico, abril de 2015 Para Klaus Staeck, quien sabe que este cuento\u00a0es ficticio de principio a fin, pero &hellip; <a href=\"https:\/\/blogs.up.edu.pe\/nubes\/textos-de-discusion\/heinrich-boll-no-vayas-tanto-a-heidelberg\/\">Sigue leyendo <span class=\"meta-nav\">&rarr;<\/span><\/a><\/p>\n","protected":false},"author":3,"featured_media":0,"parent":9,"menu_order":26,"comment_status":"closed","ping_status":"closed","template":"","meta":{"footnotes":""},"class_list":["post-1774","page","type-page","status-publish","hentry"],"_links":{"self":[{"href":"https:\/\/blogs.up.edu.pe\/nubes\/wp-json\/wp\/v2\/pages\/1774","targetHints":{"allow":["GET"]}}],"collection":[{"href":"https:\/\/blogs.up.edu.pe\/nubes\/wp-json\/wp\/v2\/pages"}],"about":[{"href":"https:\/\/blogs.up.edu.pe\/nubes\/wp-json\/wp\/v2\/types\/page"}],"author":[{"embeddable":true,"href":"https:\/\/blogs.up.edu.pe\/nubes\/wp-json\/wp\/v2\/users\/3"}],"replies":[{"embeddable":true,"href":"https:\/\/blogs.up.edu.pe\/nubes\/wp-json\/wp\/v2\/comments?post=1774"}],"version-history":[{"count":1,"href":"https:\/\/blogs.up.edu.pe\/nubes\/wp-json\/wp\/v2\/pages\/1774\/revisions"}],"predecessor-version":[{"id":1775,"href":"https:\/\/blogs.up.edu.pe\/nubes\/wp-json\/wp\/v2\/pages\/1774\/revisions\/1775"}],"up":[{"embeddable":true,"href":"https:\/\/blogs.up.edu.pe\/nubes\/wp-json\/wp\/v2\/pages\/9"}],"wp:attachment":[{"href":"https:\/\/blogs.up.edu.pe\/nubes\/wp-json\/wp\/v2\/media?parent=1774"}],"curies":[{"name":"wp","href":"https:\/\/api.w.org\/{rel}","templated":true}]}}