{"id":1736,"date":"2015-04-09T16:58:58","date_gmt":"2015-04-09T21:58:58","guid":{"rendered":"https:\/\/blogs.up.edu.pe\/nubes\/\/?page_id=1736"},"modified":"2015-04-09T16:58:58","modified_gmt":"2015-04-09T21:58:58","slug":"franz-kafka-el-silencio-de-las-sirenas","status":"publish","type":"page","link":"https:\/\/blogs.up.edu.pe\/nubes\/textos-de-discusion\/franz-kafka-el-silencio-de-las-sirenas\/","title":{"rendered":"Franz Kafka, \u00abEl silencio de las sirenas\u00bb"},"content":{"rendered":"<p align=\"center\">Franz Kafka (1883 &#8211; 1924)<\/p>\n<h1 style=\"text-align: center;\">\u00a0<b><span>E<\/span><span>l silencio de las sirenas<\/span><\/b><\/h1>\n<h5 align=\"right\">Edici\u00f3n para el club virtual de lectura\u00a0<i style=\"color: inherit;\">En las nubes de la ficci\u00f3n<br \/>\n<\/i>Universidad del Pac\u00edfico, abril de 2015<\/h5>\n<p>Existen m\u00e9todos insuficientes, casi pueriles, que tambi\u00e9n pueden servir para la salvaci\u00f3n. He aqu\u00ed la prueba.<\/p>\n<p align=\"justify\">Para protegerse del canto de las sirenas, Ulises tap\u00f3 sus o\u00eddos con cera y se hizo encadenar al m\u00e1stil de la nave. Aunque todo el mundo sab\u00eda que este recurso era ineficaz, muchos navegantes pod\u00edan haber hecho lo mismo, excepto aquellos que eran atra\u00eddos por las sirenas ya desde lejos. El canto de las sirenas lo traspasaba todo, la pasi\u00f3n de los seducidos habr\u00eda hecho saltar prisiones m\u00e1s fuertes que m\u00e1stiles y cadenas. Ulises no pens\u00f3 en eso, si bien quiz\u00e1 alguna vez, algo hab\u00eda llegado a sus o\u00eddos. Se confi\u00f3 por completo en aquel pu\u00f1ado de cera y en el manojo de cadenas. Contento con sus peque\u00f1as estratagemas, naveg\u00f3 en pos de las sirenas con alegr\u00eda inocente.<\/p>\n<p align=\"justify\">Sin embargo, las sirenas poseen un arma mucho m\u00e1s terrible que el canto: su silencio. No sucedi\u00f3 en realidad, pero es probable que alguien se hubiera salvado alguna vez de sus cantos, aunque nunca de su silencio. Ning\u00fan sentimiento terreno puede equipararse a la vanidad de haberlas vencido mediante las propias fuerzas.<\/p>\n<p align=\"justify\">En efecto, las terribles seductoras no cantaron cuando pas\u00f3 Ulises; tal vez porque creyeron que a aquel enemigo s\u00f3lo pod\u00eda herirlo el silencio, tal vez porque el espect\u00e1culo de felicidad en el rostro de Ulises, quien s\u00f3lo pensaba en ceras y cadenas, les hizo olvidar toda canci\u00f3n.<\/p>\n<p align=\"justify\">Ulises (para expresarlo de alguna manera) no oy\u00f3 el silencio. Estaba convencido de que ellas cantaban y que s\u00f3lo \u00e9l estaba a salvo. Fugazmente, vio primero las curvas de sus cuellos, la respiraci\u00f3n profunda, los ojos llenos de l\u00e1grimas, los labios entreabiertos. Cre\u00eda que todo era parte de la melod\u00eda que flu\u00eda sorda en torno de \u00e9l. El espect\u00e1culo comenz\u00f3 a desvanecerse pronto; las sirenas se esfumaron de su horizonte personal, y precisamente cuando se hallaba m\u00e1s pr\u00f3ximo, ya no supo m\u00e1s acerca de ellas.<\/p>\n<p align=\"justify\">Y ellas, m\u00e1s hermosas que nunca, se estiraban, se contoneaban. Desplegaban sus h\u00famedas cabelleras al viento, abr\u00edan sus garras acariciando la roca. Ya no pretend\u00edan seducir, tan s\u00f3lo quer\u00edan atrapar por un momento m\u00e1s el fulgor de los grandes ojos de Ulises.<\/p>\n<p align=\"justify\">Si las sirenas hubieran tenido conciencia, habr\u00edan desaparecido aquel d\u00eda. Pero ellas permanecieron y Ulises escap\u00f3.<\/p>\n<p align=\"justify\">La tradici\u00f3n a\u00f1ade un comentario a la historia. Se dice que Ulises era tan astuto, tan ladino, que incluso los dioses del destino eran incapaces de penetrar en su fuero interno. Por m\u00e1s que esto sea inconcebible para la mente humana, tal vez Ulises supo del silencio de las sirenas y tan s\u00f3lo represent\u00f3 tama\u00f1a farsa para ellas y para los dioses, en cierta manera a modo de escudo.<\/p>\n","protected":false},"excerpt":{"rendered":"<p>Franz Kafka (1883 &#8211; 1924) \u00a0El silencio de las sirenas Edici\u00f3n para el club virtual de lectura\u00a0En las nubes de la ficci\u00f3n Universidad del Pac\u00edfico, abril de 2015 Existen m\u00e9todos insuficientes, casi pueriles, que tambi\u00e9n pueden servir para la salvaci\u00f3n. &hellip; <a href=\"https:\/\/blogs.up.edu.pe\/nubes\/textos-de-discusion\/franz-kafka-el-silencio-de-las-sirenas\/\">Sigue leyendo <span class=\"meta-nav\">&rarr;<\/span><\/a><\/p>\n","protected":false},"author":3,"featured_media":0,"parent":9,"menu_order":13,"comment_status":"closed","ping_status":"closed","template":"","meta":{"footnotes":""},"class_list":["post-1736","page","type-page","status-publish","hentry"],"_links":{"self":[{"href":"https:\/\/blogs.up.edu.pe\/nubes\/wp-json\/wp\/v2\/pages\/1736","targetHints":{"allow":["GET"]}}],"collection":[{"href":"https:\/\/blogs.up.edu.pe\/nubes\/wp-json\/wp\/v2\/pages"}],"about":[{"href":"https:\/\/blogs.up.edu.pe\/nubes\/wp-json\/wp\/v2\/types\/page"}],"author":[{"embeddable":true,"href":"https:\/\/blogs.up.edu.pe\/nubes\/wp-json\/wp\/v2\/users\/3"}],"replies":[{"embeddable":true,"href":"https:\/\/blogs.up.edu.pe\/nubes\/wp-json\/wp\/v2\/comments?post=1736"}],"version-history":[{"count":1,"href":"https:\/\/blogs.up.edu.pe\/nubes\/wp-json\/wp\/v2\/pages\/1736\/revisions"}],"predecessor-version":[{"id":1737,"href":"https:\/\/blogs.up.edu.pe\/nubes\/wp-json\/wp\/v2\/pages\/1736\/revisions\/1737"}],"up":[{"embeddable":true,"href":"https:\/\/blogs.up.edu.pe\/nubes\/wp-json\/wp\/v2\/pages\/9"}],"wp:attachment":[{"href":"https:\/\/blogs.up.edu.pe\/nubes\/wp-json\/wp\/v2\/media?parent=1736"}],"curies":[{"name":"wp","href":"https:\/\/api.w.org\/{rel}","templated":true}]}}