{"id":1732,"date":"2015-04-09T16:51:21","date_gmt":"2015-04-09T21:51:21","guid":{"rendered":"https:\/\/blogs.up.edu.pe\/nubes\/\/?page_id=1732"},"modified":"2015-04-09T16:51:21","modified_gmt":"2015-04-09T21:51:21","slug":"vicente-huidobro-tragedia","status":"publish","type":"page","link":"https:\/\/blogs.up.edu.pe\/nubes\/textos-de-discusion\/vicente-huidobro-tragedia\/","title":{"rendered":"Vicente Huidobro, \u00abTragedia\u00bb"},"content":{"rendered":"<p style=\"text-align: center;\"><strong>Vicente Huidobro (1893 &#8211; 1948)<\/strong><\/p>\n<h1 style=\"text-align: center;\">Tragedia<\/h1>\n<h5 style=\"text-align: right;\">Edici\u00f3n para el club virtual de lectura\u00a0<em>En las nubes de la ficci\u00f3n<br \/>\n<\/em>Universidad del Pac\u00edfico, abril de 2015<\/h5>\n<p style=\"text-align: justify;\">Mar\u00eda Olga es una mujer encantadora. Especialmente la parte que se llama Olga.<br \/>\nSe cas\u00f3 con un mocet\u00f3n grande y fornido, un poco torpe, lleno de ideas honor\u00edficas, reglamentadas como \u00e1rboles de paseo.<\/p>\n<p style=\"text-align: justify;\">Pero la parte que ella cas\u00f3 era su parte que se llamaba Mar\u00eda. Su parte Olga permanec\u00eda soltera y tom\u00f3 un amante que viv\u00eda en adoraci\u00f3n ante sus ojos.<\/p>\n<p style=\"text-align: justify;\">Ella no pod\u00eda comprender que su marido se enfureciera y le reprochara infidelidad. Mar\u00eda era fiel. \u00bfQu\u00e9 ten\u00eda \u00e9l que meterse con Olga? Ella no comprend\u00eda que \u00e9l no comprendiera. Mar\u00eda cumpl\u00eda con su deber, la parte Olga adoraba a su amante.<\/p>\n<p style=\"text-align: justify;\">\u00bfEra ella culpable de tener un nombre doble y de las consecuencias que esto puede traer consigo?<\/p>\n<p style=\"text-align: justify;\">As\u00ed, cuando el marido cogi\u00f3 el rev\u00f3lver, ella abri\u00f3 los ojos enormes, no asustados, sino llenos de asombro, por no poder comprender un gesto tan absurdo.<\/p>\n<p style=\"text-align: justify;\">Pero sucedi\u00f3 que el marido se equivoc\u00f3 y mat\u00f3 a Mar\u00eda, a la parte suya, en vez de matar a la otra. Olga continu\u00f3 viviendo en brazos de su amante, y creo que a\u00fan sigue feliz, muy feliz, sintiendo s\u00f3lo que es un poco zurda.<\/p>\n<p style=\"text-align: center;\">* * *<\/p>\n<p style=\"text-align: right;\">Desc\u00e1rgalo en\u00a0<a href=\"https:\/\/blogs.up.edu.pe\/nubes\/\/wp-content\/uploads\/2015\/04\/Huidobro-Tragedia.pdf\">PDF<\/a><\/p>\n","protected":false},"excerpt":{"rendered":"<p>Vicente Huidobro (1893 &#8211; 1948) Tragedia Edici\u00f3n para el club virtual de lectura\u00a0En las nubes de la ficci\u00f3n Universidad del Pac\u00edfico, abril de 2015 Mar\u00eda Olga es una mujer encantadora. Especialmente la parte que se llama Olga. Se cas\u00f3 con &hellip; <a href=\"https:\/\/blogs.up.edu.pe\/nubes\/textos-de-discusion\/vicente-huidobro-tragedia\/\">Sigue leyendo <span class=\"meta-nav\">&rarr;<\/span><\/a><\/p>\n","protected":false},"author":3,"featured_media":0,"parent":9,"menu_order":12,"comment_status":"closed","ping_status":"closed","template":"","meta":{"footnotes":""},"class_list":["post-1732","page","type-page","status-publish","hentry"],"_links":{"self":[{"href":"https:\/\/blogs.up.edu.pe\/nubes\/wp-json\/wp\/v2\/pages\/1732","targetHints":{"allow":["GET"]}}],"collection":[{"href":"https:\/\/blogs.up.edu.pe\/nubes\/wp-json\/wp\/v2\/pages"}],"about":[{"href":"https:\/\/blogs.up.edu.pe\/nubes\/wp-json\/wp\/v2\/types\/page"}],"author":[{"embeddable":true,"href":"https:\/\/blogs.up.edu.pe\/nubes\/wp-json\/wp\/v2\/users\/3"}],"replies":[{"embeddable":true,"href":"https:\/\/blogs.up.edu.pe\/nubes\/wp-json\/wp\/v2\/comments?post=1732"}],"version-history":[{"count":2,"href":"https:\/\/blogs.up.edu.pe\/nubes\/wp-json\/wp\/v2\/pages\/1732\/revisions"}],"predecessor-version":[{"id":1734,"href":"https:\/\/blogs.up.edu.pe\/nubes\/wp-json\/wp\/v2\/pages\/1732\/revisions\/1734"}],"up":[{"embeddable":true,"href":"https:\/\/blogs.up.edu.pe\/nubes\/wp-json\/wp\/v2\/pages\/9"}],"wp:attachment":[{"href":"https:\/\/blogs.up.edu.pe\/nubes\/wp-json\/wp\/v2\/media?parent=1732"}],"curies":[{"name":"wp","href":"https:\/\/api.w.org\/{rel}","templated":true}]}}