{"id":1689,"date":"2014-12-18T12:14:59","date_gmt":"2014-12-18T17:14:59","guid":{"rendered":"https:\/\/blogs.up.edu.pe\/nubes\/\/?page_id=1689"},"modified":"2014-12-18T12:14:59","modified_gmt":"2014-12-18T17:14:59","slug":"jose-luis-repetto-un-dia-de-estos-de-gabriel-garcia-marquez","status":"publish","type":"page","link":"https:\/\/blogs.up.edu.pe\/nubes\/trabajos\/trabajos-finales-2014-primavera\/jose-luis-repetto-un-dia-de-estos-de-gabriel-garcia-marquez\/","title":{"rendered":"Jose Luis Repetto, \u201c\u2018Un d\u00eda de estos\u2019 de Gabriel Garc\u00eda M\u00e1rquez\u201d"},"content":{"rendered":"<p><strong>Jose Luis Repetto, \u201c\u2018Un d\u00eda de estos\u2019 de Gabriel Garc\u00eda M\u00e1rquez\u201d<\/strong><\/p>\n<p>\u201cUn d\u00eda de estos\u201d fue, sin duda, el cuento que m\u00e1s me gust\u00f3 de todos los que tuve la suerte de poder leer en estos meses. El cuento se encuentra muy bien estructurado, sigue una secuencia clara y tiene una narrativa limpia, fina y sencilla. Como la que suele caracterizar a los relatos del recordado Gabriel Garc\u00eda M\u00e1rquez.<\/p>\n<p>El cuento trata del alcalde del pueblo que va a donde un dentista para que le saquen la muela y relata las peripecias por las que tuvo que pasar para solucionar su problema dental. Este comienza con una interesante descripci\u00f3n del ambiente y el personaje principal: Don Aurelio Escovar, un dentista sin t\u00edtulo. El dentista es interrumpido por su hijo quien le dice que el alcalde desea atenderse a fin de que le extraigan una muela. El dentista se reh\u00fasa en un primer momento de atender al alcalde, pero cuando este se percata que se encuentra ah\u00ed, no le queda m\u00e1s remedio que extraerle la muela.<\/p>\n<p>La prepotencia marca el inicio del cuento. El alcalde se impone sobre el dentista. \u201cSi no me sacas la muela te peg\u00f3 un tiro\u201d parece ser la frase que se le imputa al alcalde. Sin mayor remedio, el dentista tiene que atenderlo. Y se desquitar\u00e1 de esta labor que va contra su voluntad. \u00bfC\u00f3mo? Muy sencillo, oper\u00e1ndolo sin anestesia. S\u00ed. Sin anestesia.<\/p>\n<p>Acto seguido, el dentista procede a extraer la muela. Mientras ello ocurr\u00eda, el alcalde sufre: \u201ccrujido de huesos en la mand\u00edbula y sus ojos se llenaron de l\u00e1grimas\u201d. La visita al dentista se convirti\u00f3 en puro sufrimiento. El alcalde temblaba hasta que se recompuso una vez extra\u00edda la muela. Cuando todo este dolor hubo terminado, el alcalde se despidi\u00f3 \u201ccon un displicente saludo militar\u201d y le pidi\u00f3 al dentista que le pase la cuenta. Intrigado, el dentista le pregunt\u00f3 si a \u00e9l o al municipio. \u00c9l alcalde con una frase que quedar\u00e1 marcada para la posteridad solo atin\u00f3 a decir: \u201ces la misma vaina\u201d.<\/p>\n<p>\u00bfQu\u00e9 se puede comentar de todo esto? Muchas cosas. Las tres cortas p\u00e1ginas del cuento contienen mucha informaci\u00f3n relevante. Primero, m\u00e1s que hablar de una corrupci\u00f3n, es sensato afirmar que aqu\u00ed existe una severa superposici\u00f3n de funciones. El alcalde considera que el municipio es su chacra, su tienda, su reino o su feudo. \u00c9l es quien manda y es quien puede decidir a su antojo los designios de su pueblo y por tanto disponer a su sola voluntad de los recursos del mismo. Por ello, la frase \u201ces la misma vaina\u201d pinta de cuerpo entero la mala e incorrecta administraci\u00f3n del municipio.<\/p>\n<p>Y todo esto no s\u00f3lo es un reflejo de los tiempos en los que se escribi\u00f3 en el cuento, sino que nos ata\u00f1e hasta el d\u00eda de hoy. Por ejemplo, hoy d\u00eda mismo en los peri\u00f3dicos, se da la noticia que un presidente regional (similar a un alcalde) dilapida los recursos p\u00fablicos para sus fondos personales. Lo expresado en este cuento no es un relato de esos tiempos pasados sino que es una descripci\u00f3n de nuestro presente. Es algo que est\u00e1 tan arraigado en los funcionarios p\u00fablicos que es dif\u00edcil cambiar la forma de pensar. Y es algo que se remonta desde tiempos de la conquista espa\u00f1ola en Am\u00e9rica. Por ello, el cuento de Garc\u00eda M\u00e1rquez nos sigue pareciendo actual porque es un relato de nuestros problemas anacr\u00f3nicos.<\/p>\n<p>Otro tema que me llam\u00f3 poderosamente la atenci\u00f3n es el ejercicio de la profesi\u00f3n sin contar con un t\u00edtulo profesional. Este dentista es uno sin t\u00edtulo. Es un ser que opera sin haber ido posiblemente a la universidad o no haber concluido sus estudios. Y ejercer una profesi\u00f3n sin contar con el t\u00edtulo profesional es, en algunos pa\u00edses, una actividad penada con la c\u00e1rcel.<\/p>\n<p>Esto nos demuestra la (tambi\u00e9n) moral inferior del dentista. Y el dentista refleja a los ciudadanos. Muchas veces nosotros, los ciudadanos, exigimos algo totalmente superior a las autoridades cuando nosotros mismos no somos personas moralmente correctas. Y el razonamiento del funcionario ser\u00e1 por qu\u00e9 cumplir con las reglas, si los propios ciudadanos no las cumplen. Se crea as\u00ed, un c\u00edrculo vicioso. Un c\u00edrculo que suele englobar a los cuentos de Gabriel Garc\u00eda M\u00e1rquez.<\/p>\n","protected":false},"excerpt":{"rendered":"<p>Jose Luis Repetto, \u201c\u2018Un d\u00eda de estos\u2019 de Gabriel Garc\u00eda M\u00e1rquez\u201d \u201cUn d\u00eda de estos\u201d fue, sin duda, el cuento que m\u00e1s me gust\u00f3 de todos los que tuve la suerte de poder leer en estos meses. El cuento se &hellip; <a href=\"https:\/\/blogs.up.edu.pe\/nubes\/trabajos\/trabajos-finales-2014-primavera\/jose-luis-repetto-un-dia-de-estos-de-gabriel-garcia-marquez\/\">Sigue leyendo <span class=\"meta-nav\">&rarr;<\/span><\/a><\/p>\n","protected":false},"author":3,"featured_media":0,"parent":1613,"menu_order":17,"comment_status":"closed","ping_status":"closed","template":"","meta":{"footnotes":""},"class_list":["post-1689","page","type-page","status-publish","hentry"],"_links":{"self":[{"href":"https:\/\/blogs.up.edu.pe\/nubes\/wp-json\/wp\/v2\/pages\/1689","targetHints":{"allow":["GET"]}}],"collection":[{"href":"https:\/\/blogs.up.edu.pe\/nubes\/wp-json\/wp\/v2\/pages"}],"about":[{"href":"https:\/\/blogs.up.edu.pe\/nubes\/wp-json\/wp\/v2\/types\/page"}],"author":[{"embeddable":true,"href":"https:\/\/blogs.up.edu.pe\/nubes\/wp-json\/wp\/v2\/users\/3"}],"replies":[{"embeddable":true,"href":"https:\/\/blogs.up.edu.pe\/nubes\/wp-json\/wp\/v2\/comments?post=1689"}],"version-history":[{"count":2,"href":"https:\/\/blogs.up.edu.pe\/nubes\/wp-json\/wp\/v2\/pages\/1689\/revisions"}],"predecessor-version":[{"id":1693,"href":"https:\/\/blogs.up.edu.pe\/nubes\/wp-json\/wp\/v2\/pages\/1689\/revisions\/1693"}],"up":[{"embeddable":true,"href":"https:\/\/blogs.up.edu.pe\/nubes\/wp-json\/wp\/v2\/pages\/1613"}],"wp:attachment":[{"href":"https:\/\/blogs.up.edu.pe\/nubes\/wp-json\/wp\/v2\/media?parent=1689"}],"curies":[{"name":"wp","href":"https:\/\/api.w.org\/{rel}","templated":true}]}}