{"id":1686,"date":"2014-12-18T12:09:51","date_gmt":"2014-12-18T17:09:51","guid":{"rendered":"https:\/\/blogs.up.edu.pe\/nubes\/\/?page_id=1686"},"modified":"2014-12-18T12:09:51","modified_gmt":"2014-12-18T17:09:51","slug":"eva-venegas-horacio-quiroga-el-almohadon-de-plumas","status":"publish","type":"page","link":"https:\/\/blogs.up.edu.pe\/nubes\/trabajos\/trabajos-finales-2014-primavera\/eva-venegas-horacio-quiroga-el-almohadon-de-plumas\/","title":{"rendered":"Eva Venegas, \u201cHoracio Quiroga, \u2018El almohad\u00f3n de plumas\u2019\u201d"},"content":{"rendered":"<p><strong>Eva Venegas, \u201cHoracio Quiroga, \u2018El almohad\u00f3n de plumas\u2019\u201d<\/strong><\/p>\n<p>A lo largo de este ciclo le\u00edmos cuentos de distintos tipos de autores y muchos g\u00e9neros. Fue la primera vez que llevaba un curso en l\u00ednea, sin embargo me pareci\u00f3 una experiencia gratificante. Sin duda hubo muchos cuentos que disfrut\u00e9 a lo largo del curso, desde los cuentos de detectives y casos sin resolver hasta los cuentos de autores peruanos que nos transmit\u00edan sentimientos encontrados de todo tipo de tiempos pasados como guerras, terrorismo y mucho resentimiento de las clases bajas. Me pareci\u00f3 un espacio para poder intercambiar ideas y opiniones todas las sesiones de los mi\u00e9rcoles por la noche, considero que fuimos un grupo no tan grande para poder tener todo tiempo de dar nuestras opiniones. Jam\u00e1s pens\u00e9 que hubiera tantos autores de cuentos tan simp\u00e1ticos y breves a la vez.<\/p>\n<p>Si tuviera que escoger un solo cuento de todos los que le\u00edmos, me quedo con \u201cEl almohad\u00f3n de plumas\u201d de Horacio Quiroga. De por s\u00ed el t\u00edtulo del cuento es un tanto revelador ya que anticipa la causa del problema (la enfermedad de Alicia), sin embargo el lector se desconcentra de eso y lo relaciona ya cuando est\u00e1 en el final del relato, que cuenta la extra\u00f1a enfermedad con la que muere Alicia, el personaje principal del relato y c\u00f3mo Jord\u00e1n, su marido, trata de salvarla sin saber lo que realmente estaba sucediendo.<\/p>\n<p>El marido de Alicia trae un doctor a la casa para que pueda salvar a su esposa, sin embargo el doctor detect\u00f3 una extra\u00f1a anemia que empeoraba en las noches. Finalmente, Alicia muere al cabo de algunos d\u00edas. El marido y la empleada descubren lo que verdaderamente hab\u00eda estado sucediendo. El final de relato me pareci\u00f3 totalmente inesperado, dentro de la almohada encontraron un bicho misterioso que se hab\u00eda estado bebiendo la sangre de Alicia ocasion\u00e1ndole la muerte desangrada, haciendo referencia al t\u00edtulo.<\/p>\n<p>Me pareci\u00f3 interesante la met\u00e1fora que existe detr\u00e1s de todo esto, as\u00ed como el bicho se chupaba toda la sangre de Alicia por las noches de igual manera se ve\u00eda deteriorada la relaci\u00f3n de los esposos, por m\u00e1s que tuvieran todas las comodidades como la presencia de la sirvienta vemos, una relaci\u00f3n mal mantenida. De igual manera, como Alicia se niega a que limpiaran su cama y su almohad\u00f3n, la relaci\u00f3n con su marido, sus miedos y terrores iban avanzando as\u00ed como el monstruo se arrastraba hasta la cama.<\/p>\n<p>Vemos c\u00f3mo el autor utiliza un poco de amor, locura y muerte, sus temas favoritos a lo largo de su carrera, describiendo un hecho \u00fanico con un final sorpresivo que es un tanto fant\u00e1stico. Sin embargo al final de relato vemos c\u00f3mo el autor tiene una explicaci\u00f3n racional y cient\u00edfica de la procedencia de esos bichos, haciendo un poco m\u00e1s real el triste desenlace.<\/p>\n<p>Sin duda siento que el autor quiso transmitir un mensaje m\u00e1s all\u00e1 de la simple muerte de Alicia. Como quiz\u00e1s si la relaci\u00f3n de ambos como pareja estuviera mejor y no tan llena de solo apariencias Jord\u00e1n se hubiera dado cuenta antes del bicho de la almohada.<\/p>\n","protected":false},"excerpt":{"rendered":"<p>Eva Venegas, \u201cHoracio Quiroga, \u2018El almohad\u00f3n de plumas\u2019\u201d A lo largo de este ciclo le\u00edmos cuentos de distintos tipos de autores y muchos g\u00e9neros. Fue la primera vez que llevaba un curso en l\u00ednea, sin embargo me pareci\u00f3 una experiencia &hellip; <a href=\"https:\/\/blogs.up.edu.pe\/nubes\/trabajos\/trabajos-finales-2014-primavera\/eva-venegas-horacio-quiroga-el-almohadon-de-plumas\/\">Sigue leyendo <span class=\"meta-nav\">&rarr;<\/span><\/a><\/p>\n","protected":false},"author":3,"featured_media":0,"parent":1613,"menu_order":16,"comment_status":"closed","ping_status":"closed","template":"","meta":{"footnotes":""},"class_list":["post-1686","page","type-page","status-publish","hentry"],"_links":{"self":[{"href":"https:\/\/blogs.up.edu.pe\/nubes\/wp-json\/wp\/v2\/pages\/1686","targetHints":{"allow":["GET"]}}],"collection":[{"href":"https:\/\/blogs.up.edu.pe\/nubes\/wp-json\/wp\/v2\/pages"}],"about":[{"href":"https:\/\/blogs.up.edu.pe\/nubes\/wp-json\/wp\/v2\/types\/page"}],"author":[{"embeddable":true,"href":"https:\/\/blogs.up.edu.pe\/nubes\/wp-json\/wp\/v2\/users\/3"}],"replies":[{"embeddable":true,"href":"https:\/\/blogs.up.edu.pe\/nubes\/wp-json\/wp\/v2\/comments?post=1686"}],"version-history":[{"count":1,"href":"https:\/\/blogs.up.edu.pe\/nubes\/wp-json\/wp\/v2\/pages\/1686\/revisions"}],"predecessor-version":[{"id":1688,"href":"https:\/\/blogs.up.edu.pe\/nubes\/wp-json\/wp\/v2\/pages\/1686\/revisions\/1688"}],"up":[{"embeddable":true,"href":"https:\/\/blogs.up.edu.pe\/nubes\/wp-json\/wp\/v2\/pages\/1613"}],"wp:attachment":[{"href":"https:\/\/blogs.up.edu.pe\/nubes\/wp-json\/wp\/v2\/media?parent=1686"}],"curies":[{"name":"wp","href":"https:\/\/api.w.org\/{rel}","templated":true}]}}