{"id":1683,"date":"2014-12-18T12:02:50","date_gmt":"2014-12-18T17:02:50","guid":{"rendered":"https:\/\/blogs.up.edu.pe\/nubes\/\/?page_id=1683"},"modified":"2014-12-18T12:03:06","modified_gmt":"2014-12-18T17:03:06","slug":"estefania-abanto-el-limpiador-de-rocio-silva-santisteban","status":"publish","type":"page","link":"https:\/\/blogs.up.edu.pe\/nubes\/trabajos\/trabajos-finales-2014-primavera\/estefania-abanto-el-limpiador-de-rocio-silva-santisteban\/","title":{"rendered":"Estefan\u00eda Abanto, \u201c\u2018El Limpiador\u2019\u201d de Roc\u00edo Silva Santisteban\u201d"},"content":{"rendered":"<p><strong>Estefan\u00eda Abanto, \u201c\u2018El Limpiador\u2019\u201d de Roc\u00edo Silva Santisteban\u201d<\/strong><\/p>\n<p>El cuento \u201cEl limpiador\u201d de Roc\u00edo Silva Santisteban se caracteriza por la frialdad y crudeza que acompa\u00f1an cada detalle a lo largo de la historia. Este cuento tambi\u00e9n trata de reflejar una realidad que vivimos d\u00eda a d\u00eda en Lima, dependiendo de las zonas, en algunas \u00e1reas con m\u00e1s frecuencia que en otras, pero esta violencia est\u00e1 presente. Este cuento tambi\u00e9n refleja el c\u00edrculo vicioso de la violencia que genera m\u00e1s violencia debido a la ausencia de polic\u00eda o de autoridades que puedan frenar la toma de vidas inocentes.<\/p>\n<p>Entre los personajes principales tenemos a Plomo, un polic\u00eda retirado, v\u00edctima de la violencia recurrente en el barrio marginal en el que viv\u00eda, quien recibi\u00f3 los restos de su hija en un saco, entregado directamente por el asesino de la manera m\u00e1s cruda que se puede imaginar y la autora detalla esto muy bien en el cuento. Es impresionante el nivel de ausencia de autoridades que puede existir para que asesinos de esa clase se tomen la libertad de entregar los cuerpos de sus v\u00edctimas sin temor alguno de ser atrapados, mientras que Plomo siente una profunda impotencia al no poder hacer nada al respecto en ese momento.<\/p>\n<p>Despu\u00e9s de este incidente, Plomo se sume en la desesperaci\u00f3n de cobrar venganza por la muerte de su hija, visitando los lugares m\u00e1s peligrosos en b\u00fasqueda de los sicarios m\u00e1s especializados para que realicen el trabajo de asesinar a Mostrenko, el asesino de su hija. En el camino encontr\u00f3 al Limpiador a quien le da la misi\u00f3n de asesinar al asesino de su hija. El Limpiador es un sicario muy conocido por sus grandes habilidades para asesinar gente sin tener remordimiento alguno y adem\u00e1s hacer este trabajo de la manera m\u00e1s fr\u00eda y r\u00e1pida, quien adem\u00e1s ense\u00f1aba sus habilidades a muchos j\u00f3venes y era admirado por ellos.<\/p>\n<p>Este cuento adem\u00e1s permite al lector tener una idea m\u00e1s clara de los pensamientos del asesino, reflejando las ganas del mismo de querer \u201cvolver a sentir\u201d pues al tener una vida tan cruda y sin remordimientos, hab\u00eda perdido las emociones y nos muestra tambi\u00e9n la impotencia del Limpiador por querer sentir de nuevo, pero al estar tan inmerso en la violencia y malvivir ya no logra tener ning\u00fan sentimiento. Esto lo demuestran las \u00faltimas l\u00edneas del cuento donde el Limpiador menciona: \u201cDicen que hay que comerse un coraz\u00f3n de hombre para volver a sentir.\u201d<\/p>\n","protected":false},"excerpt":{"rendered":"<p>Estefan\u00eda Abanto, \u201c\u2018El Limpiador\u2019\u201d de Roc\u00edo Silva Santisteban\u201d El cuento \u201cEl limpiador\u201d de Roc\u00edo Silva Santisteban se caracteriza por la frialdad y crudeza que acompa\u00f1an cada detalle a lo largo de la historia. Este cuento tambi\u00e9n trata de reflejar una &hellip; <a href=\"https:\/\/blogs.up.edu.pe\/nubes\/trabajos\/trabajos-finales-2014-primavera\/estefania-abanto-el-limpiador-de-rocio-silva-santisteban\/\">Sigue leyendo <span class=\"meta-nav\">&rarr;<\/span><\/a><\/p>\n","protected":false},"author":3,"featured_media":0,"parent":1613,"menu_order":16,"comment_status":"closed","ping_status":"closed","template":"","meta":{"footnotes":""},"class_list":["post-1683","page","type-page","status-publish","hentry"],"_links":{"self":[{"href":"https:\/\/blogs.up.edu.pe\/nubes\/wp-json\/wp\/v2\/pages\/1683","targetHints":{"allow":["GET"]}}],"collection":[{"href":"https:\/\/blogs.up.edu.pe\/nubes\/wp-json\/wp\/v2\/pages"}],"about":[{"href":"https:\/\/blogs.up.edu.pe\/nubes\/wp-json\/wp\/v2\/types\/page"}],"author":[{"embeddable":true,"href":"https:\/\/blogs.up.edu.pe\/nubes\/wp-json\/wp\/v2\/users\/3"}],"replies":[{"embeddable":true,"href":"https:\/\/blogs.up.edu.pe\/nubes\/wp-json\/wp\/v2\/comments?post=1683"}],"version-history":[{"count":2,"href":"https:\/\/blogs.up.edu.pe\/nubes\/wp-json\/wp\/v2\/pages\/1683\/revisions"}],"predecessor-version":[{"id":1685,"href":"https:\/\/blogs.up.edu.pe\/nubes\/wp-json\/wp\/v2\/pages\/1683\/revisions\/1685"}],"up":[{"embeddable":true,"href":"https:\/\/blogs.up.edu.pe\/nubes\/wp-json\/wp\/v2\/pages\/1613"}],"wp:attachment":[{"href":"https:\/\/blogs.up.edu.pe\/nubes\/wp-json\/wp\/v2\/media?parent=1683"}],"curies":[{"name":"wp","href":"https:\/\/api.w.org\/{rel}","templated":true}]}}