{"id":1679,"date":"2014-12-18T11:55:05","date_gmt":"2014-12-18T16:55:05","guid":{"rendered":"https:\/\/blogs.up.edu.pe\/nubes\/\/?page_id=1679"},"modified":"2014-12-18T11:55:05","modified_gmt":"2014-12-18T16:55:05","slug":"david-tirado-el-carbunclo-azul","status":"publish","type":"page","link":"https:\/\/blogs.up.edu.pe\/nubes\/trabajos\/trabajos-finales-2014-primavera\/david-tirado-el-carbunclo-azul\/","title":{"rendered":"David Tirado, \u201cEl carbunclo azul\u201d"},"content":{"rendered":"<p><strong>David Tirado, \u201cEl carbunclo azul\u201d<\/strong><\/p>\n<p>Siempre he disfrutado del cuento policiaco, en especial de las incre\u00edbles y \u00fanicas historias de Sir Arthur Conan Doyle. El cuento llamado \u201cEl carbunclo azul\u201d, que ya hab\u00eda le\u00eddo tiempo atr\u00e1s, volvi\u00f3 a recobrar un inter\u00e9s por el detalle y la curiosidad innata del gran Sherlock Holmes al volverlo a leer en este taller. Adem\u00e1s, me hizo recordar cu\u00e1n importante es fijarse a\u00fan en los detalles m\u00e1s m\u00ednimos.<\/p>\n<p>El cuento en menci\u00f3n fue publicado originalmente en <em>The Stand Magazine<\/em>, en el Reino Unido, en 1892, es decir hace 122 a\u00f1os. Pero, a pesar de los a\u00f1os, el relato policiaco a\u00fan mantiene vigente un estilo que bordea entre el asombro y la ficci\u00f3n, que lleva al lector a intentar replicar las inexplicables deducciones que tan solo Holmes pod\u00eda efectuar.<\/p>\n<p>El cuento comienza un 25 de diciembre, cuando el Doctor Watson se dirige a 221-B de Baker Street para saludar a su gran amigo Holmes. Al entrar a la habitaci\u00f3n, observa a su compa\u00f1ero de aventuras examinando un destartalado sombrero y un impecable ejemplar de ganso, el cual le fue entregado por el inspector Peterson. Aquel sombrero fue recogido de un suceso callejero, en el que el propietario sali\u00f3 sin rumbo ni direcci\u00f3n fija y tan solo qued\u00f3 una tarjeta que dec\u00eda que el ave era para la se\u00f1ora de Henry Baker y el sombrero pertenec\u00eda a una persona con iniciales H.B.<\/p>\n<p>\u00bfQui\u00e9n pensar\u00eda que ante dicha situaci\u00f3n se podr\u00eda estar frente a un crimen? Tan solo a Holmes le gustan los problemas m\u00e1s insignificantes y que a primera vista son triviales, pero que en tan solo en los detalles se puede dilucidar un misterio nunca pensado. Es por ello que a partir de caracter\u00edsticas y pormenores, Holmes, el rey de la deducci\u00f3n, llega a descifrar el estilo de vida, situaci\u00f3n econ\u00f3mica y amorosa del propietario.<\/p>\n<p>De pronto, el inspector Peterson entra a la habitaci\u00f3n y da aviso de encontrar dentro del ave una piedra preciosa de valor incalculable: el carbunclo azul. Esta piedra es muy famosa en todo el Reino Unido. La joya hab\u00eda sido robada tan solo tres d\u00edas antes de la Navidad a la condesa de Morcar, en el hotel Cosmopolitan.<\/p>\n<p>Bradstreet, inspector de Scotland Yard, detuvo al fontanero John Horner, el mismo que estuvo reparando el ba\u00f1o de la condesa. Sin embargo, Holmes va mucho m\u00e1s all\u00e1 de culpar al simple operario. \u00bfC\u00f3mo podr\u00eda el mejor detective del siglo XIX llegar al origen del crimen? Holmes utilizar\u00e1 sus mejores herramientas para demostrar: el poder de la observaci\u00f3n y el pensamiento deductivo.<\/p>\n<p>Pregunta tras pregunta, conversaci\u00f3n tras conversaci\u00f3n, ganso tras ganso; Holmes llega a la rastrear la pista del origen del ganso, as\u00ed que encuentra al verdadero culpable de tan lamentablemente falta. Ya a solas con el perpetrador del robo, Holmes hizo sudar fr\u00edo y hasta casi desmayar al sujeto. Sin embargo, el esp\u00edritu de la Navidad pudo m\u00e1s y Holmes dej\u00f3 ir a culpable no sin antes asegurarse de que sea liberado el inocente fontanero.<\/p>\n<p>Sin duda Holmes es el arquetipo de gran investigador, dotado de una rapidez y agilidad mental sobrenatural. No hay caso peque\u00f1o ni insignificante que la pareja Holmes y Watson no pueda averiguar o llegar al fondo del asunto. Es tal vez esto lo m\u00e1s atractivo para todo lector, lograr hacer f\u00e1cil lo dif\u00edcil.<\/p>\n<p>En conclusi\u00f3n, Sir Arthur Conan Doyle cre\u00f3 un gran personaje: genio, histri\u00f3nico, exc\u00e9ntrico, locuaz y seguro. Pero adem\u00e1s, cre\u00f3 un amigo, detalles, deducciones, razonamiento l\u00f3gico, delitos y resoluciones. Todo un maestro de la investigaci\u00f3n y del crimen, su personaje Sherlock Holmes marc\u00f3 todo una \u00e9poca y sigue vivo en las series, pel\u00edculas, revistas e historias.<\/p>\n","protected":false},"excerpt":{"rendered":"<p>David Tirado, \u201cEl carbunclo azul\u201d Siempre he disfrutado del cuento policiaco, en especial de las incre\u00edbles y \u00fanicas historias de Sir Arthur Conan Doyle. El cuento llamado \u201cEl carbunclo azul\u201d, que ya hab\u00eda le\u00eddo tiempo atr\u00e1s, volvi\u00f3 a recobrar un &hellip; <a href=\"https:\/\/blogs.up.edu.pe\/nubes\/trabajos\/trabajos-finales-2014-primavera\/david-tirado-el-carbunclo-azul\/\">Sigue leyendo <span class=\"meta-nav\">&rarr;<\/span><\/a><\/p>\n","protected":false},"author":3,"featured_media":0,"parent":1613,"menu_order":15,"comment_status":"closed","ping_status":"closed","template":"","meta":{"footnotes":""},"class_list":["post-1679","page","type-page","status-publish","hentry"],"_links":{"self":[{"href":"https:\/\/blogs.up.edu.pe\/nubes\/wp-json\/wp\/v2\/pages\/1679","targetHints":{"allow":["GET"]}}],"collection":[{"href":"https:\/\/blogs.up.edu.pe\/nubes\/wp-json\/wp\/v2\/pages"}],"about":[{"href":"https:\/\/blogs.up.edu.pe\/nubes\/wp-json\/wp\/v2\/types\/page"}],"author":[{"embeddable":true,"href":"https:\/\/blogs.up.edu.pe\/nubes\/wp-json\/wp\/v2\/users\/3"}],"replies":[{"embeddable":true,"href":"https:\/\/blogs.up.edu.pe\/nubes\/wp-json\/wp\/v2\/comments?post=1679"}],"version-history":[{"count":2,"href":"https:\/\/blogs.up.edu.pe\/nubes\/wp-json\/wp\/v2\/pages\/1679\/revisions"}],"predecessor-version":[{"id":1682,"href":"https:\/\/blogs.up.edu.pe\/nubes\/wp-json\/wp\/v2\/pages\/1679\/revisions\/1682"}],"up":[{"embeddable":true,"href":"https:\/\/blogs.up.edu.pe\/nubes\/wp-json\/wp\/v2\/pages\/1613"}],"wp:attachment":[{"href":"https:\/\/blogs.up.edu.pe\/nubes\/wp-json\/wp\/v2\/media?parent=1679"}],"curies":[{"name":"wp","href":"https:\/\/api.w.org\/{rel}","templated":true}]}}