{"id":1675,"date":"2014-12-18T11:49:06","date_gmt":"2014-12-18T16:49:06","guid":{"rendered":"https:\/\/blogs.up.edu.pe\/nubes\/\/?page_id=1675"},"modified":"2014-12-18T11:49:06","modified_gmt":"2014-12-18T16:49:06","slug":"alejandra-quinones-gabo-realismo-magico","status":"publish","type":"page","link":"https:\/\/blogs.up.edu.pe\/nubes\/trabajos\/trabajos-finales-2014-primavera\/alejandra-quinones-gabo-realismo-magico\/","title":{"rendered":"Alejandra Qui\u00f1ones, \u201cGabo, realismo m\u00e1gico\u201d"},"content":{"rendered":"<p><strong>Alejandra Qui\u00f1ones, \u201cGabo, realismo m\u00e1gico\u201d<\/strong><\/p>\n<p>Gabriel Jos\u00e9 de la Concordia Garc\u00eda M\u00e1rquez, nacido en Aracata el 6 de marzo de 1927, m\u00e1s conocido como Gabriel Garc\u00eda M\u00e1rquez, fue un escritor, novelista, cuentista, guionista, editor y periodista colombiano. En 1982 recibi\u00f3 el Premio Nobel de Literatura.<\/p>\n<p>Gabo est\u00e1 relacionado con el realismo m\u00e1gico y su obra m\u00e1s conocida, la novela <em>Cien a\u00f1os de soledad<\/em>, se considera una de las m\u00e1s representativas de este g\u00e9nero literario.<\/p>\n<p>Durante el curso \u201cEn las nubes de la ficci\u00f3n\u201d hemos le\u00eddo un cuento de este autor \u201cUn d\u00eda de estos\u201d. Siempre he sido muy seguidora de este autor, me hubiese gustado leer m\u00e1s de \u00e9l.<\/p>\n<p>Fue famoso tanto por su genialidad como escritor as\u00ed como por su postura pol\u00edtica. Su amistad con el l\u00edder cubano Fidel Castro caus\u00f3 mucha controversia en el mundo literario y pol\u00edtico. Grac\u00eda Marqu\u00e9z escribi\u00f3 sobre pol\u00edtica expresando sus lineamientos en situaciones de sus libros, juntando como siempre la ficci\u00f3n con la realidad.<\/p>\n<p>Este autor no tiene un estilo definido y esto es algo que me ha gustado siempre de \u00e9l. Cada una de sus obras es un mundo diferente. De hecho, existen algunas cosas que se repiten como el humor.<\/p>\n<p>Podemos ver en algunas de sus obras temas relevantes como la soledad, en <em>El amor en los tiempos del c\u00f3lera<\/em>. Adem\u00e1s en su discurso del Premio Nobel el tema fue \u201cLa soledad en Am\u00e9rica Latina\u201d.<\/p>\n<p>Algunas de sus influencias literarias est\u00e1n dadas por Ernest Hemingway y William Faulkner, siendo este \u00faltimo el m\u00e1s influyente en su estilo.<\/p>\n<p>Como lo mencion\u00e9 al principio, \u00e9l se caracteriza por llevar en algunas de sus obras el realismo m\u00e1gico, que es juntar la fantas\u00eda y el mito con acciones cotidianas.<\/p>\n<p>Garc\u00eda M\u00e1rquez considera que la imaginaci\u00f3n no es sino un instrumento de la elaboraci\u00f3n de la realidad y que una novela es la representaci\u00f3n cifrada de la realidad y a la pregunta de si todo lo que escribe tiene una base real, ha contestado: \u201cNo hay en mis novelas una l\u00ednea que no est\u00e9 basada en la realidad.\u201d (Plinio Apuleyo Mendoza Garc\u00eda y Gabriel Garc\u00eda M\u00e1rquez,\u00a0<em>El olor de la guayaba. Conversaciones con Gabriel Garc\u00eda M\u00e1rquez<\/em>, 1983).<\/p>\n<p><em>Cr\u00f3nica de una muerte anunciada<\/em> es mi novela favorita, ha sido incluida en la lista de 100 mejores novelas en espa\u00f1ol del siglo XX. Esta novela fue llevada al cine.<\/p>\n<p>El cuento que fue le\u00eddo en el curso, \u201cUn d\u00eda de estos\u201d, pertenece al libro de cuentos <em>Los funerales de la mamagrande<\/em>, publicado en 1962.<\/p>\n<p>Este cuento narra un acontecimiento, consta de pocos personajes y tiene una historia simple, pero lo que transmite no es simple. Est\u00e1 narrado en tercera persona. El t\u00edtulo es bastante sugerente pues no sabes si \u00e9l pretende decir con esto que es tanta la corrupci\u00f3n que un d\u00eda de estos puede llegar a pasar algo.<\/p>\n<p>El tema o idea central del cuento es claramente el enfrentamiento entre los personajes protagonistas, el dentista y el alcalde y el desenlace que se produce entre ambos. La obra se ubica espacialmente en la ciudad de Macondo, ciudad inventada por el autor.<\/p>\n<p>Se pueden observar algunos simbolismos como que la muela fue extra\u00edda \u201csin anestesia\u201d, lo que se interpreta como venganza, adem\u00e1s cuando le dice \u201caqu\u00ed nos paga veinte muertos\u201d, tambi\u00e9n connota el mismo sentimiento de venganza. Este cuento abarca temas ideol\u00f3gicos y pol\u00edticos. Adem\u00e1s habla, como ya lo mencion\u00e9, de venganza y rencor. En mi opini\u00f3n, este cuento y esas frases est\u00e1n asociados con el sufrimiento, dolor y venganza que ten\u00edan los pobladores colombianos por la dictadura militar de la \u00e9poca y lo ligado que est\u00e1 al terrorismo.<\/p>\n<p>Todo esto, Gabo lo expon\u00eda en una literatura simple, f\u00e1cil de leer y entender. Ten\u00eda tal capacidad de generar sentimientos tan profundos, llevarte a asociar sus cuentos con la realidad, sin complicarte. Leer a Gabo siempre ser\u00e1 un placer.<\/p>\n","protected":false},"excerpt":{"rendered":"<p>Alejandra Qui\u00f1ones, \u201cGabo, realismo m\u00e1gico\u201d Gabriel Jos\u00e9 de la Concordia Garc\u00eda M\u00e1rquez, nacido en Aracata el 6 de marzo de 1927, m\u00e1s conocido como Gabriel Garc\u00eda M\u00e1rquez, fue un escritor, novelista, cuentista, guionista, editor y periodista colombiano. En 1982 recibi\u00f3 &hellip; <a href=\"https:\/\/blogs.up.edu.pe\/nubes\/trabajos\/trabajos-finales-2014-primavera\/alejandra-quinones-gabo-realismo-magico\/\">Sigue leyendo <span class=\"meta-nav\">&rarr;<\/span><\/a><\/p>\n","protected":false},"author":3,"featured_media":0,"parent":1613,"menu_order":14,"comment_status":"closed","ping_status":"closed","template":"","meta":{"footnotes":""},"class_list":["post-1675","page","type-page","status-publish","hentry"],"_links":{"self":[{"href":"https:\/\/blogs.up.edu.pe\/nubes\/wp-json\/wp\/v2\/pages\/1675","targetHints":{"allow":["GET"]}}],"collection":[{"href":"https:\/\/blogs.up.edu.pe\/nubes\/wp-json\/wp\/v2\/pages"}],"about":[{"href":"https:\/\/blogs.up.edu.pe\/nubes\/wp-json\/wp\/v2\/types\/page"}],"author":[{"embeddable":true,"href":"https:\/\/blogs.up.edu.pe\/nubes\/wp-json\/wp\/v2\/users\/3"}],"replies":[{"embeddable":true,"href":"https:\/\/blogs.up.edu.pe\/nubes\/wp-json\/wp\/v2\/comments?post=1675"}],"version-history":[{"count":2,"href":"https:\/\/blogs.up.edu.pe\/nubes\/wp-json\/wp\/v2\/pages\/1675\/revisions"}],"predecessor-version":[{"id":1678,"href":"https:\/\/blogs.up.edu.pe\/nubes\/wp-json\/wp\/v2\/pages\/1675\/revisions\/1678"}],"up":[{"embeddable":true,"href":"https:\/\/blogs.up.edu.pe\/nubes\/wp-json\/wp\/v2\/pages\/1613"}],"wp:attachment":[{"href":"https:\/\/blogs.up.edu.pe\/nubes\/wp-json\/wp\/v2\/media?parent=1675"}],"curies":[{"name":"wp","href":"https:\/\/api.w.org\/{rel}","templated":true}]}}