{"id":1672,"date":"2014-12-18T11:38:38","date_gmt":"2014-12-18T16:38:38","guid":{"rendered":"https:\/\/blogs.up.edu.pe\/nubes\/\/?page_id=1672"},"modified":"2014-12-18T11:38:38","modified_gmt":"2014-12-18T16:38:38","slug":"jorge-munoz-villaran-suenos-de-robot","status":"publish","type":"page","link":"https:\/\/blogs.up.edu.pe\/nubes\/trabajos\/trabajos-finales-2014-primavera\/jorge-munoz-villaran-suenos-de-robot\/","title":{"rendered":"Jorge Mu\u00f1oz Villar\u00e1n, \u201cSue\u00f1os de robot\u201d"},"content":{"rendered":"<p><strong>Jorge Mu\u00f1oz Villar\u00e1n, \u201cSue\u00f1os de robot\u201d<\/strong><\/p>\n<p>Eleg\u00ed \u00e9ste cuento porque tiene muchas caracter\u00edsticas que me gustan mucho de los cuentos. Entre \u00e9stas caracter\u00edsticas est\u00e1 la existencia de di\u00e1logo, la ciencia ficci\u00f3n, el no describir cada escena a detalle, etc. Adem\u00e1s de ser ligera, me llam\u00f3 la atenci\u00f3n lo que transmite el cuento, sabiendo que su autor no vivi\u00f3 m\u00e1s all\u00e1 del a\u00f1o 1992, a\u00f1o en el que yo nac\u00ed.<\/p>\n<p>Me parece sorprendente la capacidad de imaginaci\u00f3n y de proyecci\u00f3n que tuvo Isaac Asimov, ya que el tema que trata en su cuento es uno actual, que se discute constantemente viendo la capacidad de desarrollo de nuevas tecnolog\u00edas en tan poco tiempo. As\u00ed como \u00e9l dice \u201ctuve que vivir m\u00e1s de cuarenta a\u00f1os para descubrir que fui profeta\u201d, me imagino que en su \u00e9poca, cuando escribi\u00f3 el libro, todos debieron considerarlo loco y hasta indignarse por semejante estupidez: \u201clos robots nos van a dominar\u201d. Ahora todos sabemos que a lo mejor no es tan alejado de la realidad, que se discute mucho el tema de la inteligencia artificial, por lo que me llam\u00f3 mucho la atenci\u00f3n cuando vi la fecha.<\/p>\n<p>Por otro lado, me gust\u00f3 que el cuento sea ligero, no s\u00f3lo porque es corto, sino porque te mantiene enganchado (creo que mucho tiene que ver el hecho de que se desarrolle en su mayor\u00eda en di\u00e1logos), y te hace entrar en distintos pensamientos de los personajes, sin presentarlos mucho. Hablando de eso, el no describir mucho una situaci\u00f3n o personaje, me ayuda a poder mandar mi imaginaci\u00f3n a volar, ya que as\u00ed soy yo el que va armando y coloc\u00e1ndole esos peque\u00f1os detalles a la historia y voy disfrut\u00e1ndola m\u00e1s. En \u00e9ste caso, que empieza directamente con un di\u00e1logo, permite mucho de eso, de poder imaginarte d\u00f3nde estar\u00e1n, qui\u00e9nes ser\u00e1n y por qu\u00e9 est\u00e1n ah\u00ed, logrando que uno se enganche con m\u00e1s ganas, porque esa historia ya es tuya, ya la armaste y te genera un v\u00ednculo mucho m\u00e1s fuerte que leer todo y ya tener todo detallado en el mismo cuento o historia, es decir, no te permite darle un toque personal.<\/p>\n<p>Pasando a hablar del autor, me gust\u00f3 mucho su estilo, ya que leyendo sobre \u00e9l y sobre su afici\u00f3n a la ciencia, logra muy bien que el lector entienda bastante sobre los robots, sin usar palabras t\u00e9cnicas ni mucho menos. Lo llega a hacer simple y en un lenguaje amigable para el lector, con lo cual la lectura se hace m\u00e1s fluida, adem\u00e1s de agregarle un toque de misterio al tema. Supongo que esto se da porque en la \u00e9poca que public\u00f3 sus historias no mucha gente sab\u00eda de robots (o bueno, no sab\u00eda nada) y era necesario crear una imagen sencilla pero completa de lo que en realidad pod\u00eda ser un robot.<\/p>\n<p>Por un lado, siento que es ciencia ficci\u00f3n, pero no s\u00e9 si se llamar\u00e1 as\u00ed dentro de unos cien a\u00f1os, ya que por lo mencionado anteriormente, los robots ya existen, tienen \u201cinteligencia\u201d, como le llaman algunos y seg\u00fan dicen en un futuro podr\u00e1n tener sensibilidad y sentimientos, con lo cual la historia a lo mejor cambia de g\u00e9nero, lo cual tambi\u00e9n ser\u00eda muy divertido.<\/p>\n<p>Para acabar, considero que de los cuentos de ciencia ficci\u00f3n, \u00e9ste fue el m\u00e1s interesante, no s\u00f3lo por la historia en s\u00ed, sino por todo lo que engloba al cuento, pasando desde el autor hasta su contexto, adem\u00e1s de ser ligero y entretenido para m\u00ed, en este caso.<\/p>\n","protected":false},"excerpt":{"rendered":"<p>Jorge Mu\u00f1oz Villar\u00e1n, \u201cSue\u00f1os de robot\u201d Eleg\u00ed \u00e9ste cuento porque tiene muchas caracter\u00edsticas que me gustan mucho de los cuentos. Entre \u00e9stas caracter\u00edsticas est\u00e1 la existencia de di\u00e1logo, la ciencia ficci\u00f3n, el no describir cada escena a detalle, etc. Adem\u00e1s &hellip; <a href=\"https:\/\/blogs.up.edu.pe\/nubes\/trabajos\/trabajos-finales-2014-primavera\/jorge-munoz-villaran-suenos-de-robot\/\">Sigue leyendo <span class=\"meta-nav\">&rarr;<\/span><\/a><\/p>\n","protected":false},"author":3,"featured_media":0,"parent":1613,"menu_order":13,"comment_status":"closed","ping_status":"closed","template":"","meta":{"footnotes":""},"class_list":["post-1672","page","type-page","status-publish","hentry"],"_links":{"self":[{"href":"https:\/\/blogs.up.edu.pe\/nubes\/wp-json\/wp\/v2\/pages\/1672","targetHints":{"allow":["GET"]}}],"collection":[{"href":"https:\/\/blogs.up.edu.pe\/nubes\/wp-json\/wp\/v2\/pages"}],"about":[{"href":"https:\/\/blogs.up.edu.pe\/nubes\/wp-json\/wp\/v2\/types\/page"}],"author":[{"embeddable":true,"href":"https:\/\/blogs.up.edu.pe\/nubes\/wp-json\/wp\/v2\/users\/3"}],"replies":[{"embeddable":true,"href":"https:\/\/blogs.up.edu.pe\/nubes\/wp-json\/wp\/v2\/comments?post=1672"}],"version-history":[{"count":1,"href":"https:\/\/blogs.up.edu.pe\/nubes\/wp-json\/wp\/v2\/pages\/1672\/revisions"}],"predecessor-version":[{"id":1673,"href":"https:\/\/blogs.up.edu.pe\/nubes\/wp-json\/wp\/v2\/pages\/1672\/revisions\/1673"}],"up":[{"embeddable":true,"href":"https:\/\/blogs.up.edu.pe\/nubes\/wp-json\/wp\/v2\/pages\/1613"}],"wp:attachment":[{"href":"https:\/\/blogs.up.edu.pe\/nubes\/wp-json\/wp\/v2\/media?parent=1672"}],"curies":[{"name":"wp","href":"https:\/\/api.w.org\/{rel}","templated":true}]}}