{"id":1656,"date":"2014-12-18T11:03:39","date_gmt":"2014-12-18T16:03:39","guid":{"rendered":"https:\/\/blogs.up.edu.pe\/nubes\/\/?page_id=1656"},"modified":"2014-12-18T11:18:36","modified_gmt":"2014-12-18T16:18:36","slug":"alejandra-terrones-arthur-conan-doyle","status":"publish","type":"page","link":"https:\/\/blogs.up.edu.pe\/nubes\/trabajos\/trabajos-finales-2014-primavera\/alejandra-terrones-arthur-conan-doyle\/","title":{"rendered":"Alejandra Terrones, \u201cArthur Conan Doyle\u201d"},"content":{"rendered":"<p><strong>Alejandra Terrones, \u201cArthur Conan Doyle\u201d<\/strong><\/p>\n<p>Arthur Conan Doyle naci\u00f3 en Edimburgo (1859), fue m\u00e9dico y escritor de novelas policiacas. Su obra m\u00e1s destacada fue la serie de cuentos de las aventuras de Sherlock Holmes, que relatan las aventuras del detective aficionado para resolver casos de cierta complejidad. El primer cuento publicado por Doyle fue el \u201cEstudio en Escarlata\u201d en 1887. En \u00e9l se presenta el contexto y los personajes que ser\u00e1n la base para el desarrollo de los m\u00e1s de cincuenta relatos.<\/p>\n<p>Sherlock Holmes es descrito como un detective asesor de la fuerza policial en Londres que destaca por su habilidad para realizar deducciones sobre una situaci\u00f3n mediante la observaci\u00f3n. Su inseparable compa\u00f1ero, El doctor Watson, lo asiste en muchas de sus aventuras. Y finalmente, el inspector Lastrade que necesita del ingenio de Sherlock para resolver muchos de los casos que se le presentan.<\/p>\n<p>\u00bfPero c\u00f3mo es que estos simples personajes hacen de las historias de Conan Doyle historias inolvidables? Considero que son varias las razones que nos cautivan. Primero, uno de los ingredientes clave en el \u00e9xito de las historias de Doyle es la interacci\u00f3n entre los personajes, cada uno de ellos representa una forma de ver la historia, por lo que finalmente se complementan. Sherlock Holmes es representado como un personaje meramente anal\u00edtico, con gran capacidad de deducci\u00f3n (a partir de detalles muy peque\u00f1os). Por ejemplo, en el cuento de \u201cEl carbunclo azul\u201d Holmes es capaz de deducir el estatus social, la edad y hasta los problemas que Henry Baker ten\u00eda con su esposa solamente mediante la observaci\u00f3n de las caracter\u00edsticas del sombrero que encontraron. Por otro lado, el personaje de Watson es el narrador de las historias de Holmes, es un atento observador de su ingenio y proporciona al lector una forma de relacionarse con la historia.<\/p>\n<p>El que las aventuras de Sherlock Holmes sean narradas por Watson y no por Sherlock genera una conexi\u00f3n con el lector, ya que el personaje de Watson pasa a ser los ojos y o\u00eddos del lector en la historia. Considero que esta es la segunda raz\u00f3n del \u00e9xito de las historias de Doyle, ya que con cada una de ellas proporciona un reto. Personalmente, esta es la principal raz\u00f3n por la que he le\u00eddo varios de sus cuentos, al leerlos siento que el autor brinda los elementos necesarios para resolver cada uno de sus misterios e incentiva al lector a seguir el formato del pensamiento deductivo de Holmes. De esta forma, Doyle convierte a Sherlock en el maestro y al lector en un estudiante que mediante la pr\u00e1ctica puede alcanzar la capacidad deductiva de este gran detective.<\/p>\n<p>FInalmente, uno de los elementos m\u00e1s importantes en las aventuras de Sherlock Holmes, es la idea de que la inteligencia y la observaci\u00f3n pueden resolver grandes misterios. Es decir, Doyle nos lleva a pensar que los problemas de la vida cotidiana pueden resolverse mediante simple observaci\u00f3n, una realidad para muchos ideal y a la vez ut\u00f3pica.<\/p>\n","protected":false},"excerpt":{"rendered":"<p>Alejandra Terrones, \u201cArthur Conan Doyle\u201d Arthur Conan Doyle naci\u00f3 en Edimburgo (1859), fue m\u00e9dico y escritor de novelas policiacas. Su obra m\u00e1s destacada fue la serie de cuentos de las aventuras de Sherlock Holmes, que relatan las aventuras del detective &hellip; <a href=\"https:\/\/blogs.up.edu.pe\/nubes\/trabajos\/trabajos-finales-2014-primavera\/alejandra-terrones-arthur-conan-doyle\/\">Sigue leyendo <span class=\"meta-nav\">&rarr;<\/span><\/a><\/p>\n","protected":false},"author":3,"featured_media":0,"parent":1613,"menu_order":10,"comment_status":"closed","ping_status":"closed","template":"","meta":{"footnotes":""},"class_list":["post-1656","page","type-page","status-publish","hentry"],"_links":{"self":[{"href":"https:\/\/blogs.up.edu.pe\/nubes\/wp-json\/wp\/v2\/pages\/1656","targetHints":{"allow":["GET"]}}],"collection":[{"href":"https:\/\/blogs.up.edu.pe\/nubes\/wp-json\/wp\/v2\/pages"}],"about":[{"href":"https:\/\/blogs.up.edu.pe\/nubes\/wp-json\/wp\/v2\/types\/page"}],"author":[{"embeddable":true,"href":"https:\/\/blogs.up.edu.pe\/nubes\/wp-json\/wp\/v2\/users\/3"}],"replies":[{"embeddable":true,"href":"https:\/\/blogs.up.edu.pe\/nubes\/wp-json\/wp\/v2\/comments?post=1656"}],"version-history":[{"count":3,"href":"https:\/\/blogs.up.edu.pe\/nubes\/wp-json\/wp\/v2\/pages\/1656\/revisions"}],"predecessor-version":[{"id":1665,"href":"https:\/\/blogs.up.edu.pe\/nubes\/wp-json\/wp\/v2\/pages\/1656\/revisions\/1665"}],"up":[{"embeddable":true,"href":"https:\/\/blogs.up.edu.pe\/nubes\/wp-json\/wp\/v2\/pages\/1613"}],"wp:attachment":[{"href":"https:\/\/blogs.up.edu.pe\/nubes\/wp-json\/wp\/v2\/media?parent=1656"}],"curies":[{"name":"wp","href":"https:\/\/api.w.org\/{rel}","templated":true}]}}