{"id":1651,"date":"2014-12-18T10:48:26","date_gmt":"2014-12-18T15:48:26","guid":{"rendered":"https:\/\/blogs.up.edu.pe\/nubes\/\/?page_id=1651"},"modified":"2014-12-18T11:16:02","modified_gmt":"2014-12-18T16:16:02","slug":"lisa-infante-el-placentero-paseo-por-un-lugar-que-creiamos-conocido","status":"publish","type":"page","link":"https:\/\/blogs.up.edu.pe\/nubes\/trabajos\/trabajos-finales-2014-primavera\/lisa-infante-el-placentero-paseo-por-un-lugar-que-creiamos-conocido\/","title":{"rendered":"Lisa Infante, \u201cEl placentero paseo por un lugar que cre\u00edamos conocido\u201d"},"content":{"rendered":"<p><strong>Lisa Infante, \u201cEl placentero paseo por un lugar que cre\u00edamos conocido\u201d<\/strong><\/p>\n<p>A lo largo del taller <em>En las nubes de la ficci\u00f3n<\/em> le\u00edmos un sinf\u00edn de cuentos que fueron novedad para la mayor\u00eda y cautivaron a los lectores desde el inicio, como tambi\u00e9n unos que dejaron expectativas insatisfechas para un grupo de alumnos. No obstante, el presente ensayo est\u00e1 dedicado a los cuentos que, en mi caso, rele\u00ed por una segunda o tercera vez a lo largo de mi vida.<\/p>\n<p>Por un lado, mencionar\u00e9 a Edgar Allan Poe y su cuento \u201cEl coraz\u00f3n delator\u201d. Entre los cuentos que he le\u00eddo de dicho autor durante mi vida, este es el que m\u00e1s me impact\u00f3 y por ello fue un verdadero placer tener la oportunidad de releerlo durante el desarrollo del taller. En esta oportunidad, el cuento me impresion\u00f3 y gust\u00f3 igual o inclusive m\u00e1s que la primera vez que lo hab\u00eda le\u00eddo, a\u00f1os atr\u00e1s. En efecto, recordaba varios de los detalles que componen este cuento a la perfecci\u00f3n y reviv\u00ed otros que hab\u00eda olvidado, como por ejemplo el sorpresivo final en donde el personaje principal se delata a s\u00ed mismo, debido al incesante latido del coraz\u00f3n delator que o\u00eda\u2026 que curiosamente solo \u00e9l o\u00eda:<\/p>\n<p style=\"padding-left: 30px;\">\u201c\u00a1Basta ya de fingir, malvados! \u2014aull\u00e9\u2014 \u00a1Confieso que lo mat\u00e9! \u00a1Levanten esos tablones! \u00a1Ah\u00ed\u2026 ah\u00ed! \u00a1Donde est\u00e1 latiendo su horrible coraz\u00f3n!\u201d<\/p>\n<p>Esta repentina confesi\u00f3n del protagonista principal ha sido el fragmento m\u00e1s destacable del relato, con el cual el lector puede entender que el personaje principal es probablemente una persona con alg\u00fan desorden mental. En mi caso, cuando comenc\u00e9 a leerlo, recordaba que el cuento ten\u00eda un final sorpresivo para los lectores, lo cual me mantuvo atenta e incluso algo impaciente por finalmente leer las l\u00edneas finales y revivir la emoci\u00f3n que sent\u00ed la primera vez que lo hab\u00eda le\u00eddo.<\/p>\n<p>La minuciosidad de Poe para describir c\u00f3mo el personaje principal observaba al \u2018viejo\u2019 todas las noches y la pausad\u00edsima rutina que segu\u00eda para observar a su v\u00edctima y poder encontrarse cara a cara con el ojo que lo perturbaba tanto fueron espeluznantes para m\u00ed y son, sin lugar a dudas, caracter\u00edsticas claves del autor en la redacci\u00f3n de sus narraciones, por lo cual es adem\u00e1s conocido por muchos como el Shakespeare de Estados Unidos.<\/p>\n<p>Por otro lado, mencionar\u00e9 el cuento \u201cEl Aleph\u201d escrito por el argentino Jorge Luis Borges. Para m\u00ed fue una excelente oportunidad poder volver a leer este cuento, debido a que la primera vez que lo hab\u00eda le\u00eddo fue durante mi \u00e9poca escolar y el cuento no hab\u00eda resultado muy atractivo para m\u00ed. Inclusive, me encontraba medio esquiva al saber que tendr\u00eda que leerlo nuevamente durante el desarrollo del taller porque recordaba el sinsabor que hab\u00eda dejado en m\u00ed la primera vez que lo hab\u00eda le\u00eddo. Sin embargo, al releerlo en esta ocasi\u00f3n, \u201cEl Aleph\u201d present\u00f3 ciertos puntos de vista que no hab\u00eda sido capaz de valorar en mi primera lectura y, de este modo, se torn\u00f3 mucho m\u00e1s interesante y sustancioso que la primera vez.<\/p>\n<p>Por ejemplo, recuerdo c\u00f3mo nuestro profesor de colegio trataba de enfatizar la importancia del Aleph cuando lo le\u00edmos en clase y c\u00f3mo m\u00e1s de un compa\u00f1ero del sal\u00f3n no le ve\u00eda tal importancia al simbolismo del mismo. Empero, en esta oportunidad, el Aleph supo sorprenderme tanto como lo hac\u00eda con mi antiguo profesor de lenguaje. El Aleph, seg\u00fan el narrador, es una peque\u00f1a esfera tornasolada que ofrece el espect\u00e1culo de todos los puntos del universo. A trav\u00e9s de \u00e9l se pueden ver infinitas cosas:<\/p>\n<p style=\"padding-left: 30px;\">\u201cVi el populoso mar, vi el alba y la tarde, vi las muchedumbres de Am\u00e9rica, vi una plateada telara\u00f1a en el centro de una pir\u00e1mide, vi un laberinto roto (era Londres)&#8230;\u201d<br \/>\n\u201cEl Aleph es uno de los puntos del espacio que contiene todos los puntos.\u201d<\/p>\n<p>Es as\u00ed como reconocemos que el fin principal del autor con este cuento consiste en ubicar un objeto simb\u00f3lico, el Aleph, en un \u00e1mbito real, la ciudad de Buenos Aires, lo cual puede estar incluso relacionado con la intenci\u00f3n del autor de extraer de la teolog\u00eda una idea central de algo majestuoso y trascendente como lo es Dios y urdirlo en una trama fant\u00e1stica como ocurre con \u201cEl Aleph\u201d. Por \u00faltimo, quisiera mencionar que es sorprendente ver que el autor busca describir algo infinito a trav\u00e9s de un recurso finito como es el lenguaje y la importancia del papel del lector en imaginarse y proyectar una sucesi\u00f3n interminable a trav\u00e9s del Aleph.<\/p>\n<p>En s\u00edntesis, quisiera mencionar la importancia de no despreciar un cuento luego de una primera lectura del mismo, porque como me ocurri\u00f3 a m\u00ed, cualquier relato puede presentarte nuevas perspectivas de la trama y del fin del autor conforme se relea. Adem\u00e1s, las experiencias personales que cada uno tiene a lo largo de su vida y el nivel de madurez de cada uno, pueden influenciar en que una segunda o tercera lectura de un texto se vuelva mucho m\u00e1s interesante que la primera vez que se ley\u00f3 el mismo.<\/p>\n","protected":false},"excerpt":{"rendered":"<p>Lisa Infante, \u201cEl placentero paseo por un lugar que cre\u00edamos conocido\u201d A lo largo del taller En las nubes de la ficci\u00f3n le\u00edmos un sinf\u00edn de cuentos que fueron novedad para la mayor\u00eda y cautivaron a los lectores desde el &hellip; <a href=\"https:\/\/blogs.up.edu.pe\/nubes\/trabajos\/trabajos-finales-2014-primavera\/lisa-infante-el-placentero-paseo-por-un-lugar-que-creiamos-conocido\/\">Sigue leyendo <span class=\"meta-nav\">&rarr;<\/span><\/a><\/p>\n","protected":false},"author":3,"featured_media":0,"parent":1613,"menu_order":9,"comment_status":"closed","ping_status":"closed","template":"","meta":{"footnotes":""},"class_list":["post-1651","page","type-page","status-publish","hentry"],"_links":{"self":[{"href":"https:\/\/blogs.up.edu.pe\/nubes\/wp-json\/wp\/v2\/pages\/1651","targetHints":{"allow":["GET"]}}],"collection":[{"href":"https:\/\/blogs.up.edu.pe\/nubes\/wp-json\/wp\/v2\/pages"}],"about":[{"href":"https:\/\/blogs.up.edu.pe\/nubes\/wp-json\/wp\/v2\/types\/page"}],"author":[{"embeddable":true,"href":"https:\/\/blogs.up.edu.pe\/nubes\/wp-json\/wp\/v2\/users\/3"}],"replies":[{"embeddable":true,"href":"https:\/\/blogs.up.edu.pe\/nubes\/wp-json\/wp\/v2\/comments?post=1651"}],"version-history":[{"count":3,"href":"https:\/\/blogs.up.edu.pe\/nubes\/wp-json\/wp\/v2\/pages\/1651\/revisions"}],"predecessor-version":[{"id":1654,"href":"https:\/\/blogs.up.edu.pe\/nubes\/wp-json\/wp\/v2\/pages\/1651\/revisions\/1654"}],"up":[{"embeddable":true,"href":"https:\/\/blogs.up.edu.pe\/nubes\/wp-json\/wp\/v2\/pages\/1613"}],"wp:attachment":[{"href":"https:\/\/blogs.up.edu.pe\/nubes\/wp-json\/wp\/v2\/media?parent=1651"}],"curies":[{"name":"wp","href":"https:\/\/api.w.org\/{rel}","templated":true}]}}