{"id":1644,"date":"2014-12-02T19:13:35","date_gmt":"2014-12-03T00:13:35","guid":{"rendered":"https:\/\/blogs.up.edu.pe\/nubes\/\/?page_id=1644"},"modified":"2014-12-02T19:13:35","modified_gmt":"2014-12-03T00:13:35","slug":"sandra-barletti-salas-alienacion-de-julio-ramon-ribeyro","status":"publish","type":"page","link":"https:\/\/blogs.up.edu.pe\/nubes\/trabajos\/trabajos-finales-2014-primavera\/sandra-barletti-salas-alienacion-de-julio-ramon-ribeyro\/","title":{"rendered":"Sandra Barletti Salas, \u201c\u2018Alienaci\u00f3n\u2019 de Julio Ram\u00f3n Ribeyro\u201d"},"content":{"rendered":"<p><strong>Sandra Barletti Salas, \u201c\u2018Alienaci\u00f3n\u2019 de Julio Ram\u00f3n Ribeyro\u201d<\/strong><\/p>\n<p>\u201cAlineaci\u00f3n\u201d de Julio Ram\u00f3n Ribeyro me pareci\u00f3 un cuento muy interesante porque expone c\u00f3mo la discriminaci\u00f3n puede llevar a acometer cambios extremos en las personas. En este caso el personaje principal es un muchacho que se deja influenciar por un comentario racista y decide convertirse de pies a cabeza en lo m\u00e1s semejante a un gringo; dejar atr\u00e1s su aspecto de \u201czambo\u201d, su verdadera identidad y ra\u00edces, para sentirse aceptado dentro de la sociedad.<\/p>\n<p style=\"padding-left: 30px;\">\u201cLa vida se encarg\u00f3 de ense\u00f1arle que si quer\u00eda triunfar en una ciudad colonial m\u00e1s val\u00eda saltar las etapas intermedias y ser antes que un blanquito de ac\u00e1 un gringo de all\u00e1.\u201d<\/p>\n<p>Cambiar de aspecto f\u00edsico, ropa, idioma, con tal de ser aceptado dentro la sociedad, buscando americanizarse y despojarse de sus ra\u00edces para matar al peruano que hab\u00eda en \u00e9l. Roberto estaba decidido en cumplir este objetivo, hasta llegando a cambiar su nombre en los documentos oficiales, donde aparec\u00eda como Bob (Boby para sus conocidos). Pretend\u00eda pertenecer a otro c\u00edrculo social, caminando cuadras desde su casa en callej\u00f3n tan solo para jugar con \u201cblanquitos\u201d. Esto lo llevo a enfrentarse con la realidad racista, al recibir un comentario de parte de la chica de la que todos estaban enamorados. Era una tarde de juegos cuando Queca, dirigi\u00e9ndose hacia \u00e9l, pronunci\u00f3: \u201cYo no juego con zambos\u201d. Esta frase marc\u00f3 de manera significativa la vida de Boby, no solo hiriendo sus sentimientos sino provocando un profundo desencanto con su identidad. De esta manera, a temprana edad comenz\u00f3 a buscar modelos de quienes deb\u00eda imitar la apariencia de pelo m\u00e1s claro y cutis sonrojado. Este es un claro ejemplo de c\u00f3mo el racismo tiene graves consecuencias en la distorsi\u00f3n de la identidad, la cual es pieza vital para desarrollarse como individuos dentro de la sociedad.<\/p>\n<p>La interacci\u00f3n con las personas de nuestro entorno influye en la construcci\u00f3n de la identidad, la cual nos identifica dentro de la sociedad como individuos. La identidad personal se va formando y modelando de acuerdo a nuestro lado m\u00e1s \u00edntimo, el cual resguarda nuestros impulsos, y por el otro lado las expectativas de los dem\u00e1s, las cuales sin querer se adhieren a cada uno de nosotros, haci\u00e9ndonos reconocibles dentro de la colectividad.<\/p>\n<p>Asimismo, un componente fundamental que caracteriza nuestra identidad son los grupos a los que pertenecemos. Desde que nacemos, lo que nos transmite la familia al cuidarnos y las ense\u00f1anzas que recogemos de los errores y aciertos, definen lo que somos hoy en d\u00eda. Es as\u00ed que a lo largo de la vida uno va formando parte de varios grupos sociales, ya sea en el colegio, en la universidad, en el trabajo, en el grupo religioso al que uno pertenece, y hasta el distrito donde uno vive. Todos los integrantes de dichos grupos interact\u00faan con uno, intercambiando opiniones y experiencias, mediante la convivencia y conversaciones. De este modo, uno asimila esa informaci\u00f3n y la hace parte de uno mismo. Un punto relevante en la identidad, es la sumatoria total de la valoraci\u00f3n de los dem\u00e1s para con nosotros, sobre todo en el hecho de tener un papel fundamental en nuestro autoestima.<\/p>\n<p>La principal raz\u00f3n que explica la batalla sin voz hacia el racismo, es la heterogeneidad racial que existe en el pa\u00eds. Somos una sociedad multirracial, que alberga tanto a blancos como a mestizos y negros. Cada una de las razas que viven en el Per\u00fa contiene una riqueza incalculable distribuida en sus h\u00e1bitos, lenguas, ra\u00edces, costumbres culinarias, danzas, etc. Por ello la identidad de cada uno de estos grupos debe ser valorada por todos los peruanos, sinti\u00e9ndonos orgullosos de pertenecer a este pa\u00eds andino.<\/p>\n<p>Los peruanos debemos internalizar la idea de que somos un pa\u00eds heterog\u00e9neo y que todos, sin excluir a nadie, somos parte de una misma naci\u00f3n. Es un trabajo de todos, y no solo de un estrato social, ya que el Per\u00fa presenta un racismo individualizado, en el que nos \u201ccholeamos\u201d entre nosotros. Si la sociedad empezara a tratar a todos por igual, ser\u00edamos un pa\u00eds m\u00e1s unido, con mayor autoestima, pero sobre todo, m\u00e1s feliz. Adem\u00e1s existir\u00eda menos inseguridad en la poblaci\u00f3n y disminuir\u00edan los sentimientos de rencor y odio.<\/p>\n","protected":false},"excerpt":{"rendered":"<p>Sandra Barletti Salas, \u201c\u2018Alienaci\u00f3n\u2019 de Julio Ram\u00f3n Ribeyro\u201d \u201cAlineaci\u00f3n\u201d de Julio Ram\u00f3n Ribeyro me pareci\u00f3 un cuento muy interesante porque expone c\u00f3mo la discriminaci\u00f3n puede llevar a acometer cambios extremos en las personas. En este caso el personaje principal es &hellip; <a href=\"https:\/\/blogs.up.edu.pe\/nubes\/trabajos\/trabajos-finales-2014-primavera\/sandra-barletti-salas-alienacion-de-julio-ramon-ribeyro\/\">Sigue leyendo <span class=\"meta-nav\">&rarr;<\/span><\/a><\/p>\n","protected":false},"author":3,"featured_media":0,"parent":1613,"menu_order":7,"comment_status":"closed","ping_status":"closed","template":"","meta":{"footnotes":""},"class_list":["post-1644","page","type-page","status-publish","hentry"],"_links":{"self":[{"href":"https:\/\/blogs.up.edu.pe\/nubes\/wp-json\/wp\/v2\/pages\/1644","targetHints":{"allow":["GET"]}}],"collection":[{"href":"https:\/\/blogs.up.edu.pe\/nubes\/wp-json\/wp\/v2\/pages"}],"about":[{"href":"https:\/\/blogs.up.edu.pe\/nubes\/wp-json\/wp\/v2\/types\/page"}],"author":[{"embeddable":true,"href":"https:\/\/blogs.up.edu.pe\/nubes\/wp-json\/wp\/v2\/users\/3"}],"replies":[{"embeddable":true,"href":"https:\/\/blogs.up.edu.pe\/nubes\/wp-json\/wp\/v2\/comments?post=1644"}],"version-history":[{"count":1,"href":"https:\/\/blogs.up.edu.pe\/nubes\/wp-json\/wp\/v2\/pages\/1644\/revisions"}],"predecessor-version":[{"id":1645,"href":"https:\/\/blogs.up.edu.pe\/nubes\/wp-json\/wp\/v2\/pages\/1644\/revisions\/1645"}],"up":[{"embeddable":true,"href":"https:\/\/blogs.up.edu.pe\/nubes\/wp-json\/wp\/v2\/pages\/1613"}],"wp:attachment":[{"href":"https:\/\/blogs.up.edu.pe\/nubes\/wp-json\/wp\/v2\/media?parent=1644"}],"curies":[{"name":"wp","href":"https:\/\/api.w.org\/{rel}","templated":true}]}}