{"id":1639,"date":"2014-12-02T18:57:27","date_gmt":"2014-12-02T23:57:27","guid":{"rendered":"https:\/\/blogs.up.edu.pe\/nubes\/\/?page_id=1639"},"modified":"2014-12-02T18:58:08","modified_gmt":"2014-12-02T23:58:08","slug":"paola-pastor-aragon-los-dias-verdes-de-jose-guich-rodriguez","status":"publish","type":"page","link":"https:\/\/blogs.up.edu.pe\/nubes\/trabajos\/trabajos-finales-2014-primavera\/paola-pastor-aragon-los-dias-verdes-de-jose-guich-rodriguez\/","title":{"rendered":"Paola Pastor Arag\u00f3n, \u201c\u2018Los d\u00edas verdes\u2019 de Jos\u00e9 G\u00fcich Rodr\u00edguez\u201d"},"content":{"rendered":"<p><strong>Paola Pastor Arag\u00f3n, \u201c\u2018Los d\u00edas verdes\u2019 de Jos\u00e9 G\u00fcich Rodr\u00edguez\u201d<\/strong><\/p>\n<p>\u201cLos d\u00edas verdes\u201d fue uno de los cuentos que m\u00e1s disfrut\u00e9 leer en el curso virtual de lectura. Eleg\u00ed este relato porque me encant\u00f3 la trama, el suspenso inicial y lo que esconde detr\u00e1s de la historia, y qu\u00e9 mejor que escoger a un cuentista peruano para finalizar el curso. Jos\u00e9 G\u00fcich Rodr\u00edguez es un notable escritor peruano, especialista en la fantas\u00eda y ciencia ficci\u00f3n, tem\u00e1tica que caracteriza el relato en cuesti\u00f3n. Adem\u00e1s, sus obras son de las mejores representantes de la literatura fant\u00e1stica contempor\u00e1nea.<\/p>\n<p>Este cuento relata la vida de una sociedad dominada por el reino vegetal, en la que el autor da personalidad a las plantas. Al inicio del relato nos muestra una conversaci\u00f3n entre Gonzalo y Rodrigo, dos personajes que muestran gran preocupaci\u00f3n en el di\u00e1logo pero ninguno menciona de manera clara lo que ocurre. Desde el primer p\u00e1rrafo se menciona el avance incontenible de la parra y la resignaci\u00f3n de los personajes, sin embargo es dif\u00edcil certificar lo que acontece dado lo descabellado de la situaci\u00f3n.<\/p>\n<p>La tem\u00e1tica que presenta el relato es absurda debido a que en la historia se les atribuye a las plantas sentimientos de molestia y sensibilidad. Se muestra a las plantas como invasoras enloquecidas, que no permiten a los humanos comer vegetales. Lo m\u00e1s descabellado de la situaci\u00f3n es que los humanos se dan por vencidos y no encuentran soluci\u00f3n al problema. Est\u00e1n sometidos a las \u00f3rdenes de las plantas por miedo a que los ejecuten.<\/p>\n<p>Este tema me hizo recordar de inmediato el sometimiento de los ciudadanos en alg\u00fan Estado opresor. Por ejemplo, en el caso de estados comunistas en el que las personas deben someterse a sus gobernantes y a las ideolog\u00edas que les imponen. Esto ha ocurrido a lo largo de la historia en distintos pa\u00edses y continentes, donde gobernantes oprimen a sus ciudadanos y utilizan el terror para dominarlos. El caso m\u00e1s conocido es el de Hitler y la Alemania nazi. A grandes rasgos, el reino vegetal es el Estado nazi que utiliza a la parra (SS) para ejecutar a los que piensen distinto a la ideolog\u00eda que Hitler busca imponer.<\/p>\n<p>En el caso de la historia, la opresi\u00f3n de las plantas hacia los humanos resulta claramente m\u00e1s c\u00f3mica, a pesar de que sometan a muerte a los que piensan de manera distinta. Una acci\u00f3n que me caus\u00f3 gracia fue c\u00f3mo las plantas condenan a muerte a tres mujeres que deciden sublevarse y comer alimentos de origen vegetal. En la historia, a los humanos solo se les permit\u00eda comer l\u00e1cteos y carnes, pero ellas hacen caso omiso a las indicaciones y deciden almorzar ensalada de zanahorias, tomate y espinacas. Las tres ancianas fueron llamadas a confesar el crimen cometido y fueron ahorcadas en la plaza frente a varios espectadores. Lo mismo ocurri\u00f3 con Rodrigo, quien decide sublevarse y termina siendo asesinado por los vegetales.<\/p>\n<p>La tem\u00e1tica que el autor presenta en su obra es com\u00fan en varias de sus historias, en las que dota de vida y personalidad a objetos que no las tienen, lo que hace interesantes sus historias y les da un giro dram\u00e1tico y c\u00f3mico. A su vez, el autor les brinda mucha verosimilitud debido a que presenta los hechos como si fueran comunes y corrientes, apoyado en el uso del di\u00e1logo que da la impresi\u00f3n de que se est\u00e1 frente a un relato real. Un aspecto que hace muy fresca y r\u00e1pida la lectura de sus cuentos es la sencillez y sobriedad en el manejo del lenguaje. A su vez, el suspenso que agrega y lo descabellado de las situaciones permiten que el lector est\u00e9 atento. \u00a1Alg\u00fan hecho inesperado va a ocurrir con certeza!<\/p>\n","protected":false},"excerpt":{"rendered":"<p>Paola Pastor Arag\u00f3n, \u201c\u2018Los d\u00edas verdes\u2019 de Jos\u00e9 G\u00fcich Rodr\u00edguez\u201d \u201cLos d\u00edas verdes\u201d fue uno de los cuentos que m\u00e1s disfrut\u00e9 leer en el curso virtual de lectura. Eleg\u00ed este relato porque me encant\u00f3 la trama, el suspenso inicial y &hellip; <a href=\"https:\/\/blogs.up.edu.pe\/nubes\/trabajos\/trabajos-finales-2014-primavera\/paola-pastor-aragon-los-dias-verdes-de-jose-guich-rodriguez\/\">Sigue leyendo <span class=\"meta-nav\">&rarr;<\/span><\/a><\/p>\n","protected":false},"author":3,"featured_media":0,"parent":1613,"menu_order":6,"comment_status":"closed","ping_status":"closed","template":"","meta":{"footnotes":""},"class_list":["post-1639","page","type-page","status-publish","hentry"],"_links":{"self":[{"href":"https:\/\/blogs.up.edu.pe\/nubes\/wp-json\/wp\/v2\/pages\/1639","targetHints":{"allow":["GET"]}}],"collection":[{"href":"https:\/\/blogs.up.edu.pe\/nubes\/wp-json\/wp\/v2\/pages"}],"about":[{"href":"https:\/\/blogs.up.edu.pe\/nubes\/wp-json\/wp\/v2\/types\/page"}],"author":[{"embeddable":true,"href":"https:\/\/blogs.up.edu.pe\/nubes\/wp-json\/wp\/v2\/users\/3"}],"replies":[{"embeddable":true,"href":"https:\/\/blogs.up.edu.pe\/nubes\/wp-json\/wp\/v2\/comments?post=1639"}],"version-history":[{"count":3,"href":"https:\/\/blogs.up.edu.pe\/nubes\/wp-json\/wp\/v2\/pages\/1639\/revisions"}],"predecessor-version":[{"id":1642,"href":"https:\/\/blogs.up.edu.pe\/nubes\/wp-json\/wp\/v2\/pages\/1639\/revisions\/1642"}],"up":[{"embeddable":true,"href":"https:\/\/blogs.up.edu.pe\/nubes\/wp-json\/wp\/v2\/pages\/1613"}],"wp:attachment":[{"href":"https:\/\/blogs.up.edu.pe\/nubes\/wp-json\/wp\/v2\/media?parent=1639"}],"curies":[{"name":"wp","href":"https:\/\/api.w.org\/{rel}","templated":true}]}}