{"id":1629,"date":"2014-12-02T18:12:40","date_gmt":"2014-12-02T23:12:40","guid":{"rendered":"https:\/\/blogs.up.edu.pe\/nubes\/\/?page_id=1629"},"modified":"2014-12-02T18:12:40","modified_gmt":"2014-12-02T23:12:40","slug":"andrea-arimana-cuentos-de-julio-ramon-ribeyro","status":"publish","type":"page","link":"https:\/\/blogs.up.edu.pe\/nubes\/trabajos\/trabajos-finales-2014-primavera\/andrea-arimana-cuentos-de-julio-ramon-ribeyro\/","title":{"rendered":"Andrea Arimana, \u201cCuentos de Julio Ram\u00f3n Ribeyro\u201d"},"content":{"rendered":"<p><strong>Andrea Arimana, \u201cCuentos de Julio Ram\u00f3n Ribeyro\u201d<\/strong><\/p>\n<p>Julio Ram\u00f3n Ribeyro fue un cuentista peruano reconocido por su gran aporte a la literatura latinoamericana. Eleg\u00ed hablar de este autor porque sus cuentos fueron mis favoritos, con un lenguaje simple y directo, tocando situaciones cotidianas y f\u00e1cilmente identificables. En el transcurso de este curso hemos le\u00eddo dos cuentos de Julio Ram\u00f3n Ribeyro: \u201cLos huaqueros\u201d y \u201cAlienaci\u00f3n\u201d. En ambos cuentos se ve la reflexi\u00f3n de Ribeyro sobre la sociedad lime\u00f1a, con personajes pertenecientes a las clases medias o bajas que muestran el \u201ccriollismo lime\u00f1o\u201d y la discriminaci\u00f3n entre ciudadanos.<\/p>\n<p>El cuento \u201cLos huaqueros\u201d se desarrolla en la Huaca Pucllana, sitio arqueol\u00f3gico conservado por el Ministerio de Cultura y la Municipalidad del distritode Miraflores. Son dos parejas que quieren saquear el sitio y cavan en busca de alg\u00fan bien de valor que pueda ser vendido il\u00edcitamente. El autor le da un toque humor\u00edstico al cuento y, sin embargo, relata una falta contra al patrimonio nacional. Pone en evidencia el \u201ccriollismo\u201d, en el que gana el m\u00e1s vivo. El di\u00e1logo es muy coloquial, se utilizan palabras sencillas y familiares. Los apodos, las malas conjugaciones y las faltas ling\u00fc\u00edsticas ponen en evidencia el origen social y la formaci\u00f3n de los personajes involucrados.<\/p>\n<p>La parte que me indign\u00f3 m\u00e1s del cuento es cuando la polic\u00eda se une a este delito. En vez de denunciar el acto, se vuelven c\u00f3mplices y proponen que se reparta el \u201ctesoro\u201d. Las autoridades son f\u00e1cilmente corruptibles, pues por un poco de dinero (esperanza de recibir la mitad) se quedan calladas y hasta pasan a ser parte del huaqueo. Cada uno tiene su propio inter\u00e9s, sin pensar en c\u00f3mo se perjudica este sitio hist\u00f3rico. El cuento tiene un giro cuando, en vez de encontrar un tesoro, encuentran el cad\u00e1ver de un ni\u00f1o. Ellos deciden huir, llevarse la madera para poder hacer le\u00f1a, lo cual me pareci\u00f3 muy despreciable. La polic\u00eda, en vez de reportar el cad\u00e1ver, es indiferente al mismo, debido a que no tiene un valor comercial.<\/p>\n<p>El cuento \u201cAlienaci\u00f3n\u201d, por su parte, relata la percepci\u00f3n lime\u00f1a de que todo lo extranjero es mejor. Es una suerte de sue\u00f1o americano idealizado. El protagonista del cuento es Roberto L\u00f3pez, persona de piel oscura que, producto de varios factores, termina siendo presa del racismo. En el cuento se narra el enamoramiento del personaje por Queca, que lo rechaza por ser \u201czambo\u201d. A partir de ese momento, Roberto termina odiando su color de piel y tratando de diferenciar su identidad de la peruana: \u201cTuvo que empezar por matar al peruano que hab\u00eda en \u00e9l y por coger algo de cada gringo que conoci\u00f3\u201d.<\/p>\n<p>Roberto desarrolla una admiraci\u00f3n hacia los \u201cgringos\u201d y se empe\u00f1a en todo momento en ser uno de ellos. Cambia su apariencia f\u00edsica, utiliza ropa importada, se ti\u00f1e el pelo y se maquilla la piel; todo para parecerse a ellos. Asimismo, absorbe todo lo que ve de ellos para adoptar sus costumbres; incluso se mete a clases de ingl\u00e9s. Es ah\u00ed donde encuentra a Jos\u00e9 Mar\u00eda, quien comparte su admiraci\u00f3n y su anhelo de convertirse en un gringo. Ellos planean viajar a Estados Unidos pues piensan que as\u00ed podr\u00edan encontrar un mejor futuro. Como era de esperarse, esta idealizaci\u00f3n estaba muy alejada a la realidad, pues al llegar se dieron cuenta que no eran los \u00fanicos con ese sue\u00f1o y que la discriminaci\u00f3n segu\u00eda existiendo all\u00e1. Al final, Boby tuvo que recurrir al ej\u00e9rcito por falta de recursos, y en la guerra termina siendo asesinado. Por otro lado, Queca se casa con Billy, un gringo que la denigra por ser \u201cchola\u201d.<\/p>\n<p>En ambos cuentos Ribeyro es capaz de entretener al lector con situaciones cotidianas narradas humor\u00edsticamente. Sin embargo, es muy cr\u00edtico de la sociedad lime\u00f1a y abarca temas muy graves y preocupantes. En el primero, la corrupci\u00f3n y el ego\u00edsmo son problem\u00e1ticas a resolver en el pa\u00eds, donde las autoridades no solo no cumplen su tarea sino que se suman a actos il\u00edcitos. En el segundo, toca el tema de la discriminaci\u00f3n y la jerarquizaci\u00f3n social seg\u00fan las razas. Lamentablemente, el racismo se sigue dando en el pa\u00eds, creando una sociedad segmentada y un complejo en los peruanos. Esta forma de discriminaci\u00f3n llega a tener prejuicios basados en algo tan superficial como el color de la piel.<\/p>\n","protected":false},"excerpt":{"rendered":"<p>Andrea Arimana, \u201cCuentos de Julio Ram\u00f3n Ribeyro\u201d Julio Ram\u00f3n Ribeyro fue un cuentista peruano reconocido por su gran aporte a la literatura latinoamericana. Eleg\u00ed hablar de este autor porque sus cuentos fueron mis favoritos, con un lenguaje simple y directo, &hellip; <a href=\"https:\/\/blogs.up.edu.pe\/nubes\/trabajos\/trabajos-finales-2014-primavera\/andrea-arimana-cuentos-de-julio-ramon-ribeyro\/\">Sigue leyendo <span class=\"meta-nav\">&rarr;<\/span><\/a><\/p>\n","protected":false},"author":3,"featured_media":0,"parent":1613,"menu_order":4,"comment_status":"closed","ping_status":"closed","template":"","meta":{"footnotes":""},"class_list":["post-1629","page","type-page","status-publish","hentry"],"_links":{"self":[{"href":"https:\/\/blogs.up.edu.pe\/nubes\/wp-json\/wp\/v2\/pages\/1629","targetHints":{"allow":["GET"]}}],"collection":[{"href":"https:\/\/blogs.up.edu.pe\/nubes\/wp-json\/wp\/v2\/pages"}],"about":[{"href":"https:\/\/blogs.up.edu.pe\/nubes\/wp-json\/wp\/v2\/types\/page"}],"author":[{"embeddable":true,"href":"https:\/\/blogs.up.edu.pe\/nubes\/wp-json\/wp\/v2\/users\/3"}],"replies":[{"embeddable":true,"href":"https:\/\/blogs.up.edu.pe\/nubes\/wp-json\/wp\/v2\/comments?post=1629"}],"version-history":[{"count":2,"href":"https:\/\/blogs.up.edu.pe\/nubes\/wp-json\/wp\/v2\/pages\/1629\/revisions"}],"predecessor-version":[{"id":1632,"href":"https:\/\/blogs.up.edu.pe\/nubes\/wp-json\/wp\/v2\/pages\/1629\/revisions\/1632"}],"up":[{"embeddable":true,"href":"https:\/\/blogs.up.edu.pe\/nubes\/wp-json\/wp\/v2\/pages\/1613"}],"wp:attachment":[{"href":"https:\/\/blogs.up.edu.pe\/nubes\/wp-json\/wp\/v2\/media?parent=1629"}],"curies":[{"name":"wp","href":"https:\/\/api.w.org\/{rel}","templated":true}]}}