{"id":1624,"date":"2014-12-02T17:49:22","date_gmt":"2014-12-02T22:49:22","guid":{"rendered":"https:\/\/blogs.up.edu.pe\/nubes\/\/?page_id=1624"},"modified":"2014-12-02T17:49:22","modified_gmt":"2014-12-02T22:49:22","slug":"stephany-sandoval-la-autopista-del-sur-julio-cortazar","status":"publish","type":"page","link":"https:\/\/blogs.up.edu.pe\/nubes\/trabajos\/trabajos-finales-2014-primavera\/stephany-sandoval-la-autopista-del-sur-julio-cortazar\/","title":{"rendered":"Stephany Sandoval, \u201c\u2018La autopista del Sur\u2019 (Julio Cort\u00e1zar)\u201d"},"content":{"rendered":"<p><strong>Stephany Sandoval, \u201c\u2018La autopista del Sur\u2019 (Julio Cort\u00e1zar)\u201d<\/strong><\/p>\n<p>Julio Cort\u00e1zar es un escritor argentino que fue una de las grandes figuras del <em>boom<\/em> latinoamericano del siglo XX. Es conocido por sus relatos breves y por la indagaci\u00f3n de las distintas facetas de lo cotidiano. Ten\u00eda una perspectiva social y se identific\u00f3 con las clases sociales marginadas. En el campo del cuento, Cort\u00e1zar pose\u00eda la capacidad de fusionar lo fant\u00e1stico con lo cotidiano obteniendo resultados inquietantes.<\/p>\n<p>Tiene diversas series de cuentos, como los de <em>Final de juego<\/em> (1964), donde se encuentran cuentos como \u201cLas m\u00e9nades\u201d o \u201cLa banda\u201d; <em>Octaedro<\/em> (1974), donde lo fant\u00e1stico se mezcla con la vida de los hombres y finalmente, <em>Todos los fuegos el fuego<\/em> (1966), donde se encuentra \u201cLa autopista del Sur\u201d. El cuento sirvi\u00f3 de inspiraci\u00f3n para la creaci\u00f3n de un comercial por parte de Renault Argentina.<\/p>\n<p>En \u201cLa autopista del Sur\u201d, Cort\u00e1zar propone una situaci\u00f3n extrema en la que un grupo de personas se encuentra atascado en el tr\u00e1fico durante un largo per\u00edodo de tiempo. El evento en que se encuentran promueve que se creen algunos lazos de amistad, relaciones de conveniencia, distribuci\u00f3n del trabajo y, en general, la creaci\u00f3n de m\u00faltiples estados provisionales.<\/p>\n<p><em>Taunus<\/em> asume el rol de l\u00edder, encargado de la administraci\u00f3n de las labores y de las provisiones para la subsistencia de las personas. Un grupo de mujeres se encargaba de cuidar de la salud de las personas, otro equipo buscaba intercambiar productos entre los distintos grupos formados a lo largo del embotellamiento. Cort\u00e1zar nos muestra las diversas interacciones de las personas y c\u00f3mo pueden reaccionar en eventos de elevados niveles de estr\u00e9s. No obstante, tambi\u00e9n muestra la fragilidad de las relaciones en este tipo de eventos ya que, luego de que el tr\u00e1fico se disuelve, todos siguen su camino acelerando hacia Par\u00eds.<\/p>\n<p>El autor logra transmitir la frustraci\u00f3n de los personajes durante el tiempo que pasan en el tr\u00e1fico. Asimismo, juega la con la incertidumbre de qu\u00e9 fue lo que realmente sucedi\u00f3 que caus\u00f3 tales niveles de tr\u00e1fico. Si bien durante el cuento se presentan diversas teor\u00edas, el autor no llega a ser espec\u00edfico en qu\u00e9 fue realmente lo que sucedi\u00f3. Personalmente creo que la raz\u00f3n principal por la que \u00e9l no menciona lo que paso es que el hecho no era lo relevante sino el efecto del mismo. Cort\u00e1zar brinda libertad a los lectores para imaginarse los diversos escenarios que habr\u00edan podido causar el tr\u00e1fico, y no s\u00f3lo ello sino por qu\u00e9 la ayuda demor\u00f3 tanto tiempo.<\/p>\n<p>Una de las cosas que m\u00e1s me impact\u00f3 fue el desenlace de la relaci\u00f3n entre <em>Dauphine<\/em> y el ingeniero. Durante el tiempo que pasaron juntos, ella termin\u00f3 embarazada. No obstante, luego de liberarse la carretera, todos se separan, incluso la pareja formada. Me pareci\u00f3 sorprendente que incluso estando ella embarazada, no se hubiera buscado alguna forma de comunicaci\u00f3n futura. Una reflexi\u00f3n a partir del cuento es cuan fr\u00e1giles son las relaciones que tenemos, si eso s\u00f3lo sucedi\u00f3 por el contexto o si cabe la posibilidad de que el desenlace ocurra en un escenario \u201cnormal\u201d.<\/p>\n<p>\u201cLa autopista del Sur\u201d es una historia muy atractiva donde el autor mezcla un hecho fant\u00e1stico (un evento de tr\u00e1fico que pueda durar durante d\u00edas) y las relaciones cotidianas de las personas. Cort\u00e1zar nos lleva en un viaje emocional de frustraci\u00f3n y desesperaci\u00f3n, de imaginarnos estar en la situaci\u00f3n que los personajes est\u00e1n viviendo. Nos muestra c\u00f3mo este tipo de eventos genera la creaci\u00f3n de peque\u00f1os estados, donde se identifican diversos roles que las personas asumen para la subsistencia y se aprovecha de la necesidad de formar una sociedad por parte de la humanidad. Adicionalmente, resalta la fragilidad de las relaciones que tenemos y c\u00f3mo se pueden disolver de una manera tan f\u00e1cil.<\/p>\n","protected":false},"excerpt":{"rendered":"<p>Stephany Sandoval, \u201c\u2018La autopista del Sur\u2019 (Julio Cort\u00e1zar)\u201d Julio Cort\u00e1zar es un escritor argentino que fue una de las grandes figuras del boom latinoamericano del siglo XX. Es conocido por sus relatos breves y por la indagaci\u00f3n de las distintas &hellip; <a href=\"https:\/\/blogs.up.edu.pe\/nubes\/trabajos\/trabajos-finales-2014-primavera\/stephany-sandoval-la-autopista-del-sur-julio-cortazar\/\">Sigue leyendo <span class=\"meta-nav\">&rarr;<\/span><\/a><\/p>\n","protected":false},"author":3,"featured_media":0,"parent":1613,"menu_order":3,"comment_status":"closed","ping_status":"closed","template":"","meta":{"footnotes":""},"class_list":["post-1624","page","type-page","status-publish","hentry"],"_links":{"self":[{"href":"https:\/\/blogs.up.edu.pe\/nubes\/wp-json\/wp\/v2\/pages\/1624","targetHints":{"allow":["GET"]}}],"collection":[{"href":"https:\/\/blogs.up.edu.pe\/nubes\/wp-json\/wp\/v2\/pages"}],"about":[{"href":"https:\/\/blogs.up.edu.pe\/nubes\/wp-json\/wp\/v2\/types\/page"}],"author":[{"embeddable":true,"href":"https:\/\/blogs.up.edu.pe\/nubes\/wp-json\/wp\/v2\/users\/3"}],"replies":[{"embeddable":true,"href":"https:\/\/blogs.up.edu.pe\/nubes\/wp-json\/wp\/v2\/comments?post=1624"}],"version-history":[{"count":2,"href":"https:\/\/blogs.up.edu.pe\/nubes\/wp-json\/wp\/v2\/pages\/1624\/revisions"}],"predecessor-version":[{"id":1627,"href":"https:\/\/blogs.up.edu.pe\/nubes\/wp-json\/wp\/v2\/pages\/1624\/revisions\/1627"}],"up":[{"embeddable":true,"href":"https:\/\/blogs.up.edu.pe\/nubes\/wp-json\/wp\/v2\/pages\/1613"}],"wp:attachment":[{"href":"https:\/\/blogs.up.edu.pe\/nubes\/wp-json\/wp\/v2\/media?parent=1624"}],"curies":[{"name":"wp","href":"https:\/\/api.w.org\/{rel}","templated":true}]}}