{"id":162,"date":"2012-02-04T23:06:35","date_gmt":"2012-02-04T23:06:35","guid":{"rendered":"https:\/\/blogs.up.edu.pe\/nubes\/\/?page_id=162"},"modified":"2013-09-27T13:50:11","modified_gmt":"2013-09-27T13:50:11","slug":"gabriel-garcia-marquez-un-dia-de-estos","status":"publish","type":"page","link":"https:\/\/blogs.up.edu.pe\/nubes\/textos-de-discusion\/gabriel-garcia-marquez-un-dia-de-estos\/","title":{"rendered":"Gabriel Garc\u00eda M\u00e1rquez, \u00abUn d\u00eda de estos\u00bb"},"content":{"rendered":"<p align=\"CENTER\">Gabriel Garc\u00eda M\u00e1rquez (1927)<\/p>\n<p align=\"CENTER\"><span style=\"font-size: medium;\"><strong>Un d\u00eda de estos<\/strong><\/span><\/p>\n<p align=\"RIGHT\"><span style=\"font-size: x-small;\">Edici\u00f3n para el club virtual de lectura<br \/>\n<\/span><em style=\"font-size: x-small;\">En las nubes de la ficci\u00f3n<br \/>\n<\/em><span style=\"font-size: x-small;\">Universidad del Pac\u00edfico, febrero de 2012<\/span><\/p>\n<p align=\"JUSTIFY\">El lunes amaneci\u00f3 tibio y sin lluvia. Don Aurelio Escovar, dentista sin t\u00edtulo y buen madrugador, abri\u00f3 su gabinete a las seis. Sac\u00f3 de la vidriera una dentadura postiza montada a\u00fan en el molde de yeso y puso sobre la mesa un pu\u00f1ado de instrumentos que orden\u00f3 de mayor a menor, como en una exposici\u00f3n. Llevaba una camisa a rayas, sin cuello, cerrada arriba con un bot\u00f3n dorado, y los pantalones sostenidos con cargadores el\u00e1sticos. Era r\u00edgido, enjuto, con una mirada que raras veces correspond\u00eda a la situaci\u00f3n, como la mirada de los sordos.<\/p>\n<p align=\"JUSTIFY\">Cuando tuvo las cosas dispuestas sobre la mesa rod\u00f3 la fresa hacia el sill\u00f3n de resortes y se sent\u00f3 a pulir la dentadura postiza. Parec\u00eda no pensar en lo que hac\u00eda, pero trabajaba con obstinaci\u00f3n, pedaleando en la fresa incluso cuando no se serv\u00eda de ella.<\/p>\n<p align=\"JUSTIFY\">Despu\u00e9s de las ocho hizo una pausa para mirar el cielo por la ventana y vio dos gallinazos pensativos que se secaban al sol en el caballete de la casa vecina. Sigui\u00f3 trabajando con la idea de que antes del almuerzo volver\u00eda a llover. La voz destemplada de su hijo de once a\u00f1os lo sac\u00f3 de su abstracci\u00f3n.<\/p>\n<p align=\"JUSTIFY\"><span style=\"font-family: 'Times New Roman', serif;\">\u2014<\/span>Pap\u00e1.<\/p>\n<p align=\"JUSTIFY\"><span style=\"font-family: 'Times New Roman', serif;\">\u2014<\/span>Qu\u00e9.<\/p>\n<p align=\"JUSTIFY\"><span style=\"font-family: 'Times New Roman', serif;\">\u2014<\/span>Dice el alcalde que si le sacas una muela.<\/p>\n<p align=\"JUSTIFY\"><span style=\"font-family: 'Times New Roman', serif;\">\u2014<\/span>Dile que no estoy aqu\u00ed.<\/p>\n<p align=\"JUSTIFY\">Estaba puliendo un diente de oro. Lo retir\u00f3 a la distancia del brazo y lo examin\u00f3 con los ojos a medio cerrar. En la salita de espera volvi\u00f3 a gritar su hijo.<\/p>\n<p align=\"JUSTIFY\"><span style=\"font-family: 'Times New Roman', serif;\">\u2014<\/span>Dice que s\u00ed est\u00e1s porque te est\u00e1 oyendo.<\/p>\n<p align=\"JUSTIFY\">El dentista sigui\u00f3 examinando el diente. S\u00f3lo cuando lo puso en la mesa con los trabajos terminados, dijo:<\/p>\n<p align=\"JUSTIFY\"><span style=\"font-family: 'Times New Roman', serif;\">\u2014<\/span>Mejor.<\/p>\n<p align=\"JUSTIFY\">Volvi\u00f3 a operar la fresa. De una cajita de cart\u00f3n donde guardaba las cosas por hacer, sac\u00f3 un puente de varias piezas y empez\u00f3 a pulir el oro.<\/p>\n<p align=\"JUSTIFY\"><span style=\"font-family: 'Times New Roman', serif;\">\u2014<\/span>Pap\u00e1.<\/p>\n<p align=\"JUSTIFY\"><span style=\"font-family: 'Times New Roman', serif;\">\u2014<\/span>Qu\u00e9.<\/p>\n<p align=\"JUSTIFY\">A\u00fan no hab\u00eda cambiado de expresi\u00f3n.<\/p>\n<p align=\"JUSTIFY\"><span style=\"font-family: 'Times New Roman', serif;\">\u2014<\/span>Dice que si no le sacas la muela te pega un tiro.<\/p>\n<p align=\"JUSTIFY\">Sin apresurarse, con un movimiento extremadamente tranquilo, dej\u00f3 de pedalear en la fresa, la retir\u00f3 del sill\u00f3n y abri\u00f3 por completo la gaveta inferior de la mesa. All\u00ed estaba el rev\u00f3lver.<\/p>\n<p align=\"JUSTIFY\"><span style=\"font-family: 'Times New Roman', serif;\">\u2014<\/span>Bueno <span style=\"font-family: 'Times New Roman', serif;\">\u2014<\/span>dijo<span style=\"font-family: 'Times New Roman', serif;\">\u2014<\/span>. Dile que venga a peg\u00e1rmelo.<\/p>\n<p align=\"JUSTIFY\">Hizo girar el sill\u00f3n hasta quedar de frente a la puerta, la mano apoyada en el borde de la gaveta. El alcalde apareci\u00f3 en el umbral. Se hab\u00eda afeitado la mejilla izquierda, pero en la otra, hinchada y dolorida, ten\u00eda una barba de cinco d\u00edas. El dentista vio en sus ojos marchitos muchas noches de desesperaci\u00f3n. Cerr\u00f3 la gaveta con la punta de los dedos y dijo suavemente:<\/p>\n<p align=\"JUSTIFY\"><span style=\"font-family: 'Times New Roman', serif;\">\u2014<\/span>Si\u00e9ntese.<\/p>\n<p align=\"JUSTIFY\"><span style=\"font-family: 'Times New Roman', serif;\">\u2014<\/span>Buenos d\u00edas <span style=\"font-family: 'Times New Roman', serif;\">\u2014<\/span>dijo el alcalde.<\/p>\n<p align=\"JUSTIFY\"><span style=\"font-family: 'Times New Roman', serif;\">\u2014<\/span>Buenos <span style=\"font-family: 'Times New Roman', serif;\">\u2014<\/span>dijo el dentista.<\/p>\n<p align=\"JUSTIFY\">Mientras herv\u00edan los instrumentos, el alcalde apoy\u00f3 el cr\u00e1neo en el cabezal de la silla y se sinti\u00f3 mejor. Respiraba un olor glacial. Era un gabinete pobre: una vieja silla de madera, la fresa de pedal, y una vidriera con pomos de loza. Frente a la silla, una ventana con un cancel de tela hasta la altura de un hombre. Cuando sinti\u00f3 que el dentista se acercaba, el alcalde afirm\u00f3 los talones y abri\u00f3 la boca.<\/p>\n<p align=\"JUSTIFY\">Don Aurelio Escovar le movi\u00f3 la cara hacia la luz. Despu\u00e9s de observar la muela da\u00f1ada, ajust\u00f3 la mand\u00edbula con una cautelosa presi\u00f3n de los dedos.<\/p>\n<p align=\"JUSTIFY\"><span style=\"font-family: 'Times New Roman', serif;\">\u2014<\/span>Tiene que ser sin anestesia <span style=\"font-family: 'Times New Roman', serif;\">\u2014<\/span>dijo.<\/p>\n<p align=\"JUSTIFY\"><span style=\"font-family: 'Times New Roman', serif;\">\u2014<\/span>\u00bfPor qu\u00e9?<\/p>\n<p align=\"JUSTIFY\"><span style=\"font-family: 'Times New Roman', serif;\">\u2014<\/span>Porque tiene un absceso.<\/p>\n<p align=\"JUSTIFY\">El alcalde lo mir\u00f3 en los ojos.<\/p>\n<p align=\"JUSTIFY\"><span style=\"font-family: 'Times New Roman', serif;\">\u2014<\/span>Est\u00e1 bien <span style=\"font-family: 'Times New Roman', serif;\">\u2014<\/span>dijo, y trat\u00f3 de sonre\u00edr. El dentista no le correspondi\u00f3. Llev\u00f3 a la mesa de trabajo la cacerola con los instrumentos hervidos y los sac\u00f3 del agua con unas pinzas fr\u00edas, todav\u00eda sin apresurarse. Despu\u00e9s rod\u00f3 la escupidera con la punta del zapato y fue a lavarse las manos en el aguamanil. Hizo todo sin mirar al alcalde. Pero el alcalde no lo perdi\u00f3 de vista.<\/p>\n<p align=\"JUSTIFY\">Era una cordal inferior. El dentista abri\u00f3 las piernas y apret\u00f3 la muela con el gatillo caliente. El alcalde se aferr\u00f3 a las barras de la silla, descarg\u00f3 toda su fuerza en los pies y sinti\u00f3 un vac\u00edo helado en los ri\u00f1ones, pero no solt\u00f3 un suspiro. El dentista s\u00f3lo movi\u00f3 la mu\u00f1eca. Sin rencor, m\u00e1s bien con una amarga ternura, dijo:<\/p>\n<p align=\"JUSTIFY\"><span style=\"font-family: 'Times New Roman', serif;\">\u2014<\/span>Aqu\u00ed nos paga veinte muertos, teniente.<\/p>\n<p align=\"JUSTIFY\">El alcalde sinti\u00f3 un crujido de huesos en la mand\u00edbula y sus ojos se llenaron de l\u00e1grimas. Pero no suspir\u00f3 hasta que no sinti\u00f3 salir la muela. Entonces la vio a trav\u00e9s de las l\u00e1grimas. Le pareci\u00f3 tan extra\u00f1a a su dolor, que no pudo entender la tortura de sus cinco noches anteriores. Inclinado sobre la escupidera, sudoroso, jadeante, se desaboton\u00f3 la guerrera y busc\u00f3 a tientas el pa\u00f1uelo en el bolsillo del pantal\u00f3n. El dentista le dio un trapo limpio.<\/p>\n<p align=\"JUSTIFY\"><span style=\"font-family: 'Times New Roman', serif;\">\u2014<\/span>S\u00e9quese las l\u00e1grimas <span style=\"font-family: 'Times New Roman', serif;\">\u2014<\/span>dijo.<\/p>\n<p align=\"JUSTIFY\">El alcalde lo hizo. Estaba temblando. Mientras el dentista se lavaba las manos, vio el cielorraso desfondado y una telara\u00f1a polvorienta con huevos de ara\u00f1a e insectos muertos. El dentista regres\u00f3 sec\u00e1ndose las manos. \u201cAcu\u00e9stese -dijo- y haga buches de agua de sal.\u201d El alcalde se puso de pie, se despidi\u00f3 con un displicente saludo militar, y se dirigi\u00f3 a la puerta estirando las piernas, sin abotonarse la guerrera.<\/p>\n<p align=\"JUSTIFY\"><span style=\"font-family: 'Times New Roman', serif;\">\u2014<\/span>Me pasa la cuenta <span style=\"font-family: 'Times New Roman', serif;\">\u2014<\/span>dijo.<\/p>\n<p align=\"JUSTIFY\"><span style=\"font-family: 'Times New Roman', serif;\">\u2014<\/span>\u00bfA usted o al municipio?<\/p>\n<p align=\"JUSTIFY\">El alcalde no lo mir\u00f3. Cerr\u00f3 la puerta, y dijo, a trav\u00e9s de la red met\u00e1lica.<\/p>\n<p align=\"JUSTIFY\"><span style=\"font-family: 'Times New Roman', serif;\">\u2014<\/span>Es la misma vaina.<\/p>\n<p align=\"CENTER\">* * *<\/p>\n<p align=\"RIGHT\"><span style=\"color: #808080;\">Tomado de <a href=\"http:\/\/www.ciudadseva.com\/textos\/cuentos\/esp\/ggm\/dia.htm\"><span style=\"color: #808080;\">http:\/\/www.ciudadseva.com\/textos\/cuentos\/esp\/ggm\/dia.htm<br \/>\n<\/span><\/a>Si prefieres descargarlo en PDF:\u00a0<a href=\"https:\/\/blogs.up.edu.pe\/nubes\/\/wp-content\/uploads\/2012\/02\/Garcia-Marquez-Un-dia-de-estos.pdf\"><span style=\"color: #808080;\">Gabriel Garc\u00eda M\u00e1rquez, \u00abUn d\u00eda de estos\u00bb<\/span><\/a><\/span><\/p>\n","protected":false},"excerpt":{"rendered":"<p>Gabriel Garc\u00eda M\u00e1rquez (1927) Un d\u00eda de estos Edici\u00f3n para el club virtual de lectura En las nubes de la ficci\u00f3n Universidad del Pac\u00edfico, febrero de 2012 El lunes amaneci\u00f3 tibio y sin lluvia. Don Aurelio Escovar, dentista sin t\u00edtulo &hellip; <a href=\"https:\/\/blogs.up.edu.pe\/nubes\/textos-de-discusion\/gabriel-garcia-marquez-un-dia-de-estos\/\">Sigue leyendo <span class=\"meta-nav\">&rarr;<\/span><\/a><\/p>\n","protected":false},"author":3,"featured_media":0,"parent":9,"menu_order":29,"comment_status":"closed","ping_status":"closed","template":"","meta":{"footnotes":""},"class_list":["post-162","page","type-page","status-publish","hentry"],"_links":{"self":[{"href":"https:\/\/blogs.up.edu.pe\/nubes\/wp-json\/wp\/v2\/pages\/162","targetHints":{"allow":["GET"]}}],"collection":[{"href":"https:\/\/blogs.up.edu.pe\/nubes\/wp-json\/wp\/v2\/pages"}],"about":[{"href":"https:\/\/blogs.up.edu.pe\/nubes\/wp-json\/wp\/v2\/types\/page"}],"author":[{"embeddable":true,"href":"https:\/\/blogs.up.edu.pe\/nubes\/wp-json\/wp\/v2\/users\/3"}],"replies":[{"embeddable":true,"href":"https:\/\/blogs.up.edu.pe\/nubes\/wp-json\/wp\/v2\/comments?post=162"}],"version-history":[{"count":3,"href":"https:\/\/blogs.up.edu.pe\/nubes\/wp-json\/wp\/v2\/pages\/162\/revisions"}],"predecessor-version":[{"id":1012,"href":"https:\/\/blogs.up.edu.pe\/nubes\/wp-json\/wp\/v2\/pages\/162\/revisions\/1012"}],"up":[{"embeddable":true,"href":"https:\/\/blogs.up.edu.pe\/nubes\/wp-json\/wp\/v2\/pages\/9"}],"wp:attachment":[{"href":"https:\/\/blogs.up.edu.pe\/nubes\/wp-json\/wp\/v2\/media?parent=162"}],"curies":[{"name":"wp","href":"https:\/\/api.w.org\/{rel}","templated":true}]}}