{"id":1618,"date":"2014-12-02T17:36:21","date_gmt":"2014-12-02T22:36:21","guid":{"rendered":"https:\/\/blogs.up.edu.pe\/nubes\/\/?page_id=1618"},"modified":"2014-12-02T17:36:21","modified_gmt":"2014-12-02T22:36:21","slug":"giovanna-dotto-el-corazon-delator-de-edgar-allan-poe","status":"publish","type":"page","link":"https:\/\/blogs.up.edu.pe\/nubes\/trabajos\/trabajos-finales-2014-primavera\/giovanna-dotto-el-corazon-delator-de-edgar-allan-poe\/","title":{"rendered":"Giovanna Dotto, \u201c\u2018El coraz\u00f3n delator\u2019 de Edgar Allan Poe\u201d"},"content":{"rendered":"<p><strong>Giovanna Dotto, \u201c\u2018El coraz\u00f3n delator\u2019 de Edgar Allan Poe\u201d<\/strong><\/p>\n<p>Cuando estaba en el colegio tuve la oportunidad de leer \u201cEl coraz\u00f3n delator\u201d de Edgar Allan Poe y desde entonces lo he podido recordar claramente como una de esas historias de terror que en aquellos momentos causaban mucho m\u00e1s pavor. De hecho creo que el miedo que me gener\u00f3 este cuento en aquellas \u00e9pocas es parte de nuestra madurez mental, creemos que los cuentos son parte de la realidad y vivimos m\u00e1s a fondo las sensaciones que producen. Sin embargo, hace unas semanas tuve la oportunidad de volver a leerlo, l\u00f3gicamente despu\u00e9s de tantos a\u00f1os lo le\u00ed con otra perspectiva, profundizando m\u00e1s en el contenido del cuento que en el posible miedo generado.<\/p>\n<p>\u201c\u00a1Es verdad! Soy muy nervioso, extraordinariamente nervioso. Lo he sido siempre. \u00bfPero por qu\u00e9 dicen que estoy loco?\u201d As\u00ed comienza su historia el narrador: admitiendo que est\u00e1 nervioso pero a la vez asegur\u00e1ndonos que lo que lo llev\u00f3 a matar al anciano no fue producto de una locura. El protagonista busca justificar y demostrar su cordura a trav\u00e9s de su capacidad para sentir, en este caso, al contar que se siente muy nervioso. De esta manera, estas ganas intensas de demostrar que es una persona normal terminan por traicionarlo y lo llevan a entregarse.<\/p>\n<p>Lo sorprendente de esta historia es que el narrador y el anciano tienen una buena relaci\u00f3n, es decir, lo que llev\u00f3 al protagonista a acabar con la vida del anciano no es ni odio ni envidia ni venganza, que generalmente son las causas de todo acto criminal, sino el simple hecho de haberse obsesionado con la idea de que su \u201cojo de buitre\u201d lo maldice. Es interesante ver c\u00f3mo esta obsesi\u00f3n que crec\u00eda d\u00eda a d\u00eda puede haber llevado al narrador a hacerle da\u00f1o a una persona con la que conviv\u00eda y con la que definitivamente hab\u00eda cari\u00f1o. As\u00ed se puede ver que el fin principal del narrador era simplemente separar al anciano de este ojo que tanto lo perturbaba y acabar con esa ansiedad; sin embargo, no se dio cuenta de que este deseo lo llevar\u00eda a cometer un crimen y a terminar con la vida del pobre anciano.<\/p>\n<p>Tras haber escondido el cad\u00e1ver y haber borrado todo tipo de huellas, el narrador recibe a los polic\u00edas que han sido llamados debido a los ruidos escuchados por los vecinos. Muy confiado en que no ser\u00e1 descubierto los invita a pasar, les hace pr\u00e1cticamente un <em>tour<\/em> por toda la casa y conversa con ellos pl\u00e1cidamente sin mostrarse sospechoso. De pronto, el narrador empieza a o\u00edr un ruido que va creciendo de a pocos y se vuelve incapaz de diferenciar si es un sonido verdadero o es simplemente producto de su imaginaci\u00f3n. El narrador, a pesar de lo que escucha, trata de demostrar a\u00fan m\u00e1s su cordura pero el ruido se va haciendo m\u00e1s intenso. Es as\u00ed que la culpa que lo invade y la paranoia por la posibilidad de que lo descubran, lo llevan a creer que este sonido es, nada m\u00e1s y nada menos, que del coraz\u00f3n del anciano y, mientras m\u00e1s fuerte se hace, su desesperaci\u00f3n y nervios aumentan, llev\u00e1ndolo a confesar el crimen cometido. Finalmente, se puede ver que el objetivo principal del narrador no es mostrarse inocente, sino mostrarse como una persona libre de la locura al tratar de excusarse y fundamentar a como d\u00e9 lugar su conducta irracional.<\/p>\n<p>En conclusi\u00f3n, creo que este cuento trata de reflejar c\u00f3mo el ser humano a veces se deja llevar por sentimientos e impulsos injustificados (incluso afectando a aquellas personas que son cercanas a nosotros y con quienes guardamos una buena relaci\u00f3n) que nos llevan a cometer cometer actos inmorales y en un extremo, cr\u00edmenes como el del cuento en menci\u00f3n. Por \u00faltimo, la historia tambi\u00e9n nos lleva a reflexionar c\u00f3mo el sentimiento de culpa y el remordimiento pueden perseguirnos cuando actuamos fuera de lo que consideramos moral para nosotros y traer consecuencias devastadoras como la confesi\u00f3n del narrador ante la polic\u00eda.<\/p>\n","protected":false},"excerpt":{"rendered":"<p>Giovanna Dotto, \u201c\u2018El coraz\u00f3n delator\u2019 de Edgar Allan Poe\u201d Cuando estaba en el colegio tuve la oportunidad de leer \u201cEl coraz\u00f3n delator\u201d de Edgar Allan Poe y desde entonces lo he podido recordar claramente como una de esas historias de &hellip; <a href=\"https:\/\/blogs.up.edu.pe\/nubes\/trabajos\/trabajos-finales-2014-primavera\/giovanna-dotto-el-corazon-delator-de-edgar-allan-poe\/\">Sigue leyendo <span class=\"meta-nav\">&rarr;<\/span><\/a><\/p>\n","protected":false},"author":3,"featured_media":0,"parent":1613,"menu_order":2,"comment_status":"closed","ping_status":"closed","template":"","meta":{"footnotes":""},"class_list":["post-1618","page","type-page","status-publish","hentry"],"_links":{"self":[{"href":"https:\/\/blogs.up.edu.pe\/nubes\/wp-json\/wp\/v2\/pages\/1618","targetHints":{"allow":["GET"]}}],"collection":[{"href":"https:\/\/blogs.up.edu.pe\/nubes\/wp-json\/wp\/v2\/pages"}],"about":[{"href":"https:\/\/blogs.up.edu.pe\/nubes\/wp-json\/wp\/v2\/types\/page"}],"author":[{"embeddable":true,"href":"https:\/\/blogs.up.edu.pe\/nubes\/wp-json\/wp\/v2\/users\/3"}],"replies":[{"embeddable":true,"href":"https:\/\/blogs.up.edu.pe\/nubes\/wp-json\/wp\/v2\/comments?post=1618"}],"version-history":[{"count":1,"href":"https:\/\/blogs.up.edu.pe\/nubes\/wp-json\/wp\/v2\/pages\/1618\/revisions"}],"predecessor-version":[{"id":1619,"href":"https:\/\/blogs.up.edu.pe\/nubes\/wp-json\/wp\/v2\/pages\/1618\/revisions\/1619"}],"up":[{"embeddable":true,"href":"https:\/\/blogs.up.edu.pe\/nubes\/wp-json\/wp\/v2\/pages\/1613"}],"wp:attachment":[{"href":"https:\/\/blogs.up.edu.pe\/nubes\/wp-json\/wp\/v2\/media?parent=1618"}],"curies":[{"name":"wp","href":"https:\/\/api.w.org\/{rel}","templated":true}]}}