{"id":1615,"date":"2014-12-02T17:27:43","date_gmt":"2014-12-02T22:27:43","guid":{"rendered":"https:\/\/blogs.up.edu.pe\/nubes\/\/?page_id=1615"},"modified":"2014-12-02T17:27:43","modified_gmt":"2014-12-02T22:27:43","slug":"flavia-castagnola-los-asesinos-inocentes-el-cerdito-de-onetti","status":"publish","type":"page","link":"https:\/\/blogs.up.edu.pe\/nubes\/trabajos\/trabajos-finales-2014-primavera\/flavia-castagnola-los-asesinos-inocentes-el-cerdito-de-onetti\/","title":{"rendered":"Flavia Castagnola, \u201cLos asesinos inocentes: \u2018El cerdito\u2019 de Onetti\u201d"},"content":{"rendered":"<p><strong>Flavia Castagnola, \u201cLos asesinos inocentes: \u2018El cerdito\u2019 de Onetti\u201d<\/strong><\/p>\n<p>\u201cEl cerdito\u201d es un cuento escrito por el autor uruguayo Juan Carlos Onetti en el que se muestra el lado perverso de la psicolog\u00eda humana. En esta historia una anciana tiene la costumbre de recibir todas las tardes a un grupo de ni\u00f1os de un barrio muy pobre, invit\u00e1ndoles caf\u00e9 y dulces. Durante estas visitas la anciana busca en los ni\u00f1os rasgos que le hagan recordar al nieto, un personaje cuya historia el lector nunca llega a conocer pero que es mencionado constantemente. En el relato se narra el fin de esta costumbre: un d\u00eda, aprovechando un momento de distracci\u00f3n de la se\u00f1ora, los ni\u00f1os la atacan (probablemente terminando con su vida) para robarle dinero. Al llegar a su casa, uno de los ni\u00f1os deposita la mercanc\u00eda en una alcanc\u00eda con forma de cerdito.<\/p>\n<p>Un elemento que destaca en este relato es el choque entre dos realidades. Por un lado est\u00e1 la anciana, \u201csiempre vestida de negro\u201d, quien parece bordear la demencia senil. Ella vive en una peque\u00f1a casa que contrasta con las casas en ruinas de donde vienen los ni\u00f1os, que son descritas como chozas, llenas de chatarra y desperdicios, ubicadas en un \u201cbarrio miserable\u201d, y se encuentran separadas del hogar de la anciana por un simb\u00f3lico puente de madera ubicado sobre una zanja seca.<\/p>\n<p>En una primera lectura, el lector podr\u00eda sentir que existe adem\u00e1s una contraposici\u00f3n de v\u00edctima-perpetrador, donde los crueles ni\u00f1os se aprovechan de la generosidad de una pobre anciana. Sin embargo, \u00bfes realmente un acto magn\u00e1nimo el de la se\u00f1ora? Tras una mirada m\u00e1s atenta al lenguaje utilizado, se puede comprender que a la anciana poco le importan los ni\u00f1os. Ella no tiene inter\u00e9s en conocerlos, solo quiere experimentar una falsa cercan\u00eda a su nieto a trav\u00e9s de ellos: \u201cTodos, los dos o tres, eran sucios, hambrientos y f\u00edsicamente muy distintos. Pero la anciana siempre lograba reconocer en ellos alg\u00fan rasgo del nieto perdido\u2026\u201d. As\u00ed, ella sabe muy poco de los ni\u00f1os, ni siquiera sabe con precisi\u00f3n cu\u00e1ntos son, solo sabe que tienen rasgos parecidos a los de su nieto. Por lo tanto, se trata de una perversa relaci\u00f3n de conveniencia mutua, en la que una parte provee ciertas comodidades a cambio de revivir la nostalgia a trav\u00e9s de la otra.<\/p>\n<p>Sea un acto generoso o ego\u00edsta, la traici\u00f3n de los ni\u00f1os resulta impactante al lector. Desde el principio se puede presentir que algo diferente va a ocurrir mediante se\u00f1ales como: \u201cAquella tarde los chicos no hicieron sonar la campanilla de la verja sino que golpearon con los nudillos el cristal de la puerta de entrada\u201d. Tras el ataque de los ni\u00f1os, la perspectiva del narrador cambia. Mientras que al principio esta era la de la anciana, que tomaba distancia de los ni\u00f1os y solo los describ\u00eda en relaci\u00f3n al nieto, despu\u00e9s de este episodio cambia a la de los ni\u00f1os. Esto permite al lector adentrarse en la choza de uno de ellos y observarlo guardar el dinero.<\/p>\n<p>Dos elementos refuerzan la perversidad de los ni\u00f1os. El primero es la naturalidad y frialdad para cometer el crimen. Momentos antes de hacerlo, la anciana escucha el \u201ccoro de risas\u201d. Una vez realizado el golpe, los ni\u00f1os proceden a revolver el dormitorio. La \u00fanica reacci\u00f3n generada es la de uno de los ni\u00f1os, quien propone \u201cDale otro golpe. Por si las dudas\u201d, con el objetivo de eliminar cualquier testigo. Al regresar, caminaron despacio, lo que denota cierta tranquilidad. La frialdad mostrada por estos personajes tiene que ser la de alguien que ya tiene experiencia en estos cr\u00edmenes. En ning\u00fan momento el lector puede percibir trazos de culpabilidad por parte de los ni\u00f1os.<\/p>\n<p>El segundo elemento es la alcanc\u00eda con forma de cerdito, elemento vital destacado por el autor a trav\u00e9s del t\u00edtulo. La alcanc\u00eda es blanca y manchada, lo que puede estar reflejando la infancia de los ni\u00f1os, \u201cmanchada\u201d por la pobreza que los convirti\u00f3 en criminales. Es por esta miseria que los ni\u00f1os ya no pueden ser ni\u00f1os y han sido empujados a actuar con frialdad, sin escr\u00fapulos, motivados por el dinero. Sin embargo, \u00bfno hay cierta inocencia en estos ni\u00f1os? La incapacidad de analizar la moralidad del acto, el objetivo de llenar la alcanc\u00eda de yeso con forma de cerdito, nos demuestran que son ni\u00f1os que viven su infancia en el abandono.<\/p>\n","protected":false},"excerpt":{"rendered":"<p>Flavia Castagnola, \u201cLos asesinos inocentes: \u2018El cerdito\u2019 de Onetti\u201d \u201cEl cerdito\u201d es un cuento escrito por el autor uruguayo Juan Carlos Onetti en el que se muestra el lado perverso de la psicolog\u00eda humana. En esta historia una anciana tiene &hellip; <a href=\"https:\/\/blogs.up.edu.pe\/nubes\/trabajos\/trabajos-finales-2014-primavera\/flavia-castagnola-los-asesinos-inocentes-el-cerdito-de-onetti\/\">Sigue leyendo <span class=\"meta-nav\">&rarr;<\/span><\/a><\/p>\n","protected":false},"author":3,"featured_media":0,"parent":1613,"menu_order":1,"comment_status":"closed","ping_status":"closed","template":"","meta":{"footnotes":""},"class_list":["post-1615","page","type-page","status-publish","hentry"],"_links":{"self":[{"href":"https:\/\/blogs.up.edu.pe\/nubes\/wp-json\/wp\/v2\/pages\/1615","targetHints":{"allow":["GET"]}}],"collection":[{"href":"https:\/\/blogs.up.edu.pe\/nubes\/wp-json\/wp\/v2\/pages"}],"about":[{"href":"https:\/\/blogs.up.edu.pe\/nubes\/wp-json\/wp\/v2\/types\/page"}],"author":[{"embeddable":true,"href":"https:\/\/blogs.up.edu.pe\/nubes\/wp-json\/wp\/v2\/users\/3"}],"replies":[{"embeddable":true,"href":"https:\/\/blogs.up.edu.pe\/nubes\/wp-json\/wp\/v2\/comments?post=1615"}],"version-history":[{"count":1,"href":"https:\/\/blogs.up.edu.pe\/nubes\/wp-json\/wp\/v2\/pages\/1615\/revisions"}],"predecessor-version":[{"id":1617,"href":"https:\/\/blogs.up.edu.pe\/nubes\/wp-json\/wp\/v2\/pages\/1615\/revisions\/1617"}],"up":[{"embeddable":true,"href":"https:\/\/blogs.up.edu.pe\/nubes\/wp-json\/wp\/v2\/pages\/1613"}],"wp:attachment":[{"href":"https:\/\/blogs.up.edu.pe\/nubes\/wp-json\/wp\/v2\/media?parent=1615"}],"curies":[{"name":"wp","href":"https:\/\/api.w.org\/{rel}","templated":true}]}}