{"id":1613,"date":"2014-12-02T17:25:13","date_gmt":"2014-12-02T22:25:13","guid":{"rendered":"https:\/\/blogs.up.edu.pe\/nubes\/\/?page_id=1613"},"modified":"2014-12-18T12:15:57","modified_gmt":"2014-12-18T17:15:57","slug":"trabajos-finales-2014-primavera","status":"publish","type":"page","link":"https:\/\/blogs.up.edu.pe\/nubes\/trabajos\/trabajos-finales-2014-primavera\/","title":{"rendered":"Trabajos finales 2014-primavera"},"content":{"rendered":"<p>Lista de trabajos finales del periodo 2014-II.<\/p>\n<ul>\n<li><a title=\"Flavia Castagnola, \u201cLos asesinos inocentes: \u2018El cerdito\u2019 de Onetti\u201d\" href=\"https:\/\/blogs.up.edu.pe\/nubes\/\/trabajos\/trabajos-finales-2014-primavera\/flavia-castagnola-los-asesinos-inocentes-el-cerdito-de-onetti\/\">Flavia Castagnola, \u201cLos asesinos inocentes: \u2018El cerdito\u2019 de Onetti\u201d<\/a><\/li>\n<li><a title=\"Giovanna Dotto, \u201c\u2018El coraz\u00f3n delator\u2019 de Edgar Allan Poe\u201d\" href=\"https:\/\/blogs.up.edu.pe\/nubes\/\/trabajos\/trabajos-finales-2014-primavera\/giovanna-dotto-el-corazon-delator-de-edgar-allan-poe\/\">Giovanna Dotto, \u201c\u2018El coraz\u00f3n delator\u2019 de Edgar Allan Poe\u201d<\/a><\/li>\n<li><a title=\"Stephany Sandoval, \u201c\u2018La autopista del Sur\u2019 (Julio Cort\u00e1zar)\u201d\" href=\"https:\/\/blogs.up.edu.pe\/nubes\/\/trabajos\/trabajos-finales-2014-primavera\/stephany-sandoval-la-autopista-del-sur-julio-cortazar\/\">Stephany Sandoval, \u201c\u2018La autopista del Sur\u2019 (Julio Cort\u00e1zar)\u201d<\/a><\/li>\n<li><a title=\"Andrea Arimana, \u201cCuentos de Julio Ram\u00f3n Ribeyro\u201d\" href=\"https:\/\/blogs.up.edu.pe\/nubes\/\/trabajos\/trabajos-finales-2014-primavera\/andrea-arimana-cuentos-de-julio-ramon-ribeyro\/\">Andrea Arimana, \u201cCuentos de Julio Ram\u00f3n Ribeyro\u201d<\/a><\/li>\n<li><a title=\"Alonso Ugaz V., \u201cChimamanda Adichie sobre la percepci\u00f3n de los pueblos\u201d\" href=\"https:\/\/blogs.up.edu.pe\/nubes\/\/trabajos\/trabajos-finales-2014-primavera\/alonso-ugaz-v-chimamanda-adichie-sobre-la-percepcion-de-los-pueblos\/\">Alonso Ugaz V., \u201cChimamanda Adichie sobre la percepci\u00f3n de los pueblos\u201d<\/a><\/li>\n<li><a title=\"Paola Pastor Arag\u00f3n, \u201c\u2018Los d\u00edas verdes\u2019 de Jos\u00e9 G\u00fcich Rodr\u00edguez\u201d\" href=\"https:\/\/blogs.up.edu.pe\/nubes\/\/trabajos\/trabajos-finales-2014-primavera\/paola-pastor-aragon-los-dias-verdes-de-jose-guich-rodriguez\/\">Paola Pastor Arag\u00f3n, \u201c\u2018Los d\u00edas verdes\u2019 de Jos\u00e9 G\u00fcich Rodr\u00edguez\u201d<\/a><\/li>\n<li><a title=\"Sandra Barletti Salas, \u201c\u2018Alienaci\u00f3n\u2019 de Julio Ram\u00f3n Ribeyro\u201d\" href=\"https:\/\/blogs.up.edu.pe\/nubes\/\/trabajos\/trabajos-finales-2014-primavera\/sandra-barletti-salas-alienacion-de-julio-ramon-ribeyro\/\">Sandra Barletti Salas, \u201c\u2018Alienaci\u00f3n\u2019 de Julio Ram\u00f3n Ribeyro\u201d<\/a><\/li>\n<li><a title=\"Diana Cubas, \u201cAntonio G\u00e1lvez Ronceros y la literatura afroperuana\u201d\" href=\"https:\/\/blogs.up.edu.pe\/nubes\/\/trabajos\/trabajos-finales-2014-primavera\/diana-cubas-antonio-galvez-ronceros-y-la-literatura-afroperuana\/\">Diana Cubas, \u201cAntonio G\u00e1lvez Ronceros y la literatura afroperuana\u201d<\/a><\/li>\n<li><a title=\"Lisa Infante, \u201cEl placentero paseo por un lugar que cre\u00edamos conocido\u201d\" href=\"https:\/\/blogs.up.edu.pe\/nubes\/\/trabajos\/trabajos-finales-2014-primavera\/lisa-infante-el-placentero-paseo-por-un-lugar-que-creiamos-conocido\/\">Lisa Infante, \u201cEl placentero paseo por un lugar que cre\u00edamos conocido\u201d<\/a><\/li>\n<li><a title=\"Alejandra Terrones, \u201cArthur Conan Doyle\u201d\" href=\"https:\/\/blogs.up.edu.pe\/nubes\/\/trabajos\/trabajos-finales-2014-primavera\/alejandra-terrones-arthur-conan-doyle\/\">Alejandra Terrones, \u201cArthur Conan Doyle\u201d<\/a><\/li>\n<li><a title=\"Nasry Bendeck, \u201c\u2018Un d\u00eda de estos\u2019 de Garc\u00eda M\u00e1rquez\u201d\" href=\"https:\/\/blogs.up.edu.pe\/nubes\/\/trabajos\/trabajos-finales-2014-primavera\/nasry-bendeck-un-dia-de-estos-de-garcia-marquez\/\">Nasry Bendeck, \u201c\u2018Un d\u00eda de estos\u2019 de Garc\u00eda M\u00e1rquez\u201d<\/a><\/li>\n<li><a title=\"Romina Peralta, \u201cAn\u00e1lisis de \u2018Las primeras luces\u2019 de Guillermo Ni\u00f1o de Guzm\u00e1n\u201d\" href=\"https:\/\/blogs.up.edu.pe\/nubes\/\/trabajos\/trabajos-finales-2014-primavera\/romina-peralta-analisis-de-las-primeras-luces-de-guillermo-nino-de-guzman\/\">Romina Peralta, \u201cAn\u00e1lisis de \u2018Las primeras luces\u2019 de Guillermo Ni\u00f1o de Guzm\u00e1n\u201d<\/a><\/li>\n<li><a title=\"Jorge Mu\u00f1oz Villar\u00e1n, \u201cSue\u00f1os de robot\u201d\" href=\"https:\/\/blogs.up.edu.pe\/nubes\/\/trabajos\/trabajos-finales-2014-primavera\/jorge-munoz-villaran-suenos-de-robot\/\">Jorge Mu\u00f1oz Villar\u00e1n, \u201cSue\u00f1os de robot\u201d<\/a><\/li>\n<li><a title=\"Alejandra Qui\u00f1ones, \u201cGabo, realismo m\u00e1gico\u201d\" href=\"https:\/\/blogs.up.edu.pe\/nubes\/\/trabajos\/trabajos-finales-2014-primavera\/alejandra-quinones-gabo-realismo-magico\/\">Alejandra Qui\u00f1ones, \u201cGabo, realismo m\u00e1gico\u201d<\/a><\/li>\n<li><a title=\"David Tirado, \u201cEl carbunclo azul\u201d\" href=\"https:\/\/blogs.up.edu.pe\/nubes\/\/trabajos\/trabajos-finales-2014-primavera\/david-tirado-el-carbunclo-azul\/\">David Tirado, \u201cEl carbunclo azul\u201d<\/a><\/li>\n<li><a title=\"Estefan\u00eda Abanto, \u201c\u2018El Limpiador\u2019\u201d de Roc\u00edo Silva Santisteban\u201d\" href=\"https:\/\/blogs.up.edu.pe\/nubes\/\/trabajos\/trabajos-finales-2014-primavera\/estefania-abanto-el-limpiador-de-rocio-silva-santisteban\/\">Estefan\u00eda Abanto, \u201c\u2018El Limpiador\u2019\u201d de Roc\u00edo Silva Santisteban\u201d<\/a><\/li>\n<li><a title=\"Eva Venegas, \u201cHoracio Quiroga, \u2018El almohad\u00f3n de plumas\u2019\u201d\" href=\"https:\/\/blogs.up.edu.pe\/nubes\/\/trabajos\/trabajos-finales-2014-primavera\/eva-venegas-horacio-quiroga-el-almohadon-de-plumas\/\">Eva Venegas, \u201cHoracio Quiroga, \u2018El almohad\u00f3n de plumas\u2019\u201d<\/a><\/li>\n<li><a title=\"Jose Luis Repetto, \u201c\u2018Un d\u00eda de estos\u2019 de Gabriel Garc\u00eda M\u00e1rquez\u201d\" href=\"https:\/\/blogs.up.edu.pe\/nubes\/\/trabajos\/trabajos-finales-2014-primavera\/jose-luis-repetto-un-dia-de-estos-de-gabriel-garcia-marquez\/\">Jose Luis Repetto, \u201c\u2018Un d\u00eda de estos\u2019 de Gabriel Garc\u00eda M\u00e1rquez\u201d<\/a><\/li>\n<\/ul>\n","protected":false},"excerpt":{"rendered":"<p>Lista de trabajos finales del periodo 2014-II. Flavia Castagnola, \u201cLos asesinos inocentes: \u2018El cerdito\u2019 de Onetti\u201d Giovanna Dotto, \u201c\u2018El coraz\u00f3n delator\u2019 de Edgar Allan Poe\u201d Stephany Sandoval, \u201c\u2018La autopista del Sur\u2019 (Julio Cort\u00e1zar)\u201d Andrea Arimana, \u201cCuentos de Julio Ram\u00f3n Ribeyro\u201d &hellip; <a href=\"https:\/\/blogs.up.edu.pe\/nubes\/trabajos\/trabajos-finales-2014-primavera\/\">Sigue leyendo <span class=\"meta-nav\">&rarr;<\/span><\/a><\/p>\n","protected":false},"author":3,"featured_media":0,"parent":256,"menu_order":8,"comment_status":"closed","ping_status":"closed","template":"","meta":{"footnotes":""},"class_list":["post-1613","page","type-page","status-publish","hentry"],"_links":{"self":[{"href":"https:\/\/blogs.up.edu.pe\/nubes\/wp-json\/wp\/v2\/pages\/1613","targetHints":{"allow":["GET"]}}],"collection":[{"href":"https:\/\/blogs.up.edu.pe\/nubes\/wp-json\/wp\/v2\/pages"}],"about":[{"href":"https:\/\/blogs.up.edu.pe\/nubes\/wp-json\/wp\/v2\/types\/page"}],"author":[{"embeddable":true,"href":"https:\/\/blogs.up.edu.pe\/nubes\/wp-json\/wp\/v2\/users\/3"}],"replies":[{"embeddable":true,"href":"https:\/\/blogs.up.edu.pe\/nubes\/wp-json\/wp\/v2\/comments?post=1613"}],"version-history":[{"count":21,"href":"https:\/\/blogs.up.edu.pe\/nubes\/wp-json\/wp\/v2\/pages\/1613\/revisions"}],"predecessor-version":[{"id":1616,"href":"https:\/\/blogs.up.edu.pe\/nubes\/wp-json\/wp\/v2\/pages\/1613\/revisions\/1616"}],"up":[{"embeddable":true,"href":"https:\/\/blogs.up.edu.pe\/nubes\/wp-json\/wp\/v2\/pages\/256"}],"wp:attachment":[{"href":"https:\/\/blogs.up.edu.pe\/nubes\/wp-json\/wp\/v2\/media?parent=1613"}],"curies":[{"name":"wp","href":"https:\/\/api.w.org\/{rel}","templated":true}]}}