{"id":1577,"date":"2014-10-23T16:25:58","date_gmt":"2014-10-23T21:25:58","guid":{"rendered":"https:\/\/blogs.up.edu.pe\/nubes\/\/?page_id=1577"},"modified":"2014-10-23T16:27:03","modified_gmt":"2014-10-23T21:27:03","slug":"antonio-galvez-ronceros-jutito","status":"publish","type":"page","link":"https:\/\/blogs.up.edu.pe\/nubes\/textos-de-discusion\/antonio-galvez-ronceros-jutito\/","title":{"rendered":"Antonio G\u00e1lvez Ronceros, \u00abJutito\u00bb"},"content":{"rendered":"<p style=\"text-align: center;\" align=\"right\">Antonio G\u00e1lvez Ronceros (1932)<\/p>\n<h1 style=\"text-align: center;\" align=\"right\">Jutito<\/h1>\n<div id=\"attachment_1578\" style=\"width: 250px\" class=\"wp-caption aligncenter\"><img loading=\"lazy\" decoding=\"async\" aria-describedby=\"caption-attachment-1578\" class=\"size-medium wp-image-1578\" alt=\"Jutito (ilustraci\u00f3n del autor)\" src=\"https:\/\/blogs.up.edu.pe\/nubes\/\/wp-content\/uploads\/2014\/10\/0016-240x300.jpeg\" width=\"240\" height=\"300\" srcset=\"https:\/\/blogs.up.edu.pe\/nubes\/wp-content\/uploads\/2014\/10\/0016-240x300.jpeg 240w, https:\/\/blogs.up.edu.pe\/nubes\/wp-content\/uploads\/2014\/10\/0016.jpeg 641w\" sizes=\"auto, (max-width: 240px) 100vw, 240px\" \/><p id=\"caption-attachment-1578\" class=\"wp-caption-text\">Jutito (ilustraci\u00f3n del autor)<\/p><\/div>\n<h5 align=\"right\">Tomado de <i>Mon\u00f3logo para Jutito<\/i>. Lluvia editores, Lima, 1986.<br \/>\nEdici\u00f3n para el club virtual de lectura <i style=\"color: inherit;\">En las nubes de la ficci\u00f3n<\/i>, Universidad del Pac\u00edfico, octubre de 2014<\/h5>\n<p style=\"text-align: justify;\" align=\"center\">El dia en que el negro Vallumbrosio fue insultado por su propio ahijado, un negrito llamado Jutito, casi se le desploma la jeta. Puso los ojos de vaca, la nariz de toro y, mascando dientes, se fue a la casa de su compadre.<\/p>\n<p align=\"justify\">\u2014Compaire Juto, he ven\u00edo hacero quej\u00e1.<\/p>\n<p align=\"justify\">\u2014\u00bfHaceme quej\u00e1 a m\u00ed, compaire?<\/p>\n<p align=\"justify\">\u2014He ven\u00edo a dade la queja de su hijo Jutito, que mia insurtrao.<\/p>\n<p align=\"justify\">\u2014\u00a1Qu\u00e9!<\/p>\n<p align=\"justify\">\u2014Mia dicho una temenda lisura.<\/p>\n<p align=\"justify\">\u2014Qu\u00e9 lisura esesa, compaire.<\/p>\n<p align=\"justify\">\u2014Una temenda palaibra.<\/p>\n<p align=\"justify\">\u2014Pero cu\u00e1l esesa palaibra, compaire. Poque yo quiedo sab\u00e9 el tama\u00f1o y la dimensi\u00f3n de la palaibra, pa seg\u00fan eso catig\u00e1 a ese muchacho.<\/p>\n<p align=\"justify\">\u2014Ut\u00e9, compaire, quiede que yorepita esa palaibra, que yo mimo me jora.<\/p>\n<p align=\"justify\">\u2014Pero yo quiedo sab\u00e9 qu\u00e9 cooosa lia dicho ese muchacho.<\/p>\n<p align=\"justify\">\u2014Mia dicho una temenda lisura<\/p>\n<p align=\"justify\">\u2014G\u00fceno \u2014dijo Juto, torci\u00f3 el cuello, apunt\u00f3 los dientes hacia el fondo de la casa y llam\u00f3 a su mujer\u2014, Juuuta, Juuta&#8230;<\/p>\n<p align=\"justify\">\u2014\u00bfJuto?<\/p>\n<p align=\"justify\">\u2014Ll\u00e1mame ac\u00e1 a ese Jutito, que quiedo habl\u00e1 con \u00e9l.<\/p>\n<p align=\"justify\">Juta llam\u00f3 a su hija, que estaba m\u00e1s al fondo:<\/p>\n<p align=\"justify\">\u2014Jutiliiicia, Jutiliiicia&#8230;<\/p>\n<p align=\"justify\">\u2014\u00bfMama?<\/p>\n<p align=\"justify\">\u2014Llama a ese Jutito. Dile que su tata lo ta eperando ajuera.<\/p>\n<p align=\"justify\">\u2014Jutiiito, Jutiito&#8230;<\/p>\n<p align=\"justify\">\u2014Qu\u00e9 quiedes \u2014dijo Jutito; estaba escondido en el corral.<\/p>\n<p align=\"justify\">\u2014Te llama mi tata.<\/p>\n<p align=\"justify\">Y queriendo y no queriendo, Jutito fue llevado ante la presencia de su padre y de su padrino. Y el padre le dijo:<\/p>\n<p align=\"justify\">\u2014Oooye, neriiito, tuu\u00fa me vaaas a dec\u00ed qu\u00e9 cooosa lias dicho a mi compaire.<\/p>\n<p align=\"justify\">\u2014Je&#8230;, je&#8230; Pendeijo mi tata. Quiede que yo le vuerva a jor\u00e9 a mi parino.<\/p>\n<p align=\"justify\">\u2014Horita mimo tuu\u00fa me vaaas a dec\u00ed qu\u00e9 cooosa lias dicho.<\/p>\n<p align=\"justify\">\u2014Je&#8230;, je&#8230; Yore dije a mi parino: don M\u00edtey Cuca<a href=\"#sdfootnote1sym\" name=\"sdfootnote1anc\"><sup>*<\/sup><\/a>.<\/p>\n<p align=\"justify\">A Vallumbrosio se le baj\u00f3 la color: se puso cenizo.<\/p>\n<p align=\"justify\">\u2014T tuu\u00fa, nerito deriabro, nerito e too lo demonio, po qu\u00e9 lias dicho esa lisura a mi compaire.<\/p>\n<p align=\"justify\">\u2014Je&#8230;, je&#8230; Poi jorelo.<\/p>\n<p align=\"justify\">\u2014Hora t\u00fa va ve c\u00f3mo yo te vuagar\u00e1 y te vuac\u00e9 desaparec\u00e9.<\/p>\n<p align=\"justify\">Pero, \u00a1fuit!, Jutito pas\u00f3 por debajo de su padre y de su padrino, tom\u00f3 el frondoso y alt\u00edsimo \u00e1rbol que sombreaba la casa y con el\u00e1stica facilidad trep\u00f3 velozmente hasta la rama m\u00e1s alta, como una lagartija que hubiera pasado corriendo a lo largo del tronco. Luego todo qued\u00f3 en silencio.<\/p>\n<p align=\"justify\">Juto y Vallumbrosio se miraron a la cara. Inm\u00f3viles del cuello hacia abajo, levantaron de costado lentamente la cabeza y miraron hacia arriba: las ramas de ese lado estaban quietas y en la penumbra del follaje era imposible distinguir a nadie. Bajaron la cabeza y la fueron levantando poco a poco por el otro lado: la quietud y la penumbra se extend\u00edan a toda la copa del \u00e1rbol. Entonces Juto, manteniendo la mirada en lo alto, llam\u00f3:<\/p>\n<p align=\"justify\">\u2014Jutito, baja diay.<\/p>\n<p align=\"justify\">El \u00e1rbol ni se movi\u00f3.<\/p>\n<p align=\"justify\">\u2014\u00a1Oye, muchacho, baja te digo!<\/p>\n<p align=\"justify\">El \u00e1rbol sigui\u00f3 en silencio, como si arriba no hubiera nadie y Juto le estuviera hablando al \u00e1rbol.<\/p>\n<p align=\"justify\">\u2014\u00bfMe o\u00edte?<\/p>\n<p align=\"justify\">Todo sigui\u00f3 igual. Era como para creer que ah\u00ed no hab\u00eda ning\u00fan \u00e1rbol y Juto le estuviera hablando al aire.<\/p>\n<p align=\"justify\">Desconcertado, interrog\u00f3 a Vallumbrosio:<\/p>\n<p align=\"justify\">\u2014Yue vito que aqu\u00ed se subi\u00f3. Ut\u00e9, compaire, \u00bftambi\u00e9n vio lo que yo vi?<\/p>\n<p align=\"justify\">Vallumbrosio, que se hallaba con el ce\u00f1o endurecido, apret\u00f3 la jeta en se\u00f1al de afirmaci\u00f3n. Entonces Juto enfil\u00f3 nuevamente la voz hacia lo alto del \u00e1rbol:<\/p>\n<p align=\"justify\">\u2014Ahi mimo tas. Horita te bajas.<\/p>\n<p align=\"justify\">La voz de Jutito se descolg\u00f3:<\/p>\n<p align=\"justify\">\u2014Pa qu\u00e9.<\/p>\n<p align=\"justify\">\u2014\u00a1Baja te digo!<\/p>\n<p align=\"justify\">\u2014Pa qu\u00e9.<\/p>\n<p align=\"justify\">\u2014\u00bfNo quides obedec\u00e9?<\/p>\n<p align=\"justify\">\u2014Aqu\u00ed toy bien.<\/p>\n<p align=\"justify\">\u2014\u00a1Baja, muchacho de miedta!<\/p>\n<p align=\"justify\">\u2014Ta jor\u00edo.<\/p>\n<p align=\"justify\">Vallumbrosio hizo un gesto como para matar una culebra y se march\u00f3 sin despedirse. Juto, que lo vio alejarse, mir\u00f3 el cielo y observ\u00f3 que el sol se resbalaba del centro. Entonces lanz\u00f3 un escupitajo contra el tronco del \u00e1rbol y r\u00e1pidamente semeti\u00f3 en la casa. Reapareci\u00f3 con una segadera en la mano, jalando de una soga a un burro de serones vac\u00edos. Trep\u00f3 en el animal y se alej\u00f3 de prisa.<\/p>\n<p style=\"text-align: center;\" align=\"justify\">\u00a0*<\/p>\n<p align=\"justify\">Jutito fue asomando cautelosamente la cabeza por encima del \u00e1rbol y observ\u00f3 el campo a la redonda. Su padre, lejano, se acercaba a un sembrado.<\/p>\n<p align=\"justify\">\u2014All\u00e1 va mi tata \u2014dijo\u2014. Sia ido a cot\u00e1 yerba.<\/p>\n<p align=\"justify\">En otro lado avist\u00f3 a Vallumbrosio que avanzaba hacia una casa, empeque\u00f1ecido por la distancia.<\/p>\n<p align=\"justify\">\u2014Ve, all\u00e1 va mi parino, don M\u00edtey Cuca \u2014y sin dejar de mirarlo se puso a vocear\u2014: Miiii\u00edtey&#8230; Miiii\u00edtey&#8230; M\u00edtey Cuuuuca&#8230;<\/p>\n<div id=\"sdfootnote1\">\n<p><i><a href=\"#sdfootnote1anc\" name=\"sdfootnote1sym\">*<\/a>M\u00edtey<\/i>: mister. <i>Cuca<\/i>: \u00f3rgano sexual femenino.<\/p>\n<\/div>\n<p style=\"text-align: center;\">* * *<\/p>\n<p>&nbsp;<\/p>\n<p style=\"text-align: right;\">Descarga en PDF<\/p>\n","protected":false},"excerpt":{"rendered":"<p>Antonio G\u00e1lvez Ronceros (1932) Jutito Tomado de Mon\u00f3logo para Jutito. Lluvia editores, Lima, 1986. Edici\u00f3n para el club virtual de lectura En las nubes de la ficci\u00f3n, Universidad del Pac\u00edfico, octubre de 2014 El dia en que el negro Vallumbrosio &hellip; <a href=\"https:\/\/blogs.up.edu.pe\/nubes\/textos-de-discusion\/antonio-galvez-ronceros-jutito\/\">Sigue leyendo <span class=\"meta-nav\">&rarr;<\/span><\/a><\/p>\n","protected":false},"author":3,"featured_media":0,"parent":9,"menu_order":45,"comment_status":"closed","ping_status":"closed","template":"","meta":{"footnotes":""},"class_list":["post-1577","page","type-page","status-publish","hentry"],"_links":{"self":[{"href":"https:\/\/blogs.up.edu.pe\/nubes\/wp-json\/wp\/v2\/pages\/1577","targetHints":{"allow":["GET"]}}],"collection":[{"href":"https:\/\/blogs.up.edu.pe\/nubes\/wp-json\/wp\/v2\/pages"}],"about":[{"href":"https:\/\/blogs.up.edu.pe\/nubes\/wp-json\/wp\/v2\/types\/page"}],"author":[{"embeddable":true,"href":"https:\/\/blogs.up.edu.pe\/nubes\/wp-json\/wp\/v2\/users\/3"}],"replies":[{"embeddable":true,"href":"https:\/\/blogs.up.edu.pe\/nubes\/wp-json\/wp\/v2\/comments?post=1577"}],"version-history":[{"count":2,"href":"https:\/\/blogs.up.edu.pe\/nubes\/wp-json\/wp\/v2\/pages\/1577\/revisions"}],"predecessor-version":[{"id":1580,"href":"https:\/\/blogs.up.edu.pe\/nubes\/wp-json\/wp\/v2\/pages\/1577\/revisions\/1580"}],"up":[{"embeddable":true,"href":"https:\/\/blogs.up.edu.pe\/nubes\/wp-json\/wp\/v2\/pages\/9"}],"wp:attachment":[{"href":"https:\/\/blogs.up.edu.pe\/nubes\/wp-json\/wp\/v2\/media?parent=1577"}],"curies":[{"name":"wp","href":"https:\/\/api.w.org\/{rel}","templated":true}]}}