{"id":1565,"date":"2014-10-16T13:37:00","date_gmt":"2014-10-16T18:37:00","guid":{"rendered":"https:\/\/blogs.up.edu.pe\/nubes\/\/?page_id=1565"},"modified":"2014-10-16T13:39:41","modified_gmt":"2014-10-16T18:39:41","slug":"juan-carlos-onetti-el-cerdito","status":"publish","type":"page","link":"https:\/\/blogs.up.edu.pe\/nubes\/textos-de-discusion\/juan-carlos-onetti-el-cerdito\/","title":{"rendered":"Juan Carlos Onetti, \u00abEl cerdito\u00bb"},"content":{"rendered":"<p style=\"text-align: center;\"><strong>Juan Carlos Onetti<\/strong><br \/>\n(Uruguay, 1909-1994)<\/p>\n<h2 style=\"text-align: center;\">El cerdito<\/h2>\n<h6 style=\"text-align: right;\">Edici\u00f3n para el taller virtual de lectura \u201cEn las nubes de la ficci\u00f3n\u201d,<br \/>\nUniversidad del Pac\u00edfico, Lima, octubre de 2014<\/h6>\n<p style=\"text-align: center;\">&#8230;<\/p>\n<p style=\"text-align: justify;\">La se\u00f1ora estaba siempre vestida de negro y arrastraba sonriente el reumatismo del dormitorio a la sala. Otras habitaciones no hab\u00eda; pero s\u00ed una ventana que daba a un peque\u00f1o jard\u00edn parduzco. Mir\u00f3 el reloj que le colgaba del pecho y pens\u00f3 que faltaba m\u00e1s de una hora para que llegaran los ni\u00f1os. No eran suyos. A veces dos, a veces tres que llegaban desde las casas en ruinas, m\u00e1s all\u00e1 de la placita, atravesando el puente de madera sobre la zanja seca ahora, enfurecida de agua en los temporales de invierno.<\/p>\n<p style=\"text-align: justify;\">Aunque los ni\u00f1os empezaran a ir a la escuela, siempre lograban escapar de sus casas o de sus aulas a la hora de pereza y calma de la siesta. Todos, los dos o tres, eran sucios, hambrientos y f\u00edsicamente muy distintos. Pero la anciana siempre lograba reconocer en ellos alg\u00fan rasgo del nieto perdido; a veces a Juan le correspond\u00edan los ojos o la franqueza de ojos y sonrisa; otras, ella los descubr\u00eda en Emilio o Guido. Pero no trascurr\u00eda ninguna tarde sin haber reproducido alg\u00fan gesto, alg\u00fan adem\u00e1n de nieto.<\/p>\n<p style=\"text-align: justify;\">Pas\u00f3 sin prisa a la cocina para preparar los tres tazones de caf\u00e9 con leche y los panqu\u00e9s que envolv\u00edan dulce de membrillo.<\/p>\n<p style=\"text-align: justify;\">Aquella tarde los chicos no hicieron sonar la campanilla de la verja sino que golpearon con los nudillos el cristal de la puerta de entrada, la anciana demor\u00f3 en o\u00edrlos pero los golpes continuaron insistentes y sin aumentar su fuerza. Por fin, porque hab\u00eda pasado a la sala para acomodar la mesa, la anciana percibi\u00f3 el ruido y divis\u00f3 las tres siluetas que hab\u00edan trepado los escalones.<\/p>\n<p style=\"text-align: justify;\">Sentados alrededor de la mesa, con los carrillos hinchados por la dulzura de la golosina, los ni\u00f1os repitieron las habituales tonter\u00edas, se acusaron entre ellos de fracasos y traiciones. La anciana no los comprend\u00eda pero los miraba comer con una sonrisa inm\u00f3vil; para aquella tarde, despu\u00e9s de observar mucho para no equivocarse, decidi\u00f3 que Emilio le estaba recordando el nieto mucho m\u00e1s que los otros dos. Sobre todo con el movimientos de las manos.<\/p>\n<p style=\"text-align: justify;\">Mientras lavaba la loza en la cocina oy\u00f3 el coro de risas, las apagadas voces del secreteo y luego el silencio. Alguno camin\u00f3 furtivo y ella no pudo o\u00edr el ruido sordo del hierro en la cabeza. Ya no oy\u00f3 nada m\u00e1s, bambole\u00f3 el cuerpo y luego qued\u00f3 quieta en el suelo de su cocina.<\/p>\n<p style=\"text-align: justify;\">Revolvieron en todos los muebles del dormitorio, buscaron debajo del colch\u00f3n. Se repartieron billetes y monedas y Juan le propuso a Emilio:<\/p>\n<p style=\"text-align: justify;\">\u2014Dale otro golpe. Por si las dudas.<\/p>\n<p style=\"text-align: justify;\">Caminaron despacio bajo el sol y al llegar al tabl\u00f3n de la zanja cada uno regres\u00f3 separado, al barrio miserable. Cada uno a su choza y Guido, cuando estuvo en la suya, vac\u00eda como siempre en la tarde, levant\u00f3 ropas, chatarra y desperdicios del caj\u00f3n que ten\u00eda junto al catre y extrajo la alcanc\u00eda blanca y manchada para guardar su dinero; una alcanc\u00eda de yeso en forma de cerdito con una ranura en el lomo.<\/p>\n<p style=\"text-align: center;\">&#8230;<\/p>\n<p><a href=\"https:\/\/blogs.up.edu.pe\/nubes\/\/wp-content\/uploads\/2014\/10\/Onetti-El-cerdito.pdf\"><\/p>\n<p style=\"text-align: right;\">Desc\u00e1rgalo en PDF<\/p>\n<p><\/a><\/p>\n","protected":false},"excerpt":{"rendered":"<p>Juan Carlos Onetti (Uruguay, 1909-1994) El cerdito Edici\u00f3n para el taller virtual de lectura \u201cEn las nubes de la ficci\u00f3n\u201d, Universidad del Pac\u00edfico, Lima, octubre de 2014 &#8230; La se\u00f1ora estaba siempre vestida de negro y arrastraba sonriente el reumatismo &hellip; <a href=\"https:\/\/blogs.up.edu.pe\/nubes\/textos-de-discusion\/juan-carlos-onetti-el-cerdito\/\">Sigue leyendo <span class=\"meta-nav\">&rarr;<\/span><\/a><\/p>\n","protected":false},"author":3,"featured_media":0,"parent":9,"menu_order":40,"comment_status":"closed","ping_status":"closed","template":"","meta":{"footnotes":""},"class_list":["post-1565","page","type-page","status-publish","hentry"],"_links":{"self":[{"href":"https:\/\/blogs.up.edu.pe\/nubes\/wp-json\/wp\/v2\/pages\/1565","targetHints":{"allow":["GET"]}}],"collection":[{"href":"https:\/\/blogs.up.edu.pe\/nubes\/wp-json\/wp\/v2\/pages"}],"about":[{"href":"https:\/\/blogs.up.edu.pe\/nubes\/wp-json\/wp\/v2\/types\/page"}],"author":[{"embeddable":true,"href":"https:\/\/blogs.up.edu.pe\/nubes\/wp-json\/wp\/v2\/users\/3"}],"replies":[{"embeddable":true,"href":"https:\/\/blogs.up.edu.pe\/nubes\/wp-json\/wp\/v2\/comments?post=1565"}],"version-history":[{"count":5,"href":"https:\/\/blogs.up.edu.pe\/nubes\/wp-json\/wp\/v2\/pages\/1565\/revisions"}],"predecessor-version":[{"id":1569,"href":"https:\/\/blogs.up.edu.pe\/nubes\/wp-json\/wp\/v2\/pages\/1565\/revisions\/1569"}],"up":[{"embeddable":true,"href":"https:\/\/blogs.up.edu.pe\/nubes\/wp-json\/wp\/v2\/pages\/9"}],"wp:attachment":[{"href":"https:\/\/blogs.up.edu.pe\/nubes\/wp-json\/wp\/v2\/media?parent=1565"}],"curies":[{"name":"wp","href":"https:\/\/api.w.org\/{rel}","templated":true}]}}