{"id":1516,"date":"2013-12-01T19:07:02","date_gmt":"2013-12-01T19:07:02","guid":{"rendered":"https:\/\/blogs.up.edu.pe\/nubes\/\/?page_id=1516"},"modified":"2014-07-31T19:14:11","modified_gmt":"2014-07-31T19:14:11","slug":"oscar-shimabukuro-el-hijo-solo-de-jose-maria-arguedas","status":"publish","type":"page","link":"https:\/\/blogs.up.edu.pe\/nubes\/trabajos\/trabajos-finales-ciclo-de-primavera-2013\/oscar-shimabukuro-el-hijo-solo-de-jose-maria-arguedas\/","title":{"rendered":"Oscar Shimabukuro, \u201cEl Hijo Solo\u201d de Jos\u00e9 Mar\u00eda Arguedas"},"content":{"rendered":"<p style=\"text-align: justify;\">Jos\u00e9 Mar\u00eda Arguedas naci\u00f3 en Andahuaylas el 18 de enero de 1911 y muri\u00f3 el 2 de diciembre de 1969. Fue un gran\u00a0escritor,\u00a0poeta,\u00a0traductor, profesor,\u00a0antrop\u00f3logo\u00a0y\u00a0etn\u00f3logo; es reconocido como uno de los m\u00e1s grandes indigenistas de la literatura peruana debido a que introdujo esta literatura como una visi\u00f3n interior m\u00e1s rica e incisiva no solo con sus obras sino tambi\u00e9n por lo que hizo, que contribuy\u00f3 a generar la valoraci\u00f3n de las costumbres de nuestra sierra peruana.<\/p>\n<p style=\"text-align: justify;\">Arguedas tiene una gran cantidad de obras que a muchas personas fascina y me incluyo, pues muestra de una manera amplia todas las realidades que el pa\u00eds puede tener. Muestra realidades como las celebraciones t\u00edpicas, fiestas, costumbres, vivencias, danzas que permiten ingresar a un mundo que muchos peruanos no conocemos.<\/p>\n<p style=\"text-align: justify;\">Entre sus novelas m\u00e1s conocidas est\u00e1n: <em>Los r\u00edos profundos<\/em>, <em>La agon\u00eda de Rasu \u00d1iti<\/em>, <em>Todas las sangres<\/em>, y engtre sus cuentos, \u201cEl hijo solo\u201d. Todas ellas muestran el mundo andino. Por ejemplo, en <em>Los r\u00edos profundos<\/em> se ve claramente todo ese sentimiento e identidad ind\u00edgena de Arguedas.<\/p>\n<p style=\"text-align: justify;\">\u201cEl hijo solo\u201d es un cuento que me ha gustado mucho ya que el personaje principal, Singucha, muestra un lado enormemente tierno y sensible al cuidar y proteger al peque\u00f1o perro, quien para \u00e9l era como su alegr\u00eda, energ\u00eda, amor; le trasmit\u00eda muchos sentimientos buenos en medio del ambiente en el que \u00e9l se encontraba. Arguedas siempre intent\u00f3 plasmar la humanidad, sencillez, buenas costumbres que sus personajes poseen, y esto se puede observar en la mayor\u00eda de sus cuentos ya que ese es el reflejo de la personalidad que tienen los campesinos del Per\u00fa. De igual manera, hay personajes como los due\u00f1os de las tierras que eran lo opuesto a sus personajes principales y que hac\u00edan que la historia se llenen de conflictos, enfrentamientos y explotaci\u00f3n, reflejo de lo que realmente pasa en el pa\u00eds.<\/p>\n<p style=\"text-align: justify;\">El cuento nos muestra o nos transporta a un ambiente que para Arguedas es muy conocido y que quiere que los peruanos tambi\u00e9n conozcan y sientan tan cerca como \u00e9l. Hay palabras en quechua, la manera de hablar, los hermosos paisajes que el cuento describe muy al detalle, permiten que la mayor\u00eda de los peruanos puedan conocer la cultura a la cual pertenecen, es decir una cultura que es nuestra y que es desconocida por muchos, este gran autor se esfuerza por hacernos conocer y descubrir este maravilloso mundo que se encuentra en nuestro propio pa\u00eds.<\/p>\n<p style=\"text-align: justify;\">Sin duda alguna puedo mencionar que Arguedas es un gran autor que se ha encargado de mostrar a todos los peruanos la gran historia del pa\u00eds y tambi\u00e9n llevarlos a redescubrir la cultura a la que pertenecen. Muchas personas en la actualidad pueden tener la actitud como la de los amos de la tierra, es decir de superioridad o de humillaci\u00f3n hacia las personas m\u00e1s sencillas que tambi\u00e9n son peruanos. Arguedas, en sus obras, busca que todos podamos encontrar el sentido y entender c\u00f3mo son las personas a las que no nos atrevemos a acercarnos.<\/p>\n<p style=\"text-align: justify;\">En conclusi\u00f3n, las obras de Jos\u00e9 Mar\u00eda Arguedas nos muestran lo m\u00e1s profundo de las ra\u00edces peruanas, de la cultura; nos permiten interiorizar y preguntarnos sobre todo lo que est\u00e1 a nuestro alrededor; nos permiten valorar a todos los peruanos, cada uno diferente del otro y seguir demostrando que a pesar de ser un pa\u00eds que a\u00fan debe seguir aprendiendo, existe la tolerancia y el amor al pr\u00f3jimo.<\/p>\n","protected":false},"excerpt":{"rendered":"<p>Jos\u00e9 Mar\u00eda Arguedas naci\u00f3 en Andahuaylas el 18 de enero de 1911 y muri\u00f3 el 2 de diciembre de 1969. Fue un gran\u00a0escritor,\u00a0poeta,\u00a0traductor, profesor,\u00a0antrop\u00f3logo\u00a0y\u00a0etn\u00f3logo; es reconocido como uno de los m\u00e1s grandes indigenistas de la literatura peruana debido a que &hellip; <a href=\"https:\/\/blogs.up.edu.pe\/nubes\/trabajos\/trabajos-finales-ciclo-de-primavera-2013\/oscar-shimabukuro-el-hijo-solo-de-jose-maria-arguedas\/\">Sigue leyendo <span class=\"meta-nav\">&rarr;<\/span><\/a><\/p>\n","protected":false},"author":3,"featured_media":0,"parent":1086,"menu_order":23,"comment_status":"closed","ping_status":"closed","template":"","meta":{"footnotes":""},"class_list":["post-1516","page","type-page","status-publish","hentry"],"_links":{"self":[{"href":"https:\/\/blogs.up.edu.pe\/nubes\/wp-json\/wp\/v2\/pages\/1516","targetHints":{"allow":["GET"]}}],"collection":[{"href":"https:\/\/blogs.up.edu.pe\/nubes\/wp-json\/wp\/v2\/pages"}],"about":[{"href":"https:\/\/blogs.up.edu.pe\/nubes\/wp-json\/wp\/v2\/types\/page"}],"author":[{"embeddable":true,"href":"https:\/\/blogs.up.edu.pe\/nubes\/wp-json\/wp\/v2\/users\/3"}],"replies":[{"embeddable":true,"href":"https:\/\/blogs.up.edu.pe\/nubes\/wp-json\/wp\/v2\/comments?post=1516"}],"version-history":[{"count":1,"href":"https:\/\/blogs.up.edu.pe\/nubes\/wp-json\/wp\/v2\/pages\/1516\/revisions"}],"predecessor-version":[{"id":1517,"href":"https:\/\/blogs.up.edu.pe\/nubes\/wp-json\/wp\/v2\/pages\/1516\/revisions\/1517"}],"up":[{"embeddable":true,"href":"https:\/\/blogs.up.edu.pe\/nubes\/wp-json\/wp\/v2\/pages\/1086"}],"wp:attachment":[{"href":"https:\/\/blogs.up.edu.pe\/nubes\/wp-json\/wp\/v2\/media?parent=1516"}],"curies":[{"name":"wp","href":"https:\/\/api.w.org\/{rel}","templated":true}]}}