{"id":1513,"date":"2013-12-01T18:54:08","date_gmt":"2013-12-01T18:54:08","guid":{"rendered":"https:\/\/blogs.up.edu.pe\/nubes\/\/?page_id=1513"},"modified":"2014-07-31T19:04:37","modified_gmt":"2014-07-31T19:04:37","slug":"lidia-karen-anampa-mesias-los-huaqueros-de-ribeyro","status":"publish","type":"page","link":"https:\/\/blogs.up.edu.pe\/nubes\/trabajos\/trabajos-finales-ciclo-de-primavera-2013\/lidia-karen-anampa-mesias-los-huaqueros-de-ribeyro\/","title":{"rendered":"Lidia Karen Anampa Mes\u00edas, \u00abLos huaqueros\u00bb de Ribeyro"},"content":{"rendered":"<p style=\"text-align: justify;\">El cuento nos lleva a revivir las d\u00e9cadas anteriores en donde a\u00fan las costumbres eran distintas a las actuales y, sobre todo, m\u00e1s tradicionales. Las huacas siempre han sido consideradas patrimonio que se debe cuidar para que pueda conservarse a trav\u00e9s del tiempo; sin embargo, detr\u00e1s de esto hay una tremenda historia que muchas veces es una inc\u00f3gnita pues pertenece a nuestro pasado. A las personas que buscan excavar ilegalmente en las huacas con el fin de encontrar cosas de valor se les llamaba huaqueros.<\/p>\n<p style=\"text-align: justify;\">Tob\u00edas y Filiberto eran grandes amigos que compart\u00edan las intenciones de ir a huaquear y as\u00ed encontrar algo valioso en la huaca Juliana. En su af\u00e1n de indagar en la excavaci\u00f3n no consideraron que no eran los \u00fanicos que pretend\u00edan hacer lo mismo y es por ello que se llevaron un gran susto al encontrarse con Toledo y Andr\u00e9s, quienes, en resumen se convirtieron en parte del grupo de excavaci\u00f3n. Pasaba el tiempo y Tob\u00edas logr\u00f3 arrancar un sonido extra\u00f1o que hac\u00eda indicar que hab\u00eda una caja.<\/p>\n<p style=\"text-align: justify;\">Sin embargo, los contratiempos no se hicieron esperar y es as\u00ed que las autoridades entran a escena, pues inicialmente se encontraron con un polic\u00eda quien se mostr\u00f3 un poco reacio, sin intenciones de querer ayudarlos pero al final accedi\u00f3 con el fin de obtener parte de lo que se haya encontrado. Pero este se ve interrumpido cuando su superior aparece y le dice que vaya hacer su ronda y no se quede en el lugar. Esta nueva autoridad no se mostraba interesada en ayudar pero luego, de una forma autoritaria, les ordena continuar. Este personaje tambi\u00e9n ten\u00eda deseos de que se encuentre algo valioso y quedarse con su parte.<\/p>\n<p style=\"text-align: justify;\">Todo iba marchando bien mientras excavaban pero fue grande la sorpresa para ellos cuando lograron sacar esa anhelada caja y en su interior hab\u00eda restos de un ni\u00f1o y no oro o cosas de gran valor. Tal fue la decepci\u00f3n del polic\u00eda que se retir\u00f3 y orden\u00f3 a todos que se vayan del lugar. Aun as\u00ed los huaqueros pretend\u00edan sacar el mayor provecho a las cosas que hab\u00eda al interior de la caja y decidieron llevarse lo encontrado. Pero, sin darse cuenta, hab\u00edan puesto de cabeza la caja as\u00ed que al llegar a su destino \u00fanicamente contaban con la madera pues la momia se hab\u00eda ca\u00eddo en el momento del traslado.<\/p>\n<p style=\"text-align: justify;\">Esta historia no est\u00e1 fuera de la realidad con respecto a las autoridades existentes en la actualidad en nuestro pa\u00eds. La corrupci\u00f3n es algo que ha venido aumentando en los \u00faltimos a\u00f1os, principalmente por los polic\u00edas, y otras autoridades. Por dinero son capaces de no hacer valer las normas y leyes establecidas. Lo m\u00e1s tr\u00e1gico es saber que la poblaci\u00f3n est\u00e1 tan acostumbrada a comprar autoridades que poco valor tiene para ella hacer respetar las normas.<\/p>\n<p style=\"text-align: justify;\">Los huaqueros se remontan a d\u00e9cadas atr\u00e1s y es incre\u00edble saber que hasta la actualidad ese tipo de hechos corruptos suceden, y ahora con m\u00e1s frecuencia y normalidad. Cuando menciono la palabra \u201cnormalidad\u201d me refiero a que los ciudadanos y autoridades han permitido que todo esto suceda d\u00eda a d\u00eda hasta el punto que por ejemplo en un polic\u00eda las coimas son un ingreso adicional de forma diaria.<\/p>\n<p style=\"text-align: justify;\">Por otro lado, se tiene la llamada \u201cviveza\u201d por obtener las cosas f\u00e1ciles y de una forma ilegal. Si bien en d\u00e9cadas anteriores algunas cosas eran comunes por ignorancia, otras eran hechas sabiendo que no estaban permitidas. Es as\u00ed que la historia relata la excavaci\u00f3n de los huaqueros de una forma temerosa puesto que ellos ten\u00edan en cuenta que eso no era legal y es as\u00ed que quer\u00edan culminar cuanto antes con el fin de que nadie los descubriera. Pero ni siquiera ello fue dificultad puesto que las mismas autoridades apoyaron este hecho. Esta \u201cviveza\u201d que a la vez tambi\u00e9n es un robo, es parte de la incrementada delincuencia que hoy en d\u00eda se da en nuestro pa\u00eds.<\/p>\n","protected":false},"excerpt":{"rendered":"<p>El cuento nos lleva a revivir las d\u00e9cadas anteriores en donde a\u00fan las costumbres eran distintas a las actuales y, sobre todo, m\u00e1s tradicionales. Las huacas siempre han sido consideradas patrimonio que se debe cuidar para que pueda conservarse a &hellip; <a href=\"https:\/\/blogs.up.edu.pe\/nubes\/trabajos\/trabajos-finales-ciclo-de-primavera-2013\/lidia-karen-anampa-mesias-los-huaqueros-de-ribeyro\/\">Sigue leyendo <span class=\"meta-nav\">&rarr;<\/span><\/a><\/p>\n","protected":false},"author":3,"featured_media":0,"parent":1086,"menu_order":22,"comment_status":"closed","ping_status":"closed","template":"","meta":{"footnotes":""},"class_list":["post-1513","page","type-page","status-publish","hentry"],"_links":{"self":[{"href":"https:\/\/blogs.up.edu.pe\/nubes\/wp-json\/wp\/v2\/pages\/1513","targetHints":{"allow":["GET"]}}],"collection":[{"href":"https:\/\/blogs.up.edu.pe\/nubes\/wp-json\/wp\/v2\/pages"}],"about":[{"href":"https:\/\/blogs.up.edu.pe\/nubes\/wp-json\/wp\/v2\/types\/page"}],"author":[{"embeddable":true,"href":"https:\/\/blogs.up.edu.pe\/nubes\/wp-json\/wp\/v2\/users\/3"}],"replies":[{"embeddable":true,"href":"https:\/\/blogs.up.edu.pe\/nubes\/wp-json\/wp\/v2\/comments?post=1513"}],"version-history":[{"count":1,"href":"https:\/\/blogs.up.edu.pe\/nubes\/wp-json\/wp\/v2\/pages\/1513\/revisions"}],"predecessor-version":[{"id":1514,"href":"https:\/\/blogs.up.edu.pe\/nubes\/wp-json\/wp\/v2\/pages\/1513\/revisions\/1514"}],"up":[{"embeddable":true,"href":"https:\/\/blogs.up.edu.pe\/nubes\/wp-json\/wp\/v2\/pages\/1086"}],"wp:attachment":[{"href":"https:\/\/blogs.up.edu.pe\/nubes\/wp-json\/wp\/v2\/media?parent=1513"}],"curies":[{"name":"wp","href":"https:\/\/api.w.org\/{rel}","templated":true}]}}