{"id":1511,"date":"2013-12-01T18:45:19","date_gmt":"2013-12-01T18:45:19","guid":{"rendered":"https:\/\/blogs.up.edu.pe\/nubes\/\/?page_id=1511"},"modified":"2014-07-31T18:52:09","modified_gmt":"2014-07-31T18:52:09","slug":"nicole-bertie-cuentos-policiacos","status":"publish","type":"page","link":"https:\/\/blogs.up.edu.pe\/nubes\/trabajos\/trabajos-finales-ciclo-de-primavera-2013\/nicole-bertie-cuentos-policiacos\/","title":{"rendered":"Nicole Bertie, Cuentos policiacos"},"content":{"rendered":"<p style=\"text-align: justify;\">Los cuentos tienen el poder de trasladarte en el tiempo e involucrarte en las historias, de absorberte en un mundo paralelo donde no hay l\u00edmites para la imaginaci\u00f3n. Ellos y sus autores, tienen el poder de hacernos pensar, fantasear y fascinarnos con la idea de lo que podr\u00eda ser realidad. Hay libros para todos los gustos, eso lo descubr\u00ed en la clase \u201cEn las nubes de la ficci\u00f3n\u201d. Me encontr\u00e9 con g\u00e9neros que jam\u00e1s hubiera pensado leer, conoc\u00ed lo rica que es la literatura latinoamericana, y aprend\u00ed que no hay que tener miedo a los cuentos de terror. Le\u00ed historias de distintos g\u00e9neros, escritores con distintas t\u00e9cnicas para escribir y todo tipo de personajes \u00fanicos. Historias con lecciones de vida, otras con mensajes subliminales y las que simplemente nos hacen pasar un buen rato.<\/p>\n<p style=\"text-align: justify;\">Nunca me consider\u00e9 una persona amante del misterio, pero despu\u00e9s de leer cuentos policiacos creo que es un g\u00e9nero que no me cansar\u00eda de leer. Son historias con mucho ingenio, que te sorprenden y que te permiten potencializar la capacidad de an\u00e1lisis como lector, para convertirte en un detective m\u00e1s. En ellos leer es como investigar e ir resolviendo el por qu\u00e9 de cada palabra, personaje y situaci\u00f3n. Cada palabra tiene un doble sentido, nada es lo que aparenta. Una de las lecturas que m\u00e1s disfrut\u00e9 fue \u201cEl carbunclo azul\u201d de Arthur Conan Doyle, una lectura r\u00e1pida y \u00e1gil donde se describe a un Sherlock Holmes con una inteligencia para resolver casos pocas veces vista. A pesar de haber sido espectadora de las pel\u00edculas inspiradas en las historias de Sherlock Holmes, nunca me imagin\u00e9 que leerlo fuera tan entretenido. Ahora soy una fiel creyente en que el libro es mucho mejor que la pel\u00edcula.<\/p>\n<p style=\"text-align: justify;\">Hoy en d\u00eda podemos ver series de televisi\u00f3n policiacas, de misterio y cr\u00edmenes sin resolver. Programas que constan de mucha informaci\u00f3n acumulada en una hora de programaci\u00f3n. Historias llenas de im\u00e1genes y di\u00e1logos sin mucho contenido. Igual pasa con las pel\u00edculas, por ejemplo la pel\u00edcula de Sherlock Holmes con Robert Downey Jr. tiene grandes efectos especiales, pero finalmente vemos m\u00e1s destreza en la violencia que en la forma de pensar de Sherlock. Lo primero que se me viene a la mente cuando pienso en la pel\u00edcula es la parte en <em>slow motion<\/em> en que calcula exactamente los golpes que va a dar para inmovilizar a sus agresores. Muy diferente al Sherlock de los cuentos. Primero porque el Sherlock de los cuentos es una persona con humor negro, no con la versi\u00f3n del cine con <em>look<\/em> de loco. Segundo, porque en el cuento no encontramos la agresividad que vemos en la pel\u00edcula. Tercero, porque en los libros Sherlock es brillante y admirado.<\/p>\n<p style=\"text-align: justify;\">Y es que hay m\u00e1s magia en los cuentos, en el ir descubriendo los hechos mientras uno lee, un abanico de adjetivos descriptivos y un lenguaje que solo se puede leer. La televisi\u00f3n nos pone todo m\u00e1s f\u00e1cil, no hay fantas\u00eda. Donde los detalles son m\u00e1s expl\u00edcitos, no hay lugar para la imaginaci\u00f3n. \u201cEl carbunclo azul\u201d me fascin\u00f3, creo que Sherlock Holmes es un gran personaje de la literatura inglesa. Un personaje tan confuso y coherente a la vez. Los di\u00e1logos con Watson son muy interesantes, se nota una complicidad entre ellos y una sentida admiraci\u00f3n de Watson por Sherlock por su capacidad de resolver hasta los casos mas raros. Los detalles, las ocurrencias y los aciertos te dejan simplemente asombrado. Sherlock Holmes es un personaje que prevalece en el tiempo. Arthur Conan Doyle deja un legado de historias de misterio que ser\u00e1n muy dif\u00edciles de igualar en el futuro.<\/p>\n","protected":false},"excerpt":{"rendered":"<p>Los cuentos tienen el poder de trasladarte en el tiempo e involucrarte en las historias, de absorberte en un mundo paralelo donde no hay l\u00edmites para la imaginaci\u00f3n. Ellos y sus autores, tienen el poder de hacernos pensar, fantasear y &hellip; <a href=\"https:\/\/blogs.up.edu.pe\/nubes\/trabajos\/trabajos-finales-ciclo-de-primavera-2013\/nicole-bertie-cuentos-policiacos\/\">Sigue leyendo <span class=\"meta-nav\">&rarr;<\/span><\/a><\/p>\n","protected":false},"author":3,"featured_media":0,"parent":1086,"menu_order":21,"comment_status":"closed","ping_status":"closed","template":"","meta":{"footnotes":""},"class_list":["post-1511","page","type-page","status-publish","hentry"],"_links":{"self":[{"href":"https:\/\/blogs.up.edu.pe\/nubes\/wp-json\/wp\/v2\/pages\/1511","targetHints":{"allow":["GET"]}}],"collection":[{"href":"https:\/\/blogs.up.edu.pe\/nubes\/wp-json\/wp\/v2\/pages"}],"about":[{"href":"https:\/\/blogs.up.edu.pe\/nubes\/wp-json\/wp\/v2\/types\/page"}],"author":[{"embeddable":true,"href":"https:\/\/blogs.up.edu.pe\/nubes\/wp-json\/wp\/v2\/users\/3"}],"replies":[{"embeddable":true,"href":"https:\/\/blogs.up.edu.pe\/nubes\/wp-json\/wp\/v2\/comments?post=1511"}],"version-history":[{"count":1,"href":"https:\/\/blogs.up.edu.pe\/nubes\/wp-json\/wp\/v2\/pages\/1511\/revisions"}],"predecessor-version":[{"id":1512,"href":"https:\/\/blogs.up.edu.pe\/nubes\/wp-json\/wp\/v2\/pages\/1511\/revisions\/1512"}],"up":[{"embeddable":true,"href":"https:\/\/blogs.up.edu.pe\/nubes\/wp-json\/wp\/v2\/pages\/1086"}],"wp:attachment":[{"href":"https:\/\/blogs.up.edu.pe\/nubes\/wp-json\/wp\/v2\/media?parent=1511"}],"curies":[{"name":"wp","href":"https:\/\/api.w.org\/{rel}","templated":true}]}}