{"id":1508,"date":"2013-12-01T18:39:12","date_gmt":"2013-12-01T18:39:12","guid":{"rendered":"https:\/\/blogs.up.edu.pe\/nubes\/\/?page_id=1508"},"modified":"2014-07-31T18:44:13","modified_gmt":"2014-07-31T18:44:13","slug":"andres-alfredo-palomino-chesterton-el-corazon-delator-de-e-a-poe","status":"publish","type":"page","link":"https:\/\/blogs.up.edu.pe\/nubes\/trabajos\/trabajos-finales-ciclo-de-primavera-2013\/andres-alfredo-palomino-chesterton-el-corazon-delator-de-e-a-poe\/","title":{"rendered":"Andr\u00e9s Alfredo Palomino Chesterton, \u00abEl coraz\u00f3n delator\u00bb de E. A. Poe"},"content":{"rendered":"<p style=\"text-align: justify;\">La primera vez que le\u00ed este cuento fue en mis a\u00f1os de primaria, durante el curso de ingl\u00e9s y, a\u00f1os despu\u00e9s, por placer en varias ocasiones. Sin embargo, hasta el d\u00eda de hoy se mantiene como mi favorito, las emociones v\u00edvidas que se recogen de la historia y la intensidad del relato no tienen comparaci\u00f3n y a\u00fan me emociono tanto al leerlo como la primera vez.<\/p>\n<p style=\"text-align: justify;\">A\u00fan no logro determinar si el asesino estaba verdaderamente loco o si fue solo el sentimiento de culpa agobiante el que lo llev\u00f3 a percibir estos imaginarios, los cuales se narran de una manera tan v\u00edvida que uno llega a dudar si son imaginarios o efectivamente existe un coraz\u00f3n latiendo en la habitaci\u00f3n. Uno puede meterse en su cabeza y sentir v\u00edvidamente lo mismo que \u00e9l sinti\u00f3. Aunque claro que la fascinaci\u00f3n con el luego difunto apoyan un poco la teor\u00eda de que efectivamente era un orate. No entiendo hasta hoy qu\u00e9 era lo que generaba en \u00e9l tal aflicci\u00f3n, tal nivel de desesperaci\u00f3n, que lo conminara a un acto tan fr\u00edo y cruel. Solo \u00e9l lo sabe.<\/p>\n<p style=\"text-align: justify;\">Todo comienza sombr\u00edo, fr\u00edo, altamente calculado, incluso hasta minutos antes de la llegada de las fuerzas del orden. Uno en verdad siente que est\u00e1 leyendo sobre el crimen perfecto y que el orate se va a salir con la suya. Incluso la confianza con la cual los invita a sentarse en la misma sala donde hab\u00eda ocultado el cad\u00e1ver da se\u00f1ales de que todo estaba perfectamente calculado. Es ah\u00ed cuando arranca el momento de mayor tensi\u00f3n de la historia. Extra\u00f1amente, nuestro asesino comienza a sentir un ruido, un golpe que lo incomoda y lo distrae, un sonido que ligeramente asemeja a un coraz\u00f3n latiente. Y es ah\u00ed cuando lo entiende, va a ser descubierto, el coraz\u00f3n lat\u00eda para avisar a la polic\u00eda que estaba ah\u00ed, que el asesino se encontraba sentado encima del cad\u00e1ver.<\/p>\n<p style=\"text-align: justify;\">Los siguientes minutos me encerraron r\u00e1pidamente en la tensi\u00f3n del sonido que se acelera y desespera. Cada vez m\u00e1s fuerte, cada vez m\u00e1s intenso, cada vez m\u00e1s cerca de ser descubierto por la polic\u00eda. En estos momentos uno siente que puede o\u00edr el coraz\u00f3n latir, resulta dif\u00edcil leer este cuento sin imaginar el sonido de los latidos intensific\u00e1ndose. Resulta que el crimen no era perfecto, hab\u00eda olvidado un detalle, aquel detalle que hace que ning\u00fan crimen sea perfecto, su conciencia. Su propia conciencia le estaba haciendo una mala pasada, aunque \u00e9l mismo no era consciente de ello. Su conciencia quer\u00eda que confiese, le estaba ganando la batalla y se intensificaba cada vez m\u00e1s para hacer m\u00e1s fuerte su amenaza de delatarlo.<\/p>\n<p style=\"text-align: justify;\">Como ya es conocido, finalmente confiesa su horrendo crimen y la polic\u00eda se lo lleva en custodia. Claramente nadie hab\u00eda o\u00eddo nada, todo estaba en su mente, la conciencia le hab\u00eda ganado la batalla. No hab\u00eda necesidad de confesar. Clara la moraleja, lo \u00fanico de lo que jam\u00e1s podr\u00e1s escapar es tu conciencia, ella te seguir\u00e1 a todos lados y juzgar\u00e1 cada uno de tus movimientos y te puede llegar a volver loco si no le haces caso y tratas de evitar la moralidad de tus actos. Siempre se debe recordar que los principales testigos de nuestros il\u00edcitos somos nosotros mismos y no debemos subestimar nuestro propio poder.<\/p>\n<p style=\"text-align: justify;\">Recomiendo mucho este libro para cualquiera que quiera una lectura ligera, veloz, pero llena de emociones. Estoy seguro que se meter\u00e1n tanto a la lectura como yo y que disfrutar\u00e1n momentos de placer literarios como pocos antes. Incluso m\u00e1s recomendable de leer en ingl\u00e9s, la narraci\u00f3n en su idioma de origen ayuda mucho al argumento.<\/p>\n","protected":false},"excerpt":{"rendered":"<p>La primera vez que le\u00ed este cuento fue en mis a\u00f1os de primaria, durante el curso de ingl\u00e9s y, a\u00f1os despu\u00e9s, por placer en varias ocasiones. Sin embargo, hasta el d\u00eda de hoy se mantiene como mi favorito, las emociones &hellip; <a href=\"https:\/\/blogs.up.edu.pe\/nubes\/trabajos\/trabajos-finales-ciclo-de-primavera-2013\/andres-alfredo-palomino-chesterton-el-corazon-delator-de-e-a-poe\/\">Sigue leyendo <span class=\"meta-nav\">&rarr;<\/span><\/a><\/p>\n","protected":false},"author":3,"featured_media":0,"parent":1086,"menu_order":20,"comment_status":"closed","ping_status":"closed","template":"","meta":{"footnotes":""},"class_list":["post-1508","page","type-page","status-publish","hentry"],"_links":{"self":[{"href":"https:\/\/blogs.up.edu.pe\/nubes\/wp-json\/wp\/v2\/pages\/1508","targetHints":{"allow":["GET"]}}],"collection":[{"href":"https:\/\/blogs.up.edu.pe\/nubes\/wp-json\/wp\/v2\/pages"}],"about":[{"href":"https:\/\/blogs.up.edu.pe\/nubes\/wp-json\/wp\/v2\/types\/page"}],"author":[{"embeddable":true,"href":"https:\/\/blogs.up.edu.pe\/nubes\/wp-json\/wp\/v2\/users\/3"}],"replies":[{"embeddable":true,"href":"https:\/\/blogs.up.edu.pe\/nubes\/wp-json\/wp\/v2\/comments?post=1508"}],"version-history":[{"count":1,"href":"https:\/\/blogs.up.edu.pe\/nubes\/wp-json\/wp\/v2\/pages\/1508\/revisions"}],"predecessor-version":[{"id":1509,"href":"https:\/\/blogs.up.edu.pe\/nubes\/wp-json\/wp\/v2\/pages\/1508\/revisions\/1509"}],"up":[{"embeddable":true,"href":"https:\/\/blogs.up.edu.pe\/nubes\/wp-json\/wp\/v2\/pages\/1086"}],"wp:attachment":[{"href":"https:\/\/blogs.up.edu.pe\/nubes\/wp-json\/wp\/v2\/media?parent=1508"}],"curies":[{"name":"wp","href":"https:\/\/api.w.org\/{rel}","templated":true}]}}