{"id":1505,"date":"2013-12-01T18:32:44","date_gmt":"2013-12-01T18:32:44","guid":{"rendered":"https:\/\/blogs.up.edu.pe\/nubes\/\/?page_id=1505"},"modified":"2014-07-31T18:36:42","modified_gmt":"2014-07-31T18:36:42","slug":"jinko-kanno-un-dia-perfecto-para-los-canguros-de-haruki-murakami","status":"publish","type":"page","link":"https:\/\/blogs.up.edu.pe\/nubes\/trabajos\/trabajos-finales-ciclo-de-primavera-2013\/jinko-kanno-un-dia-perfecto-para-los-canguros-de-haruki-murakami\/","title":{"rendered":"Jinko Kanno, \u201cUn d\u00eda perfecto para los canguros\u201d de Haruki Murakami"},"content":{"rendered":"<p style=\"text-align: justify;\">\u201cUn d\u00eda perfecto para los canguros\u201d es un relato corto acerca de una pareja de enamorados que visitan un zool\u00f3gico con el fin de ver un beb\u00e9 canguro que ha nacido recientemente. Al final de cuentas, la pareja termina yendo luego de un mes de que el canguro ha nacido y ya no parece un beb\u00e9 sino m\u00e1s un canguro peque\u00f1o. La joven queda algo decepcionada pero igual la pareja termina con su d\u00eda de paseo.<\/p>\n<p style=\"text-align: justify;\">A simple vista, la historia no parece muy profunda por su largo y tema tratado pero considero que son los detalles los que hacen la diferencia en este caso. En primer lugar, nos encontramos con una pareja que se demor\u00f3 un mes para reci\u00e9n ir al zool\u00f3gico; esto se debi\u00f3 a que hab\u00edan estado ocupados con sus vidas. Esto suele ocurrir con mucha frecuencia en la actualidad donde las personas estamos tan consumidas con el d\u00eda a d\u00eda que no nos detenemos un momento a ver lo que est\u00e1 pasando a nuestro alrededor. Muchos de nuestros deseos se ven dejados de lado o los posponemos hasta que ya es muy tarde. La pareja estaba emocionada por ver un canguro beb\u00e9 pero ninguno de los dos se dio el tiempo necesario para ir en el momento propicio.<\/p>\n<p style=\"text-align: justify;\">En segundo lugar, la joven muestra una gran preocupaci\u00f3n por la protecci\u00f3n de la cr\u00eda y de que si estaba segura con su mam\u00e1. Al enamorado le parec\u00eda que su pareja estaba simplemente preguntando temas sin sentido. Sin embargo, creo que la intenci\u00f3n de la enamorada era transmitir que ella estaba pensando en la maternidad en un futuro cercano. Esto implicaba un mayor compromiso por parte del enamorado que puede ser reflejado, por ejemplo, en una pedida de matrimonio. Asimismo, la joven busca que su enamorado le asegure que la cr\u00eda estaba en buen estado dentro de la bolsa de la mam\u00e1 canguro, y eso se puede interpretar como que ella est\u00e1 dudando acerca de su desempe\u00f1o como madre. Por ello, busca alg\u00fan tipo de respaldo.<\/p>\n<p style=\"text-align: justify;\">En tercer lugar, se encuentra el papel del pap\u00e1 canguro dentro de la historia. La pareja relata que \u00e9ste \u201cestaba absorto en la contemplaci\u00f3n de las hojas verdes del caj\u00f3n de comida\u201d. En lo personal, interpret\u00e9 que el papel del hombre siempre est\u00e1 en proveer y un tanto aislado del rol de la madre que cuida a su cr\u00eda. Esto se puede ver ya que el canguro pap\u00e1 hizo lo mismo desde que comenz\u00f3 hasta que acab\u00f3 la historia mientras que en el caso de la canguro mam\u00e1 se puede ver que eventualmente pone a su cr\u00eda en su bolso. Esto refleja la imagen que tiene el autor acerca de la familia dentro de la sociedad y que puede estar influenciada por su origen japon\u00e9s: en de la cultura de este pa\u00eds es usual ver que cada persona dentro de la familia cumple un rol tradicional asignado.<\/p>\n<p style=\"text-align: justify;\">Para concluir, eleg\u00ed este cuento porque refleja c\u00f3mo a partir de un tema simple, se pueden transmitir mensajes que buscan cambiar nuestra perspectiva acerca de c\u00f3mo estamos viviendo o mensajes que nos ayudan a entender mejor a los personajes de la historia. No es necesario tocar temas complicados o controversiales para que el autor comunique algo significativo al lector. Adem\u00e1s, creo que es m\u00e9rito del autor que estos mensajes estaban hasta cierto nivel ocultos a ojos del lector. Uno debe profundizar en la lectura para poder encontrarlos. Esto nos debe ense\u00f1ar a ir m\u00e1s all\u00e1 de las palabras y buscar encontrar lo que realmente est\u00e1 detr\u00e1s de ellas.<\/p>\n","protected":false},"excerpt":{"rendered":"<p>\u201cUn d\u00eda perfecto para los canguros\u201d es un relato corto acerca de una pareja de enamorados que visitan un zool\u00f3gico con el fin de ver un beb\u00e9 canguro que ha nacido recientemente. Al final de cuentas, la pareja termina yendo &hellip; <a href=\"https:\/\/blogs.up.edu.pe\/nubes\/trabajos\/trabajos-finales-ciclo-de-primavera-2013\/jinko-kanno-un-dia-perfecto-para-los-canguros-de-haruki-murakami\/\">Sigue leyendo <span class=\"meta-nav\">&rarr;<\/span><\/a><\/p>\n","protected":false},"author":3,"featured_media":0,"parent":1086,"menu_order":19,"comment_status":"closed","ping_status":"closed","template":"","meta":{"footnotes":""},"class_list":["post-1505","page","type-page","status-publish","hentry"],"_links":{"self":[{"href":"https:\/\/blogs.up.edu.pe\/nubes\/wp-json\/wp\/v2\/pages\/1505","targetHints":{"allow":["GET"]}}],"collection":[{"href":"https:\/\/blogs.up.edu.pe\/nubes\/wp-json\/wp\/v2\/pages"}],"about":[{"href":"https:\/\/blogs.up.edu.pe\/nubes\/wp-json\/wp\/v2\/types\/page"}],"author":[{"embeddable":true,"href":"https:\/\/blogs.up.edu.pe\/nubes\/wp-json\/wp\/v2\/users\/3"}],"replies":[{"embeddable":true,"href":"https:\/\/blogs.up.edu.pe\/nubes\/wp-json\/wp\/v2\/comments?post=1505"}],"version-history":[{"count":1,"href":"https:\/\/blogs.up.edu.pe\/nubes\/wp-json\/wp\/v2\/pages\/1505\/revisions"}],"predecessor-version":[{"id":1506,"href":"https:\/\/blogs.up.edu.pe\/nubes\/wp-json\/wp\/v2\/pages\/1505\/revisions\/1506"}],"up":[{"embeddable":true,"href":"https:\/\/blogs.up.edu.pe\/nubes\/wp-json\/wp\/v2\/pages\/1086"}],"wp:attachment":[{"href":"https:\/\/blogs.up.edu.pe\/nubes\/wp-json\/wp\/v2\/media?parent=1505"}],"curies":[{"name":"wp","href":"https:\/\/api.w.org\/{rel}","templated":true}]}}