{"id":1503,"date":"2013-12-01T18:23:11","date_gmt":"2013-12-01T18:23:11","guid":{"rendered":"https:\/\/blogs.up.edu.pe\/nubes\/\/?page_id=1503"},"modified":"2014-07-31T18:31:09","modified_gmt":"2014-07-31T18:31:09","slug":"andres-rojas-izaguirre-dia-domingo-de-mario-vargas-llosa","status":"publish","type":"page","link":"https:\/\/blogs.up.edu.pe\/nubes\/trabajos\/trabajos-finales-ciclo-de-primavera-2013\/andres-rojas-izaguirre-dia-domingo-de-mario-vargas-llosa\/","title":{"rendered":"Andr\u00e9s Rojas Izaguirre, \u201cD\u00eda domingo\u201d de Mario Vargas Llosa"},"content":{"rendered":"<p style=\"text-align: justify;\">El autor de este fant\u00e1stico cuento es Jorge Mario Pedro Vargas Llosa, m\u00e1s conocido como Mario Vargas Llosa, quien es un famoso escritor peruano de cuentos, novelas literarias, ensayos y obras teatrales. Al comienzo de su vida profesional empieza escribiendo cuentos como este, para m\u00e1s adelante escribir y desarrollar novelas que lo han llevado al pico m\u00e1s alto de su carrera y gracias a su trabajo ha cosechado numerosos premios nacionales e internacionales, entre los que destacan el Pr\u00edncipe de Asturias de las Letras y su mayor premio, el Nobel de Literatura, conseguido en 2010.<\/p>\n<p style=\"text-align: justify;\">Este cuento pertenece a la primera etapa de la vida de Mario Vargas Llosa como escritor. A trav\u00e9s de este cuento podemos apreciar caracter\u00edsticas que son propias y definen a Vargas Llosa como un gran escritor.\u00a0Es uno de los seis cuentos que forman el libro <em>Los jefes<\/em>, escrito entre 1953 y 1957 y publicado en 1959. El autor, por esa \u00e9poca ten\u00eda tan solo 22 a\u00f1os.<\/p>\n<p style=\"text-align: justify;\">Este cuento nos narra especialmente la disputa de dos j\u00f3venes miraflorinos, Miguel y Rub\u00e9n por conseguir el amor de una muchacha, Flora, teniendo como protagonista a Miguel, quien al comienzo de la historia vence su timidez y declara su amor a Flora. Pero ella no quiere dar una respuesta apresurada y pide que le d\u00e9 tiempo para pensar y tomar una decisi\u00f3n. Despu\u00e9s de esto Miguel recuerda que hab\u00eda escuchado que Flora iba a ir esa misma tarde a casa de su amiga Martha, quien quer\u00eda ayudar a Rub\u00e9n a pasar tiempo con Flora. Esto genera mucho fastidio en Miguel, quien se decide a evitar eso a toda costa y se decide ir en busca de Rub\u00e9n. Lo encuentra en un bar junto con sus amigos. Para evitar que vaya al encuentro con Flora, Miguel desaf\u00eda a Rub\u00e9n a someterse a\u00a0pruebas\u00a0de\u00a0resistencia al alcohol, Rub\u00e9n acepta el reto y al final de esta prueba no hay un consenso sobre qui\u00e9n gan\u00f3. Rub\u00e9n, al caer en las provocaciones de Miguel, lo reta a nadar en la playa hasta la reventaz\u00f3n, esto es una prueba dif\u00edcil por ser invierno y de noche, sumado a que no se encontraban en buenas condiciones por haber tomado tanta cerveza. Miguel titubea, m\u00e1s a\u00fan al saber que su oponente era un buen nadador, pero acepta cuando Rub\u00e9n le promete que si logra vencerlo, ya no se le declarar\u00eda a Flora. Ya realizando la prueba Rub\u00e9n sufre un calambre y en su temor a morir, pide a Miguel que lo ayude. Miguel lo ayuda hasta que se le pasa el calambre y a llegar a la orilla. Rub\u00e9n reconoce el triunfo de Miguel alegando que fue por poco y pidiendo en secreto a Miguel que no cuente lo sucedido. Miguel acepta y est\u00e1 muy contento porque piensa que pronto se correr\u00eda la noticia y Flora se enterar\u00eda de su gran haza\u00f1a.<\/p>\n<p style=\"text-align: justify;\">Este cuento es algo extenso, pero no se hace notar porque mantiene el inter\u00e9s del lector de inicio a fin. El lenguaje presente en el cuento es sencillo y coloquial, lo que hace f\u00e1cil su entendimiento. Otra caracter\u00edstica muy visible en el cuento es que es muy realista, no hay un gran uso de la imaginaci\u00f3n. Hace pensar que el escritor fue parte de esta vivencia, por no decir que f\u00e1cil \u00e9l fue Miguel cuando era adolescente. Esta lectura llam\u00f3 mucho mi atenci\u00f3n, me sent\u00ed identificado porque a esa edad hay siempre alguien que te gusta y deseas llamar su atenci\u00f3n de cualquier modo. Tambi\u00e9n quedan manifiestos sentimientos propios de esa edad, tales como pelearse por el amor de una muchacha, competencia, orgullo y la irresponsabilidad de no medir las consecuencias de sus actos.<\/p>\n<p style=\"text-align: justify;\">Me gust\u00f3 mucho est\u00e9 cuento, motivo por el cu\u00e1l he escogido para hablar m\u00e1s sobre \u00e9l en este trabajo. Me sent\u00ed identificado, no he hecho lo que ha hecho el personaje principal, pero he intentado tambi\u00e9n llamar la atenci\u00f3n de una chica. Tambi\u00e9n me agrad\u00f3 la acci\u00f3n de Miguel al ayudar a Rub\u00e9n, ya que a pesar de que son rivales en algo, eso no quita que sigan siendo amigos y compa\u00f1eros.<\/p>\n<p style=\"text-align: justify;\">Por \u00faltimo, recomiendo leer este cuento ya que es muy entretenido y a lo largo de la lectura te robar\u00e1 m\u00e1s de una sonrisa y har\u00e1 que tengas recuerdos de an\u00e9cdotas parecidas o diferentes pero con el mismo fin.<\/p>\n","protected":false},"excerpt":{"rendered":"<p>El autor de este fant\u00e1stico cuento es Jorge Mario Pedro Vargas Llosa, m\u00e1s conocido como Mario Vargas Llosa, quien es un famoso escritor peruano de cuentos, novelas literarias, ensayos y obras teatrales. Al comienzo de su vida profesional empieza escribiendo &hellip; <a href=\"https:\/\/blogs.up.edu.pe\/nubes\/trabajos\/trabajos-finales-ciclo-de-primavera-2013\/andres-rojas-izaguirre-dia-domingo-de-mario-vargas-llosa\/\">Sigue leyendo <span class=\"meta-nav\">&rarr;<\/span><\/a><\/p>\n","protected":false},"author":3,"featured_media":0,"parent":1086,"menu_order":18,"comment_status":"closed","ping_status":"closed","template":"","meta":{"footnotes":""},"class_list":["post-1503","page","type-page","status-publish","hentry"],"_links":{"self":[{"href":"https:\/\/blogs.up.edu.pe\/nubes\/wp-json\/wp\/v2\/pages\/1503","targetHints":{"allow":["GET"]}}],"collection":[{"href":"https:\/\/blogs.up.edu.pe\/nubes\/wp-json\/wp\/v2\/pages"}],"about":[{"href":"https:\/\/blogs.up.edu.pe\/nubes\/wp-json\/wp\/v2\/types\/page"}],"author":[{"embeddable":true,"href":"https:\/\/blogs.up.edu.pe\/nubes\/wp-json\/wp\/v2\/users\/3"}],"replies":[{"embeddable":true,"href":"https:\/\/blogs.up.edu.pe\/nubes\/wp-json\/wp\/v2\/comments?post=1503"}],"version-history":[{"count":1,"href":"https:\/\/blogs.up.edu.pe\/nubes\/wp-json\/wp\/v2\/pages\/1503\/revisions"}],"predecessor-version":[{"id":1504,"href":"https:\/\/blogs.up.edu.pe\/nubes\/wp-json\/wp\/v2\/pages\/1503\/revisions\/1504"}],"up":[{"embeddable":true,"href":"https:\/\/blogs.up.edu.pe\/nubes\/wp-json\/wp\/v2\/pages\/1086"}],"wp:attachment":[{"href":"https:\/\/blogs.up.edu.pe\/nubes\/wp-json\/wp\/v2\/media?parent=1503"}],"curies":[{"name":"wp","href":"https:\/\/api.w.org\/{rel}","templated":true}]}}