{"id":1500,"date":"2013-12-01T18:16:35","date_gmt":"2013-12-01T18:16:35","guid":{"rendered":"https:\/\/blogs.up.edu.pe\/nubes\/\/?page_id=1500"},"modified":"2014-07-31T18:21:36","modified_gmt":"2014-07-31T18:21:36","slug":"gabriela-maravi-una-vendetta-de-guy-de-maupassant-el-dolor-de-una-madre","status":"publish","type":"page","link":"https:\/\/blogs.up.edu.pe\/nubes\/trabajos\/trabajos-finales-ciclo-de-primavera-2013\/gabriela-maravi-una-vendetta-de-guy-de-maupassant-el-dolor-de-una-madre\/","title":{"rendered":"Gabriela Marav\u00ed, \u201cUna vendetta\u201d de Guy de Maupassant: El dolor de una madre"},"content":{"rendered":"<p style=\"text-align: justify;\">\u201cUna vendetta\u201d, un cuento extraordinario, capaz de transportar al lector al lugar donde se desarrolla y hacerlo sentir parte u observador cercano; ese es el motivo por el que eleg\u00ed esta historia. Fue el cuento que m\u00e1s me gust\u00f3 no solo por el detallismo con el que se describen sus lugares, o la historia de trasfondo, sino por su intensidad.<\/p>\n<p style=\"text-align: justify;\">Son varios los aspectos de este cuento que atrajeron mi atenci\u00f3n. El principal es el actuar de la madre ante el hecho primordial de la historia, la muerte de Antonio Savarini. Al principio, la viuda Savarini parec\u00eda indiferente e insensible ante el hecho, tratando quiz\u00e1 de poder asimilarlo; luego mostr\u00f3 su inmenso sufrimiento, actu\u00f3 con plena meticulosidad y tenacidad entrenando a su perra Vigilante, hasta llegar a su objetivo, vengar a Antonio, movida por el dolor indescriptible que debe sentir una madre cuando pierde a su hijo, el ser que naci\u00f3 de ella, y por todo el odio que sent\u00eda hacia el hombre causante de la desgracia, algo que solo una madre es capaz de entender en toda su dimensi\u00f3n. Al parecer en este caso la venganza fue un hecho necesario para que la viuda Savarini pudiera aceptar con relativa resignaci\u00f3n el haber perdido a Antonio.<\/p>\n<p style=\"text-align: justify;\">La forma como entren\u00f3 la viuda Savarini a su mascota, no d\u00e1ndole de comer durante d\u00edas, me pareci\u00f3 ingeniosa pero a la vez cruel y fr\u00eda. Fue eficaz, logr\u00f3 llevar a cabo su tan ansiada venganza.<\/p>\n<p style=\"text-align: justify;\">La exacta descripci\u00f3n del lugar donde se desarrolla la historia es un punto aparte, es muy buena, hizo volar mi imaginaci\u00f3n y transportarme al lugar, como si estuviera ah\u00ed, observando la costa donde estaba ubicada la casa de los Savarini.<\/p>\n<p style=\"text-align: justify;\">La forma como est\u00e1 contado el cuento, realista, precisa, me hizo sentir observadora cercana de los hechos y comprender el actuar de la madre de Antonio.<\/p>\n<p style=\"text-align: justify;\">\u201cUna vendetta\u201d fue escrito por Guy de Maupassant, autor franc\u00e9s de la corriente naturalista nacido en 1850, cuya escritura se basa en la descripci\u00f3n de hechos realistas, veros\u00edmiles y en el retrato de tipos humanos. Se caracteriza por la tradici\u00f3n rom\u00e1ntica manifestada en su estrecha vinculaci\u00f3n con la naturaleza y sus elementos fant\u00e1sticos, la asunci\u00f3n de criterios positivistas, la est\u00e9tica impresionista, la recreaci\u00f3n simbolista del universo y un adelanto del surrealismo. La figura de la mujer tiene especial importancia en la obra del escritor, como lo visto en el cuento sobre el cual estoy comentando, la mujer es la protagonista, la que act\u00faa y toma las decisiones. Maupassant ofrece para la \u00e9poca representaciones impresionantes de la mujer; una mujer segura de s\u00ed misma, consciente de las desigualdades a las que debe hacer frente en la sociedad y que busca su satisfacci\u00f3n personal.<\/p>\n<p style=\"text-align: justify;\">En el cuento se pueden observar varias caracter\u00edsticas del naturalismo, como la presentaci\u00f3n del ser humano determinado por el lugar en el que vive, los argumentos construidos a partir de la herencia folletinesca, la cr\u00edtica al romanticismo rechazando la evasi\u00f3n y volviendo la mirada a la realidad m\u00e1s cercana, material y cotidiana, la poca vacilaci\u00f3n ante los hechos m\u00e1s crudos y desagradables de la sociedad, la demostraci\u00f3n de que el medio hostil influye sobre la forma de ser y las reacciones de los personajes y por \u00faltimo, la aseveraci\u00f3n de que todo argumento sucede por una raz\u00f3n.<\/p>\n<p style=\"text-align: justify;\">En conclusi\u00f3n, puedo afirmar que los elementos de la corriente a la que pertenece el cuento, como la descripci\u00f3n de hechos que suceden com\u00fanmente en la sociedad, la descripci\u00f3n precisa de la los lugares donde son situados los acontecimientos de la historia y los personajes intensos y decididos, en combinaci\u00f3n con su estilo, hacen de este un relato de calidad, que deja volar la imaginaci\u00f3n del lector y le permite desarrollar sensaciones y emociones diversas justificadas en la intensidad de la trama.<\/p>\n","protected":false},"excerpt":{"rendered":"<p>\u201cUna vendetta\u201d, un cuento extraordinario, capaz de transportar al lector al lugar donde se desarrolla y hacerlo sentir parte u observador cercano; ese es el motivo por el que eleg\u00ed esta historia. Fue el cuento que m\u00e1s me gust\u00f3 no &hellip; <a href=\"https:\/\/blogs.up.edu.pe\/nubes\/trabajos\/trabajos-finales-ciclo-de-primavera-2013\/gabriela-maravi-una-vendetta-de-guy-de-maupassant-el-dolor-de-una-madre\/\">Sigue leyendo <span class=\"meta-nav\">&rarr;<\/span><\/a><\/p>\n","protected":false},"author":3,"featured_media":0,"parent":1086,"menu_order":17,"comment_status":"closed","ping_status":"closed","template":"","meta":{"footnotes":""},"class_list":["post-1500","page","type-page","status-publish","hentry"],"_links":{"self":[{"href":"https:\/\/blogs.up.edu.pe\/nubes\/wp-json\/wp\/v2\/pages\/1500","targetHints":{"allow":["GET"]}}],"collection":[{"href":"https:\/\/blogs.up.edu.pe\/nubes\/wp-json\/wp\/v2\/pages"}],"about":[{"href":"https:\/\/blogs.up.edu.pe\/nubes\/wp-json\/wp\/v2\/types\/page"}],"author":[{"embeddable":true,"href":"https:\/\/blogs.up.edu.pe\/nubes\/wp-json\/wp\/v2\/users\/3"}],"replies":[{"embeddable":true,"href":"https:\/\/blogs.up.edu.pe\/nubes\/wp-json\/wp\/v2\/comments?post=1500"}],"version-history":[{"count":1,"href":"https:\/\/blogs.up.edu.pe\/nubes\/wp-json\/wp\/v2\/pages\/1500\/revisions"}],"predecessor-version":[{"id":1501,"href":"https:\/\/blogs.up.edu.pe\/nubes\/wp-json\/wp\/v2\/pages\/1500\/revisions\/1501"}],"up":[{"embeddable":true,"href":"https:\/\/blogs.up.edu.pe\/nubes\/wp-json\/wp\/v2\/pages\/1086"}],"wp:attachment":[{"href":"https:\/\/blogs.up.edu.pe\/nubes\/wp-json\/wp\/v2\/media?parent=1500"}],"curies":[{"name":"wp","href":"https:\/\/api.w.org\/{rel}","templated":true}]}}