{"id":1496,"date":"2013-12-01T17:11:07","date_gmt":"2013-12-01T17:11:07","guid":{"rendered":"https:\/\/blogs.up.edu.pe\/nubes\/\/?page_id=1496"},"modified":"2014-07-31T17:17:37","modified_gmt":"2014-07-31T17:17:37","slug":"isabella-tarazona-el-almohadon-de-plumas-por-horacio-quiroga","status":"publish","type":"page","link":"https:\/\/blogs.up.edu.pe\/nubes\/trabajos\/trabajos-finales-ciclo-de-primavera-2013\/isabella-tarazona-el-almohadon-de-plumas-por-horacio-quiroga\/","title":{"rendered":"Isabella Tarazona, \u00abEl almohad\u00f3n de plumas\u00bb por Horacio Quiroga"},"content":{"rendered":"<p style=\"text-align: justify;\">Horacio Quiroga fue un escritor uruguayo, maestro del cuento latinoamericano, que fue influenciado por autores como Edgar Alan Poe, Rudyard Kipling y Guy de Maupassant, caracteriz\u00e1ndose por crear cuentos bajo un marco de horror, utilizando hechos de su propia vida marcada de aventuras y tragedias, entre otros. En sus cuentos Quiroga\u00a0narraba magistralmente la violencia y el horror que se esconden detr\u00e1s de la aparente apacibilidad de la naturaleza. Muchos de sus cuentos est\u00e1n escenificados en la selva, lugar donde vivi\u00f3 durante muchos a\u00f1os y le sirvi\u00f3 como inspiraci\u00f3n para crear personajes y hechos que luego plasmar\u00eda en sus cuentos.<\/p>\n<p style=\"text-align: justify;\">Horacio Quiroga logra transmitir en \u201cEl almohad\u00f3n de plumas\u201d una la historia de una relaci\u00f3n llena de particularidades donde por momentos la muestra muy especial e unida, pero le da un giro trascendental mostr\u00e1ndola a la misma vez tan fr\u00eda e impersonal que logra causar un impacto en el lector. Una relaci\u00f3n de esposos que fue amorosa y comunicativa durante algunos meses se vio transformada en una relaci\u00f3n casi de extra\u00f1os, donde Alicia deseaba una historia de cuento de hadas, cual sue\u00f1o de toda mujer, mientras que Jord\u00e1n actuaba y viv\u00eda bajo una severidad aparentemente permanente.<\/p>\n<p style=\"text-align: justify;\">Esa vida, si bien era lo que Alicia hab\u00eda elegido, la obligaba a mantener ciertos comportamientos que ocasionaban que sus emociones y deseos permanecieran guardados. El r\u00edgido cielo de amor sembrado por Jord\u00e1n conten\u00eda a Alicia, quien se sent\u00eda dentro de una casa y una relaci\u00f3n de abandono, sin embargo, ella lo amaba y \u00e9l la amaba tambi\u00e9n. Ten\u00edan una manera muy peculiar de demostrarlo, siempre con pocas palabras y pocos gestos de amor. Pero a pesar de eso, ella lo quer\u00eda.<\/p>\n<p style=\"text-align: justify;\">Una vez, en v\u00edsperas de invierno, Alicia cay\u00f3 enferma, estuvo postrada durante varios d\u00edas en cama vi\u00e9ndose m\u00e1s d\u00e9bil y empeorando su semblante a\u00fan m\u00e1s d\u00eda a d\u00eda. Nadie se pod\u00eda explicar qu\u00e9 pasaba, los doctores que fueron a auxiliarla a pedido de su marido no ten\u00edan una respuesta a los acontecimientos que ve\u00edan frente a sus ojos. Jord\u00e1n, frustrado por la salud de su amada, le dio todas las atenciones que ella necesitaba, sin embargo, manten\u00eda una actitud severa tan dura como una roca que imped\u00eda que pueda dar a conocer sus sentimientos y ella los suyos.<\/p>\n<p style=\"text-align: justify;\">Ella, en su lecho de muerte ped\u00eda auxilio y quer\u00eda tener a su esposo cuid\u00e1ndola y libr\u00e1ndola de las espeluznantes alucinaciones que su enfermedad le estaba ocasionando. Finalmente, al cabo de cinco d\u00edas Alicia muri\u00f3.<\/p>\n<p style=\"text-align: justify;\">Hasta este punto Quiroga transmiti\u00f3 una historia de amor con un desenlace que no parec\u00eda muy lejano, que se caracteriza por la tristeza y el dolor. Pero, conforme el cuento se va aproximando a sus \u00faltimos p\u00e1rrafos, la historia toma un rumbo totalmente inesperado. Se descubre que la causa de la muerte de Alicia es un animal monstruoso que le succion\u00f3 la sangre hasta dejarla completamente vac\u00eda. Esto demuestra la habilidad del autor de cambiar de g\u00e9nero de una manera tan armoniosa y precisa en un mismo cuento, ya que mezcl\u00f3 el horror y el miedo con una historia triste de amor. Se basa en la naturaleza de los animales, los cuales contienen peque\u00f1os bichos e insectos entre su pelaje o plumas, volvi\u00e9ndolos en el texto en las criaturas m\u00e1s espeluznantes y mortales.<\/p>\n<p style=\"text-align: justify;\">Lo que parece incre\u00edble, es que a pesar de que todos se preocuparon por Alicia y su salud, nadie pudo detectar qu\u00e9 era lo que le estaba pasando y mucho menos imaginarse que el motivo de sus alucinaciones e \u00ednfimas fuerzas era un par\u00e1sito alojado en su almohad\u00f3n de plumas. Debido a su debilidad y bajo semblante, Alicia no se par\u00f3 de su cama d\u00edas enteros imposibilitando as\u00ed que la ropa de cama y el almohad\u00f3n sean reemplazados. La rigidez de Jord\u00e1n acompa\u00f1ado de su extra\u00f1a forma de mostrar afecto y amor hacia su esposa evito buscar m\u00e1s all\u00e1 de lo evidente, lo cual probablemente hubiera sido una pieza clave para salvar a su amada. Nadie se hubiera imaginado que el almohad\u00f3n de plumas ten\u00eda un animal sediento de sangre que mataba lentamente a Alicia.<\/p>\n","protected":false},"excerpt":{"rendered":"<p>Horacio Quiroga fue un escritor uruguayo, maestro del cuento latinoamericano, que fue influenciado por autores como Edgar Alan Poe, Rudyard Kipling y Guy de Maupassant, caracteriz\u00e1ndose por crear cuentos bajo un marco de horror, utilizando hechos de su propia vida &hellip; <a href=\"https:\/\/blogs.up.edu.pe\/nubes\/trabajos\/trabajos-finales-ciclo-de-primavera-2013\/isabella-tarazona-el-almohadon-de-plumas-por-horacio-quiroga\/\">Sigue leyendo <span class=\"meta-nav\">&rarr;<\/span><\/a><\/p>\n","protected":false},"author":3,"featured_media":0,"parent":1086,"menu_order":16,"comment_status":"closed","ping_status":"closed","template":"","meta":{"footnotes":""},"class_list":["post-1496","page","type-page","status-publish","hentry"],"_links":{"self":[{"href":"https:\/\/blogs.up.edu.pe\/nubes\/wp-json\/wp\/v2\/pages\/1496","targetHints":{"allow":["GET"]}}],"collection":[{"href":"https:\/\/blogs.up.edu.pe\/nubes\/wp-json\/wp\/v2\/pages"}],"about":[{"href":"https:\/\/blogs.up.edu.pe\/nubes\/wp-json\/wp\/v2\/types\/page"}],"author":[{"embeddable":true,"href":"https:\/\/blogs.up.edu.pe\/nubes\/wp-json\/wp\/v2\/users\/3"}],"replies":[{"embeddable":true,"href":"https:\/\/blogs.up.edu.pe\/nubes\/wp-json\/wp\/v2\/comments?post=1496"}],"version-history":[{"count":1,"href":"https:\/\/blogs.up.edu.pe\/nubes\/wp-json\/wp\/v2\/pages\/1496\/revisions"}],"predecessor-version":[{"id":1497,"href":"https:\/\/blogs.up.edu.pe\/nubes\/wp-json\/wp\/v2\/pages\/1496\/revisions\/1497"}],"up":[{"embeddable":true,"href":"https:\/\/blogs.up.edu.pe\/nubes\/wp-json\/wp\/v2\/pages\/1086"}],"wp:attachment":[{"href":"https:\/\/blogs.up.edu.pe\/nubes\/wp-json\/wp\/v2\/media?parent=1496"}],"curies":[{"name":"wp","href":"https:\/\/api.w.org\/{rel}","templated":true}]}}