{"id":1493,"date":"2013-12-01T17:05:03","date_gmt":"2013-12-01T17:05:03","guid":{"rendered":"https:\/\/blogs.up.edu.pe\/nubes\/\/?page_id=1493"},"modified":"2014-07-31T17:09:30","modified_gmt":"2014-07-31T17:09:30","slug":"gerardo-cabello-silva-dia-domingo-de-mario-vargas-llosa","status":"publish","type":"page","link":"https:\/\/blogs.up.edu.pe\/nubes\/trabajos\/trabajos-finales-ciclo-de-primavera-2013\/gerardo-cabello-silva-dia-domingo-de-mario-vargas-llosa\/","title":{"rendered":"Gerardo Cabello Silva, \u201cD\u00eda domingo\u201d de Mario Vargas Llosa"},"content":{"rendered":"<p style=\"text-align: justify;\">Quisiera dedicar el presente ensayo al cuento \u201cD\u00eda domingo\u201d del magn\u00edfico Vargas Llosa porque es un cuento que ya hab\u00eda le\u00eddo en el colegio y que el hecho de volver a leerlo me hizo recordar tantos buenos momentos y me hizo pensar tantas cosas hacia adelante.<\/p>\n<p style=\"text-align: justify;\">Para empezar, es importante recalcar que mantener al lector pegado a la pantalla o al libro es un trabajo dif\u00edcil. En especial para aquellas personas (como yo) que est\u00e1n acostumbradas a leer \u00fanicamente temas relacionados con su carrera o afines. En \u201cD\u00eda domingo\u201d, mi cuento favorito del curso, me mantuve atento durante todo el tiempo que lo le\u00ed.<\/p>\n<p style=\"text-align: justify;\">C\u00f3mo peleamos entre amigos cuando somos peque\u00f1os, por el amor de una chica. C\u00f3mo tratamos de demostrar qui\u00e9n es el macho alfa del grupo. Tantas lecciones de vida que se vienen a la mente y que sirven para aprender y para hacer que el grupo de amigos se vuelva m\u00e1s s\u00f3lido.<\/p>\n<p style=\"text-align: justify;\">Creo que me identifico tanto con el cuento porque me encontr\u00e9 en una situaci\u00f3n similar a\u00f1os atr\u00e1s, solo que la competencia de alcohol fue en la casa de un amigo y no fuimos a nadar. Recuerdo tambi\u00e9n que era una chica del colegio, esa que dicen \u201ccon la que todos quieren estar\u201d. Recordar la ingenuidad de los adolescentes, invadidos por las hormonas, me hace relacionarlo como un le\u00f3n que estuvo encerrado durante a\u00f1os y que de pronto lo dejan libre. Es ese momento donde los padres entienden que crecimos, que ya no somos los bebes (para las madres lo seremos siempre), y que ahora tenemos m\u00e1s libertades. Nosotros, en respuesta, salimos como unos degenerados a querer recuperar todo el tiempo perdido, y nada mejor que ir a conquistar a la chica \u201ccon la que todos quieren estar\u201d.<\/p>\n<p style=\"text-align: justify;\">El razonamiento detr\u00e1s es el mismo, competencia entre dos y todos los dem\u00e1s del grupo metiendo chacota, metiendo candela, haciendo que la competencia se viva de verdad, motivando a la gente. Recuerdo que uno de mis amigos dec\u00eda \u201c<em>bros before hoes<\/em>\u201d, tratando de dar a entender que las mujeres iban a pasar y que al final del d\u00eda siempre iban a quedar los amigos. En ese momento no lo entend\u00eda tanto, pero ahora lo veo mejor, los amigos siempre est\u00e1n ah\u00ed para ayudarte y para servirte de soporte. Y eso tambi\u00e9n se puede apreciar claramente cuando Rub\u00e9n, el experto en nataci\u00f3n, empez\u00f3 a ahogarse y Miguel deja todo para salvarlo. Y m\u00e1s a\u00fan cuando llegan a un acuerdo entre hombres en el que ambos quedan bien. Este tipo de cosas solo puede pasar con los amigos.<\/p>\n<p style=\"text-align: justify;\">Tengo que reconocer que cuando vi el cuento en el blog, no identifiqu\u00e9 cu\u00e1l era, pues yo hab\u00eda le\u00eddo <em>Los jefes<\/em>\u00a0<em>\/ Los cachorros<\/em> completos y no recordaba espec\u00edficamente \u00abD\u00eda domingo\u00bb. Ni cuando empec\u00e9 a leerlo, en un comienzo me sent\u00ed identificado y me dec\u00eda \u201cesto se me hace familiar\u201d. Y esta es una de las caracter\u00edsticas de Vargas Llosa, o al menos en mi caso, cada vez que leo una obra de \u00e9l, es como si se me quedara para siempre en la mente u oculta en alguna parte de mi cuerpo.<\/p>\n<p style=\"text-align: justify;\">La manera en que Vargas Llosa escribe este cuento me gust\u00f3 mucho, c\u00f3mo mezcla los di\u00e1logos con las descripciones. Es casi como si el lector pudiera ponerse en los zapatos de cada uno de los personajes, cambiar entre personajes pero sin perder la sensaci\u00f3n del personaje anterior, te mantiene conectado en todo momento. Quiz\u00e1s es debido a que me sent\u00eda tan identificado con la lectura que me pas\u00f3 eso, pero en general Vargas Llosa me parece un escritor magn\u00edfico. Destaco la narraci\u00f3n de la competencia de nataci\u00f3n, sent\u00eda casi como si yo estuviera ah\u00ed, es una sensaci\u00f3n de identificaci\u00f3n muy grande. Mientras describe, narra y se leen los di\u00e1logos, uno se siente en la capacidad de ponerse en el lugar, de poner el entorno y contexto que plantea Varga Llosa y de sentir lo que el personaje est\u00e1 sintiendo.<\/p>\n<p style=\"text-align: justify;\">Regresando al relato en s\u00ed, es muy interesante lo que pasa por la mente de los adolescentes cuando est\u00e1n enamorados, me hace recordar mucho a mi persona y es por eso que me gust\u00f3 tanto el cuento. Lo \u00fanico que me pareci\u00f3 poco probable es entrar al mar con todo ese fr\u00edo, pero, nuevamente, lo que pas\u00f3 por nuestras mentes a\u00f1os atr\u00e1s es incre\u00edble. En esa misma l\u00ednea, me cuesta creer que el que ten\u00eda experiencia y que se supon\u00eda deb\u00eda ganar la carrera sin mayores problemas, termina siendo el que estuvo a punto de ahogarse.<\/p>\n","protected":false},"excerpt":{"rendered":"<p>Quisiera dedicar el presente ensayo al cuento \u201cD\u00eda domingo\u201d del magn\u00edfico Vargas Llosa porque es un cuento que ya hab\u00eda le\u00eddo en el colegio y que el hecho de volver a leerlo me hizo recordar tantos buenos momentos y me &hellip; <a href=\"https:\/\/blogs.up.edu.pe\/nubes\/trabajos\/trabajos-finales-ciclo-de-primavera-2013\/gerardo-cabello-silva-dia-domingo-de-mario-vargas-llosa\/\">Sigue leyendo <span class=\"meta-nav\">&rarr;<\/span><\/a><\/p>\n","protected":false},"author":3,"featured_media":0,"parent":1086,"menu_order":15,"comment_status":"closed","ping_status":"closed","template":"","meta":{"footnotes":""},"class_list":["post-1493","page","type-page","status-publish","hentry"],"_links":{"self":[{"href":"https:\/\/blogs.up.edu.pe\/nubes\/wp-json\/wp\/v2\/pages\/1493","targetHints":{"allow":["GET"]}}],"collection":[{"href":"https:\/\/blogs.up.edu.pe\/nubes\/wp-json\/wp\/v2\/pages"}],"about":[{"href":"https:\/\/blogs.up.edu.pe\/nubes\/wp-json\/wp\/v2\/types\/page"}],"author":[{"embeddable":true,"href":"https:\/\/blogs.up.edu.pe\/nubes\/wp-json\/wp\/v2\/users\/3"}],"replies":[{"embeddable":true,"href":"https:\/\/blogs.up.edu.pe\/nubes\/wp-json\/wp\/v2\/comments?post=1493"}],"version-history":[{"count":1,"href":"https:\/\/blogs.up.edu.pe\/nubes\/wp-json\/wp\/v2\/pages\/1493\/revisions"}],"predecessor-version":[{"id":1494,"href":"https:\/\/blogs.up.edu.pe\/nubes\/wp-json\/wp\/v2\/pages\/1493\/revisions\/1494"}],"up":[{"embeddable":true,"href":"https:\/\/blogs.up.edu.pe\/nubes\/wp-json\/wp\/v2\/pages\/1086"}],"wp:attachment":[{"href":"https:\/\/blogs.up.edu.pe\/nubes\/wp-json\/wp\/v2\/media?parent=1493"}],"curies":[{"name":"wp","href":"https:\/\/api.w.org\/{rel}","templated":true}]}}