{"id":1490,"date":"2013-12-01T16:57:43","date_gmt":"2013-12-01T16:57:43","guid":{"rendered":"https:\/\/blogs.up.edu.pe\/nubes\/\/?page_id=1490"},"modified":"2014-07-31T17:03:01","modified_gmt":"2014-07-31T17:03:01","slug":"adriana-rivera-una-experiencia-privada-de-chimamanda-ngozi-adicihie","status":"publish","type":"page","link":"https:\/\/blogs.up.edu.pe\/nubes\/trabajos\/trabajos-finales-ciclo-de-primavera-2013\/adriana-rivera-una-experiencia-privada-de-chimamanda-ngozi-adicihie\/","title":{"rendered":"Adriana Rivera, \u201cUna experiencia privada\u201d de Chimamanda Ngozi Adicihie"},"content":{"rendered":"<p style=\"text-align: justify;\">La historia \u201cUna experiencia privada\u201d, escrita por Chimamanda Ngozi Adichie, trata sobre la relaci\u00f3n que se crea entre dos mujeres durante un conflicto en Kano, Nigeria, entre dos grupos religiosos (musulmanes y cristianos). Este lleva a que los caminos de las dos mujeres se crucen y lo especial en este suceso es que una de las mujeres era musulmana y la otra era cristiana.<\/p>\n<p style=\"text-align: justify;\">Chika es una estudiante de medicina que hab\u00eda ido a visitar a su t\u00eda con su hermana Nnedi. Mientras paseaban por el mercado de la ciudad se desata una pelea entre los musulmanes y los cristianos, por lo que Chika corre a refugiarse en una peque\u00f1a tienda y pierde a su hermana en el tumulto. Junto con ella se encuentra una mujer musulmana que tambi\u00e9n corri\u00f3 a refugiarse. Ambas pasan las horas juntas hasta que el peligro de las calles desaparezca para que puedan salir. Durante ese tiempo, a pesar de que deber\u00edan confrontarse y estar una contra la otra, intercambian historias y caracter\u00edsticas de sus vidas, se cuidan y apoyan mutuamente. As\u00ed van mostrando poco a poco inter\u00e9s y curiosidad la una en la otra, cayendo en cuenta que sus prioridades no son tan distintas.<\/p>\n<p style=\"text-align: justify;\">Mediante un narrador omnipresente se van descubriendo los hechos de la historia adelant\u00e1ndose en el tiempo, y tambi\u00e9n los pensamientos que pasaban por la mente de Chika que dan a conocer sus preocupaciones. A trav\u00e9s de sus pensamientos podemos saber c\u00f3mo compara Chika su estilo de vida con el de la mujer musulmana, las diferencias que encuentra y las cosas que la sorprenden.<\/p>\n<p style=\"text-align: justify;\">En el tiempo que pasan juntas Chika y la mujer se conectan y logran atravesar la situaci\u00f3n a pesar de las diferencias en sus creencias y culturas. Quiebran el sistema en el que hab\u00edan estado viviendo, donde las personas de estas religiones no interactuaban entre s\u00ed debido a los estereotipos que se hab\u00edan creado. Es un instinto humano el querer sobrevivir, y la forma como estas dos mujeres dejan de lado sus diferencias para lograr superar el momento de peligro demuestra que en el final, todos somos iguales.<\/p>\n<p style=\"text-align: justify;\">La intensidad con la que nos dejamos influenciar por la sociedad se manifiesta en la historia. Chika tiene una imagen de c\u00f3mo ser\u00eda la mujer musulmana, pero luego de estar un rato con ella se da cuenta de que esta imagen que ten\u00eda en la cabeza no coincide con la realidad. El relato nos lleva a una perspectiva donde nos damos cuenta que as\u00ed como el hombre puede ser testarudo e impulsivo, tambi\u00e9n hay casos en los que se superan las diferencias y se demuestra que la humanidad, sensibilidad y compasi\u00f3n existe en cada persona.<\/p>\n<p style=\"text-align: justify;\">Esta historia abarca temas sobre conflictos sociales y la naturaleza del ser humano. Nos da una perspectiva en la que podemos apreciar c\u00f3mo en este mundo lleno de conflictos, se puede encontrar la \u201cconvivencia\u201d entre las culturas. Chika hab\u00eda estado envuelta en una burbuja donde no ocurr\u00edan confrontaciones ni matanzas. Esta experiencia es una bomba para su realidad. Aprende a confiar en una mujer desconocida a pesar de sus inseguridades. Al final del relato podemos afirmar que Chika ha logrado expandir su mente y superar inseguridades.<\/p>\n<p style=\"text-align: justify;\">La autora Chimamanda Ngozi Adichie nos describe la situaci\u00f3n en la que se vive en su pa\u00eds, siempre con miedo a los dem\u00e1s y a los posibles conflictos que puedan surgir. Es una realidad que se vive en m\u00e1s de un pa\u00eds desde hace muchos a\u00f1os. Una realidad a la que debemos buscar soluci\u00f3n y conciliaci\u00f3n. El relato es realista, por lo que hace que te cuestiones acerca de la sociedad, prejuicios y decisiones que tomamos en el d\u00eda a d\u00eda. Debemos apuntar a ser mejor, a lograr una sociedad que se lleve bien con ella misma y a aceptar la manera en la que los dem\u00e1s viven.<\/p>\n<p style=\"text-align: justify;\">Es una gran historia, con mucho contenido, para hacernos reflexionar acerca de nuestra realidad.<\/p>\n","protected":false},"excerpt":{"rendered":"<p>La historia \u201cUna experiencia privada\u201d, escrita por Chimamanda Ngozi Adichie, trata sobre la relaci\u00f3n que se crea entre dos mujeres durante un conflicto en Kano, Nigeria, entre dos grupos religiosos (musulmanes y cristianos). Este lleva a que los caminos de &hellip; <a href=\"https:\/\/blogs.up.edu.pe\/nubes\/trabajos\/trabajos-finales-ciclo-de-primavera-2013\/adriana-rivera-una-experiencia-privada-de-chimamanda-ngozi-adicihie\/\">Sigue leyendo <span class=\"meta-nav\">&rarr;<\/span><\/a><\/p>\n","protected":false},"author":3,"featured_media":0,"parent":1086,"menu_order":14,"comment_status":"closed","ping_status":"closed","template":"","meta":{"footnotes":""},"class_list":["post-1490","page","type-page","status-publish","hentry"],"_links":{"self":[{"href":"https:\/\/blogs.up.edu.pe\/nubes\/wp-json\/wp\/v2\/pages\/1490","targetHints":{"allow":["GET"]}}],"collection":[{"href":"https:\/\/blogs.up.edu.pe\/nubes\/wp-json\/wp\/v2\/pages"}],"about":[{"href":"https:\/\/blogs.up.edu.pe\/nubes\/wp-json\/wp\/v2\/types\/page"}],"author":[{"embeddable":true,"href":"https:\/\/blogs.up.edu.pe\/nubes\/wp-json\/wp\/v2\/users\/3"}],"replies":[{"embeddable":true,"href":"https:\/\/blogs.up.edu.pe\/nubes\/wp-json\/wp\/v2\/comments?post=1490"}],"version-history":[{"count":1,"href":"https:\/\/blogs.up.edu.pe\/nubes\/wp-json\/wp\/v2\/pages\/1490\/revisions"}],"predecessor-version":[{"id":1491,"href":"https:\/\/blogs.up.edu.pe\/nubes\/wp-json\/wp\/v2\/pages\/1490\/revisions\/1491"}],"up":[{"embeddable":true,"href":"https:\/\/blogs.up.edu.pe\/nubes\/wp-json\/wp\/v2\/pages\/1086"}],"wp:attachment":[{"href":"https:\/\/blogs.up.edu.pe\/nubes\/wp-json\/wp\/v2\/media?parent=1490"}],"curies":[{"name":"wp","href":"https:\/\/api.w.org\/{rel}","templated":true}]}}