{"id":1488,"date":"2013-12-01T16:50:58","date_gmt":"2013-12-01T16:50:58","guid":{"rendered":"https:\/\/blogs.up.edu.pe\/nubes\/\/?page_id=1488"},"modified":"2014-07-31T16:56:16","modified_gmt":"2014-07-31T16:56:16","slug":"mario-edgardo-barrueto-gutierrez-los-huaqueros-de-j-r-ribeyro","status":"publish","type":"page","link":"https:\/\/blogs.up.edu.pe\/nubes\/trabajos\/trabajos-finales-ciclo-de-primavera-2013\/mario-edgardo-barrueto-gutierrez-los-huaqueros-de-j-r-ribeyro\/","title":{"rendered":"Mario Edgardo Barrueto Gutierrez, \u00abLos huaqueros\u00bb de J. R. Ribeyro"},"content":{"rendered":"<p style=\"text-align: justify;\">\u00abLos huaqueros\u00bb es uno de los cuentos desconocidos escritos por el conocido autor peruano Julio Ram\u00f3n Ribeyro. Dicha obra fue escrita originalmente en franc\u00e9s y se desconoce su versi\u00f3n original en espa\u00f1ol. Ribeyro naci\u00f3 el 31 de Agosto de 1929 en barranco y falleci\u00f3 el 4 de diciembre de 1994. Es considerado como el gran maestro del relato breve y de la reflexi\u00f3n filos\u00f3fica. Antes de su muerte, en 1994 recibi\u00f3 el reconocido Premio Rulfo de literatura.<\/p>\n<p style=\"text-align: justify;\">Esta obra narra la historia del mulato Tob\u00edas y su compadre Filiberto, dos amigos que estaban necios con la idea de poder encontrar alg\u00fan tipo de tesoro en la huaca Juliana en Miraflores. La historia empieza con ambos personajes, los cuales van camino a su objetivo con mochilas llenas de herramientas en plena madrugada. En el camino ambos van imaginando las cosas que podr\u00edan encontrar ah\u00ed y alucinaban con las supuestas riquezas de las que iban a ser poseedores. Una vez que llegaron a la pir\u00e1mide de tierra, Tob\u00edas se detuvo a buscar el punto exacto en el que deb\u00edan cavar. Hicieron un ruido sordo altern\u00e1ndose cada cierto tiempo el trabajo. No obstante, cuando Filiberto estaba de guardia dej\u00f3 de percibir el ruido de su compa\u00f1ero, desconcertado y entre tanta confusi\u00f3n empez\u00f3 buscarlo. Mayor fue la sorpresa de este \u00faltimo cuando se percat\u00f3 de una sombra extra\u00f1a, se trataba de un colega de \u00e9l, su amigo Andr\u00e9s quien estaba acompa\u00f1ado del mestizo Toledo. Estos dos tambi\u00e9n hab\u00edan ido a la huaca con la misma finalidad. Una vez reunidos los cuatro y luego de una breve discusi\u00f3n, se pusieron de acuerdo y se dieron la vuelta a la huaca para llegar a la esquina de Toledo y cavar juntos. Ya con un hueco de una profundidad considerable (ten\u00edan que tirar la tierra por encima de sus cabezas) ocurri\u00f3 un acontecimiento que no esperaban, un polic\u00eda los hab\u00eda descubierto. Ante esta situaci\u00f3n Tob\u00edas decidi\u00f3 contarle al polic\u00eda que el piso de donde estaban excavando hab\u00eda empezado a sonar de forma extra\u00f1a, hecho que dio a entender al polic\u00eda que se trataba de un posible tesoro. El polic\u00eda tentado por la posibilidad de tener riquezas, decidi\u00f3 ayudarlos a cambio de recibir el 50% de lo que encontraran. Sin embargo hubo un segundo acontecimiento, el teniendo que estaba durmiendo en el carro de la polic\u00eda se hab\u00eda dado cuenta. Al igual que el primero, el segundo no dudo en ayudar a los huaqueros a sacar la caja que hab\u00edan encontrado. Intrigados por el contenido de dicha caja decidieron abrirla. Grande fue la sorpresa al ver que se trataba de un cad\u00e1ver de un ni\u00f1o. Abundaron las lamentaciones y desilusiones pero luego los polic\u00edas decidieron marcharse y dejar a los huaqueros ah\u00ed tapando el hueco ya que no hab\u00eda nada m\u00e1s que hacer. Al final Tob\u00edas y los otros tres decidieron llevarse la caja y usarla como le\u00f1a. Durante el camino de regreso solo re\u00edan y pensaban en las buenas papas que iban a asar para el desayuno sobre las brasas de aquellas viejas maderas.<\/p>\n<p style=\"text-align: justify;\">De esta historia se pueden analizar varios puntos. Uno de ellos es que se trata de un cuento bastante entretenido y divertido que te deja en suspenso de principio a fin, atrapando al lector y queriendo saber cu\u00e1l es el desenlace. Otro aspecto es que se da en un contexto cercano al nuestro en una huaca de Miraflores lo cual ayuda bastante a que la persona que lo lea se identifique r\u00e1pidamente con la historia. Adem\u00e1s se puede percatar hasta qu\u00e9 punto los huaqueros son capaces de hacer por encontrar su tesoro. Sin embargo el hecho que m\u00e1s me llam\u00f3 la atenci\u00f3n y con el que mejor me identifique con mi realidad fue el nivel de corrupci\u00f3n que hay en la polic\u00eda y en las autoridades del Per\u00fa, algo t\u00edpico de nuestra cultura; es un factor clave en este cuento. Es incre\u00edble ver la realidad, no porque pase en el cuento sino porque pasa en el d\u00eda a d\u00eda: ante el hecho de poder adquirir mayores riquezas nuestras autoridades dejan sus responsabilidades de lado y se al\u00edan por cometer delitos con tal de que salgan beneficiados. En s\u00edntesis me pareci\u00f3 un buen cuento, entretenido y que te mete en la lectura de principio a fin.<\/p>\n","protected":false},"excerpt":{"rendered":"<p>\u00abLos huaqueros\u00bb es uno de los cuentos desconocidos escritos por el conocido autor peruano Julio Ram\u00f3n Ribeyro. Dicha obra fue escrita originalmente en franc\u00e9s y se desconoce su versi\u00f3n original en espa\u00f1ol. Ribeyro naci\u00f3 el 31 de Agosto de 1929 &hellip; <a href=\"https:\/\/blogs.up.edu.pe\/nubes\/trabajos\/trabajos-finales-ciclo-de-primavera-2013\/mario-edgardo-barrueto-gutierrez-los-huaqueros-de-j-r-ribeyro\/\">Sigue leyendo <span class=\"meta-nav\">&rarr;<\/span><\/a><\/p>\n","protected":false},"author":3,"featured_media":0,"parent":1086,"menu_order":13,"comment_status":"closed","ping_status":"closed","template":"","meta":{"footnotes":""},"class_list":["post-1488","page","type-page","status-publish","hentry"],"_links":{"self":[{"href":"https:\/\/blogs.up.edu.pe\/nubes\/wp-json\/wp\/v2\/pages\/1488","targetHints":{"allow":["GET"]}}],"collection":[{"href":"https:\/\/blogs.up.edu.pe\/nubes\/wp-json\/wp\/v2\/pages"}],"about":[{"href":"https:\/\/blogs.up.edu.pe\/nubes\/wp-json\/wp\/v2\/types\/page"}],"author":[{"embeddable":true,"href":"https:\/\/blogs.up.edu.pe\/nubes\/wp-json\/wp\/v2\/users\/3"}],"replies":[{"embeddable":true,"href":"https:\/\/blogs.up.edu.pe\/nubes\/wp-json\/wp\/v2\/comments?post=1488"}],"version-history":[{"count":1,"href":"https:\/\/blogs.up.edu.pe\/nubes\/wp-json\/wp\/v2\/pages\/1488\/revisions"}],"predecessor-version":[{"id":1489,"href":"https:\/\/blogs.up.edu.pe\/nubes\/wp-json\/wp\/v2\/pages\/1488\/revisions\/1489"}],"up":[{"embeddable":true,"href":"https:\/\/blogs.up.edu.pe\/nubes\/wp-json\/wp\/v2\/pages\/1086"}],"wp:attachment":[{"href":"https:\/\/blogs.up.edu.pe\/nubes\/wp-json\/wp\/v2\/media?parent=1488"}],"curies":[{"name":"wp","href":"https:\/\/api.w.org\/{rel}","templated":true}]}}