{"id":1486,"date":"2013-12-01T16:26:29","date_gmt":"2013-12-01T16:26:29","guid":{"rendered":"https:\/\/blogs.up.edu.pe\/nubes\/\/?page_id=1486"},"modified":"2014-07-31T16:48:46","modified_gmt":"2014-07-31T16:48:46","slug":"angie-vasquez-arthur-conan-doyle-y-el-genero-policial","status":"publish","type":"page","link":"https:\/\/blogs.up.edu.pe\/nubes\/trabajos\/trabajos-finales-ciclo-de-primavera-2013\/angie-vasquez-arthur-conan-doyle-y-el-genero-policial\/","title":{"rendered":"Angie V\u00e1squez, Arthur Conan Doyle y el g\u00e9nero policial"},"content":{"rendered":"<p style=\"text-align: justify;\">La literatura cuenta con diversos modos de expresi\u00f3n; uno de ellos se caracteriza por tener relatos cortos, los conocidos por todos, cuentos. En este tipo de relato corto se encuentran diversos g\u00e9neros literarios, siendo uno de ellos la categor\u00eda m\u00e1s le\u00edda de la historia: el g\u00e9nero policial. Uno de los representantes de este g\u00e9nero es Arthur Conan Doyle, creador del mundialmente conocido personaje Sherlock Holmes. En mi opini\u00f3n es uno de los mejores escritores en este g\u00e9nero ya que hizo que me envuelva con su narrativa simple y me sienta cautivada por la complejidad del personaje y su capacidad de an\u00e1lisis.<\/p>\n<p style=\"text-align: justify;\">Sir Arthur Conan Doyle naci\u00f3 en Edimburgo,\u00a0Reino Unido, el 22 de mayo\u00a0de\u00a01859\u00a0y falleci\u00f3 en\u00a0Crowborough el 7 de julio\u00a0de\u00a01930. Fue m\u00e9dico y escritor y su obra abarca no solo el g\u00e9nero policial sino tambi\u00e9n relatos de ciencia ficci\u00f3n, novela\u00a0hist\u00f3rica, teatro y poes\u00eda. Sus obras m\u00e1s importantes fueron las historias de Sherlock Holmes, las novelas del profesor Challenger y las novelas hist\u00f3ricas. El aporte de Arthur Conan Doyle a la literatura es grand\u00edsimo y se da a trav\u00e9s del g\u00e9nero policial. Doyle es el mejor representante debido a la complejidad que plasma en cada uno de sus personajes, como por ejemplo los conocidos Sherlock Holmes y su compa\u00f1ero Watson, y la facilidad con la que se logra entender a estos dentro de la narraci\u00f3n del cuento, sin dejar de lado c\u00f3mo este autor tiene la capacidad de plasmar de manera sumamente sencilla el uso de m\u00e9todos complejos como la observaci\u00f3n sistem\u00e1tica y el m\u00e9todo deductivo para resolver los diversos misterios que se presentan en los diferentes cuentos.<\/p>\n<p style=\"text-align: justify;\">Otro de los aspectos que tom\u00e9 en cuenta para considerarlo uno de los mejores en el g\u00e9nero del cuento policial es que Arthur Conan Doyle ha sido inspiraci\u00f3n para el cine debido a que dio pie a la creaci\u00f3n del g\u00e9nero cinematogr\u00e1fico conocido como suspenso o <em>thriller<\/em>, gracias a su personaje Sherlock Holmes y sus cuentos, que b\u00e1sicamente buscan despertar la emoci\u00f3n, la tensi\u00f3n y el suspenso en el espectador a partir de la narraci\u00f3n de alg\u00fan hecho criminal, es decir llevar un cuento policial a la pantalla grande y tomarlo de inspiraci\u00f3n para la creaci\u00f3n de pel\u00edculas tomando en cuenta las caracter\u00edsticas del g\u00e9nero literario. Cabe resaltar que el cuento policial tambi\u00e9n ha sido la inspiraci\u00f3n para las denominadas series policiales o de investigaci\u00f3n que existen actualmente donde tambi\u00e9n existen uno o varios personajes que ayudan a resolver los misterios de alg\u00fan crimen al estilo Holmes e incluyendo m\u00e9todos de investigaci\u00f3n cient\u00edfica.<\/p>\n<p style=\"text-align: justify;\">Este autor sirvi\u00f3 de inspiraci\u00f3n y como aporte no solo en la literatura sino que tambi\u00e9n en la actualidad sirve de inspiraci\u00f3n en las diversas formas de expresi\u00f3n como es cine y la televisi\u00f3n. Es un escritor que de manera simple te hace part\u00edcipe de situaciones complejas y que hace que la lectura sea divertida, entretenida y no dif\u00edcil de realizar por personas no tan fan\u00e1ticas de la lectura, como yo. De esta manera concluyo al expresar que Arthur Doyle es en mi opini\u00f3n el mejor representante del g\u00e9nero policial y un escritor que hace f\u00e1cil y te engancha a sus historias de manera m\u00e1gica.<\/p>\n","protected":false},"excerpt":{"rendered":"<p>La literatura cuenta con diversos modos de expresi\u00f3n; uno de ellos se caracteriza por tener relatos cortos, los conocidos por todos, cuentos. En este tipo de relato corto se encuentran diversos g\u00e9neros literarios, siendo uno de ellos la categor\u00eda m\u00e1s &hellip; <a href=\"https:\/\/blogs.up.edu.pe\/nubes\/trabajos\/trabajos-finales-ciclo-de-primavera-2013\/angie-vasquez-arthur-conan-doyle-y-el-genero-policial\/\">Sigue leyendo <span class=\"meta-nav\">&rarr;<\/span><\/a><\/p>\n","protected":false},"author":3,"featured_media":0,"parent":1086,"menu_order":12,"comment_status":"closed","ping_status":"closed","template":"","meta":{"footnotes":""},"class_list":["post-1486","page","type-page","status-publish","hentry"],"_links":{"self":[{"href":"https:\/\/blogs.up.edu.pe\/nubes\/wp-json\/wp\/v2\/pages\/1486","targetHints":{"allow":["GET"]}}],"collection":[{"href":"https:\/\/blogs.up.edu.pe\/nubes\/wp-json\/wp\/v2\/pages"}],"about":[{"href":"https:\/\/blogs.up.edu.pe\/nubes\/wp-json\/wp\/v2\/types\/page"}],"author":[{"embeddable":true,"href":"https:\/\/blogs.up.edu.pe\/nubes\/wp-json\/wp\/v2\/users\/3"}],"replies":[{"embeddable":true,"href":"https:\/\/blogs.up.edu.pe\/nubes\/wp-json\/wp\/v2\/comments?post=1486"}],"version-history":[{"count":1,"href":"https:\/\/blogs.up.edu.pe\/nubes\/wp-json\/wp\/v2\/pages\/1486\/revisions"}],"predecessor-version":[{"id":1487,"href":"https:\/\/blogs.up.edu.pe\/nubes\/wp-json\/wp\/v2\/pages\/1486\/revisions\/1487"}],"up":[{"embeddable":true,"href":"https:\/\/blogs.up.edu.pe\/nubes\/wp-json\/wp\/v2\/pages\/1086"}],"wp:attachment":[{"href":"https:\/\/blogs.up.edu.pe\/nubes\/wp-json\/wp\/v2\/media?parent=1486"}],"curies":[{"name":"wp","href":"https:\/\/api.w.org\/{rel}","templated":true}]}}