{"id":1484,"date":"2013-12-01T16:19:06","date_gmt":"2013-12-01T16:19:06","guid":{"rendered":"https:\/\/blogs.up.edu.pe\/nubes\/\/?page_id=1484"},"modified":"2014-07-31T16:25:20","modified_gmt":"2014-07-31T16:25:20","slug":"emilia-palacio-alienacion-por-julio-ramon-ribeyro","status":"publish","type":"page","link":"https:\/\/blogs.up.edu.pe\/nubes\/trabajos\/trabajos-finales-ciclo-de-primavera-2013\/emilia-palacio-alienacion-por-julio-ramon-ribeyro\/","title":{"rendered":"Emilia Palacio, \u201cAlienaci\u00f3n\u201d por Julio Ram\u00f3n Ribeyro"},"content":{"rendered":"<p style=\"text-align: justify;\">Escog\u00ed este cuento porque siempre ha sido uno de mis favoritos. La primera vez que lo conoc\u00ed no sab\u00eda leer, escuch\u00e9 cuando mi hermana lo le\u00eda en voz alta. Para m\u00ed, la manera como aborda temas inc\u00f3modos, es una de las tantas cosas que lo hacen especial.<\/p>\n<p style=\"text-align: justify;\">Uno de los elementos que presenta esta historia es la lucha constante por complacer el ideal que se tiene del otro y que el otro tiene de uno. La lucha por ser alguien o los intentos por dejar de serlo. La historia cuenta los intentos por dejar de ser zambo de Roberto L\u00f3pez. La manera c\u00f3mo est\u00e1 narrado hace parecer que la historia no es triste y que es un tanto c\u00f3mica, sobre todo por la forma en que comienza. El constante uso de palabras y frases peruanas, como \u00abpachamanque\u00f3\u00bb, y lo coloquial de la narraci\u00f3n, afianzan el efecto antes mencionado. Tambi\u00e9n hay que destacar la falta de caracterizaci\u00f3n del narrador, del cual no sabemos nada, solo que era miembro del barrio. Esto refuerza el concepto de falta de identidad que vemos en todo el relato.<\/p>\n<p style=\"text-align: justify;\">Roberto L\u00f3pez era un zambo que viv\u00eda en el \u00faltimo callej\u00f3n del barrio, y como todos ah\u00ed, viv\u00eda enamorado de Queca. Ella era una chica hermosa, y parece ser que su estatus econ\u00f3mico estaba a la mitad del camino entre los chicos de la pandilla y Roberto L\u00f3pez. En una fat\u00eddica tarde, la pelota con la que estaba jugando Queca fue a parar cerca del zambo que siempre se sentaba a observar sus juegos. La frase que pronuncia entonces mientras \u00e9l le entrega la pelota es la que impulsa su determinaci\u00f3n: \u201cYo no juego con zambos\u201d. Este evento, junto con una dedicada observaci\u00f3n de todo lo relevante a ella, es lo que lleva a Roberto L\u00f3pez a concluir que debe ser Bobby L\u00f3pez. Los chicos de la pandilla tambi\u00e9n sufren por esta chica. Primero hacen todo lo posible para conseguir su atenci\u00f3n, luego, al ver que ella era selectiva y tiene ciertos requisitos necesarios, tratan de olvidarse de ella. El m\u00e1s general de los requisitos era ser lo menos parecido a zambo, y lo m\u00e1s parecido a un gringo. Por esto, es el chico que iba a un colegio de curas gringos y ten\u00eda el pelo m\u00e1s claro, Chalo Sander, el que Queca elije para ser su pareja. Sin embargo, a medida que transcurre la historia, el personaje de Chalo Sander queda en el olvido cuando aparece Mulligan, un gringo de verdad. Es curioso c\u00f3mo la historia de Queca tambi\u00e9n es una lucha, por salir de la situaci\u00f3n econ\u00f3mica en la que se encontraba, un poco menos ventajosa que las de la pandilla. Por esto, iba seleccionando a los chicos, para encontrar a aquel gringo de verdad.<\/p>\n<p style=\"text-align: justify;\">En este punto, debo resaltar el hecho de que Estados Unidos era el s\u00edmbolo del poder, as\u00ed que conseguir un marido gringo era sin\u00f3nimo de seguridad econ\u00f3mica y social. En el colof\u00f3n se termina por desenlazar la historia de Queca, un tanto triste. Ella y su esposo terminan viviendo en EEUU, sin embargo, Mulligan termina enga\u00f1\u00e1ndola y peg\u00e1ndole. Es interesante ver c\u00f3mo lo ojos de su esposa terminan teniendo una tristeza lime\u00f1a, pues ella intent\u00f3 a todo trance eliminar esa parte de s\u00ed. Y consigui\u00f3 lo que quer\u00eda: ser gringa, o gringa por a\u00f1adidura, sin ninguna otra identidad. El requisito m\u00e1s importante para su pareja era que fuera gringo, m\u00e1s que alguien que la quiera por quien ella era.<\/p>\n<p style=\"text-align: justify;\">A pesar de lo entretenido del relato, la historia de Bobby L\u00f3pez es a\u00fan m\u00e1s triste. En sus esfuerzos por eliminar todo rastro de zambo en \u00e9l, pierde su identidad pero nunca logra ser gringo. Tiene distintas maneras de acercarse a los gringos, pero en el camino no conoce a gringos, sino a otro como \u00e9l, un chico que intenta extirpar al peruano en su interior. Jos\u00e9 Mar\u00eda Cabanillas era su nombre. En una ciudad que los vomitaba, terminaron viviendo juntos y creando un para\u00edso gringo en Lima. Despu\u00e9s de mucho ahorrar, lograron comprar pasajes a la tierra so\u00f1ada, pasar por turistas para volverse inmigrantes. Ah\u00ed, se encontraron con la cruda verdad de lo que tanto a\u00f1oraban. No eran bienvenidos, no hab\u00eda tal cosa como con lo que hab\u00edan so\u00f1ado. Al menos no para dos inmigrantes zambos. As\u00ed, terminan enlist\u00e1ndose, viajando por el mundo. Hasta que en una emboscada en Vietnam, Bob L\u00f3pez muere.<\/p>\n<p style=\"text-align: justify;\">Toda la lucha de Bob por suprimir al Roberto L\u00f3pez que hab\u00eda en \u00e9l termina con la \u00fanica respuesta posible ante tal situaci\u00f3n, la muerte tanto de Roberto como de Bob. En la medida que se va muriendo el zambo peruano, en la transformaci\u00f3n para convertirse en gringo, nunca lo logra, sino que muere. El resultado de este proceso es un extraterrestre, alguien que no era ni de EEUU ni de Per\u00fa. Dada la determinaci\u00f3n por aniquilar a la persona que se quiere dejar de ser, pero al no poder desligarla de lo que quiere ser, el proceso de alienaci\u00f3n termina matando a la persona. La negaci\u00f3n de la identidad con la que naci\u00f3 Roberto L\u00f3pez es lo que termina por arruinar su existencia. Y todo esto por cinco palabras que escuch\u00f3 en su ni\u00f1ez: \u201cYo no juego con zambos\u201d.<\/p>\n","protected":false},"excerpt":{"rendered":"<p>Escog\u00ed este cuento porque siempre ha sido uno de mis favoritos. La primera vez que lo conoc\u00ed no sab\u00eda leer, escuch\u00e9 cuando mi hermana lo le\u00eda en voz alta. Para m\u00ed, la manera como aborda temas inc\u00f3modos, es una de &hellip; <a href=\"https:\/\/blogs.up.edu.pe\/nubes\/trabajos\/trabajos-finales-ciclo-de-primavera-2013\/emilia-palacio-alienacion-por-julio-ramon-ribeyro\/\">Sigue leyendo <span class=\"meta-nav\">&rarr;<\/span><\/a><\/p>\n","protected":false},"author":3,"featured_media":0,"parent":1086,"menu_order":11,"comment_status":"closed","ping_status":"closed","template":"","meta":{"footnotes":""},"class_list":["post-1484","page","type-page","status-publish","hentry"],"_links":{"self":[{"href":"https:\/\/blogs.up.edu.pe\/nubes\/wp-json\/wp\/v2\/pages\/1484","targetHints":{"allow":["GET"]}}],"collection":[{"href":"https:\/\/blogs.up.edu.pe\/nubes\/wp-json\/wp\/v2\/pages"}],"about":[{"href":"https:\/\/blogs.up.edu.pe\/nubes\/wp-json\/wp\/v2\/types\/page"}],"author":[{"embeddable":true,"href":"https:\/\/blogs.up.edu.pe\/nubes\/wp-json\/wp\/v2\/users\/3"}],"replies":[{"embeddable":true,"href":"https:\/\/blogs.up.edu.pe\/nubes\/wp-json\/wp\/v2\/comments?post=1484"}],"version-history":[{"count":1,"href":"https:\/\/blogs.up.edu.pe\/nubes\/wp-json\/wp\/v2\/pages\/1484\/revisions"}],"predecessor-version":[{"id":1485,"href":"https:\/\/blogs.up.edu.pe\/nubes\/wp-json\/wp\/v2\/pages\/1484\/revisions\/1485"}],"up":[{"embeddable":true,"href":"https:\/\/blogs.up.edu.pe\/nubes\/wp-json\/wp\/v2\/pages\/1086"}],"wp:attachment":[{"href":"https:\/\/blogs.up.edu.pe\/nubes\/wp-json\/wp\/v2\/media?parent=1484"}],"curies":[{"name":"wp","href":"https:\/\/api.w.org\/{rel}","templated":true}]}}