{"id":1480,"date":"2013-12-01T16:09:54","date_gmt":"2013-12-01T16:09:54","guid":{"rendered":"https:\/\/blogs.up.edu.pe\/nubes\/\/?page_id=1480"},"modified":"2014-07-31T16:16:57","modified_gmt":"2014-07-31T16:16:57","slug":"santiago-gazzo-cardo-suenos-de-robot-de-isaac-asimov","status":"publish","type":"page","link":"https:\/\/blogs.up.edu.pe\/nubes\/trabajos\/trabajos-finales-ciclo-de-primavera-2013\/santiago-gazzo-cardo-suenos-de-robot-de-isaac-asimov\/","title":{"rendered":"Santiago Gazzo Card\u00f3, \u00abSue\u00f1os de robot\u00bb de Isaac Asimov"},"content":{"rendered":"<p style=\"text-align: justify;\">\u00abSue\u00f1os de robot\u00bb es un cuento escrito por Isaac Asimov, incluido en una colecci\u00f3n de cuentos con el mismo t\u00edtulo. Es interesante no solo porque narra un escenario futurista con robots creados por los humanos, sino porque deja ver la angustia y el temor que los humanos pueden llegar a sentir hacia su propia creaci\u00f3n, los robots en este caso. El hecho de que Elvex \u2014el robot del cuento\u2014 tenga caracter\u00edsticas humanas, cre\u00f3 temor en los personajes del cuento: la creaci\u00f3n humana podr\u00eda pensar por su cuenta y dejar de depender de su creador.<\/p>\n<p style=\"text-align: justify;\">El cuento comienza con un di\u00e1logo de Elvex dici\u00e9ndole \u201cAnoche so\u00f1\u00e9\u201d a la doctora Susan Calvin, la cual se encontraba con la joven \u201crobopsic\u00f3loga\u201d Linda Rush. Elvex es un robot especial ya que logr\u00f3 so\u00f1ar. Esto debido a los avances tecnol\u00f3gicos de Linda Rush, quien ha desarrollado un cerebro positr\u00f3nico avanzado que le dar\u00eda a los robots caracter\u00edsticas humanas. La doctora Calvin se encuentra con Linda Rush para examinar al robot, el cual aparentemente tiene un problema: \u00bfc\u00f3mo pudo so\u00f1ar si no est\u00e1 programado para realizar esa tarea? La doctora Calvin le pide a Elvex que le describa su sue\u00f1o, quien coment\u00f3 que so\u00f1aba en un mundo donde no exist\u00eda ni la primera ni segunda ley de la rob\u00f3tica; solo una que mandaba \u201cun robot debe proteger su propia existencia\u201d. Finalmente, le comenta a la doctora que hab\u00eda un hombre que gritaba \u201c\u00a1deja libre a mi gente (a los robots)!\u201d, y que ese hombre resultaba ser \u00e9l; Elvex era un hombre. Ante el temor de que Elvex pudiera pensar por su cuenta y encabezar una rebeli\u00f3n de robots, la doctora Calvin le dispara con su arma de electrones a Elvex, terminando con su existencia.<\/p>\n<p style=\"text-align: justify;\">Lo interesante del cuento, aparte de plantear un escenario futurista donde existen robots que obedecen a los humanos, es el temor de que la creaci\u00f3n humana se rebele. Debido al avance tecnol\u00f3gico, los humanos lograron crear un robot con caracter\u00edsticas humanas. La capacidad de so\u00f1ar implica tener un inconsciente, el cual de acuerdo a la teor\u00eda del psicoan\u00e1lisis es lo que nos gobierna. Es decir, somos el resultado de las experiencias, recuerdos y traumas almacenados en el inconsciente, al cual no tenemos acceso en estado consciente. Cuando so\u00f1amos, nuestro inconsciente se manifiesta, y por eso resulta alarmante que Elvex sue\u00f1e, ya que estar\u00eda reconociendo que (i) los robots viven como esclavos (si los robots no tienen sentimientos y son programados para ser esclavos de los humanos, \u00bfc\u00f3mo un robot puede reconocer que est\u00e1 siendo tratado de manera injusta?), (ii) que los robots quieren liberarse de los humanos y (iii) que es un hombre (o se considera un hombre). Por lo tanto, los robots tendr\u00edan el deseo de rebelarse contra los humanos, e inclusive se considerar\u00edan iguales a estos.<\/p>\n<p style=\"text-align: justify;\">La idea de que los robots quieran, o deseen rebelarse es angustiante y da miedo. En el cuento, cuando la doctora Calvin escucha a Elvex decir que \u00e9l era el hombre en su sue\u00f1o que quer\u00eda liberar a los robots de los humanos, toma su arma y termina con la existencia del robot. Esto deja en evidencia el temor que sent\u00eda la doctora: su creaci\u00f3n estar\u00eda fuera de control. Los humanos han logrado alcanzar un nivel tecnol\u00f3gico tan alto que crearon un artefacto que puede pensar por su cuenta. Sin embargo, la idea es aterradora, tanto as\u00ed que la doctora Calvin aniquila a Elvex y le ordena a Susan Rush que revise bien la programaci\u00f3n de los robots para que no vuelva a pasar lo mismo. Al mismo tiempo el humano est\u00e1 orgulloso de su creaci\u00f3n, pero atemorizado.<\/p>\n<p style=\"text-align: justify;\">Citando un fragmento del cuento, Elvex le dice a la doctora Calvin:\u00a0\u201cSue\u00f1o desde que soy consciente de mi existencia\u2026\u201d.\u00a0Esto implica que tiene una consciencia, que reconoce que es un ser \u201cvivo\u201d y que por lo tanto eventualmente se va a preguntar cu\u00e1l es su raz\u00f3n de ser (en este caso, Elvex siente que debe liberar a los robots de los humanos).<\/p>\n<p style=\"text-align: justify;\">Me pareci\u00f3 un cuento muy bueno, no solamente por la capacidad del autor de crear un mundo futurista con robots sirviendo a los humanos, sino por jugar con los temores de los humanos. Se pone en duda hasta d\u00f3nde puede llegar el desarrollo tecnol\u00f3gico, ya que podr\u00eda existir un punto en el cual se creen artefactos parecidos a los humanos, y estos podr\u00edan rebelarse. Las m\u00e1quinas fueron creadas para ayudar al hombre, no para crear problemas, ni mucho menos para iniciar una guerra.<\/p>\n","protected":false},"excerpt":{"rendered":"<p>\u00abSue\u00f1os de robot\u00bb es un cuento escrito por Isaac Asimov, incluido en una colecci\u00f3n de cuentos con el mismo t\u00edtulo. Es interesante no solo porque narra un escenario futurista con robots creados por los humanos, sino porque deja ver la &hellip; <a href=\"https:\/\/blogs.up.edu.pe\/nubes\/trabajos\/trabajos-finales-ciclo-de-primavera-2013\/santiago-gazzo-cardo-suenos-de-robot-de-isaac-asimov\/\">Sigue leyendo <span class=\"meta-nav\">&rarr;<\/span><\/a><\/p>\n","protected":false},"author":3,"featured_media":0,"parent":1086,"menu_order":10,"comment_status":"closed","ping_status":"closed","template":"","meta":{"footnotes":""},"class_list":["post-1480","page","type-page","status-publish","hentry"],"_links":{"self":[{"href":"https:\/\/blogs.up.edu.pe\/nubes\/wp-json\/wp\/v2\/pages\/1480","targetHints":{"allow":["GET"]}}],"collection":[{"href":"https:\/\/blogs.up.edu.pe\/nubes\/wp-json\/wp\/v2\/pages"}],"about":[{"href":"https:\/\/blogs.up.edu.pe\/nubes\/wp-json\/wp\/v2\/types\/page"}],"author":[{"embeddable":true,"href":"https:\/\/blogs.up.edu.pe\/nubes\/wp-json\/wp\/v2\/users\/3"}],"replies":[{"embeddable":true,"href":"https:\/\/blogs.up.edu.pe\/nubes\/wp-json\/wp\/v2\/comments?post=1480"}],"version-history":[{"count":1,"href":"https:\/\/blogs.up.edu.pe\/nubes\/wp-json\/wp\/v2\/pages\/1480\/revisions"}],"predecessor-version":[{"id":1481,"href":"https:\/\/blogs.up.edu.pe\/nubes\/wp-json\/wp\/v2\/pages\/1480\/revisions\/1481"}],"up":[{"embeddable":true,"href":"https:\/\/blogs.up.edu.pe\/nubes\/wp-json\/wp\/v2\/pages\/1086"}],"wp:attachment":[{"href":"https:\/\/blogs.up.edu.pe\/nubes\/wp-json\/wp\/v2\/media?parent=1480"}],"curies":[{"name":"wp","href":"https:\/\/api.w.org\/{rel}","templated":true}]}}