{"id":1476,"date":"2013-12-01T16:04:29","date_gmt":"2013-12-01T16:04:29","guid":{"rendered":"https:\/\/blogs.up.edu.pe\/nubes\/\/?page_id=1476"},"modified":"2014-07-31T16:08:47","modified_gmt":"2014-07-31T16:08:47","slug":"luis-abraham-bazo-eveline-de-james-joyce","status":"publish","type":"page","link":"https:\/\/blogs.up.edu.pe\/nubes\/trabajos\/trabajos-finales-ciclo-de-primavera-2013\/luis-abraham-bazo-eveline-de-james-joyce\/","title":{"rendered":"Luis Abraham Bazo, \u00abEveline\u00bb de James Joyce"},"content":{"rendered":"<p style=\"text-align: justify;\">A lo largo del presente curso de lectura virtual hemos visto diferentes historias de todo tipo: policiales, cuentos de horror, ciencia ficci\u00f3n, literatura peruana, cuentos latinoamericanos, cuentos del boom, contempor\u00e1neos, relatos modernistas, etc. En el presente texto me gustar\u00eda ahondar en una lectura de James Joyce, escritor irland\u00e9s modernista. \u201cEveline\u201d, relato incluido en su famoso libro de cuentos <em>Dublineses<\/em>, publicado en 1914. Destaca por la introspecci\u00f3n del autor hacia los sentimientos de sus personajes, as\u00ed como la trama del relato orientada a la angustia por la b\u00fasqueda de un mejor futuro de la mano con el amor.<\/p>\n<p style=\"text-align: justify;\">\u201cEveline\u201d narra la historia de una joven hu\u00e9rfana de madre, con un padre que no sabe del buen trato con sus propios hijos y que vive encasillada en un trabajo como vendedora de una peque\u00f1a tienda. Conoce a un marinero llamado Frank y se enamora de \u00e9l, sin embargo su padre no aprueba esta relaci\u00f3n y la proh\u00edbe, haciendo que tengan que verse a escondidas. Dentro de sus planes est\u00e1 mudarse a Buenos Aires, donde Frank tiene una casa; Eveline acepta dejar todo lo que tiene en su pa\u00eds e irse con su enamorado para construir un futuro los dos juntos. El desenlace de la historia es menos rom\u00e1ntico, Eveline comienza a dudar y recordar una promesa que le hizo a su madre antes de fallecer: \u201cmantener a la familia unida por el mayor tiempo posible\u201d, este remordimiento generado por las presiones familiares junto con la incertidumbre del futuro generan que la joven se arrepienta y decida no emprender dicho viaje cuando Frank ya la esperaba en la nave.<\/p>\n<p style=\"text-align: justify;\">Esta lectura fue mi favorita porque muestra la angustia por la que pasa esta joven que supuestamente va a dejar la vida que tiene en su ciudad por buscar la felicidad en Buenos Aires con quien podr\u00eda ser el amor de su vida; sin embargo las obligaciones que tiene con su familia y la promesa que le hizo a su madre antes de su partida son pieza clave para tomar la decisi\u00f3n de quedarse aun cuando ella quiera irse con Frank.<\/p>\n<p style=\"text-align: justify;\">En el presente relato se ponen en evidencia temas que podemos ver en nuestra vida diaria: presiones familiares intr\u00ednsecas que terminan afectando nuestra toma de decisiones y la resistencia al cambio y a lo desconocido que puede separarnos de la felicidad. Eveline tuvo la alternativa de un nuevo y diferente futuro al lado de alguien que la quer\u00eda y apreciaba, sin embargo la resistencia al cambio y \u201cconfort\u201d que ten\u00eda en su ciudad la alej\u00f3 de esta empresa. \u00bfDejarlo todo por el amor? Quiz\u00e1 esta pregunta estuvo en la mente de Eveline m\u00e1s de una vez y al parecer la respuesta hab\u00eda sido \u201cs\u00ed\u201d aunque el final nos ilustra lo contrario.<\/p>\n<p style=\"text-align: justify;\">Este tema va tambi\u00e9n relacionado a los sacrificios que una persona tiene que realizar por las cosas que quiere, nada en la vida es f\u00e1cil ni regalado, uno debe luchar por lo que quiere y la felicidad tiene un precio, uno debe realizar sacrificios y sobre todo estar seguro de lo que quiere: \u00bfquer\u00eda en verdad Eveline ser feliz? Este relato cuenta una historia muy espec\u00edfica y en un contexto muy alejado al de nuestra vida cotidiana en Lima, sin embargo siento que la esencia del relato no podr\u00eda estar m\u00e1s cercana a todos y cada uno de nosotros. Todos tenemos presiones familiares, ataduras a la rutina y diferente resistencia al cambio y al confort de nuestra vida diaria, sin embargo \u00bfdejar\u00edamos esta rutina por la b\u00fasqueda de un mejor futuro?, \u00bfHar\u00edamos sacrificios por nuestra felicidad? Yo espero y quiero que as\u00ed sea.<\/p>\n","protected":false},"excerpt":{"rendered":"<p>A lo largo del presente curso de lectura virtual hemos visto diferentes historias de todo tipo: policiales, cuentos de horror, ciencia ficci\u00f3n, literatura peruana, cuentos latinoamericanos, cuentos del boom, contempor\u00e1neos, relatos modernistas, etc. En el presente texto me gustar\u00eda ahondar &hellip; <a href=\"https:\/\/blogs.up.edu.pe\/nubes\/trabajos\/trabajos-finales-ciclo-de-primavera-2013\/luis-abraham-bazo-eveline-de-james-joyce\/\">Sigue leyendo <span class=\"meta-nav\">&rarr;<\/span><\/a><\/p>\n","protected":false},"author":3,"featured_media":0,"parent":1086,"menu_order":9,"comment_status":"closed","ping_status":"closed","template":"","meta":{"footnotes":""},"class_list":["post-1476","page","type-page","status-publish","hentry"],"_links":{"self":[{"href":"https:\/\/blogs.up.edu.pe\/nubes\/wp-json\/wp\/v2\/pages\/1476","targetHints":{"allow":["GET"]}}],"collection":[{"href":"https:\/\/blogs.up.edu.pe\/nubes\/wp-json\/wp\/v2\/pages"}],"about":[{"href":"https:\/\/blogs.up.edu.pe\/nubes\/wp-json\/wp\/v2\/types\/page"}],"author":[{"embeddable":true,"href":"https:\/\/blogs.up.edu.pe\/nubes\/wp-json\/wp\/v2\/users\/3"}],"replies":[{"embeddable":true,"href":"https:\/\/blogs.up.edu.pe\/nubes\/wp-json\/wp\/v2\/comments?post=1476"}],"version-history":[{"count":2,"href":"https:\/\/blogs.up.edu.pe\/nubes\/wp-json\/wp\/v2\/pages\/1476\/revisions"}],"predecessor-version":[{"id":1478,"href":"https:\/\/blogs.up.edu.pe\/nubes\/wp-json\/wp\/v2\/pages\/1476\/revisions\/1478"}],"up":[{"embeddable":true,"href":"https:\/\/blogs.up.edu.pe\/nubes\/wp-json\/wp\/v2\/pages\/1086"}],"wp:attachment":[{"href":"https:\/\/blogs.up.edu.pe\/nubes\/wp-json\/wp\/v2\/media?parent=1476"}],"curies":[{"name":"wp","href":"https:\/\/api.w.org\/{rel}","templated":true}]}}